{"id":12745,"date":"2020-11-03T12:20:49","date_gmt":"2020-11-03T11:20:49","guid":{"rendered":"https:\/\/www.myecole.it\/ooc\/?page_id=12745"},"modified":"2025-03-11T14:48:43","modified_gmt":"2025-03-11T13:48:43","slug":"comitato-tecnico-scientifico-areasanita","status":"publish","type":"page","link":"https:\/\/www.myecole.it\/ooc\/area-sanita\/chisiamo-areasanita\/comitato-tecnico-scientifico-areasanita\/","title":{"rendered":"Comitato Tecnico Scientifico"},"content":{"rendered":"\t\t<div data-elementor-type=\"wp-page\" data-elementor-id=\"12745\" class=\"elementor elementor-12745\" data-elementor-settings=\"[]\">\n\t\t\t\t\t\t<div class=\"elementor-inner\">\n\t\t\t\t\t\t\t<div class=\"elementor-section-wrap\">\n\t\t\t\t\t\t\t<section class=\"elementor-section elementor-top-section elementor-element elementor-element-85a5d2c elementor-section-boxed elementor-section-height-default elementor-section-height-default\" data-id=\"85a5d2c\" data-element_type=\"section\">\n\t\t\t\t\t\t<div class=\"elementor-container elementor-column-gap-default\">\n\t\t\t\t\t\t\t<div class=\"elementor-row\">\n\t\t\t\t\t<div class=\"elementor-column elementor-col-100 elementor-top-column elementor-element elementor-element-5ffd179\" data-id=\"5ffd179\" data-element_type=\"column\">\n\t\t\t<div class=\"elementor-column-wrap elementor-element-populated\">\n\t\t\t\t\t\t\t<div class=\"elementor-widget-wrap\">\n\t\t\t\t\t\t<div class=\"elementor-element elementor-element-4e373b2 elementor-widget elementor-widget-lae-heading\" data-id=\"4e373b2\" data-element_type=\"widget\" data-widget_type=\"lae-heading.default\">\n\t\t\t\t<div class=\"elementor-widget-container\">\n\t\t\t\n   <!--       -->\n\n        <div class=\"lae-heading lae-style2 lae-alignleft\" >\n\n            \n                <div class=\"lae-subtitle\">Chi siamo<\/div>\n\n            \n            <h1 class=\"lae-title\">Comitato Tecnico Scientifico <\/h1>\n\n            \n        <\/div>\n\n        \t\t<\/div>\n\t\t\t\t<\/div>\n\t\t\t\t\t\t<\/div>\n\t\t\t\t\t<\/div>\n\t\t<\/div>\n\t\t\t\t\t\t\t\t<\/div>\n\t\t\t\t\t<\/div>\n\t\t<\/section>\n\t\t\t\t<section class=\"elementor-section elementor-top-section elementor-element elementor-element-d374658 elementor-section-boxed elementor-section-height-default elementor-section-height-default\" data-id=\"d374658\" data-element_type=\"section\">\n\t\t\t\t\t\t<div class=\"elementor-container elementor-column-gap-default\">\n\t\t\t\t\t\t\t<div class=\"elementor-row\">\n\t\t\t\t\t<div class=\"elementor-column elementor-col-100 elementor-top-column elementor-element elementor-element-8080803\" data-id=\"8080803\" data-element_type=\"column\">\n\t\t\t<div class=\"elementor-column-wrap elementor-element-populated\">\n\t\t\t\t\t\t\t<div class=\"elementor-widget-wrap\">\n\t\t\t\t\t\t<div class=\"elementor-element elementor-element-17a1548 elementor-widget elementor-widget-text-editor\" data-id=\"17a1548\" data-element_type=\"widget\" data-widget_type=\"text-editor.default\">\n\t\t\t\t<div class=\"elementor-widget-container\">\n\t\t\t\t\t<div class=\"elementor-text-editor elementor-clearfix\"><p style=\"line-height: 21.0pt; background: white; margin: 0cm 0cm 7.5pt 0cm;\"><span style=\"font-family: 'Raleway',sans-serif; color: #0c0c0c;\">Il Comitato Tecnico Scientifico (CTS) svolge la funzione di garante del contenuto formativo, della qualit\u00e0 scientifica e dell\u2019integrit\u00e0 etica di tutte le attivit\u00e0 formative organizzate da ECOLE.\u00a0<\/span><span style=\"font-family: Raleway, sans-serif;\">I membri nominati sono:<\/span><\/p><\/div>\n\t\t\t\t<\/div>\n\t\t\t\t<\/div>\n\t\t\t\t\t\t<\/div>\n\t\t\t\t\t<\/div>\n\t\t<\/div>\n\t\t\t\t\t\t\t\t<\/div>\n\t\t\t\t\t<\/div>\n\t\t<\/section>\n\t\t\t\t<section class=\"elementor-section elementor-top-section elementor-element elementor-element-34c2eed elementor-section-boxed elementor-section-height-default elementor-section-height-default\" data-id=\"34c2eed\" data-element_type=\"section\">\n\t\t\t\t\t\t<div class=\"elementor-container elementor-column-gap-default\">\n\t\t\t\t\t\t\t<div class=\"elementor-row\">\n\t\t\t\t\t<div class=\"elementor-column elementor-col-100 elementor-top-column elementor-element elementor-element-bb9320b\" data-id=\"bb9320b\" data-element_type=\"column\">\n\t\t\t<div class=\"elementor-column-wrap elementor-element-populated\">\n\t\t\t\t\t\t\t<div class=\"elementor-widget-wrap\">\n\t\t\t\t\t\t<div class=\"elementor-element elementor-element-02dacb5 lae-team-members-style1 elementor-widget elementor-widget-lae-team-members\" data-id=\"02dacb5\" data-element_type=\"widget\" data-widget_type=\"lae-team-members.default\">\n\t\t\t\t<div class=\"elementor-widget-container\">\n\t\t\t\n        \n        \n            \n        \n        <div class=\"lae-team-members lae-style1 lae-container\">\n\n            \n                <div class=\"lae-team-member-wrapper lae-twocol\">\n\n                    <div class=\"lae-team-member\">\n\n                        <div class=\"lae-image-wrapper\">\n\n                            \n                            \n                                <img loading=\"lazy\" decoding=\"async\" width=\"163\" height=\"163\" src=\"https:\/\/www.myecole.it\/ooc\/wp-content\/uploads\/2024\/02\/Dario-Castelli.png\" class=\"lae-image full\" alt=\"\" srcset=\"https:\/\/www.myecole.it\/ooc\/wp-content\/uploads\/2024\/02\/Dario-Castelli.png 163w, https:\/\/www.myecole.it\/ooc\/wp-content\/uploads\/2024\/02\/Dario-Castelli-150x150.png 150w, https:\/\/www.myecole.it\/ooc\/wp-content\/uploads\/2024\/02\/Dario-Castelli-65x65.png 65w\" sizes=\"(max-width: 163px) 100vw, 163px\" \/>\n                            \n                            \n                                \n        <div class=\"lae-social-wrap\">\n\n            <div class=\"lae-social-list\">\n\n                \n            <\/div>\n\n        <\/div>\n        \n                            \n                        <\/div>\n\n                        <div class=\"lae-team-member-text\">\n                                                        <a href=\"\"><h3 class=\"lae-title\">castelli dario<\/h3><\/a>\n                                \n                            <div class=\"lae-team-member-position\">\n\n                                Vicepresidente rurale, Associazione Chimica Farmaceutica Lombarda fra Titolari di Farmacia e Segretario del Comitato Rurale, Federfarma Lombardia\n                            <\/div>\n\n                            <div class=\"lae-team-member-details\">\n\n                                \n                            <\/div>\n\n                            \n                        <\/div>\n\n                    <\/div>\n\n                <\/div>\n\n                \n                <div class=\"lae-team-member-wrapper lae-twocol\">\n\n                    <div class=\"lae-team-member\">\n\n                        <div class=\"lae-image-wrapper\">\n\n                            \n                            \n                                <img loading=\"lazy\" decoding=\"async\" width=\"163\" height=\"163\" src=\"https:\/\/www.myecole.it\/ooc\/wp-content\/uploads\/2025\/01\/Foto-per-CTS-2024-5.png\" class=\"lae-image full\" alt=\"\" srcset=\"https:\/\/www.myecole.it\/ooc\/wp-content\/uploads\/2025\/01\/Foto-per-CTS-2024-5.png 163w, https:\/\/www.myecole.it\/ooc\/wp-content\/uploads\/2025\/01\/Foto-per-CTS-2024-5-150x150.png 150w, https:\/\/www.myecole.it\/ooc\/wp-content\/uploads\/2025\/01\/Foto-per-CTS-2024-5-65x65.png 65w\" sizes=\"(max-width: 163px) 100vw, 163px\" \/>\n                            \n                            \n                                \n        <div class=\"lae-social-wrap\">\n\n            <div class=\"lae-social-list\">\n\n                \n            <\/div>\n\n        <\/div>\n        \n                            \n                        <\/div>\n\n                        <div class=\"lae-team-member-text\">\n                                                        <a href=\"\"><h3 class=\"lae-title\">Colombo Paola<\/h3><\/a>\n                                \n                            <div class=\"lae-team-member-position\">\n\n                                Coordinatore, Centro Regionale per la Gestione del Rischio Sanitario e la Sicurezza del Paziente, Coordinamento Commissione HTA, DG Welfare, Regione Lombardia\n                            <\/div>\n\n                            <div class=\"lae-team-member-details\">\n\n                                \n                            <\/div>\n\n                            \n                        <\/div>\n\n                    <\/div>\n\n                <\/div>\n\n                \n                <div class=\"lae-team-member-wrapper lae-twocol\">\n\n                    <div class=\"lae-team-member\">\n\n                        <div class=\"lae-image-wrapper\">\n\n                            \n                            \n                                <img loading=\"lazy\" decoding=\"async\" width=\"163\" height=\"163\" src=\"https:\/\/www.myecole.it\/ooc\/wp-content\/uploads\/2024\/02\/Cristian-Ferraris.png\" class=\"lae-image full\" alt=\"\" srcset=\"https:\/\/www.myecole.it\/ooc\/wp-content\/uploads\/2024\/02\/Cristian-Ferraris.png 163w, https:\/\/www.myecole.it\/ooc\/wp-content\/uploads\/2024\/02\/Cristian-Ferraris-150x150.png 150w, https:\/\/www.myecole.it\/ooc\/wp-content\/uploads\/2024\/02\/Cristian-Ferraris-65x65.png 65w\" sizes=\"(max-width: 163px) 100vw, 163px\" \/>\n                            \n                            \n                                \n        <div class=\"lae-social-wrap\">\n\n            <div class=\"lae-social-list\">\n\n                \n            <\/div>\n\n        <\/div>\n        \n                            \n                        <\/div>\n\n                        <div class=\"lae-team-member-text\">\n                                                        <a href=\"\"><h3 class=\"lae-title\">ferraris cristian<\/h3><\/a>\n                                \n                            <div class=\"lae-team-member-position\">\n\n                                Direttore Organizzazione, sviluppo, marketing e life science, Assolombarda\n                            <\/div>\n\n                            <div class=\"lae-team-member-details\">\n\n                                \n                            <\/div>\n\n                            \n                        <\/div>\n\n                    <\/div>\n\n                <\/div>\n\n                \n                <div class=\"lae-team-member-wrapper lae-twocol\">\n\n                    <div class=\"lae-team-member\">\n\n                        <div class=\"lae-image-wrapper\">\n\n                            \n                            \n                                <img loading=\"lazy\" decoding=\"async\" width=\"163\" height=\"163\" src=\"https:\/\/www.myecole.it\/ooc\/wp-content\/uploads\/2024\/02\/Chiara-Guglielmetti.png\" class=\"lae-image full\" alt=\"\" srcset=\"https:\/\/www.myecole.it\/ooc\/wp-content\/uploads\/2024\/02\/Chiara-Guglielmetti.png 163w, https:\/\/www.myecole.it\/ooc\/wp-content\/uploads\/2024\/02\/Chiara-Guglielmetti-150x150.png 150w, https:\/\/www.myecole.it\/ooc\/wp-content\/uploads\/2024\/02\/Chiara-Guglielmetti-65x65.png 65w\" sizes=\"(max-width: 163px) 100vw, 163px\" \/>\n                            \n                            \n                                \n        <div class=\"lae-social-wrap\">\n\n            <div class=\"lae-social-list\">\n\n                \n            <\/div>\n\n        <\/div>\n        \n                            \n                        <\/div>\n\n                        <div class=\"lae-team-member-text\">\n                                                        <a href=\"\"><h3 class=\"lae-title\">GUGLIELMETTI CHIARA<\/h3><\/a>\n                                \n                            <div class=\"lae-team-member-position\">\n\n                                Professore in Psicologia Sociale, Dipartimento di Economia, Management e Metodi Quantitativi,  Universit\u00e0 degli Studi di Milano\n                            <\/div>\n\n                            <div class=\"lae-team-member-details\">\n\n                                \n                            <\/div>\n\n                            \n                        <\/div>\n\n                    <\/div>\n\n                <\/div>\n\n                \n                <div class=\"lae-team-member-wrapper lae-twocol\">\n\n                    <div class=\"lae-team-member\">\n\n                        <div class=\"lae-image-wrapper\">\n\n                            \n                            \n                                <img loading=\"lazy\" decoding=\"async\" width=\"163\" height=\"163\" src=\"https:\/\/www.myecole.it\/ooc\/wp-content\/uploads\/2024\/02\/Luigi-Macchi.png\" class=\"lae-image full\" alt=\"\" srcset=\"https:\/\/www.myecole.it\/ooc\/wp-content\/uploads\/2024\/02\/Luigi-Macchi.png 163w, https:\/\/www.myecole.it\/ooc\/wp-content\/uploads\/2024\/02\/Luigi-Macchi-150x150.png 150w, https:\/\/www.myecole.it\/ooc\/wp-content\/uploads\/2024\/02\/Luigi-Macchi-65x65.png 65w\" sizes=\"(max-width: 163px) 100vw, 163px\" \/>\n                            \n                            \n                                \n        <div class=\"lae-social-wrap\">\n\n            <div class=\"lae-social-list\">\n\n                \n            <\/div>\n\n        <\/div>\n        \n                            \n                        <\/div>\n\n                        <div class=\"lae-team-member-text\">\n                                                        <a href=\"\"><h3 class=\"lae-title\">Macchi  Luigi<\/h3><\/a>\n                                \n                            <div class=\"lae-team-member-position\">\n\n                                gi\u00e0 Direttore Generale,  Fondazione IRCCS C\u00e0 Granda Ospedale Maggiore Policlinico e gi\u00e0 Vicario Direzione Generale Sanit\u00e0, Regione Lombardia\n                            <\/div>\n\n                            <div class=\"lae-team-member-details\">\n\n                                \n                            <\/div>\n\n                            \n                        <\/div>\n\n                    <\/div>\n\n                <\/div>\n\n                \n                <div class=\"lae-team-member-wrapper lae-twocol\">\n\n                    <div class=\"lae-team-member\">\n\n                        <div class=\"lae-image-wrapper\">\n\n                            \n                            \n                                <img loading=\"lazy\" decoding=\"async\" width=\"163\" height=\"163\" src=\"https:\/\/www.myecole.it\/ooc\/wp-content\/uploads\/2024\/02\/Antonio-Manfredi-1.png\" class=\"lae-image full\" alt=\"\" srcset=\"https:\/\/www.myecole.it\/ooc\/wp-content\/uploads\/2024\/02\/Antonio-Manfredi-1.png 163w, https:\/\/www.myecole.it\/ooc\/wp-content\/uploads\/2024\/02\/Antonio-Manfredi-1-150x150.png 150w, https:\/\/www.myecole.it\/ooc\/wp-content\/uploads\/2024\/02\/Antonio-Manfredi-1-65x65.png 65w\" sizes=\"(max-width: 163px) 100vw, 163px\" \/>\n                            \n                            \n                                \n        <div class=\"lae-social-wrap\">\n\n            <div class=\"lae-social-list\">\n\n                \n            <\/div>\n\n        <\/div>\n        \n                            \n                        <\/div>\n\n                        <div class=\"lae-team-member-text\">\n                                                        <a href=\"\"><h3 class=\"lae-title\">MANFREDI ANTONIO<\/h3><\/a>\n                                \n                            <div class=\"lae-team-member-position\">\n\n                                Direttore Sanitario, ASST Bergamo Ovest\n                            <\/div>\n\n                            <div class=\"lae-team-member-details\">\n\n                                \n                            <\/div>\n\n                            \n                        <\/div>\n\n                    <\/div>\n\n                <\/div>\n\n                \n                <div class=\"lae-team-member-wrapper lae-twocol\">\n\n                    <div class=\"lae-team-member\">\n\n                        <div class=\"lae-image-wrapper\">\n\n                            \n                            \n                                <img loading=\"lazy\" decoding=\"async\" width=\"163\" height=\"163\" src=\"https:\/\/www.myecole.it\/ooc\/wp-content\/uploads\/2024\/02\/Carlo-Nicora.png\" class=\"lae-image full\" alt=\"\" srcset=\"https:\/\/www.myecole.it\/ooc\/wp-content\/uploads\/2024\/02\/Carlo-Nicora.png 163w, https:\/\/www.myecole.it\/ooc\/wp-content\/uploads\/2024\/02\/Carlo-Nicora-150x150.png 150w, https:\/\/www.myecole.it\/ooc\/wp-content\/uploads\/2024\/02\/Carlo-Nicora-65x65.png 65w\" sizes=\"(max-width: 163px) 100vw, 163px\" \/>\n                            \n                            \n                                \n        <div class=\"lae-social-wrap\">\n\n            <div class=\"lae-social-list\">\n\n                \n            <\/div>\n\n        <\/div>\n        \n                            \n                        <\/div>\n\n                        <div class=\"lae-team-member-text\">\n                                                        <a href=\"\"><h3 class=\"lae-title\">Nicora Carlo<\/h3><\/a>\n                                \n                            <div class=\"lae-team-member-position\">\n\n                                Vicepresidente, FIASO \n                            <\/div>\n\n                            <div class=\"lae-team-member-details\">\n\n                                \n                            <\/div>\n\n                            \n                        <\/div>\n\n                    <\/div>\n\n                <\/div>\n\n                \n                <div class=\"lae-team-member-wrapper lae-twocol\">\n\n                    <div class=\"lae-team-member\">\n\n                        <div class=\"lae-image-wrapper\">\n\n                            \n                            \n                                <img loading=\"lazy\" decoding=\"async\" width=\"1021\" height=\"1024\" src=\"https:\/\/www.myecole.it\/ooc\/wp-content\/uploads\/2025\/03\/Progetto-senza-titolo-85.png\" class=\"lae-image full\" alt=\"\" srcset=\"https:\/\/www.myecole.it\/ooc\/wp-content\/uploads\/2025\/03\/Progetto-senza-titolo-85.png 1021w, https:\/\/www.myecole.it\/ooc\/wp-content\/uploads\/2025\/03\/Progetto-senza-titolo-85-300x301.png 300w, https:\/\/www.myecole.it\/ooc\/wp-content\/uploads\/2025\/03\/Progetto-senza-titolo-85-150x150.png 150w, https:\/\/www.myecole.it\/ooc\/wp-content\/uploads\/2025\/03\/Progetto-senza-titolo-85-768x770.png 768w, https:\/\/www.myecole.it\/ooc\/wp-content\/uploads\/2025\/03\/Progetto-senza-titolo-85-65x65.png 65w, https:\/\/www.myecole.it\/ooc\/wp-content\/uploads\/2025\/03\/Progetto-senza-titolo-85-390x390.png 390w, https:\/\/www.myecole.it\/ooc\/wp-content\/uploads\/2025\/03\/Progetto-senza-titolo-85-262x262.png 262w, https:\/\/www.myecole.it\/ooc\/wp-content\/uploads\/2025\/03\/Progetto-senza-titolo-85-340x341.png 340w\" sizes=\"(max-width: 1021px) 100vw, 1021px\" \/>\n                            \n                            \n                                \n        <div class=\"lae-social-wrap\">\n\n            <div class=\"lae-social-list\">\n\n                \n            <\/div>\n\n        <\/div>\n        \n                            \n                        <\/div>\n\n                        <div class=\"lae-team-member-text\">\n                                                        <a href=\"\"><h3 class=\"lae-title\">Pace Stefania<\/h3><\/a>\n                                \n                            <div class=\"lae-team-member-position\">\n\n                                Presidente, OPI Brescia \n                            <\/div>\n\n                            <div class=\"lae-team-member-details\">\n\n                                \n                            <\/div>\n\n                            \n                        <\/div>\n\n                    <\/div>\n\n                <\/div>\n\n                \n                <div class=\"lae-team-member-wrapper lae-twocol\">\n\n                    <div class=\"lae-team-member\">\n\n                        <div class=\"lae-image-wrapper\">\n\n                            \n                            \n                                <img loading=\"lazy\" decoding=\"async\" width=\"163\" height=\"163\" src=\"https:\/\/www.myecole.it\/ooc\/wp-content\/uploads\/2022\/02\/pedrini.png\" class=\"lae-image full\" alt=\"\" srcset=\"https:\/\/www.myecole.it\/ooc\/wp-content\/uploads\/2022\/02\/pedrini.png 163w, https:\/\/www.myecole.it\/ooc\/wp-content\/uploads\/2022\/02\/pedrini-150x150.png 150w, https:\/\/www.myecole.it\/ooc\/wp-content\/uploads\/2022\/02\/pedrini-65x65.png 65w\" sizes=\"(max-width: 163px) 100vw, 163px\" \/>\n                            \n                            \n                                \n        <div class=\"lae-social-wrap\">\n\n            <div class=\"lae-social-list\">\n\n                \n            <\/div>\n\n        <\/div>\n        \n                            \n                        <\/div>\n\n                        <div class=\"lae-team-member-text\">\n                                                        <a href=\"\"><h3 class=\"lae-title\">PEDRINI PAOLA<\/h3><\/a>\n                                \n                            <div class=\"lae-team-member-position\">\n\n                                Segretario Regionale, FIMMG Lombardia\n                            <\/div>\n\n                            <div class=\"lae-team-member-details\">\n\n                                \n                            <\/div>\n\n                            \n                        <\/div>\n\n                    <\/div>\n\n                <\/div>\n\n                \n                <div class=\"lae-team-member-wrapper lae-twocol\">\n\n                    <div class=\"lae-team-member\">\n\n                        <div class=\"lae-image-wrapper\">\n\n                            \n                            \n                                <img loading=\"lazy\" decoding=\"async\" width=\"163\" height=\"163\" src=\"https:\/\/www.myecole.it\/ooc\/wp-content\/uploads\/2024\/02\/Gianluca-Vago.png\" class=\"lae-image full\" alt=\"\" srcset=\"https:\/\/www.myecole.it\/ooc\/wp-content\/uploads\/2024\/02\/Gianluca-Vago.png 163w, https:\/\/www.myecole.it\/ooc\/wp-content\/uploads\/2024\/02\/Gianluca-Vago-150x150.png 150w, https:\/\/www.myecole.it\/ooc\/wp-content\/uploads\/2024\/02\/Gianluca-Vago-65x65.png 65w\" sizes=\"(max-width: 163px) 100vw, 163px\" \/>\n                            \n                            \n                                \n        <div class=\"lae-social-wrap\">\n\n            <div class=\"lae-social-list\">\n\n                \n            <\/div>\n\n        <\/div>\n        \n                            \n                        <\/div>\n\n                        <div class=\"lae-team-member-text\">\n                                                        <a href=\"\"><h3 class=\"lae-title\">Vago Gianluca<\/h3><\/a>\n                                \n                            <div class=\"lae-team-member-position\">\n\n                                Professore Ordinario di Anatomia Patologica, Universit\u00e0 degli Studi di Milano e Presidente, CNAO\n                            <\/div>\n\n                            <div class=\"lae-team-member-details\">\n\n                                \n                            <\/div>\n\n                            \n                        <\/div>\n\n                    <\/div>\n\n                <\/div>\n\n                \n        <\/div>\n\n        <div class=\"lae-clear\"><\/div>\n\n        \t\t<\/div>\n\t\t\t\t<\/div>\n\t\t\t\t\t\t<\/div>\n\t\t\t\t\t<\/div>\n\t\t<\/div>\n\t\t\t\t\t\t\t\t<\/div>\n\t\t\t\t\t<\/div>\n\t\t<\/section>\n\t\t\t\t\t\t<\/div>\n\t\t\t\t\t\t<\/div>\n\t\t\t\t\t<\/div>\n\t\t","protected":false},"excerpt":{"rendered":"<p>Chi siamo Comitato Tecnico Scientifico Il Comitato Tecnico Scientifico (CTS) svolge la funzione di garante del contenuto formativo, della qualit\u00e0 scientifica e dell\u2019integrit\u00e0 etica di tutte le attivit\u00e0 formative organizzate da ECOLE.\u00a0I membri nominati sono: castelli dario Vicepresidente rurale, Associazione Chimica Farmaceutica Lombarda fra Titolari di Farmacia e Segretario del Comitato Rurale, Federfarma Lombardia Colombo.<\/p>\n","protected":false},"author":1,"featured_media":0,"parent":8685,"menu_order":0,"comment_status":"closed","ping_status":"closed","template":"","meta":{"footnotes":""},"_links":{"self":[{"href":"https:\/\/www.myecole.it\/ooc\/wp-json\/wp\/v2\/pages\/12745"}],"collection":[{"href":"https:\/\/www.myecole.it\/ooc\/wp-json\/wp\/v2\/pages"}],"about":[{"href":"https:\/\/www.myecole.it\/ooc\/wp-json\/wp\/v2\/types\/page"}],"author":[{"embeddable":true,"href":"https:\/\/www.myecole.it\/ooc\/wp-json\/wp\/v2\/users\/1"}],"replies":[{"embeddable":true,"href":"https:\/\/www.myecole.it\/ooc\/wp-json\/wp\/v2\/comments?post=12745"}],"version-history":[{"count":13,"href":"https:\/\/www.myecole.it\/ooc\/wp-json\/wp\/v2\/pages\/12745\/revisions"}],"predecessor-version":[{"id":21036,"href":"https:\/\/www.myecole.it\/ooc\/wp-json\/wp\/v2\/pages\/12745\/revisions\/21036"}],"up":[{"embeddable":true,"href":"https:\/\/www.myecole.it\/ooc\/wp-json\/wp\/v2\/pages\/8685"}],"wp:attachment":[{"href":"https:\/\/www.myecole.it\/ooc\/wp-json\/wp\/v2\/media?parent=12745"}],"curies":[{"name":"wp","href":"https:\/\/api.w.org\/{rel}","templated":true}]}}