{"id":13703,"date":"2021-02-26T12:09:19","date_gmt":"2021-02-26T11:09:19","guid":{"rendered":"https:\/\/www.myecole.it\/ooc\/?page_id=13703"},"modified":"2022-08-23T10:24:48","modified_gmt":"2022-08-23T08:24:48","slug":"learning-agility","status":"publish","type":"page","link":"https:\/\/www.myecole.it\/ooc\/area-sanita\/soft-skills\/learning-agility\/","title":{"rendered":"corso: learning agility"},"content":{"rendered":"\t\t<div data-elementor-type=\"wp-page\" data-elementor-id=\"13703\" class=\"elementor elementor-13703\" data-elementor-settings=\"[]\">\n\t\t\t\t\t\t<div class=\"elementor-inner\">\n\t\t\t\t\t\t\t<div class=\"elementor-section-wrap\">\n\t\t\t\t\t\t\t<section class=\"elementor-section elementor-top-section elementor-element elementor-element-04760ec elementor-section-boxed elementor-section-height-default elementor-section-height-default\" data-id=\"04760ec\" data-element_type=\"section\">\n\t\t\t\t\t\t<div class=\"elementor-container elementor-column-gap-default\">\n\t\t\t\t\t\t\t<div class=\"elementor-row\">\n\t\t\t\t\t<div class=\"elementor-column elementor-col-100 elementor-top-column elementor-element elementor-element-2887177\" data-id=\"2887177\" data-element_type=\"column\">\n\t\t\t<div class=\"elementor-column-wrap elementor-element-populated\">\n\t\t\t\t\t\t\t<div class=\"elementor-widget-wrap\">\n\t\t\t\t\t\t<div class=\"elementor-element elementor-element-686cdb6 elementor-widget elementor-widget-shortcode\" data-id=\"686cdb6\" data-element_type=\"widget\" data-widget_type=\"shortcode.default\">\n\t\t\t\t<div class=\"elementor-widget-container\">\n\t\t\t\t\t<div class=\"elementor-shortcode\"><br \/>Widget not in any sidebars<br \/><\/div>\n\t\t\t\t<\/div>\n\t\t\t\t<\/div>\n\t\t\t\t\t\t<\/div>\n\t\t\t\t\t<\/div>\n\t\t<\/div>\n\t\t\t\t\t\t\t\t<\/div>\n\t\t\t\t\t<\/div>\n\t\t<\/section>\n\t\t\t\t<section class=\"elementor-section elementor-top-section elementor-element elementor-element-df3e668 elementor-section-boxed elementor-section-height-default elementor-section-height-default\" data-id=\"df3e668\" data-element_type=\"section\">\n\t\t\t\t\t\t<div class=\"elementor-container elementor-column-gap-default\">\n\t\t\t\t\t\t\t<div class=\"elementor-row\">\n\t\t\t\t\t<div class=\"elementor-column elementor-col-100 elementor-top-column elementor-element elementor-element-0f37e77\" data-id=\"0f37e77\" data-element_type=\"column\">\n\t\t\t<div class=\"elementor-column-wrap elementor-element-populated\">\n\t\t\t\t\t\t\t<div class=\"elementor-widget-wrap\">\n\t\t\t\t\t\t<div class=\"elementor-element elementor-element-ff72967 elementor-widget elementor-widget-lae-heading\" data-id=\"ff72967\" data-element_type=\"widget\" data-widget_type=\"lae-heading.default\">\n\t\t\t\t<div class=\"elementor-widget-container\">\n\t\t\t\n   <!--       -->\n\n        <div class=\"lae-heading lae-style2 lae-alignleft\" >\n\n            \n                <div class=\"lae-subtitle\">PERCORSI FORMATVI - AREA SOFT SKILLS<\/div>\n\n            \n            <h1 class=\"lae-title\">Learning Agility<\/h1>\n\n            \n        <\/div>\n\n        \t\t<\/div>\n\t\t\t\t<\/div>\n\t\t\t\t\t\t<\/div>\n\t\t\t\t\t<\/div>\n\t\t<\/div>\n\t\t\t\t\t\t\t\t<\/div>\n\t\t\t\t\t<\/div>\n\t\t<\/section>\n\t\t\t\t<section class=\"elementor-section elementor-top-section elementor-element elementor-element-d3eed5c elementor-section-boxed elementor-section-height-default elementor-section-height-default\" data-id=\"d3eed5c\" data-element_type=\"section\">\n\t\t\t\t\t\t<div class=\"elementor-container elementor-column-gap-default\">\n\t\t\t\t\t\t\t<div class=\"elementor-row\">\n\t\t\t\t\t<div class=\"elementor-column elementor-col-100 elementor-top-column elementor-element elementor-element-b203f53\" data-id=\"b203f53\" data-element_type=\"column\">\n\t\t\t<div class=\"elementor-column-wrap elementor-element-populated\">\n\t\t\t\t\t\t\t<div class=\"elementor-widget-wrap\">\n\t\t\t\t\t\t<div class=\"elementor-element elementor-element-25b24e1 elementor-widget elementor-widget-text-editor\" data-id=\"25b24e1\" data-element_type=\"widget\" data-widget_type=\"text-editor.default\">\n\t\t\t\t<div class=\"elementor-widget-container\">\n\t\t\t\t\t<div class=\"elementor-text-editor elementor-clearfix\"><p>ECOLE in collaborazione con Open Human Solutions propone il corso di Laerning Agility.\u00a0<\/p>\n<p>In una logica di apprendimento continuo ogni professionista\u00a0\u00a0 a qualsiasi livello dell&#8217;organizzazione \u00e8 portato a imparare sempre di pi\u00f9 nuove cose e in un tempo minore.<\/p>\n<p>\u00c8 la realt\u00e0 attuale che impone \u2013 a torto o a ragione \u2013 nuovi modelli di sviluppo, nuove tecnologie, nuove modalit\u00e0 di lavoro e nuove capacit\u00e0. L\u2019essere umano \u00e8 chiamato a imparare molto pi\u00f9 velocemente molte pi\u00f9 cose di allora, perch\u00e9 le organizzazioni \u2013 e quelle ospedaliere non ne sono esenti \u2013 cambiano in modo esponenziale attraverso accelerazioni inaspettate. Se poi crisi e pandemie vengono ad aggiungersi a questo stato di cose gi\u00e0 di per s\u00e9 liquido e complesso, si capisce come sia fondamentale lavorare soprattutto sulle meta-competenze quali l&#8217;abilit\u00e0 ad &#8220;apprendere ad apprendere&#8221;, il capire come imparare, come darsi degli obiettivi, come approcciare il nuovo con una modalit\u00e0 efficace e &#8211; perch\u00e9 no &#8211; divertente.\u00a0<\/p>\n<p>Come darsi degli obiettivi di apprendimento? Come affrontare il nuovo in modo entusiasmante? Come accettare nuove sfide? Lo scopriremo in questo percorso.<\/p><\/div>\n\t\t\t\t<\/div>\n\t\t\t\t<\/div>\n\t\t\t\t<div class=\"elementor-element elementor-element-07129ee elementor-widget elementor-widget-toggle\" data-id=\"07129ee\" data-element_type=\"widget\" data-widget_type=\"toggle.default\">\n\t\t\t\t<div class=\"elementor-widget-container\">\n\t\t\t\t\t<div class=\"elementor-toggle\" role=\"tablist\">\n\t\t\t\t\t\t\t<div class=\"elementor-toggle-item\">\n\t\t\t\t\t<div id=\"elementor-tab-title-7411\" class=\"elementor-tab-title\" data-tab=\"1\" role=\"tab\" aria-controls=\"elementor-tab-content-7411\">\n\t\t\t\t\t\t\t\t\t\t\t\t<span class=\"elementor-toggle-icon elementor-toggle-icon-left\" aria-hidden=\"true\">\n\t\t\t\t\t\t\t\t\t\t\t\t\t\t\t<span class=\"elementor-toggle-icon-closed\"><i class=\"fas fa-caret-right\"><\/i><\/span>\n\t\t\t\t\t\t\t\t<span class=\"elementor-toggle-icon-opened\"><i class=\"elementor-toggle-icon-opened fas fa-caret-up\"><\/i><\/span>\n\t\t\t\t\t\t\t\t\t\t\t\t\t<\/span>\n\t\t\t\t\t\t\t\t\t\t\t\t<a href=\"\" class=\"elementor-toggle-title\">OBIETTIVI FORMATIVI<\/a>\n\t\t\t\t\t<\/div>\n\t\t\t\t\t<div id=\"elementor-tab-content-7411\" class=\"elementor-tab-content elementor-clearfix\" data-tab=\"1\" role=\"tabpanel\" aria-labelledby=\"elementor-tab-title-7411\"><p>Il corso si propone di sviluppare la meta-capacit\u00e0 di imparare a imparare, attraverso la scoperta di approcci e tecniche che aiutino i partecipanti a rapportarsi in maniera interessante, divertente e utile alle nuove sfide di apprendimento.<\/p><\/div>\n\t\t\t\t<\/div>\n\t\t\t\t\t\t\t<div class=\"elementor-toggle-item\">\n\t\t\t\t\t<div id=\"elementor-tab-title-7412\" class=\"elementor-tab-title\" data-tab=\"2\" role=\"tab\" aria-controls=\"elementor-tab-content-7412\">\n\t\t\t\t\t\t\t\t\t\t\t\t<span class=\"elementor-toggle-icon elementor-toggle-icon-left\" aria-hidden=\"true\">\n\t\t\t\t\t\t\t\t\t\t\t\t\t\t\t<span class=\"elementor-toggle-icon-closed\"><i class=\"fas fa-caret-right\"><\/i><\/span>\n\t\t\t\t\t\t\t\t<span class=\"elementor-toggle-icon-opened\"><i class=\"elementor-toggle-icon-opened fas fa-caret-up\"><\/i><\/span>\n\t\t\t\t\t\t\t\t\t\t\t\t\t<\/span>\n\t\t\t\t\t\t\t\t\t\t\t\t<a href=\"\" class=\"elementor-toggle-title\">DESTINATARI<\/a>\n\t\t\t\t\t<\/div>\n\t\t\t\t\t<div id=\"elementor-tab-content-7412\" class=\"elementor-tab-content elementor-clearfix\" data-tab=\"2\" role=\"tabpanel\" aria-labelledby=\"elementor-tab-title-7412\"><p>Traversale a tutte le popolazioni aziendali<\/p><\/div>\n\t\t\t\t<\/div>\n\t\t\t\t\t\t\t<div class=\"elementor-toggle-item\">\n\t\t\t\t\t<div id=\"elementor-tab-title-7413\" class=\"elementor-tab-title\" data-tab=\"3\" role=\"tab\" aria-controls=\"elementor-tab-content-7413\">\n\t\t\t\t\t\t\t\t\t\t\t\t<span class=\"elementor-toggle-icon elementor-toggle-icon-left\" aria-hidden=\"true\">\n\t\t\t\t\t\t\t\t\t\t\t\t\t\t\t<span class=\"elementor-toggle-icon-closed\"><i class=\"fas fa-caret-right\"><\/i><\/span>\n\t\t\t\t\t\t\t\t<span class=\"elementor-toggle-icon-opened\"><i class=\"elementor-toggle-icon-opened fas fa-caret-up\"><\/i><\/span>\n\t\t\t\t\t\t\t\t\t\t\t\t\t<\/span>\n\t\t\t\t\t\t\t\t\t\t\t\t<a href=\"\" class=\"elementor-toggle-title\">PROGRAMMA<\/a>\n\t\t\t\t\t<\/div>\n\t\t\t\t\t<div id=\"elementor-tab-content-7413\" class=\"elementor-tab-content elementor-clearfix\" data-tab=\"3\" role=\"tabpanel\" aria-labelledby=\"elementor-tab-title-7413\"><table style=\"border-collapse: collapse;width: 100%;height: 289px\">\n<tbody>\n<tr style=\"height: 48px\">\n<td style=\"width: 16.6164%;height: 43px;text-align: center;vertical-align: middle\">8.30-9.00<\/td>\n<td style=\"width: 83.3836%;height: 43px;text-align: left;vertical-align: middle\">\n<p><em>Accoglienza dei partecipanti\u00a0<\/em><\/p>\n<\/td>\n<\/tr>\n<tr style=\"height: 55px\">\n<td style=\"width: 16.6164%;height: 55px;text-align: center;vertical-align: middle\">9.00-11.00<\/td>\n<td style=\"width: 83.3836%;height: 55px;text-align: left;vertical-align: middle\">Le competenze che permettono la Learning Agility: Mental Agility: il mix tra curiosit\u00e0 e problem solving. Self-awareness: perch\u00e9 \u00e8 importante sviluppare l\u2019auto-osservazione<\/td>\n<\/tr>\n<tr style=\"height: 68px\">\n<td style=\"width: 16.6164%;height: 68px;text-align: center;vertical-align: middle\">11.00-13.00<\/td>\n<td style=\"width: 83.3836%;height: 68px;text-align: left;vertical-align: middle\">Le competenze che permettono la Learning Agility &#8211; Seconda parte. Essere flessibili a livello organizzativo. Result Agility: il significato di lavorare per obiettivi. Change: diventare precursori del cambiamento.<br \/>People Agility: la capacit\u00e0 di essere flessibili a livello relazionale<\/td>\n<\/tr>\n<tr style=\"height: 81px\">\n<td style=\"width: 16.6164%;height: 22px;text-align: center;vertical-align: middle\">13.00-14.00<\/td>\n<td style=\"width: 83.3836%;height: 22px;text-align: left;vertical-align: middle\"><em>Pausa Pranzo<\/em><\/td>\n<\/tr>\n<tr style=\"height: 22px\">\n<td style=\"width: 16.6164%;height: 10px;text-align: center;vertical-align: middle\">14.00-15.30<\/td>\n<td style=\"width: 83.3836%;height: 10px;text-align: left;vertical-align: middle\">Assessment ed esercitazione cognitiva: qual \u00e8 lo stato di salute e di flessibilit\u00e0 del nostro cervello?<\/td>\n<\/tr>\n<tr style=\"height: 24px\">\n<td style=\"width: 16.6164%;text-align: center;height: 24px;vertical-align: middle\">15.30-16.30<\/td>\n<td style=\"width: 83.3836%;height: 24px;text-align: left;vertical-align: middle\">Cambiare si pu\u00f2: esercitazione Feeling Scratchy<\/td>\n<\/tr>\n<tr>\n<td style=\"width: 16.6164%;text-align: center;vertical-align: middle\">16.30-17.10<\/td>\n<td style=\"width: 83.3836%;text-align: left;vertical-align: middle\">Come le persone imparano e come poter imparare a imparare.<br \/>La creazione di una lista di apprendimenti<\/td>\n<\/tr>\n<tr>\n<td style=\"width: 16.6164%;text-align: center;vertical-align: middle\">17.10-18.00<\/td>\n<td style=\"width: 83.3836%;text-align: left;vertical-align: middle\">Come conoscere il significato di impegno all&#8217;apprendimento, fare progressi attraverso la definizione degli obiettivi di apprendimento<\/td>\n<\/tr>\n<\/tbody>\n<\/table><\/div>\n\t\t\t\t<\/div>\n\t\t\t\t\t\t\t<div class=\"elementor-toggle-item\">\n\t\t\t\t\t<div id=\"elementor-tab-title-7414\" class=\"elementor-tab-title\" data-tab=\"4\" role=\"tab\" aria-controls=\"elementor-tab-content-7414\">\n\t\t\t\t\t\t\t\t\t\t\t\t<span class=\"elementor-toggle-icon elementor-toggle-icon-left\" aria-hidden=\"true\">\n\t\t\t\t\t\t\t\t\t\t\t\t\t\t\t<span class=\"elementor-toggle-icon-closed\"><i class=\"fas fa-caret-right\"><\/i><\/span>\n\t\t\t\t\t\t\t\t<span class=\"elementor-toggle-icon-opened\"><i class=\"elementor-toggle-icon-opened fas fa-caret-up\"><\/i><\/span>\n\t\t\t\t\t\t\t\t\t\t\t\t\t<\/span>\n\t\t\t\t\t\t\t\t\t\t\t\t<a href=\"\" class=\"elementor-toggle-title\">DURATA<\/a>\n\t\t\t\t\t<\/div>\n\t\t\t\t\t<div id=\"elementor-tab-content-7414\" class=\"elementor-tab-content elementor-clearfix\" data-tab=\"4\" role=\"tabpanel\" aria-labelledby=\"elementor-tab-title-7414\"><p>1 giornata formativa<\/p><\/div>\n\t\t\t\t<\/div>\n\t\t\t\t\t<\/div>\n\t\t\t\t<\/div>\n\t\t\t\t<\/div>\n\t\t\t\t\t\t<\/div>\n\t\t\t\t\t<\/div>\n\t\t<\/div>\n\t\t\t\t\t\t\t\t<\/div>\n\t\t\t\t\t<\/div>\n\t\t<\/section>\n\t\t\t\t\t\t<\/div>\n\t\t\t\t\t\t<\/div>\n\t\t\t\t\t<\/div>\n\t\t","protected":false},"excerpt":{"rendered":"<p>PERCORSI FORMATVI &#8211; AREA SOFT SKILLS Learning Agility ECOLE in collaborazione con Open Human Solutions propone il corso di Laerning Agility.\u00a0 In una logica di apprendimento continuo ogni professionista\u00a0\u00a0 a qualsiasi livello dell&#8217;organizzazione \u00e8 portato a imparare sempre di pi\u00f9 nuove cose e in un tempo minore. \u00c8 la realt\u00e0 attuale che impone \u2013 a.<\/p>\n","protected":false},"author":12,"featured_media":0,"parent":7359,"menu_order":0,"comment_status":"closed","ping_status":"closed","template":"","meta":{"footnotes":""},"_links":{"self":[{"href":"https:\/\/www.myecole.it\/ooc\/wp-json\/wp\/v2\/pages\/13703"}],"collection":[{"href":"https:\/\/www.myecole.it\/ooc\/wp-json\/wp\/v2\/pages"}],"about":[{"href":"https:\/\/www.myecole.it\/ooc\/wp-json\/wp\/v2\/types\/page"}],"author":[{"embeddable":true,"href":"https:\/\/www.myecole.it\/ooc\/wp-json\/wp\/v2\/users\/12"}],"replies":[{"embeddable":true,"href":"https:\/\/www.myecole.it\/ooc\/wp-json\/wp\/v2\/comments?post=13703"}],"version-history":[{"count":0,"href":"https:\/\/www.myecole.it\/ooc\/wp-json\/wp\/v2\/pages\/13703\/revisions"}],"up":[{"embeddable":true,"href":"https:\/\/www.myecole.it\/ooc\/wp-json\/wp\/v2\/pages\/7359"}],"wp:attachment":[{"href":"https:\/\/www.myecole.it\/ooc\/wp-json\/wp\/v2\/media?parent=13703"}],"curies":[{"name":"wp","href":"https:\/\/api.w.org\/{rel}","templated":true}]}}