{"id":13707,"date":"2021-02-26T12:14:11","date_gmt":"2021-02-26T11:14:11","guid":{"rendered":"https:\/\/www.myecole.it\/ooc\/?page_id=13707"},"modified":"2022-08-23T10:40:43","modified_gmt":"2022-08-23T08:40:43","slug":"stress-post-covid-19-gestire-il-proprio-benessere-fisico-e-lavorativo","status":"publish","type":"page","link":"https:\/\/www.myecole.it\/ooc\/area-sanita\/soft-skills\/stress-post-covid-19-gestire-il-proprio-benessere-fisico-e-lavorativo\/","title":{"rendered":"corso: Lo stress post Covid-19 Gestire il proprio benessere fisico e lavorativo"},"content":{"rendered":"\t\t<div data-elementor-type=\"wp-page\" data-elementor-id=\"13707\" class=\"elementor elementor-13707\" data-elementor-settings=\"[]\">\n\t\t\t\t\t\t<div class=\"elementor-inner\">\n\t\t\t\t\t\t\t<div class=\"elementor-section-wrap\">\n\t\t\t\t\t\t\t<section class=\"elementor-section elementor-top-section elementor-element elementor-element-289bab9 elementor-section-boxed elementor-section-height-default elementor-section-height-default\" data-id=\"289bab9\" data-element_type=\"section\">\n\t\t\t\t\t\t<div class=\"elementor-container elementor-column-gap-default\">\n\t\t\t\t\t\t\t<div class=\"elementor-row\">\n\t\t\t\t\t<div class=\"elementor-column elementor-col-100 elementor-top-column elementor-element elementor-element-58b2cb4\" data-id=\"58b2cb4\" data-element_type=\"column\">\n\t\t\t<div class=\"elementor-column-wrap elementor-element-populated\">\n\t\t\t\t\t\t\t<div class=\"elementor-widget-wrap\">\n\t\t\t\t\t\t<div class=\"elementor-element elementor-element-008fd01 elementor-widget elementor-widget-shortcode\" data-id=\"008fd01\" data-element_type=\"widget\" data-widget_type=\"shortcode.default\">\n\t\t\t\t<div class=\"elementor-widget-container\">\n\t\t\t\t\t<div class=\"elementor-shortcode\"><br \/>Widget not in any sidebars<br \/><\/div>\n\t\t\t\t<\/div>\n\t\t\t\t<\/div>\n\t\t\t\t\t\t<\/div>\n\t\t\t\t\t<\/div>\n\t\t<\/div>\n\t\t\t\t\t\t\t\t<\/div>\n\t\t\t\t\t<\/div>\n\t\t<\/section>\n\t\t\t\t<section class=\"elementor-section elementor-top-section elementor-element elementor-element-30a320c elementor-section-boxed elementor-section-height-default elementor-section-height-default\" data-id=\"30a320c\" data-element_type=\"section\">\n\t\t\t\t\t\t<div class=\"elementor-container elementor-column-gap-default\">\n\t\t\t\t\t\t\t<div class=\"elementor-row\">\n\t\t\t\t\t<div class=\"elementor-column elementor-col-100 elementor-top-column elementor-element elementor-element-d3f6b9c\" data-id=\"d3f6b9c\" data-element_type=\"column\">\n\t\t\t<div class=\"elementor-column-wrap elementor-element-populated\">\n\t\t\t\t\t\t\t<div class=\"elementor-widget-wrap\">\n\t\t\t\t\t\t<div class=\"elementor-element elementor-element-4460d8e elementor-widget elementor-widget-lae-heading\" data-id=\"4460d8e\" data-element_type=\"widget\" data-widget_type=\"lae-heading.default\">\n\t\t\t\t<div class=\"elementor-widget-container\">\n\t\t\t\n   <!--       -->\n\n        <div class=\"lae-heading lae-style2 lae-alignleft\" >\n\n            \n                <div class=\"lae-subtitle\">PERCORSI FORMATVI - AREA SOFT SKILLS<\/div>\n\n            \n            <h1 class=\"lae-title\">Lo stress post Covid-19: gestire il proprio benessere fisico e lavorativo per garantire efficacia ed efficienza della prestazione <\/h1>\n\n            \n        <\/div>\n\n        \t\t<\/div>\n\t\t\t\t<\/div>\n\t\t\t\t\t\t<\/div>\n\t\t\t\t\t<\/div>\n\t\t<\/div>\n\t\t\t\t\t\t\t\t<\/div>\n\t\t\t\t\t<\/div>\n\t\t<\/section>\n\t\t\t\t<section class=\"elementor-section elementor-top-section elementor-element elementor-element-6b23c39 elementor-section-boxed elementor-section-height-default elementor-section-height-default\" data-id=\"6b23c39\" data-element_type=\"section\">\n\t\t\t\t\t\t<div class=\"elementor-container elementor-column-gap-default\">\n\t\t\t\t\t\t\t<div class=\"elementor-row\">\n\t\t\t\t\t<div class=\"elementor-column elementor-col-100 elementor-top-column elementor-element elementor-element-f0a837b\" data-id=\"f0a837b\" data-element_type=\"column\">\n\t\t\t<div class=\"elementor-column-wrap elementor-element-populated\">\n\t\t\t\t\t\t\t<div class=\"elementor-widget-wrap\">\n\t\t\t\t\t\t<div class=\"elementor-element elementor-element-fd9e100 elementor-widget elementor-widget-text-editor\" data-id=\"fd9e100\" data-element_type=\"widget\" data-widget_type=\"text-editor.default\">\n\t\t\t\t<div class=\"elementor-widget-container\">\n\t\t\t\t\t<div class=\"elementor-text-editor elementor-clearfix\"><p>L\u2019effetto traumatico della situazione di emergenza che si \u00e8 creata in relazione al COVID-19 pu\u00f2 avere ripercussioni sia sull\u2019individuo sia sul gruppo di lavoro, sia sul contesto organizzativo allargato delle aziende del settore sanitario e socio-sanitario: esso ha la potenzialit\u00e0 di disintegrare non solo la stabilit\u00e0 personale ma anche la stabilit\u00e0 del gruppo di lavoro.<\/p>\n<p>L\u2019intervento si focalizza sulla necessit\u00e0 manifestata tra gli operatori del settore di ripercorrere ed esplorare alcune variabili implicate, utili sia in termini di efficienza che di efficacia: umane, relazionali, di contesto e tecnico\/professionali. \u00c8 importante che l\u2019esperienza appena trascorsa venga ripercorsa per come \u00e8 possibile all\u2019interno dei gruppi di lavoro che hanno dovuto fronteggiarla in quanto il gruppo di lavoro pu\u00f2 avere una funzione di \u201cpotenziale terapeutico\u201d per far emergere all\u2019interno di un percorso di ricerca comune nuove possibilit\u00e0 di benessere al lavoro.<\/p>\n<p>Il progetto proposto tiene conto anche dell\u2019analisi degli esiti delle prime ricerche svolte in Cina, sugli effetti dello stress acuto nella gestione dell\u2019emergenza COVID-19 sul personale sanitario. Il coinvolgimento dei responsabili di U.O. e del personale della \u00e9quipe \u00e8 utile per raccogliere le indicazioni e i bisogni specifici che ogni responsabile sta rilevando rispetto al proprio gruppo di lavoro, in modo da costruire successivi interventi di supporto successivi a questa prima fase da realizzarsi a distanza.<\/p><\/div>\n\t\t\t\t<\/div>\n\t\t\t\t<\/div>\n\t\t\t\t<div class=\"elementor-element elementor-element-c990273 elementor-widget elementor-widget-toggle\" data-id=\"c990273\" data-element_type=\"widget\" data-widget_type=\"toggle.default\">\n\t\t\t\t<div class=\"elementor-widget-container\">\n\t\t\t\t\t<div class=\"elementor-toggle\" role=\"tablist\">\n\t\t\t\t\t\t\t<div class=\"elementor-toggle-item\">\n\t\t\t\t\t<div id=\"elementor-tab-title-2111\" class=\"elementor-tab-title\" data-tab=\"1\" role=\"tab\" aria-controls=\"elementor-tab-content-2111\">\n\t\t\t\t\t\t\t\t\t\t\t\t<span class=\"elementor-toggle-icon elementor-toggle-icon-left\" aria-hidden=\"true\">\n\t\t\t\t\t\t\t\t\t\t\t\t\t\t\t<span class=\"elementor-toggle-icon-closed\"><i class=\"fas fa-caret-right\"><\/i><\/span>\n\t\t\t\t\t\t\t\t<span class=\"elementor-toggle-icon-opened\"><i class=\"elementor-toggle-icon-opened fas fa-caret-up\"><\/i><\/span>\n\t\t\t\t\t\t\t\t\t\t\t\t\t<\/span>\n\t\t\t\t\t\t\t\t\t\t\t\t<a href=\"\" class=\"elementor-toggle-title\">OBIETTIVI FORMATIVI<\/a>\n\t\t\t\t\t<\/div>\n\t\t\t\t\t<div id=\"elementor-tab-content-2111\" class=\"elementor-tab-content elementor-clearfix\" data-tab=\"1\" role=\"tabpanel\" aria-labelledby=\"elementor-tab-title-2111\"><ul>\n<li>\n<p>Fornire strumenti per aiutare il personale a gestire l\u2019esperienza vissuta di fronteggiamento dell\u2019emergenza si trasformi in un vero e proprio trauma: senso di impotenza, paura (per s\u00e9, per la propria famiglia, per gli altri)<\/p>\n<\/li>\n<li>\n<p>Sostenere individui, professionisti, \u00e9quipe, a ritrovare le risorse per superare il \u201ctrauma vicario\u201d, legato alle attivit\u00e0 di affiancamento di individui \u201cfragili e\/o a rischio di vita\u201d<\/p>\n<\/li>\n<li>\n<p>Riportare le persone al paradigma originario delle professioni di aiuto: stare bene, fare bene, fare stare bene<\/p>\n<\/li>\n<\/ul><\/div>\n\t\t\t\t<\/div>\n\t\t\t\t\t\t\t<div class=\"elementor-toggle-item\">\n\t\t\t\t\t<div id=\"elementor-tab-title-2112\" class=\"elementor-tab-title\" data-tab=\"2\" role=\"tab\" aria-controls=\"elementor-tab-content-2112\">\n\t\t\t\t\t\t\t\t\t\t\t\t<span class=\"elementor-toggle-icon elementor-toggle-icon-left\" aria-hidden=\"true\">\n\t\t\t\t\t\t\t\t\t\t\t\t\t\t\t<span class=\"elementor-toggle-icon-closed\"><i class=\"fas fa-caret-right\"><\/i><\/span>\n\t\t\t\t\t\t\t\t<span class=\"elementor-toggle-icon-opened\"><i class=\"elementor-toggle-icon-opened fas fa-caret-up\"><\/i><\/span>\n\t\t\t\t\t\t\t\t\t\t\t\t\t<\/span>\n\t\t\t\t\t\t\t\t\t\t\t\t<a href=\"\" class=\"elementor-toggle-title\">DESTINATARI<\/a>\n\t\t\t\t\t<\/div>\n\t\t\t\t\t<div id=\"elementor-tab-content-2112\" class=\"elementor-tab-content elementor-clearfix\" data-tab=\"2\" role=\"tabpanel\" aria-labelledby=\"elementor-tab-title-2112\"><p>Il corso si rivolge a medici, psicologi, infermieri, tecnici, farmacisti, amministrativi\u00a0 che fanno parte di equipe mutidisciplinari e che hanno vissuto direttamente l\u2019esperienza di relazione con pazienti Covid- 19 presso strutture sanitarie, sociosanitarie e sul territorio.<\/p><\/div>\n\t\t\t\t<\/div>\n\t\t\t\t\t\t\t<div class=\"elementor-toggle-item\">\n\t\t\t\t\t<div id=\"elementor-tab-title-2113\" class=\"elementor-tab-title\" data-tab=\"3\" role=\"tab\" aria-controls=\"elementor-tab-content-2113\">\n\t\t\t\t\t\t\t\t\t\t\t\t<span class=\"elementor-toggle-icon elementor-toggle-icon-left\" aria-hidden=\"true\">\n\t\t\t\t\t\t\t\t\t\t\t\t\t\t\t<span class=\"elementor-toggle-icon-closed\"><i class=\"fas fa-caret-right\"><\/i><\/span>\n\t\t\t\t\t\t\t\t<span class=\"elementor-toggle-icon-opened\"><i class=\"elementor-toggle-icon-opened fas fa-caret-up\"><\/i><\/span>\n\t\t\t\t\t\t\t\t\t\t\t\t\t<\/span>\n\t\t\t\t\t\t\t\t\t\t\t\t<a href=\"\" class=\"elementor-toggle-title\">PROGRAMMA<\/a>\n\t\t\t\t\t<\/div>\n\t\t\t\t\t<div id=\"elementor-tab-content-2113\" class=\"elementor-tab-content elementor-clearfix\" data-tab=\"3\" role=\"tabpanel\" aria-labelledby=\"elementor-tab-title-2113\"><p><strong>Prima giornata<\/strong><\/p>\n<table style=\"border-collapse: collapse; width: 100%; height: 289px;\">\n<tbody>\n<tr style=\"height: 48px;\">\n<td style=\"width: 16.6164%; height: 43px; text-align: center; vertical-align: middle;\">8.30-9.00<\/td>\n<td style=\"width: 83.3836%; height: 43px; text-align: left; vertical-align: middle;\">\n<p><em>Accoglienza dei partecipanti\u00a0<\/em><\/p>\n<\/td>\n<\/tr>\n<tr style=\"height: 55px;\">\n<td style=\"width: 16.6164%; height: 55px; text-align: center; vertical-align: middle;\">9.00-11.00<\/td>\n<td style=\"width: 83.3836%; height: 55px; text-align: left; vertical-align: middle;\">Riconoscimento e integrazione delle tensioni (stress acuto \u2013 livello individuale)<\/td>\n<\/tr>\n<tr style=\"height: 68px;\">\n<td style=\"width: 16.6164%; height: 68px; text-align: center; vertical-align: middle;\">11.00-12.00<\/td>\n<td style=\"width: 83.3836%; height: 68px; text-align: left; vertical-align: middle;\">Le tensioni del professionista tra vita personale e professionale, tra paura e senso del dovere<\/td>\n<\/tr>\n<tr style=\"height: 81px;\">\n<td style=\"width: 16.6164%; height: 22px; text-align: center; vertical-align: middle;\">12.00-13.00<\/td>\n<td style=\"width: 83.3836%; height: 20px; text-align: left; vertical-align: middle;\">Attivit\u00e0 di connessione corpo-mente<\/td>\n<\/tr>\n<tr style=\"height: 22px;\">\n<td style=\"width: 16.6164%; height: 10px; text-align: center; vertical-align: middle;\">13.00-14.00<\/td>\n<td style=\"width: 83.3836%; height: 10px; text-align: left; vertical-align: middle;\">Come trovare le energie per sostenere le relazioni<\/td>\n<\/tr>\n<\/tbody>\n<\/table>\n<p><strong>Seconda giornata<\/strong><\/p>\n<table style=\"border-collapse: collapse; width: 100%; height: 157px;\">\n<tbody>\n<tr style=\"height: 48px;\">\n<td style=\"width: 17.0063%; height: 48px; text-align: center; vertical-align: middle;\">8.30-9.00<\/td>\n<td style=\"width: 82.9937%; height: 48px; text-align: left; vertical-align: middle;\"><em>Registrazione dei partecipanti<\/em><\/td>\n<\/tr>\n<tr style=\"height: 55px;\">\n<td style=\"width: 17.0063%; height: 10px; text-align: center; vertical-align: middle;\">9.00-11.00<\/td>\n<td style=\"width: 82.9937%; height: 10px; text-align: left; vertical-align: middle;\">Stress acuto, trauma e trauma vicario<\/td>\n<\/tr>\n<tr style=\"height: 68px;\">\n<td style=\"width: 17.0063%; height: 25px; text-align: center; vertical-align: middle;\">11.00-12.00<\/td>\n<td style=\"width: 82.9937%; height: 25px; text-align: left; vertical-align: middle;\">Schemi cognitivi e strategie di adattamento<\/td>\n<\/tr>\n<tr style=\"height: 81px;\">\n<td style=\"width: 17.0063%; height: 10px; text-align: center; vertical-align: middle;\">12.00-13.00<\/td>\n<td style=\"width: 82.9937%; height: 10px; text-align: left; vertical-align: middle;\">Gli aspetti fisiologici dello stress acuto e i suoi effetti sull\u2019individuo (fisici e mentali)<\/td>\n<\/tr>\n<tr style=\"height: 22px;\">\n<td style=\"width: 17.0063%; height: 10px; text-align: center; vertical-align: middle;\">13.00-14.00<\/td>\n<td style=\"width: 82.9937%; height: 10px; text-align: left; vertical-align: middle;\">Il trattamento degli effetti dello stress acuto, durante l\u2019emergenza e nel post- emergenza (rischio burn-out)<\/td>\n<\/tr>\n<\/tbody>\n<\/table>\n<p><strong>Terza giornata<\/strong><\/p>\n<table style=\"border-collapse: collapse; width: 100%; height: 103px;\">\n<tbody>\n<tr style=\"height: 48px;\">\n<td style=\"width: 17.0063%; height: 48px; text-align: center; vertical-align: middle;\">8.30-9.00<\/td>\n<td style=\"width: 82.9937%; height: 48px; text-align: left; vertical-align: middle;\"><em>Registrazione dei partecipanti<\/em><\/td>\n<\/tr>\n<tr style=\"height: 55px;\">\n<td style=\"width: 17.0063%; height: 10px; text-align: center; vertical-align: middle;\">9.00-11.00<\/td>\n<td style=\"width: 82.9937%; height: 10px; text-align: left; vertical-align: middle;\">Rinforzo e risorse individuali (personali e professionali)<\/td>\n<\/tr>\n<tr style=\"height: 68px;\">\n<td style=\"width: 17.0063%; height: 25px; text-align: center; vertical-align: middle;\">11.00-12.00<\/td>\n<td style=\"width: 82.9937%; height: 25px; text-align: left; vertical-align: middle;\">La forza del pensiero: allenare la mente per allargare lo sguardo<\/td>\n<\/tr>\n<tr style=\"height: 81px;\">\n<td style=\"width: 17.0063%; height: 10px; text-align: center; vertical-align: middle;\">12.00-13.00<\/td>\n<td style=\"width: 82.9937%; height: 10px; text-align: left; vertical-align: middle;\">La resilienza: riconnettersi con le proprie risorse interiori<\/td>\n<\/tr>\n<tr style=\"height: 22px;\">\n<td style=\"width: 17.0063%; height: 10px; text-align: center; vertical-align: middle;\">13.00-14.00<\/td>\n<td style=\"width: 82.9937%; height: 10px; text-align: left; vertical-align: middle;\">Riattivare la propria energia vitale<\/td>\n<\/tr>\n<\/tbody>\n<\/table>\n<p><strong>Quarta giornata<\/strong><\/p>\n<table style=\"border-collapse: collapse; width: 100%; height: 103px;\">\n<tbody>\n<tr style=\"height: 48px;\">\n<td style=\"width: 17.0063%; height: 48px; text-align: center; vertical-align: middle;\">8.30-9.00<\/td>\n<td style=\"width: 82.9937%; height: 48px; text-align: left; vertical-align: middle;\"><em>Registrazione dei partecipanti<\/em><\/td>\n<\/tr>\n<tr style=\"height: 55px;\">\n<td style=\"width: 17.0063%; height: 10px; text-align: center; vertical-align: middle;\">9.00-11.00<\/td>\n<td style=\"width: 82.9937%; height: 10px; text-align: left; vertical-align: middle;\">La relazione bruciata (stress acuto \u2013 livello relazionale)<\/td>\n<\/tr>\n<tr style=\"height: 68px;\">\n<td style=\"width: 17.0063%; height: 25px; text-align: center; vertical-align: middle;\">11.00-12.00<\/td>\n<td style=\"width: 82.9937%; height: 25px; text-align: left; vertical-align: middle;\">Le credenze collettive al lavoro: un possibile ostacolo al benessere personale e alle prestazioni professionali<\/td>\n<\/tr>\n<tr style=\"height: 81px;\">\n<td style=\"width: 17.0063%; height: 10px; text-align: center; vertical-align: middle;\">12.00-13.00<\/td>\n<td style=\"width: 82.9937%; height: 10px; text-align: left; vertical-align: middle;\">La \u201cgiusta vicinanza\u201d con pazienti e colleghi nella relazione di aiuto e di cura<\/td>\n<\/tr>\n<tr style=\"height: 22px;\">\n<td style=\"width: 17.0063%; height: 10px; text-align: center; vertical-align: middle;\">13.00-14.00<\/td>\n<td style=\"width: 82.9937%; height: 10px; text-align: left; vertical-align: middle;\">Alleanza professionale: il senso di fiducia nell\u2019operato del collega<\/td>\n<\/tr>\n<\/tbody>\n<\/table>\n<p><strong>Quinta giornata<\/strong><\/p>\n<table style=\"border-collapse: collapse; width: 100%; height: 110px;\">\n<tbody>\n<tr style=\"height: 48px;\">\n<td style=\"width: 17.0063%; height: 48px; text-align: center; vertical-align: middle;\">8.30-9.00<\/td>\n<td style=\"width: 82.9937%; height: 48px; text-align: left; vertical-align: middle;\"><em>Registrazione dei partecipanti<\/em><\/td>\n<\/tr>\n<tr style=\"height: 55px;\">\n<td style=\"width: 17.0063%; height: 10px; text-align: center; vertical-align: middle;\">9.00-11.00<\/td>\n<td style=\"width: 82.9937%; height: 10px; text-align: left; vertical-align: middle;\">Ripensare l\u2019organizzazione del lavoro (livello collettivo)<\/td>\n<\/tr>\n<tr style=\"height: 68px;\">\n<td style=\"width: 17.0063%; height: 32px; text-align: center; vertical-align: middle;\">11.00-12.00<\/td>\n<td style=\"width: 82.9937%; height: 32px; text-align: left; vertical-align: middle;\">I punti di forza della propria \u00e9quipe\/gruppo di lavoro: il valore dell\u2019azione collettiva<\/td>\n<\/tr>\n<tr style=\"height: 81px;\">\n<td style=\"width: 17.0063%; height: 10px; text-align: center; vertical-align: middle;\">12.00-13.00<\/td>\n<td style=\"width: 82.9937%; height: 10px; text-align: left; vertical-align: middle;\">Il valore aggiunto di ogni professione nel lavoro di \u00e9quipe<\/td>\n<\/tr>\n<tr style=\"height: 22px;\">\n<td style=\"width: 17.0063%; height: 10px; text-align: center; vertical-align: middle;\">13.00-14.00<\/td>\n<td style=\"width: 82.9937%; height: 10px; text-align: left; vertical-align: middle;\">La cura della comunicazione come strumento di relazione<\/td>\n<\/tr>\n<\/tbody>\n<\/table><\/div>\n\t\t\t\t<\/div>\n\t\t\t\t\t\t\t<div class=\"elementor-toggle-item\">\n\t\t\t\t\t<div id=\"elementor-tab-title-2114\" class=\"elementor-tab-title\" data-tab=\"4\" role=\"tab\" aria-controls=\"elementor-tab-content-2114\">\n\t\t\t\t\t\t\t\t\t\t\t\t<span class=\"elementor-toggle-icon elementor-toggle-icon-left\" aria-hidden=\"true\">\n\t\t\t\t\t\t\t\t\t\t\t\t\t\t\t<span class=\"elementor-toggle-icon-closed\"><i class=\"fas fa-caret-right\"><\/i><\/span>\n\t\t\t\t\t\t\t\t<span class=\"elementor-toggle-icon-opened\"><i class=\"elementor-toggle-icon-opened fas fa-caret-up\"><\/i><\/span>\n\t\t\t\t\t\t\t\t\t\t\t\t\t<\/span>\n\t\t\t\t\t\t\t\t\t\t\t\t<a href=\"\" class=\"elementor-toggle-title\">DURATA<\/a>\n\t\t\t\t\t<\/div>\n\t\t\t\t\t<div id=\"elementor-tab-content-2114\" class=\"elementor-tab-content elementor-clearfix\" data-tab=\"4\" role=\"tabpanel\" aria-labelledby=\"elementor-tab-title-2114\"><p>5 giornate formative<\/p><\/div>\n\t\t\t\t<\/div>\n\t\t\t\t\t<\/div>\n\t\t\t\t<\/div>\n\t\t\t\t<\/div>\n\t\t\t\t\t\t<\/div>\n\t\t\t\t\t<\/div>\n\t\t<\/div>\n\t\t\t\t\t\t\t\t<\/div>\n\t\t\t\t\t<\/div>\n\t\t<\/section>\n\t\t\t\t\t\t<\/div>\n\t\t\t\t\t\t<\/div>\n\t\t\t\t\t<\/div>\n\t\t","protected":false},"excerpt":{"rendered":"<p>PERCORSI FORMATVI &#8211; AREA SOFT SKILLS Lo stress post Covid-19: gestire il proprio benessere fisico e lavorativo per garantire efficacia ed efficienza della prestazione L\u2019effetto traumatico della situazione di emergenza che si \u00e8 creata in relazione al COVID-19 pu\u00f2 avere ripercussioni sia sull\u2019individuo sia sul gruppo di lavoro, sia sul contesto organizzativo allargato delle aziende.<\/p>\n","protected":false},"author":12,"featured_media":0,"parent":7359,"menu_order":0,"comment_status":"closed","ping_status":"closed","template":"","meta":{"footnotes":""},"class_list":["post-13707","page","type-page","status-publish","hentry"],"_links":{"self":[{"href":"https:\/\/www.myecole.it\/ooc\/wp-json\/wp\/v2\/pages\/13707","targetHints":{"allow":["GET"]}}],"collection":[{"href":"https:\/\/www.myecole.it\/ooc\/wp-json\/wp\/v2\/pages"}],"about":[{"href":"https:\/\/www.myecole.it\/ooc\/wp-json\/wp\/v2\/types\/page"}],"author":[{"embeddable":true,"href":"https:\/\/www.myecole.it\/ooc\/wp-json\/wp\/v2\/users\/12"}],"replies":[{"embeddable":true,"href":"https:\/\/www.myecole.it\/ooc\/wp-json\/wp\/v2\/comments?post=13707"}],"version-history":[{"count":0,"href":"https:\/\/www.myecole.it\/ooc\/wp-json\/wp\/v2\/pages\/13707\/revisions"}],"up":[{"embeddable":true,"href":"https:\/\/www.myecole.it\/ooc\/wp-json\/wp\/v2\/pages\/7359"}],"wp:attachment":[{"href":"https:\/\/www.myecole.it\/ooc\/wp-json\/wp\/v2\/media?parent=13707"}],"curies":[{"name":"wp","href":"https:\/\/api.w.org\/{rel}","templated":true}]}}