{"id":13914,"date":"2021-03-15T15:55:01","date_gmt":"2021-03-15T14:55:01","guid":{"rendered":"https:\/\/www.myecole.it\/ooc\/?page_id=13914"},"modified":"2022-08-23T11:19:33","modified_gmt":"2022-08-23T09:19:33","slug":"digital-mind-set","status":"publish","type":"page","link":"https:\/\/www.myecole.it\/ooc\/area-sanita\/area-digital\/digital-mind-set\/","title":{"rendered":"digital mind-set"},"content":{"rendered":"\t\t<div data-elementor-type=\"wp-page\" data-elementor-id=\"13914\" class=\"elementor elementor-13914\" data-elementor-settings=\"[]\">\n\t\t\t\t\t\t<div class=\"elementor-inner\">\n\t\t\t\t\t\t\t<div class=\"elementor-section-wrap\">\n\t\t\t\t\t\t\t<section class=\"elementor-section elementor-top-section elementor-element elementor-element-ac842d7 elementor-section-boxed elementor-section-height-default elementor-section-height-default\" data-id=\"ac842d7\" data-element_type=\"section\">\n\t\t\t\t\t\t<div class=\"elementor-container elementor-column-gap-default\">\n\t\t\t\t\t\t\t<div class=\"elementor-row\">\n\t\t\t\t\t<div class=\"elementor-column elementor-col-100 elementor-top-column elementor-element elementor-element-4fa2b01\" data-id=\"4fa2b01\" data-element_type=\"column\">\n\t\t\t<div class=\"elementor-column-wrap elementor-element-populated\">\n\t\t\t\t\t\t\t<div class=\"elementor-widget-wrap\">\n\t\t\t\t\t\t<div class=\"elementor-element elementor-element-67ad8cc elementor-widget elementor-widget-shortcode\" data-id=\"67ad8cc\" data-element_type=\"widget\" data-widget_type=\"shortcode.default\">\n\t\t\t\t<div class=\"elementor-widget-container\">\n\t\t\t\t\t<div class=\"elementor-shortcode\"><br \/>Widget not in any sidebars<br \/><\/div>\n\t\t\t\t<\/div>\n\t\t\t\t<\/div>\n\t\t\t\t\t\t<\/div>\n\t\t\t\t\t<\/div>\n\t\t<\/div>\n\t\t\t\t\t\t\t\t<\/div>\n\t\t\t\t\t<\/div>\n\t\t<\/section>\n\t\t\t\t<section class=\"elementor-section elementor-top-section elementor-element elementor-element-e235a00 elementor-section-boxed elementor-section-height-default elementor-section-height-default\" data-id=\"e235a00\" data-element_type=\"section\">\n\t\t\t\t\t\t<div class=\"elementor-container elementor-column-gap-default\">\n\t\t\t\t\t\t\t<div class=\"elementor-row\">\n\t\t\t\t\t<div class=\"elementor-column elementor-col-100 elementor-top-column elementor-element elementor-element-b53a683\" data-id=\"b53a683\" data-element_type=\"column\">\n\t\t\t<div class=\"elementor-column-wrap elementor-element-populated\">\n\t\t\t\t\t\t\t<div class=\"elementor-widget-wrap\">\n\t\t\t\t\t\t<div class=\"elementor-element elementor-element-c917928 elementor-widget elementor-widget-lae-heading\" data-id=\"c917928\" data-element_type=\"widget\" data-widget_type=\"lae-heading.default\">\n\t\t\t\t<div class=\"elementor-widget-container\">\n\t\t\t\n   <!--       -->\n\n        <div class=\"lae-heading lae-style2 lae-alignleft\" >\n\n            \n                <div class=\"lae-subtitle\">percorsi formativi - area digital<\/div>\n\n            \n            <h1 class=\"lae-title\">Digital Mind-Set<\/h1>\n\n            \n        <\/div>\n\n        \t\t<\/div>\n\t\t\t\t<\/div>\n\t\t\t\t\t\t<\/div>\n\t\t\t\t\t<\/div>\n\t\t<\/div>\n\t\t\t\t\t\t\t\t<\/div>\n\t\t\t\t\t<\/div>\n\t\t<\/section>\n\t\t\t\t<section class=\"elementor-section elementor-top-section elementor-element elementor-element-3fce6ad elementor-section-boxed elementor-section-height-default elementor-section-height-default\" data-id=\"3fce6ad\" data-element_type=\"section\">\n\t\t\t\t\t\t<div class=\"elementor-container elementor-column-gap-default\">\n\t\t\t\t\t\t\t<div class=\"elementor-row\">\n\t\t\t\t\t<div class=\"elementor-column elementor-col-100 elementor-top-column elementor-element elementor-element-8237481\" data-id=\"8237481\" data-element_type=\"column\">\n\t\t\t<div class=\"elementor-column-wrap elementor-element-populated\">\n\t\t\t\t\t\t\t<div class=\"elementor-widget-wrap\">\n\t\t\t\t\t\t<div class=\"elementor-element elementor-element-363aad2 elementor-widget elementor-widget-text-editor\" data-id=\"363aad2\" data-element_type=\"widget\" data-widget_type=\"text-editor.default\">\n\t\t\t\t<div class=\"elementor-widget-container\">\n\t\t\t\t\t<div class=\"elementor-text-editor elementor-clearfix\"><p>ECOLE in collaborazione con Open Human Solutions propone il corso di \u201cDigital Mind-Set\u201d. Oggi il rapporto con le tecnologie fa emergere all&#8217;interno di tutte le organizzazioni &#8211; comprese anche quelle sanitarie &#8211; una competenza che si chiama Digital Mind- set e che riguarda la capacit\u00e0 di rapportarsi con i nuovi strumenti tecnologici. Se alcuni, per questioni anagrafiche, attitudini mentali, approcci personali, hanno una reazione entusiasta verso i nuovi strumenti tecnologici (siano essi applicazioni, nuovi software o gestionali, piattaforme, strumentazioni tecniche), altri si pongono in modo complesso, spesso rifiutando il confronto e l&#8217;apertura al nuovo. Questo corso propone a tutti l&#8217;obiettivo di comprendere vantaggi e potenzialit\u00e0 del nuovo, semplificando la portata e le implicazioni verso le nuove tecnologie. Esempi pratici e illustrazioni semplici, porteranno i partecipanti a sviluppare una nuova formae-mentis verso il digitale, considerandolo non pi\u00f9 come spauracchio ma come opportunit\u00e0 di crescita personale.<\/p><\/div>\n\t\t\t\t<\/div>\n\t\t\t\t<\/div>\n\t\t\t\t<div class=\"elementor-element elementor-element-3c7b66c elementor-widget elementor-widget-toggle\" data-id=\"3c7b66c\" data-element_type=\"widget\" data-widget_type=\"toggle.default\">\n\t\t\t\t<div class=\"elementor-widget-container\">\n\t\t\t\t\t<div class=\"elementor-toggle\" role=\"tablist\">\n\t\t\t\t\t\t\t<div class=\"elementor-toggle-item\">\n\t\t\t\t\t<div id=\"elementor-tab-title-6341\" class=\"elementor-tab-title\" data-tab=\"1\" role=\"tab\" aria-controls=\"elementor-tab-content-6341\">\n\t\t\t\t\t\t\t\t\t\t\t\t<span class=\"elementor-toggle-icon elementor-toggle-icon-left\" aria-hidden=\"true\">\n\t\t\t\t\t\t\t\t\t\t\t\t\t\t\t<span class=\"elementor-toggle-icon-closed\"><i class=\"fas fa-caret-right\"><\/i><\/span>\n\t\t\t\t\t\t\t\t<span class=\"elementor-toggle-icon-opened\"><i class=\"elementor-toggle-icon-opened fas fa-caret-up\"><\/i><\/span>\n\t\t\t\t\t\t\t\t\t\t\t\t\t<\/span>\n\t\t\t\t\t\t\t\t\t\t\t\t<a href=\"\" class=\"elementor-toggle-title\">OBIETTIVI FORMATIVI<\/a>\n\t\t\t\t\t<\/div>\n\t\t\t\t\t<div id=\"elementor-tab-content-6341\" class=\"elementor-tab-content elementor-clearfix\" data-tab=\"1\" role=\"tabpanel\" aria-labelledby=\"elementor-tab-title-6341\"><p>L&#8217;obiettivo del corso \u00e8 di migliorare l&#8217;approccio con le nuove tecnologie e fare un salto di qualit\u00e0 dal punto di vista della conoscenza delle nuove tecnologie e degli impatti sulla quotidianit\u00e0 lavorativa.<\/p><\/div>\n\t\t\t\t<\/div>\n\t\t\t\t\t\t\t<div class=\"elementor-toggle-item\">\n\t\t\t\t\t<div id=\"elementor-tab-title-6342\" class=\"elementor-tab-title\" data-tab=\"2\" role=\"tab\" aria-controls=\"elementor-tab-content-6342\">\n\t\t\t\t\t\t\t\t\t\t\t\t<span class=\"elementor-toggle-icon elementor-toggle-icon-left\" aria-hidden=\"true\">\n\t\t\t\t\t\t\t\t\t\t\t\t\t\t\t<span class=\"elementor-toggle-icon-closed\"><i class=\"fas fa-caret-right\"><\/i><\/span>\n\t\t\t\t\t\t\t\t<span class=\"elementor-toggle-icon-opened\"><i class=\"elementor-toggle-icon-opened fas fa-caret-up\"><\/i><\/span>\n\t\t\t\t\t\t\t\t\t\t\t\t\t<\/span>\n\t\t\t\t\t\t\t\t\t\t\t\t<a href=\"\" class=\"elementor-toggle-title\">METODOLOGIA DIDATTICA<\/a>\n\t\t\t\t\t<\/div>\n\t\t\t\t\t<div id=\"elementor-tab-content-6342\" class=\"elementor-tab-content elementor-clearfix\" data-tab=\"2\" role=\"tabpanel\" aria-labelledby=\"elementor-tab-title-6342\"><p>L\u2019attivit\u00e0 formativa offerta presenta lezioni frontali<\/p><\/div>\n\t\t\t\t<\/div>\n\t\t\t\t\t\t\t<div class=\"elementor-toggle-item\">\n\t\t\t\t\t<div id=\"elementor-tab-title-6343\" class=\"elementor-tab-title\" data-tab=\"3\" role=\"tab\" aria-controls=\"elementor-tab-content-6343\">\n\t\t\t\t\t\t\t\t\t\t\t\t<span class=\"elementor-toggle-icon elementor-toggle-icon-left\" aria-hidden=\"true\">\n\t\t\t\t\t\t\t\t\t\t\t\t\t\t\t<span class=\"elementor-toggle-icon-closed\"><i class=\"fas fa-caret-right\"><\/i><\/span>\n\t\t\t\t\t\t\t\t<span class=\"elementor-toggle-icon-opened\"><i class=\"elementor-toggle-icon-opened fas fa-caret-up\"><\/i><\/span>\n\t\t\t\t\t\t\t\t\t\t\t\t\t<\/span>\n\t\t\t\t\t\t\t\t\t\t\t\t<a href=\"\" class=\"elementor-toggle-title\">DESTINATARI<\/a>\n\t\t\t\t\t<\/div>\n\t\t\t\t\t<div id=\"elementor-tab-content-6343\" class=\"elementor-tab-content elementor-clearfix\" data-tab=\"3\" role=\"tabpanel\" aria-labelledby=\"elementor-tab-title-6343\"><p>Traversale a tutte le popolazioni aziendali<\/p><\/div>\n\t\t\t\t<\/div>\n\t\t\t\t\t\t\t<div class=\"elementor-toggle-item\">\n\t\t\t\t\t<div id=\"elementor-tab-title-6344\" class=\"elementor-tab-title\" data-tab=\"4\" role=\"tab\" aria-controls=\"elementor-tab-content-6344\">\n\t\t\t\t\t\t\t\t\t\t\t\t<span class=\"elementor-toggle-icon elementor-toggle-icon-left\" aria-hidden=\"true\">\n\t\t\t\t\t\t\t\t\t\t\t\t\t\t\t<span class=\"elementor-toggle-icon-closed\"><i class=\"fas fa-caret-right\"><\/i><\/span>\n\t\t\t\t\t\t\t\t<span class=\"elementor-toggle-icon-opened\"><i class=\"elementor-toggle-icon-opened fas fa-caret-up\"><\/i><\/span>\n\t\t\t\t\t\t\t\t\t\t\t\t\t<\/span>\n\t\t\t\t\t\t\t\t\t\t\t\t<a href=\"\" class=\"elementor-toggle-title\">PROGRAMMA<\/a>\n\t\t\t\t\t<\/div>\n\t\t\t\t\t<div id=\"elementor-tab-content-6344\" class=\"elementor-tab-content elementor-clearfix\" data-tab=\"4\" role=\"tabpanel\" aria-labelledby=\"elementor-tab-title-6344\"><p>\u00a0<\/p>\n<table style=\"border-collapse: collapse;width: 99.1364%;height: 125px\">\n<tbody>\n<tr style=\"height: 48px\">\n<td style=\"width: 17.7192%;height: 16px;text-align: center;vertical-align: middle\">8.30-9.00<\/td>\n<td style=\"width: 81.4172%;height: 16px;text-align: left;vertical-align: middle\"><em>Registrazione dei partecipanti<\/em><\/td>\n<\/tr>\n<tr style=\"height: 55px\">\n<td style=\"width: 17.7192%;height: 10px;text-align: center;vertical-align: middle\">9.00-11.00<\/td>\n<td style=\"width: 81.4172%;height: 10px;text-align: left;vertical-align: middle\">Il significato di mind-set<br \/>Elementi di scenario<br \/>Quali sono i driver attuali del cambiamento<br \/>I principali highlights<\/td>\n<\/tr>\n<tr style=\"height: 48px\">\n<td style=\"width: 17.7192%;height: 20px;text-align: center;vertical-align: middle\">11.00-12.00<\/td>\n<td style=\"width: 81.4172%;height: 20px;text-align: left;vertical-align: middle\">Origine del concetto di mind-set<br \/>Gli studi di Carol Dweck su growth mindset e fixed mindset <\/td>\n<\/tr>\n<tr style=\"height: 81px\">\n<td style=\"width: 17.7192%;height: 12px;text-align: center;vertical-align: middle\">12.00-13.00<\/td>\n<td style=\"width: 81.4172%;height: 12px;text-align: left;vertical-align: middle\">Cambiare mindset<br \/>Evidenze della neuroplasticit\u00e0 del cervello<\/td>\n<\/tr>\n<tr style=\"height: 57px\">\n<td style=\"width: 17.7192%;height: 57px;text-align: center;vertical-align: middle\">13.00-14.00<\/td>\n<td style=\"width: 81.4172%;height: 57px;text-align: left;vertical-align: middle\"><em>Pausa Pranzo<\/em><\/td>\n<\/tr>\n<tr>\n<td style=\"width: 17.7192%;text-align: center;vertical-align: middle\">14.00-15.00<\/td>\n<td style=\"width: 81.4172%;text-align: left;vertical-align: middle\">Le principali tecnologie digitali e il loro impatto sui comportamenti quotidiani<\/td>\n<\/tr>\n<tr>\n<td style=\"width: 17.7192%;text-align: center;vertical-align: middle\">15.00-17.30<\/td>\n<td style=\"width: 81.4172%;text-align: left;vertical-align: middle\">Drill down sui temi quali: Internet of Tings, Realt\u00e0 Virtuale, AR, mobile, cloud, blockchain, le frontiere dell\u2019Intelligenza Artificiale, gli sviluppi della Robotica<\/td>\n<\/tr>\n<tr>\n<td style=\"width: 17.7192%;text-align: center;vertical-align: middle\">17.30-18.00<\/td>\n<td style=\"width: 81.4172%;text-align: left;vertical-align: middle\">Feedback finale e considerazioni pratiche di utilizzo<\/td>\n<\/tr>\n<\/tbody>\n<\/table><\/div>\n\t\t\t\t<\/div>\n\t\t\t\t\t\t\t<div class=\"elementor-toggle-item\">\n\t\t\t\t\t<div id=\"elementor-tab-title-6345\" class=\"elementor-tab-title\" data-tab=\"5\" role=\"tab\" aria-controls=\"elementor-tab-content-6345\">\n\t\t\t\t\t\t\t\t\t\t\t\t<span class=\"elementor-toggle-icon elementor-toggle-icon-left\" aria-hidden=\"true\">\n\t\t\t\t\t\t\t\t\t\t\t\t\t\t\t<span class=\"elementor-toggle-icon-closed\"><i class=\"fas fa-caret-right\"><\/i><\/span>\n\t\t\t\t\t\t\t\t<span class=\"elementor-toggle-icon-opened\"><i class=\"elementor-toggle-icon-opened fas fa-caret-up\"><\/i><\/span>\n\t\t\t\t\t\t\t\t\t\t\t\t\t<\/span>\n\t\t\t\t\t\t\t\t\t\t\t\t<a href=\"\" class=\"elementor-toggle-title\">DURATA<\/a>\n\t\t\t\t\t<\/div>\n\t\t\t\t\t<div id=\"elementor-tab-content-6345\" class=\"elementor-tab-content elementor-clearfix\" data-tab=\"5\" role=\"tabpanel\" aria-labelledby=\"elementor-tab-title-6345\"><p>1 giornata formativa\u00a0<\/p><\/div>\n\t\t\t\t<\/div>\n\t\t\t\t\t<\/div>\n\t\t\t\t<\/div>\n\t\t\t\t<\/div>\n\t\t\t\t\t\t<\/div>\n\t\t\t\t\t<\/div>\n\t\t<\/div>\n\t\t\t\t\t\t\t\t<\/div>\n\t\t\t\t\t<\/div>\n\t\t<\/section>\n\t\t\t\t\t\t<\/div>\n\t\t\t\t\t\t<\/div>\n\t\t\t\t\t<\/div>\n\t\t","protected":false},"excerpt":{"rendered":"<p>percorsi formativi &#8211; area digital Digital Mind-Set ECOLE in collaborazione con Open Human Solutions propone il corso di \u201cDigital Mind-Set\u201d. Oggi il rapporto con le tecnologie fa emergere all&#8217;interno di tutte le organizzazioni &#8211; comprese anche quelle sanitarie &#8211; una competenza che si chiama Digital Mind- set e che riguarda la capacit\u00e0 di rapportarsi con.<\/p>\n","protected":false},"author":12,"featured_media":0,"parent":13583,"menu_order":0,"comment_status":"closed","ping_status":"closed","template":"","meta":{"footnotes":""},"class_list":["post-13914","page","type-page","status-publish","hentry"],"_links":{"self":[{"href":"https:\/\/www.myecole.it\/ooc\/wp-json\/wp\/v2\/pages\/13914","targetHints":{"allow":["GET"]}}],"collection":[{"href":"https:\/\/www.myecole.it\/ooc\/wp-json\/wp\/v2\/pages"}],"about":[{"href":"https:\/\/www.myecole.it\/ooc\/wp-json\/wp\/v2\/types\/page"}],"author":[{"embeddable":true,"href":"https:\/\/www.myecole.it\/ooc\/wp-json\/wp\/v2\/users\/12"}],"replies":[{"embeddable":true,"href":"https:\/\/www.myecole.it\/ooc\/wp-json\/wp\/v2\/comments?post=13914"}],"version-history":[{"count":0,"href":"https:\/\/www.myecole.it\/ooc\/wp-json\/wp\/v2\/pages\/13914\/revisions"}],"up":[{"embeddable":true,"href":"https:\/\/www.myecole.it\/ooc\/wp-json\/wp\/v2\/pages\/13583"}],"wp:attachment":[{"href":"https:\/\/www.myecole.it\/ooc\/wp-json\/wp\/v2\/media?parent=13914"}],"curies":[{"name":"wp","href":"https:\/\/api.w.org\/{rel}","templated":true}]}}