{"id":16425,"date":"2022-04-05T15:16:06","date_gmt":"2022-04-05T13:16:06","guid":{"rendered":"https:\/\/www.myecole.it\/ooc\/?page_id=16425"},"modified":"2022-04-05T16:32:55","modified_gmt":"2022-04-05T14:32:55","slug":"r-i-s-i-co-fase-ii","status":"publish","type":"page","link":"https:\/\/www.myecole.it\/ooc\/progetti-europei\/our-projects\/risico\/r-i-s-i-co-fase-ii\/","title":{"rendered":"R.I.S.I.CO Fase II"},"content":{"rendered":"\t\t<div data-elementor-type=\"wp-page\" data-elementor-id=\"16425\" class=\"elementor elementor-16425\" data-elementor-settings=\"[]\">\n\t\t\t\t\t\t<div class=\"elementor-inner\">\n\t\t\t\t\t\t\t<div class=\"elementor-section-wrap\">\n\t\t\t\t\t\t\t<section class=\"elementor-section elementor-top-section elementor-element elementor-element-093709f elementor-section-boxed elementor-section-height-default elementor-section-height-default\" data-id=\"093709f\" data-element_type=\"section\">\n\t\t\t\t\t\t<div class=\"elementor-container elementor-column-gap-default\">\n\t\t\t\t\t\t\t<div class=\"elementor-row\">\n\t\t\t\t\t<div class=\"elementor-column elementor-col-100 elementor-top-column elementor-element elementor-element-bcd888c\" data-id=\"bcd888c\" data-element_type=\"column\">\n\t\t\t<div class=\"elementor-column-wrap elementor-element-populated\">\n\t\t\t\t\t\t\t<div class=\"elementor-widget-wrap\">\n\t\t\t\t\t\t<div class=\"elementor-element elementor-element-c15731e elementor-widget elementor-widget-heading\" data-id=\"c15731e\" data-element_type=\"widget\" data-widget_type=\"heading.default\">\n\t\t\t\t<div class=\"elementor-widget-container\">\n\t\t\t<h2 class=\"elementor-heading-title elementor-size-default\"><b>SOSTENIBILIT\u00c0 e INNOVAZIONE per la crescita delle PMI<\/b><\/h2>\t\t<\/div>\n\t\t\t\t<\/div>\n\t\t\t\t<div class=\"elementor-element elementor-element-3287600 elementor-widget elementor-widget-heading\" data-id=\"3287600\" data-element_type=\"widget\" data-widget_type=\"heading.default\">\n\t\t\t\t<div class=\"elementor-widget-container\">\n\t\t\t<h2 class=\"elementor-heading-title elementor-size-default\"><i>R.I.S.I.CO, proseguono le attivit\u00e0 del progetto europeo <\/i><\/h2>\t\t<\/div>\n\t\t\t\t<\/div>\n\t\t\t\t<div class=\"elementor-element elementor-element-6ebe59b elementor-widget elementor-widget-text-editor\" data-id=\"6ebe59b\" data-element_type=\"widget\" data-widget_type=\"text-editor.default\">\n\t\t\t\t<div class=\"elementor-widget-container\">\n\t\t\t\t\t<div class=\"elementor-text-editor elementor-clearfix\"><p>Proseguono le attivit\u00e0 del<strong> progetto R.I.S.I.CO &#8211; Rete Integrata di Servizi per l\u2019Innovazione e la Competitivit\u00e0<\/strong> &#8211; finanziato dal Programma di cooperazione <u>Interreg V-A Italia-Svizzera 2014-2020<\/u>, con un&#8217;interessante opportunit\u00e0 per le <b>Piccole Medie Imprese<\/b> del comasco attraverso un percorso di conoscenza ed esplorazione nel mondo della sostenibilit\u00e0.&nbsp;<\/p><\/div>\n\t\t\t\t<\/div>\n\t\t\t\t<\/div>\n\t\t\t\t\t\t<\/div>\n\t\t\t\t\t<\/div>\n\t\t<\/div>\n\t\t\t\t\t\t\t\t<\/div>\n\t\t\t\t\t<\/div>\n\t\t<\/section>\n\t\t\t\t<section class=\"elementor-section elementor-top-section elementor-element elementor-element-6552e67 elementor-section-boxed elementor-section-height-default elementor-section-height-default\" data-id=\"6552e67\" data-element_type=\"section\">\n\t\t\t\t\t\t<div class=\"elementor-container elementor-column-gap-default\">\n\t\t\t\t\t\t\t<div class=\"elementor-row\">\n\t\t\t\t\t<div class=\"elementor-column elementor-col-50 elementor-top-column elementor-element elementor-element-84c4a58\" data-id=\"84c4a58\" data-element_type=\"column\">\n\t\t\t<div class=\"elementor-column-wrap elementor-element-populated\">\n\t\t\t\t\t\t\t<div class=\"elementor-widget-wrap\">\n\t\t\t\t\t\t<div class=\"elementor-element elementor-element-2fdfe49 elementor-widget elementor-widget-image\" data-id=\"2fdfe49\" data-element_type=\"widget\" data-widget_type=\"image.default\">\n\t\t\t\t<div class=\"elementor-widget-container\">\n\t\t\t\t\t<div class=\"elementor-image\">\n\t\t\t\t\t\t\t\t\t\t<img loading=\"lazy\" decoding=\"async\" width=\"1280\" height=\"720\" src=\"https:\/\/www.myecole.it\/ooc\/wp-content\/uploads\/2022\/04\/ecole-ill-04-people-1280x720.jpg\" class=\"attachment-large size-large\" alt=\"\" srcset=\"https:\/\/www.myecole.it\/ooc\/wp-content\/uploads\/2022\/04\/ecole-ill-04-people-1280x720.jpg 1280w, https:\/\/www.myecole.it\/ooc\/wp-content\/uploads\/2022\/04\/ecole-ill-04-people-300x169.jpg 300w, https:\/\/www.myecole.it\/ooc\/wp-content\/uploads\/2022\/04\/ecole-ill-04-people-768x432.jpg 768w, https:\/\/www.myecole.it\/ooc\/wp-content\/uploads\/2022\/04\/ecole-ill-04-people-1536x864.jpg 1536w, https:\/\/www.myecole.it\/ooc\/wp-content\/uploads\/2022\/04\/ecole-ill-04-people-340x191.jpg 340w, https:\/\/www.myecole.it\/ooc\/wp-content\/uploads\/2022\/04\/ecole-ill-04-people.jpg 1920w\" sizes=\"(max-width: 1280px) 100vw, 1280px\" \/>\t\t\t\t\t\t\t\t\t\t\t<\/div>\n\t\t\t\t<\/div>\n\t\t\t\t<\/div>\n\t\t\t\t\t\t<\/div>\n\t\t\t\t\t<\/div>\n\t\t<\/div>\n\t\t\t\t<div class=\"elementor-column elementor-col-50 elementor-top-column elementor-element elementor-element-e2dec20\" data-id=\"e2dec20\" data-element_type=\"column\">\n\t\t\t<div class=\"elementor-column-wrap elementor-element-populated\">\n\t\t\t\t\t\t\t<div class=\"elementor-widget-wrap\">\n\t\t\t\t\t\t<div class=\"elementor-element elementor-element-e0a2d90 elementor-widget elementor-widget-text-editor\" data-id=\"e0a2d90\" data-element_type=\"widget\" data-widget_type=\"text-editor.default\">\n\t\t\t\t<div class=\"elementor-widget-container\">\n\t\t\t\t\t<div class=\"elementor-text-editor elementor-clearfix\"><p>La<b> sostenibilit\u00e0 <\/b>\u00e8 un fattore che indirizza e moltiplica gli impatti positivi in termini di risultati finanziari e di ricadute sociali.&nbsp;<\/p>\n<p>Per poter impattare positivamente sui risultati aziendali i principi di sostenibilit\u00e0 devono permeare la <b>cultura aziendale<\/b> diventando un <b>vantaggio competitivo<\/b> da raggiungere e mantenere in una logica di lungo termine.<\/p>\n<ul>\n<li><i>Come adottare pratiche sostenibili imparando anche dalle buone pratiche di altre aziende che hanno fatto di questo paradigma un fattore competitivo?<\/i><\/li>\n<li><i>Come si sta evolvendo l\u2019ecosistema delle startup e delle PMI innovative sui temi della sostenibilit\u00e0?<\/i><\/li>\n<\/ul><\/div>\n\t\t\t\t<\/div>\n\t\t\t\t<\/div>\n\t\t\t\t\t\t<\/div>\n\t\t\t\t\t<\/div>\n\t\t<\/div>\n\t\t\t\t\t\t\t\t<\/div>\n\t\t\t\t\t<\/div>\n\t\t<\/section>\n\t\t\t\t<section class=\"elementor-section elementor-top-section elementor-element elementor-element-eaed359 elementor-section-boxed elementor-section-height-default elementor-section-height-default\" data-id=\"eaed359\" data-element_type=\"section\">\n\t\t\t\t\t\t<div class=\"elementor-container elementor-column-gap-default\">\n\t\t\t\t\t\t\t<div class=\"elementor-row\">\n\t\t\t\t\t<div class=\"elementor-column elementor-col-100 elementor-top-column elementor-element elementor-element-d1515c7\" data-id=\"d1515c7\" data-element_type=\"column\">\n\t\t\t<div class=\"elementor-column-wrap elementor-element-populated\">\n\t\t\t\t\t\t\t<div class=\"elementor-widget-wrap\">\n\t\t\t\t\t\t<div class=\"elementor-element elementor-element-05e53a1 elementor-widget elementor-widget-text-editor\" data-id=\"05e53a1\" data-element_type=\"widget\" data-widget_type=\"text-editor.default\">\n\t\t\t\t<div class=\"elementor-widget-container\">\n\t\t\t\t\t<div class=\"elementor-text-editor elementor-clearfix\"><p>Sono questi i temi al centro del ciclo di incontri rivolto alle PMI che stanno affrontando il tema della sostenibilit\u00e0 insieme ai propri clienti, fornitori, dipendenti e desiderano acquisire conoscenze non solo sui principi generali ma anche esempi di best practices&nbsp;gi\u00e0 attuate da altre aziende come modelli di ispirazione.<br><\/p><\/div>\n\t\t\t\t<\/div>\n\t\t\t\t<\/div>\n\t\t\t\t\t\t<\/div>\n\t\t\t\t\t<\/div>\n\t\t<\/div>\n\t\t\t\t\t\t\t\t<\/div>\n\t\t\t\t\t<\/div>\n\t\t<\/section>\n\t\t\t\t<section class=\"elementor-section elementor-top-section elementor-element elementor-element-7fd73fe elementor-section-boxed elementor-section-height-default elementor-section-height-default\" data-id=\"7fd73fe\" data-element_type=\"section\">\n\t\t\t\t\t\t<div class=\"elementor-container elementor-column-gap-default\">\n\t\t\t\t\t\t\t<div class=\"elementor-row\">\n\t\t\t\t\t<div class=\"elementor-column elementor-col-100 elementor-top-column elementor-element elementor-element-89a9365\" data-id=\"89a9365\" data-element_type=\"column\">\n\t\t\t<div class=\"elementor-column-wrap elementor-element-populated\">\n\t\t\t\t\t\t\t<div class=\"elementor-widget-wrap\">\n\t\t\t\t\t\t<div class=\"elementor-element elementor-element-98902cd elementor-widget elementor-widget-heading\" data-id=\"98902cd\" data-element_type=\"widget\" data-widget_type=\"heading.default\">\n\t\t\t\t<div class=\"elementor-widget-container\">\n\t\t\t<h2 class=\"elementor-heading-title elementor-size-default\"><b>Un percorso in cui le PMI sono PROTAGONISTE!<\/b><\/h2>\t\t<\/div>\n\t\t\t\t<\/div>\n\t\t\t\t<div class=\"elementor-element elementor-element-8205830 elementor-widget elementor-widget-spacer\" data-id=\"8205830\" data-element_type=\"widget\" data-widget_type=\"spacer.default\">\n\t\t\t\t<div class=\"elementor-widget-container\">\n\t\t\t\t\t<div class=\"elementor-spacer\">\n\t\t\t<div class=\"elementor-spacer-inner\"><\/div>\n\t\t<\/div>\n\t\t\t\t<\/div>\n\t\t\t\t<\/div>\n\t\t\t\t\t\t<\/div>\n\t\t\t\t\t<\/div>\n\t\t<\/div>\n\t\t\t\t\t\t\t\t<\/div>\n\t\t\t\t\t<\/div>\n\t\t<\/section>\n\t\t\t\t<section class=\"elementor-section elementor-top-section elementor-element elementor-element-068eb62 elementor-section-boxed elementor-section-height-default elementor-section-height-default\" data-id=\"068eb62\" data-element_type=\"section\">\n\t\t\t\t\t\t<div class=\"elementor-container elementor-column-gap-default\">\n\t\t\t\t\t\t\t<div class=\"elementor-row\">\n\t\t\t\t\t<div class=\"elementor-column elementor-col-50 elementor-top-column elementor-element elementor-element-be46864\" data-id=\"be46864\" data-element_type=\"column\">\n\t\t\t<div class=\"elementor-column-wrap elementor-element-populated\">\n\t\t\t\t\t\t\t<div class=\"elementor-widget-wrap\">\n\t\t\t\t\t\t<div class=\"elementor-element elementor-element-0ad4409 elementor-widget elementor-widget-divider\" data-id=\"0ad4409\" data-element_type=\"widget\" data-widget_type=\"divider.default\">\n\t\t\t\t<div class=\"elementor-widget-container\">\n\t\t\t\t\t<div class=\"elementor-divider\">\n\t\t\t<span class=\"elementor-divider-separator\">\n\t\t\t\t\t\t<\/span>\n\t\t<\/div>\n\t\t\t\t<\/div>\n\t\t\t\t<\/div>\n\t\t\t\t<div class=\"elementor-element elementor-element-e1b339c elementor-widget elementor-widget-text-editor\" data-id=\"e1b339c\" data-element_type=\"widget\" data-widget_type=\"text-editor.default\">\n\t\t\t\t<div class=\"elementor-widget-container\">\n\t\t\t\t\t<div class=\"elementor-text-editor elementor-clearfix\"><p>Le <b>PMI <\/b>che parteciperanno al progetto avranno la possibilit\u00e0 di:<\/p>\n<ul>\n<li>assistere a <b>testimonianze<\/b> di aziende e startup innovative selezionate da UnicreditStartLab<\/li>\n<li>ampliare il proprio<b> network<\/b> e aprire percorsi di <b>open innovation<\/b><\/li>\n<li>utilizzare uno <b>strumento di assessment<\/b> della sostenibilit\u00e0 in linea con gli standard internazionali pi\u00f9 accreditati<\/li>\n<li>beneficiare di <b>formazione <\/b>e<b> consulenza gratuite<\/b> finalizzate a supportarle nell&#8217;adozione di un modello di business sostenibile con focus su progetti concreti<\/li>\n<\/ul><\/div>\n\t\t\t\t<\/div>\n\t\t\t\t<\/div>\n\t\t\t\t\t\t<\/div>\n\t\t\t\t\t<\/div>\n\t\t<\/div>\n\t\t\t\t<div class=\"elementor-column elementor-col-50 elementor-top-column elementor-element elementor-element-94c1c25\" data-id=\"94c1c25\" data-element_type=\"column\">\n\t\t\t<div class=\"elementor-column-wrap elementor-element-populated\">\n\t\t\t\t\t\t\t<div class=\"elementor-widget-wrap\">\n\t\t\t\t\t\t<div class=\"elementor-element elementor-element-0c4c2ed elementor-aspect-ratio-169 elementor-widget elementor-widget-video\" data-id=\"0c4c2ed\" data-element_type=\"widget\" data-settings=\"{&quot;aspect_ratio&quot;:&quot;169&quot;}\" data-widget_type=\"video.default\">\n\t\t\t\t<div class=\"elementor-widget-container\">\n\t\t\t\t\t<div class=\"elementor-wrapper elementor-fit-aspect-ratio elementor-open-inline\">\n\t\t\t<iframe class=\"elementor-video-iframe\" allowfullscreen title=\"youtube Video Player\" src=\"https:\/\/www.youtube.com\/embed\/SWCGGdQAPJ4?feature=oembed&amp;start&amp;end&amp;wmode=opaque&amp;loop=0&amp;controls=1&amp;mute=0&amp;rel=0&amp;modestbranding=0\"><\/iframe>\t\t<\/div>\n\t\t\t\t<\/div>\n\t\t\t\t<\/div>\n\t\t\t\t\t\t<\/div>\n\t\t\t\t\t<\/div>\n\t\t<\/div>\n\t\t\t\t\t\t\t\t<\/div>\n\t\t\t\t\t<\/div>\n\t\t<\/section>\n\t\t\t\t<section class=\"elementor-section elementor-top-section elementor-element elementor-element-59606d4 elementor-section-boxed elementor-section-height-default elementor-section-height-default\" data-id=\"59606d4\" data-element_type=\"section\">\n\t\t\t\t\t\t<div class=\"elementor-container elementor-column-gap-default\">\n\t\t\t\t\t\t\t<div class=\"elementor-row\">\n\t\t\t\t\t<div class=\"elementor-column elementor-col-100 elementor-top-column elementor-element elementor-element-c8b0627\" data-id=\"c8b0627\" data-element_type=\"column\">\n\t\t\t<div class=\"elementor-column-wrap elementor-element-populated\">\n\t\t\t\t\t\t\t<div class=\"elementor-widget-wrap\">\n\t\t\t\t\t\t<div class=\"elementor-element elementor-element-65290ac elementor-widget elementor-widget-text-editor\" data-id=\"65290ac\" data-element_type=\"widget\" data-widget_type=\"text-editor.default\">\n\t\t\t\t<div class=\"elementor-widget-container\">\n\t\t\t\t\t<div class=\"elementor-text-editor elementor-clearfix\"><p>Per ulteriori informazioni e adesioni&nbsp;<br><b style=\"letter-spacing: 1.2px\">jessica.messina@myecole.it<\/b><span style=\"letter-spacing: 1.2px\">&nbsp;<\/span><\/p><\/div>\n\t\t\t\t<\/div>\n\t\t\t\t<\/div>\n\t\t\t\t\t\t<\/div>\n\t\t\t\t\t<\/div>\n\t\t<\/div>\n\t\t\t\t\t\t\t\t<\/div>\n\t\t\t\t\t<\/div>\n\t\t<\/section>\n\t\t\t\t<section class=\"elementor-section elementor-top-section elementor-element elementor-element-0b8ee05 elementor-section-boxed elementor-section-height-default elementor-section-height-default\" data-id=\"0b8ee05\" data-element_type=\"section\">\n\t\t\t\t\t\t<div class=\"elementor-container elementor-column-gap-default\">\n\t\t\t\t\t\t\t<div class=\"elementor-row\">\n\t\t\t\t\t<div class=\"elementor-column elementor-col-100 elementor-top-column elementor-element elementor-element-0e5fc76\" data-id=\"0e5fc76\" data-element_type=\"column\">\n\t\t\t<div class=\"elementor-column-wrap elementor-element-populated\">\n\t\t\t\t\t\t\t<div class=\"elementor-widget-wrap\">\n\t\t\t\t\t\t<div class=\"elementor-element elementor-element-101a1bb elementor-widget elementor-widget-spacer\" data-id=\"101a1bb\" data-element_type=\"widget\" data-widget_type=\"spacer.default\">\n\t\t\t\t<div class=\"elementor-widget-container\">\n\t\t\t\t\t<div class=\"elementor-spacer\">\n\t\t\t<div class=\"elementor-spacer-inner\"><\/div>\n\t\t<\/div>\n\t\t\t\t<\/div>\n\t\t\t\t<\/div>\n\t\t\t\t<div class=\"elementor-element elementor-element-8005ac7 elementor-widget elementor-widget-spacer\" data-id=\"8005ac7\" data-element_type=\"widget\" data-widget_type=\"spacer.default\">\n\t\t\t\t<div class=\"elementor-widget-container\">\n\t\t\t\t\t<div class=\"elementor-spacer\">\n\t\t\t<div class=\"elementor-spacer-inner\"><\/div>\n\t\t<\/div>\n\t\t\t\t<\/div>\n\t\t\t\t<\/div>\n\t\t\t\t\t\t<\/div>\n\t\t\t\t\t<\/div>\n\t\t<\/div>\n\t\t\t\t\t\t\t\t<\/div>\n\t\t\t\t\t<\/div>\n\t\t<\/section>\n\t\t\t\t<section class=\"elementor-section elementor-top-section elementor-element elementor-element-27c8943 elementor-section-boxed elementor-section-height-default elementor-section-height-default\" data-id=\"27c8943\" data-element_type=\"section\">\n\t\t\t\t\t\t<div class=\"elementor-container elementor-column-gap-default\">\n\t\t\t\t\t\t\t<div class=\"elementor-row\">\n\t\t\t\t\t<div class=\"elementor-column elementor-col-50 elementor-top-column elementor-element elementor-element-46e934a\" data-id=\"46e934a\" data-element_type=\"column\">\n\t\t\t<div class=\"elementor-column-wrap elementor-element-populated\">\n\t\t\t\t\t\t\t<div class=\"elementor-widget-wrap\">\n\t\t\t\t\t\t<div class=\"elementor-element elementor-element-ba80c1e elementor-widget elementor-widget-image\" data-id=\"ba80c1e\" data-element_type=\"widget\" data-widget_type=\"image.default\">\n\t\t\t\t<div class=\"elementor-widget-container\">\n\t\t\t\t\t<div class=\"elementor-image\">\n\t\t\t\t\t\t\t\t\t\t<img loading=\"lazy\" decoding=\"async\" width=\"400\" height=\"119\" src=\"https:\/\/www.myecole.it\/ooc\/wp-content\/uploads\/2018\/04\/ecole1.png\" class=\"attachment-large size-large\" alt=\"\" srcset=\"https:\/\/www.myecole.it\/ooc\/wp-content\/uploads\/2018\/04\/ecole1.png 400w, https:\/\/www.myecole.it\/ooc\/wp-content\/uploads\/2018\/04\/ecole1-300x89.png 300w\" sizes=\"(max-width: 400px) 100vw, 400px\" \/>\t\t\t\t\t\t\t\t\t\t\t<\/div>\n\t\t\t\t<\/div>\n\t\t\t\t<\/div>\n\t\t\t\t\t\t<\/div>\n\t\t\t\t\t<\/div>\n\t\t<\/div>\n\t\t\t\t<div class=\"elementor-column elementor-col-50 elementor-top-column elementor-element elementor-element-09d592d\" data-id=\"09d592d\" data-element_type=\"column\">\n\t\t\t<div class=\"elementor-column-wrap elementor-element-populated\">\n\t\t\t\t\t\t\t<div class=\"elementor-widget-wrap\">\n\t\t\t\t\t\t<div class=\"elementor-element elementor-element-f9f79c0 elementor-widget elementor-widget-image\" data-id=\"f9f79c0\" data-element_type=\"widget\" data-widget_type=\"image.default\">\n\t\t\t\t<div class=\"elementor-widget-container\">\n\t\t\t\t\t<div class=\"elementor-image\">\n\t\t\t\t\t\t\t\t\t\t<img loading=\"lazy\" decoding=\"async\" width=\"1280\" height=\"365\" src=\"https:\/\/www.myecole.it\/ooc\/wp-content\/uploads\/2022\/04\/logo_interreg-1280x365.png\" class=\"attachment-large size-large\" alt=\"\" srcset=\"https:\/\/www.myecole.it\/ooc\/wp-content\/uploads\/2022\/04\/logo_interreg-1280x365.png 1280w, https:\/\/www.myecole.it\/ooc\/wp-content\/uploads\/2022\/04\/logo_interreg-300x86.png 300w, https:\/\/www.myecole.it\/ooc\/wp-content\/uploads\/2022\/04\/logo_interreg-768x219.png 768w, https:\/\/www.myecole.it\/ooc\/wp-content\/uploads\/2022\/04\/logo_interreg-1536x438.png 1536w, https:\/\/www.myecole.it\/ooc\/wp-content\/uploads\/2022\/04\/logo_interreg-340x97.png 340w, https:\/\/www.myecole.it\/ooc\/wp-content\/uploads\/2022\/04\/logo_interreg.png 2000w\" sizes=\"(max-width: 1280px) 100vw, 1280px\" \/>\t\t\t\t\t\t\t\t\t\t\t<\/div>\n\t\t\t\t<\/div>\n\t\t\t\t<\/div>\n\t\t\t\t\t\t<\/div>\n\t\t\t\t\t<\/div>\n\t\t<\/div>\n\t\t\t\t\t\t\t\t<\/div>\n\t\t\t\t\t<\/div>\n\t\t<\/section>\n\t\t\t\t\t\t<\/div>\n\t\t\t\t\t\t<\/div>\n\t\t\t\t\t<\/div>\n\t\t","protected":false},"excerpt":{"rendered":"<p>SOSTENIBILIT\u00c0 e INNOVAZIONE per la crescita delle PMI R.I.S.I.CO, proseguono le attivit\u00e0 del progetto europeo Proseguono le attivit\u00e0 del progetto R.I.S.I.CO &#8211; Rete Integrata di Servizi per l\u2019Innovazione e la Competitivit\u00e0 &#8211; finanziato dal Programma di cooperazione Interreg V-A Italia-Svizzera 2014-2020, con un&#8217;interessante opportunit\u00e0 per le Piccole Medie Imprese del comasco attraverso un percorso di.<\/p>\n","protected":false},"author":1,"featured_media":0,"parent":3526,"menu_order":0,"comment_status":"closed","ping_status":"closed","template":"","meta":{"footnotes":""},"_links":{"self":[{"href":"https:\/\/www.myecole.it\/ooc\/wp-json\/wp\/v2\/pages\/16425"}],"collection":[{"href":"https:\/\/www.myecole.it\/ooc\/wp-json\/wp\/v2\/pages"}],"about":[{"href":"https:\/\/www.myecole.it\/ooc\/wp-json\/wp\/v2\/types\/page"}],"author":[{"embeddable":true,"href":"https:\/\/www.myecole.it\/ooc\/wp-json\/wp\/v2\/users\/1"}],"replies":[{"embeddable":true,"href":"https:\/\/www.myecole.it\/ooc\/wp-json\/wp\/v2\/comments?post=16425"}],"version-history":[{"count":0,"href":"https:\/\/www.myecole.it\/ooc\/wp-json\/wp\/v2\/pages\/16425\/revisions"}],"up":[{"embeddable":true,"href":"https:\/\/www.myecole.it\/ooc\/wp-json\/wp\/v2\/pages\/3526"}],"wp:attachment":[{"href":"https:\/\/www.myecole.it\/ooc\/wp-json\/wp\/v2\/media?parent=16425"}],"curies":[{"name":"wp","href":"https:\/\/api.w.org\/{rel}","templated":true}]}}