{"id":17469,"date":"2022-09-07T15:06:48","date_gmt":"2022-09-07T13:06:48","guid":{"rendered":"https:\/\/www.myecole.it\/ooc\/?page_id=17469"},"modified":"2022-09-07T15:47:54","modified_gmt":"2022-09-07T13:47:54","slug":"dalla-l-r-22-21-alle-prospettive-future","status":"publish","type":"page","link":"https:\/\/www.myecole.it\/ooc\/area-sanita\/tecnico-amministrativa\/dalla-l-r-22-21-alle-prospettive-future\/","title":{"rendered":"Dalla L.R. 22\/21 alle prospettive future"},"content":{"rendered":"\t\t<div data-elementor-type=\"wp-page\" data-elementor-id=\"17469\" class=\"elementor elementor-17469\" data-elementor-settings=\"[]\">\n\t\t\t\t\t\t<div class=\"elementor-inner\">\n\t\t\t\t\t\t\t<div class=\"elementor-section-wrap\">\n\t\t\t\t\t\t\t<section class=\"elementor-section elementor-top-section elementor-element elementor-element-1759593 elementor-section-boxed elementor-section-height-default elementor-section-height-default\" data-id=\"1759593\" data-element_type=\"section\">\n\t\t\t\t\t\t<div class=\"elementor-container elementor-column-gap-default\">\n\t\t\t\t\t\t\t<div class=\"elementor-row\">\n\t\t\t\t\t<div class=\"elementor-column elementor-col-100 elementor-top-column elementor-element elementor-element-982849c\" data-id=\"982849c\" data-element_type=\"column\">\n\t\t\t<div class=\"elementor-column-wrap elementor-element-populated\">\n\t\t\t\t\t\t\t<div class=\"elementor-widget-wrap\">\n\t\t\t\t\t\t<div class=\"elementor-element elementor-element-d9532d9 elementor-widget elementor-widget-shortcode\" data-id=\"d9532d9\" data-element_type=\"widget\" data-widget_type=\"shortcode.default\">\n\t\t\t\t<div class=\"elementor-widget-container\">\n\t\t\t\t\t<div class=\"elementor-shortcode\"><br \/>Widget not in any sidebars<br \/><\/div>\n\t\t\t\t<\/div>\n\t\t\t\t<\/div>\n\t\t\t\t\t\t<\/div>\n\t\t\t\t\t<\/div>\n\t\t<\/div>\n\t\t\t\t\t\t\t\t<\/div>\n\t\t\t\t\t<\/div>\n\t\t<\/section>\n\t\t\t\t<section class=\"elementor-section elementor-top-section elementor-element elementor-element-f605f6a elementor-section-boxed elementor-section-height-default elementor-section-height-default\" data-id=\"f605f6a\" data-element_type=\"section\">\n\t\t\t\t\t\t<div class=\"elementor-container elementor-column-gap-default\">\n\t\t\t\t\t\t\t<div class=\"elementor-row\">\n\t\t\t\t\t<div class=\"elementor-column elementor-col-100 elementor-top-column elementor-element elementor-element-f9c6b54\" data-id=\"f9c6b54\" data-element_type=\"column\">\n\t\t\t<div class=\"elementor-column-wrap elementor-element-populated\">\n\t\t\t\t\t\t\t<div class=\"elementor-widget-wrap\">\n\t\t\t\t\t\t<div class=\"elementor-element elementor-element-9435ea9 elementor-widget elementor-widget-lae-heading\" data-id=\"9435ea9\" data-element_type=\"widget\" data-widget_type=\"lae-heading.default\">\n\t\t\t\t<div class=\"elementor-widget-container\">\n\t\t\t\n   <!--       -->\n\n        <div class=\"lae-heading lae-style2 lae-alignleft\" >\n\n            \n                <div class=\"lae-subtitle\">percorsi formativi - AREA TECNICO-AMMINISTRATIVA<\/div>\n\n            \n            <h1 class=\"lae-title\">Dalla L.R. 22\/21 alle prospettive future<\/h1>\n\n            \n        <\/div>\n\n        \t\t<\/div>\n\t\t\t\t<\/div>\n\t\t\t\t\t\t<\/div>\n\t\t\t\t\t<\/div>\n\t\t<\/div>\n\t\t\t\t\t\t\t\t<\/div>\n\t\t\t\t\t<\/div>\n\t\t<\/section>\n\t\t\t\t<section class=\"elementor-section elementor-top-section elementor-element elementor-element-d7c6d8a elementor-section-boxed elementor-section-height-default elementor-section-height-default\" data-id=\"d7c6d8a\" data-element_type=\"section\">\n\t\t\t\t\t\t<div class=\"elementor-container elementor-column-gap-default\">\n\t\t\t\t\t\t\t<div class=\"elementor-row\">\n\t\t\t\t\t<div class=\"elementor-column elementor-col-100 elementor-top-column elementor-element elementor-element-d5550ab\" data-id=\"d5550ab\" data-element_type=\"column\">\n\t\t\t<div class=\"elementor-column-wrap elementor-element-populated\">\n\t\t\t\t\t\t\t<div class=\"elementor-widget-wrap\">\n\t\t\t\t\t\t<div class=\"elementor-element elementor-element-c74eeda elementor-widget elementor-widget-text-editor\" data-id=\"c74eeda\" data-element_type=\"widget\" data-widget_type=\"text-editor.default\">\n\t\t\t\t<div class=\"elementor-widget-container\">\n\t\t\t\t\t<div class=\"elementor-text-editor elementor-clearfix\"><p>La nuova legge regionale \u00e8 animata da due intenti:<\/p>\n<ul>\n<li>\n<p>Concludere la sperimentazione quinquennale richiesta dal Ministero della salute all\u2019approvazione della L.R.23\/2015 e adeguare la norma con le indicazioni derivanti dall\u2019analisi elaborata dal Ministero con il supporto di AGENAS;<\/p>\n<\/li>\n<li>\n<p>Recepire nel proprio sistema dei servizi le indicazioni contenute nel PNRR, soprattutto inserendo le nuove unit\u00e0 di offerta in esso previste e cio\u00e8 le Case della salute, gli Ospedali di Comunit\u00e0 e le Centrali operative territoriali. Nella legge sono prevalentemente definite nominativamente e si rimanda agli atti programmatori le indicazioni operative e gestionali delle stesse.<\/p>\n<\/li>\n<\/ul><\/div>\n\t\t\t\t<\/div>\n\t\t\t\t<\/div>\n\t\t\t\t<div class=\"elementor-element elementor-element-b38c312 elementor-widget elementor-widget-toggle\" data-id=\"b38c312\" data-element_type=\"widget\" data-widget_type=\"toggle.default\">\n\t\t\t\t<div class=\"elementor-widget-container\">\n\t\t\t\t\t<div class=\"elementor-toggle\" role=\"tablist\">\n\t\t\t\t\t\t\t<div class=\"elementor-toggle-item\">\n\t\t\t\t\t<div id=\"elementor-tab-title-1881\" class=\"elementor-tab-title\" data-tab=\"1\" role=\"tab\" aria-controls=\"elementor-tab-content-1881\">\n\t\t\t\t\t\t\t\t\t\t\t\t<span class=\"elementor-toggle-icon elementor-toggle-icon-left\" aria-hidden=\"true\">\n\t\t\t\t\t\t\t\t\t\t\t\t\t\t\t<span class=\"elementor-toggle-icon-closed\"><i class=\"fas fa-caret-right\"><\/i><\/span>\n\t\t\t\t\t\t\t\t<span class=\"elementor-toggle-icon-opened\"><i class=\"elementor-toggle-icon-opened fas fa-caret-up\"><\/i><\/span>\n\t\t\t\t\t\t\t\t\t\t\t\t\t<\/span>\n\t\t\t\t\t\t\t\t\t\t\t\t<a href=\"\" class=\"elementor-toggle-title\">OBIETTIVI FORMATIVI<\/a>\n\t\t\t\t\t<\/div>\n\t\t\t\t\t<div id=\"elementor-tab-content-1881\" class=\"elementor-tab-content elementor-clearfix\" data-tab=\"1\" role=\"tabpanel\" aria-labelledby=\"elementor-tab-title-1881\"><p>Il corso nasce dalla necessit\u00e0 di allinearsi alla nuova Riforma Sanitaria della Regione Lombardia, per comprendere i nuovi principi, le procedure e i sistemi per il governo clinico delle attivit\u00e0 sanitarie.<\/p><\/div>\n\t\t\t\t<\/div>\n\t\t\t\t\t\t\t<div class=\"elementor-toggle-item\">\n\t\t\t\t\t<div id=\"elementor-tab-title-1882\" class=\"elementor-tab-title\" data-tab=\"2\" role=\"tab\" aria-controls=\"elementor-tab-content-1882\">\n\t\t\t\t\t\t\t\t\t\t\t\t<span class=\"elementor-toggle-icon elementor-toggle-icon-left\" aria-hidden=\"true\">\n\t\t\t\t\t\t\t\t\t\t\t\t\t\t\t<span class=\"elementor-toggle-icon-closed\"><i class=\"fas fa-caret-right\"><\/i><\/span>\n\t\t\t\t\t\t\t\t<span class=\"elementor-toggle-icon-opened\"><i class=\"elementor-toggle-icon-opened fas fa-caret-up\"><\/i><\/span>\n\t\t\t\t\t\t\t\t\t\t\t\t\t<\/span>\n\t\t\t\t\t\t\t\t\t\t\t\t<a href=\"\" class=\"elementor-toggle-title\">METODOLOGIA FORMATIVA<\/a>\n\t\t\t\t\t<\/div>\n\t\t\t\t\t<div id=\"elementor-tab-content-1882\" class=\"elementor-tab-content elementor-clearfix\" data-tab=\"2\" role=\"tabpanel\" aria-labelledby=\"elementor-tab-title-1882\"><p>Il percorso prevede una docenza frontale, con momenti di interazione e coinvolgimento dei partecipanti, a cura di:\u00a0<\/p>\n<ul>\n<li>\n<p><span class=\"JsGRdQ\"><strong>Lucchina Carlo<\/strong>, gi\u00e0 Direttore Generale Sanit\u00e0, Regione Lombardia<\/span><\/p>\n<\/li>\n<li>\n<p><strong>Macchi Luigi<\/strong>, <span class=\"JsGRdQ\"> Presidente Nucleo di Valutazione Direttori Generali, Regione Lombardia<\/span><\/p>\n<\/li>\n<\/ul><\/div>\n\t\t\t\t<\/div>\n\t\t\t\t\t\t\t<div class=\"elementor-toggle-item\">\n\t\t\t\t\t<div id=\"elementor-tab-title-1883\" class=\"elementor-tab-title\" data-tab=\"3\" role=\"tab\" aria-controls=\"elementor-tab-content-1883\">\n\t\t\t\t\t\t\t\t\t\t\t\t<span class=\"elementor-toggle-icon elementor-toggle-icon-left\" aria-hidden=\"true\">\n\t\t\t\t\t\t\t\t\t\t\t\t\t\t\t<span class=\"elementor-toggle-icon-closed\"><i class=\"fas fa-caret-right\"><\/i><\/span>\n\t\t\t\t\t\t\t\t<span class=\"elementor-toggle-icon-opened\"><i class=\"elementor-toggle-icon-opened fas fa-caret-up\"><\/i><\/span>\n\t\t\t\t\t\t\t\t\t\t\t\t\t<\/span>\n\t\t\t\t\t\t\t\t\t\t\t\t<a href=\"\" class=\"elementor-toggle-title\">PROGRAMMA <\/a>\n\t\t\t\t\t<\/div>\n\t\t\t\t\t<div id=\"elementor-tab-content-1883\" class=\"elementor-tab-content elementor-clearfix\" data-tab=\"3\" role=\"tabpanel\" aria-labelledby=\"elementor-tab-title-1883\"><p><strong>Prima giornata<\/strong><\/p>\n<table style=\"border-collapse: collapse; width: 100%; height: 383px;\">\n<tbody>\n<tr style=\"height: 48px;\">\n<td style=\"width: 17.3231%; height: 48px; text-align: center; vertical-align: middle;\">8.30-9.00<\/td>\n<td style=\"width: 82.6769%; height: 48px; text-align: left; vertical-align: middle;\"><em>Registrazione dei partecipanti<\/em><\/td>\n<\/tr>\n<tr style=\"height: 55px;\">\n<td style=\"width: 17.3231%; height: 23px; text-align: center; vertical-align: middle;\">9.00-10.00<\/td>\n<td style=\"width: 82.6769%; height: 23px; text-align: left; vertical-align: middle;\">\n<p>Criticit\u00e0 emerse nel rapporto Stato\/Regioni, spunti di riflessione e prospettive<\/p>\n<\/td>\n<\/tr>\n<tr style=\"height: 68px;\">\n<td style=\"width: 17.3231%; height: 25px; text-align: center; vertical-align: middle;\">10.00-11.00<\/td>\n<td style=\"width: 82.6769%; height: 25px; text-align: left; vertical-align: middle;\">Il Patto per la Salute 2019-2021 dopo l\u2019emergenza COVID<\/td>\n<\/tr>\n<tr style=\"height: 85px;\">\n<td style=\"width: 17.3231%; height: 45px; text-align: center; vertical-align: middle;\">11.00-13.00<\/td>\n<td style=\"width: 82.6769%; height: 45px; text-align: left; vertical-align: middle;\">\n<p>I sistemi di valutazione dell\u2019assistenza ospedaliera: la pandemia come punto di rottura<\/p>\n<div>*Il Programma Nazionale Esiti nell\u2019assistenza ospedaliera e nell\u2019assistenza territoriale, 2021<\/div>\n<div>*Nuovi Indicatori<\/div>\n<div>*Network delle Regioni<\/div>\n<div>*Programma Integrato del Miglioramento dell\u2019Organizzazione (PIMO)<\/div>\n<\/td>\n<\/tr>\n<tr style=\"height: 78px;\">\n<td style=\"width: 17.3231%; height: 25px; text-align: center; vertical-align: middle;\">13.00-14.00<\/td>\n<td style=\"width: 82.6769%; height: 25px; text-align: left; vertical-align: middle;\"><em>Pausa pranzo<\/em><\/td>\n<\/tr>\n<tr style=\"height: 48px;\">\n<td style=\"width: 17.3231%; height: 17px; text-align: center; vertical-align: middle;\">14.00-15.00<\/td>\n<td style=\"width: 82.6769%; height: 17px; text-align: left; vertical-align: middle;\">\n<p>Dal DM 2 aprile 2015 alle bozze del nuovo DM71 \u2013 Standard qualitativi, strutturali, tecnologici e quantitativi relativi all\u2019assistenza sanitaria<\/p>\n<\/td>\n<\/tr>\n<tr style=\"height: 22px;\">\n<td style=\"width: 17.3231%; height: 10px; text-align: center; vertical-align: middle;\">15.00-16.00<\/td>\n<td style=\"width: 82.6769%; height: 10px; text-align: left; vertical-align: middle;\">\n<p>Il potenziamento e adeguamento strutturale di alcune attivit\u00e0 di ricovero per il prossimo futuro, volte a far fronte ad eventuali nuove e diverse emergenze sanitarie<\/p>\n<\/td>\n<\/tr>\n<tr style=\"height: 104px;\">\n<td style=\"width: 17.3231%; text-align: center; vertical-align: middle; height: 104px;\">16.00-17.00<\/td>\n<td style=\"width: 82.6769%; text-align: left; vertical-align: middle; height: 104px;\">\n<p>Il Piano Nazionale di Ripresa e Resilienza (PNRR)<\/p>\n<div>*La Missione 6 \u201cSalute\u201d<\/div>\n<div>*Componenti e risorse (M6-C1, M6-C2)<\/div>\n<\/td>\n<\/tr>\n<tr style=\"height: 86px;\">\n<td style=\"width: 17.3231%; text-align: center; vertical-align: middle; height: 86px;\">17.00-18.00<\/td>\n<td style=\"width: 82.6769%; text-align: left; vertical-align: middle; height: 86px;\">\n<p>Il documento Agenas sul sistema sociosanitario lombardo<\/p>\n<p>*Le osservazioni dei relatori al documento Agenas<\/p>\n<\/td>\n<\/tr>\n<\/tbody>\n<\/table>\n<p><strong>Seconda giornata<\/strong><\/p>\n<table style=\"border-collapse: collapse; width: 100%; height: 166px;\">\n<tbody>\n<tr style=\"height: 48px;\">\n<td style=\"width: 17.4618%; height: 48px; text-align: center; vertical-align: middle;\">8.30-9.00<\/td>\n<td style=\"width: 82.5382%; height: 48px; text-align: left; vertical-align: middle;\"><em>Registrazione dei partecipanti<\/em><\/td>\n<\/tr>\n<tr style=\"height: 55px;\">\n<td style=\"width: 17.4618%; height: 10px; text-align: center; vertical-align: middle;\">9.00-11.00<\/td>\n<td style=\"width: 82.5382%; height: 10px; text-align: left; vertical-align: middle;\">\n<p>Per non perdere il segno: La DGR 31 luglio 2019. \u201cPrime indicazioni per l\u2019avvio del percorso di riordino e di riclassificazione dei PreSST, dei POT e delle Degenze di Comunit\u00e0 a gestione infermieristica\u201d<\/p>\n<\/td>\n<\/tr>\n<tr style=\"height: 68px;\">\n<td style=\"width: 17.4618%; height: 10px; text-align: center; vertical-align: middle;\">11.00-12.00<\/td>\n<td style=\"width: 82.5382%; height: 10px; text-align: left; vertical-align: middle;\">L\u2019infermiere di Famiglia e Comunit\u00e0<\/td>\n<\/tr>\n<tr style=\"height: 78px;\">\n<td style=\"width: 17.4618%; height: 50px; text-align: center; vertical-align: middle;\">12.00-13.00<\/td>\n<td style=\"width: 82.5382%; height: 50px; text-align: left; vertical-align: middle;\">Le cure intermedie (Post acuti), l\u2019esperienza dei subacuti<\/td>\n<\/tr>\n<tr style=\"height: 24px;\">\n<td style=\"width: 17.4618%; text-align: center; vertical-align: middle; height: 24px;\">13.00-14.00<\/td>\n<td style=\"width: 82.5382%; text-align: left; vertical-align: middle; height: 24px;\"><em>Pausa pranzo<\/em><\/td>\n<\/tr>\n<tr style=\"height: 24px;\">\n<td style=\"width: 17.4618%; text-align: center; vertical-align: middle; height: 24px;\">14.00-18.00<\/td>\n<td style=\"width: 82.5382%; text-align: left; vertical-align: middle; height: 24px;\">\n<div>La legge regionale 14 dicembre 2021 n.\u00b022<br \/>*I Principi cardini della LR22\/21, tra cui l\u2019approccio \u201cOne Health\u201d e il \u201cRapporto Pubblico e Privato\u201d<br \/>*Il nuovo assetto organizzativo del Sistema sociosanitario lombardo<br \/>*Il percorso di cura<\/div>\n<div>*Il distretto<br \/>*La MMG e PLS<br \/>*Le case di Comunit\u00e0<br \/>*Gli ospedali di Comunit\u00e0<br \/>*Le Centrali Operative territoriali<br \/>*La telemedicina<br \/>*La digitalizzazione<br \/>*Il Centro per la Prevenzione ed il controllo delle malattie Infettive<br \/>*Le risorse<\/div>\n<\/td>\n<\/tr>\n<\/tbody>\n<\/table><\/div>\n\t\t\t\t<\/div>\n\t\t\t\t\t\t\t<div class=\"elementor-toggle-item\">\n\t\t\t\t\t<div id=\"elementor-tab-title-1884\" class=\"elementor-tab-title\" data-tab=\"4\" role=\"tab\" aria-controls=\"elementor-tab-content-1884\">\n\t\t\t\t\t\t\t\t\t\t\t\t<span class=\"elementor-toggle-icon elementor-toggle-icon-left\" aria-hidden=\"true\">\n\t\t\t\t\t\t\t\t\t\t\t\t\t\t\t<span class=\"elementor-toggle-icon-closed\"><i class=\"fas fa-caret-right\"><\/i><\/span>\n\t\t\t\t\t\t\t\t<span class=\"elementor-toggle-icon-opened\"><i class=\"elementor-toggle-icon-opened fas fa-caret-up\"><\/i><\/span>\n\t\t\t\t\t\t\t\t\t\t\t\t\t<\/span>\n\t\t\t\t\t\t\t\t\t\t\t\t<a href=\"\" class=\"elementor-toggle-title\">DURATA<\/a>\n\t\t\t\t\t<\/div>\n\t\t\t\t\t<div id=\"elementor-tab-content-1884\" class=\"elementor-tab-content elementor-clearfix\" data-tab=\"4\" role=\"tabpanel\" aria-labelledby=\"elementor-tab-title-1884\"><p>2 giornate formative\u00a0<\/p><\/div>\n\t\t\t\t<\/div>\n\t\t\t\t\t<\/div>\n\t\t\t\t<\/div>\n\t\t\t\t<\/div>\n\t\t\t\t\t\t<\/div>\n\t\t\t\t\t<\/div>\n\t\t<\/div>\n\t\t\t\t\t\t\t\t<\/div>\n\t\t\t\t\t<\/div>\n\t\t<\/section>\n\t\t\t\t\t\t<\/div>\n\t\t\t\t\t\t<\/div>\n\t\t\t\t\t<\/div>\n\t\t","protected":false},"excerpt":{"rendered":"<p>percorsi formativi &#8211; AREA TECNICO-AMMINISTRATIVA Dalla L.R. 22\/21 alle prospettive future La nuova legge regionale \u00e8 animata da due intenti: Concludere la sperimentazione quinquennale richiesta dal Ministero della salute all\u2019approvazione della L.R.23\/2015 e adeguare la norma con le indicazioni derivanti dall\u2019analisi elaborata dal Ministero con il supporto di AGENAS; Recepire nel proprio sistema dei servizi.<\/p>\n","protected":false},"author":13,"featured_media":0,"parent":8704,"menu_order":0,"comment_status":"closed","ping_status":"closed","template":"","meta":{"footnotes":""},"_links":{"self":[{"href":"https:\/\/www.myecole.it\/ooc\/wp-json\/wp\/v2\/pages\/17469"}],"collection":[{"href":"https:\/\/www.myecole.it\/ooc\/wp-json\/wp\/v2\/pages"}],"about":[{"href":"https:\/\/www.myecole.it\/ooc\/wp-json\/wp\/v2\/types\/page"}],"author":[{"embeddable":true,"href":"https:\/\/www.myecole.it\/ooc\/wp-json\/wp\/v2\/users\/13"}],"replies":[{"embeddable":true,"href":"https:\/\/www.myecole.it\/ooc\/wp-json\/wp\/v2\/comments?post=17469"}],"version-history":[{"count":0,"href":"https:\/\/www.myecole.it\/ooc\/wp-json\/wp\/v2\/pages\/17469\/revisions"}],"up":[{"embeddable":true,"href":"https:\/\/www.myecole.it\/ooc\/wp-json\/wp\/v2\/pages\/8704"}],"wp:attachment":[{"href":"https:\/\/www.myecole.it\/ooc\/wp-json\/wp\/v2\/media?parent=17469"}],"curies":[{"name":"wp","href":"https:\/\/api.w.org\/{rel}","templated":true}]}}