{"id":17540,"date":"2022-09-07T15:12:31","date_gmt":"2022-09-07T13:12:31","guid":{"rendered":"https:\/\/www.myecole.it\/ooc\/?page_id=17540"},"modified":"2022-11-11T15:06:46","modified_gmt":"2022-11-11T14:06:46","slug":"la-prevenzione-dellherpes-zoster-in-lombardia-una-sfida-da-vincere-con-linnovazione","status":"publish","type":"page","link":"https:\/\/www.myecole.it\/ooc\/area-sanita\/percorsi-formazione\/e-learningsanita\/la-prevenzione-dellherpes-zoster-in-lombardia-una-sfida-da-vincere-con-linnovazione\/","title":{"rendered":"La prevenzione dell&#8217;Herpes Zoster in Lombardia: una sfida da vincere con l&#8217;innovazione"},"content":{"rendered":"\t\t<div data-elementor-type=\"wp-page\" data-elementor-id=\"17540\" class=\"elementor elementor-17540\" data-elementor-settings=\"[]\">\n\t\t\t\t\t\t<div class=\"elementor-inner\">\n\t\t\t\t\t\t\t<div class=\"elementor-section-wrap\">\n\t\t\t\t\t\t\t<section class=\"elementor-section elementor-top-section elementor-element elementor-element-6fbbb4b elementor-section-boxed elementor-section-height-default elementor-section-height-default\" data-id=\"6fbbb4b\" data-element_type=\"section\">\n\t\t\t\t\t\t<div class=\"elementor-container elementor-column-gap-default\">\n\t\t\t\t\t\t\t<div class=\"elementor-row\">\n\t\t\t\t\t<div class=\"elementor-column elementor-col-100 elementor-top-column elementor-element elementor-element-23d28af\" data-id=\"23d28af\" data-element_type=\"column\">\n\t\t\t<div class=\"elementor-column-wrap elementor-element-populated\">\n\t\t\t\t\t\t\t<div class=\"elementor-widget-wrap\">\n\t\t\t\t\t\t<div class=\"elementor-element elementor-element-899c1f6 elementor-widget elementor-widget-shortcode\" data-id=\"899c1f6\" data-element_type=\"widget\" data-widget_type=\"shortcode.default\">\n\t\t\t\t<div class=\"elementor-widget-container\">\n\t\t\t\t\t<div class=\"elementor-shortcode\"><br \/>Widget not in any sidebars<br \/><\/div>\n\t\t\t\t<\/div>\n\t\t\t\t<\/div>\n\t\t\t\t\t\t<\/div>\n\t\t\t\t\t<\/div>\n\t\t<\/div>\n\t\t\t\t\t\t\t\t<\/div>\n\t\t\t\t\t<\/div>\n\t\t<\/section>\n\t\t\t\t<section class=\"elementor-section elementor-top-section elementor-element elementor-element-5ff5d59 elementor-section-boxed elementor-section-height-default elementor-section-height-default\" data-id=\"5ff5d59\" data-element_type=\"section\">\n\t\t\t\t\t\t<div class=\"elementor-container elementor-column-gap-default\">\n\t\t\t\t\t\t\t<div class=\"elementor-row\">\n\t\t\t\t\t<div class=\"elementor-column elementor-col-100 elementor-top-column elementor-element elementor-element-3f70a7d\" data-id=\"3f70a7d\" data-element_type=\"column\">\n\t\t\t<div class=\"elementor-column-wrap elementor-element-populated\">\n\t\t\t\t\t\t\t<div class=\"elementor-widget-wrap\">\n\t\t\t\t\t\t<div class=\"elementor-element elementor-element-d881e1a elementor-widget elementor-widget-lae-heading\" data-id=\"d881e1a\" data-element_type=\"widget\" data-widget_type=\"lae-heading.default\">\n\t\t\t\t<div class=\"elementor-widget-container\">\n\t\t\t\n   <!--       -->\n\n        <div class=\"lae-heading lae-style2 lae-alignleft\" >\n\n            \n                <div class=\"lae-subtitle\">percorsi formativi - area e-learning<\/div>\n\n            \n            <h1 class=\"lae-title\">La prevenzione dell'Herpes Zoster in Lombardia: una sfida da vincere con l'innovazione<\/h1>\n\n            \n        <\/div>\n\n        \t\t<\/div>\n\t\t\t\t<\/div>\n\t\t\t\t\t\t<\/div>\n\t\t\t\t\t<\/div>\n\t\t<\/div>\n\t\t\t\t\t\t\t\t<\/div>\n\t\t\t\t\t<\/div>\n\t\t<\/section>\n\t\t\t\t<section class=\"elementor-section elementor-top-section elementor-element elementor-element-61cbdf1 elementor-section-boxed elementor-section-height-default elementor-section-height-default\" data-id=\"61cbdf1\" data-element_type=\"section\">\n\t\t\t\t\t\t<div class=\"elementor-container elementor-column-gap-default\">\n\t\t\t\t\t\t\t<div class=\"elementor-row\">\n\t\t\t\t\t<div class=\"elementor-column elementor-col-100 elementor-top-column elementor-element elementor-element-cae752e\" data-id=\"cae752e\" data-element_type=\"column\">\n\t\t\t<div class=\"elementor-column-wrap elementor-element-populated\">\n\t\t\t\t\t\t\t<div class=\"elementor-widget-wrap\">\n\t\t\t\t\t\t<div class=\"elementor-element elementor-element-2d86985 elementor-widget elementor-widget-text-editor\" data-id=\"2d86985\" data-element_type=\"widget\" data-widget_type=\"text-editor.default\">\n\t\t\t\t<div class=\"elementor-widget-container\">\n\t\t\t\t\t<div class=\"elementor-text-editor elementor-clearfix\"><p>L&#8217;Herpes Zoster (HZ), o fuoco di Sant&#8217;Antonio, \u00e8 una malattia virale comune causata dalla riattivazione del virus della varicella; il suo sviluppo \u00e8 correlato alla diminuzione dell&#8217;immunit\u00e0 indotta dall&#8217;infezione primaria che si verifica con l&#8217;aumentare dell&#8217;et\u00e0 o in caso di condizioni d&#8217;immunodepressione.<\/p>\n<p>Si stima che oltre il 95% della popolazione adulta \u00e8 potenzialmente a rischio dell\u2019HZ; nel corso della vita circa 1 individuo su 3 svilupper\u00e0 l&#8217;HZ ed il rischio aumenta ad 1 individuo su 2 nei soggetti di et\u00e0&#8217; superiore e uguale a 85 anni.<\/p>\n<p>Il Ministero della Salute, con una nota del Direttore Generale del 08\/03\/2021, ha comunicato che quest&#8217;anno sar\u00e0 commercializzato in Italia, tramite il canale pubblico, un nuovo vaccino ricombinante adiuvato contro HZ, indicato nelle persone a partire da 50 anni d&#8217;et\u00e0 e negli individui ad aumentato rischio di HZ a partire da 18 anni d&#8217;et\u00e0.<\/p>\n<p>L&#8217;obiettivo della FAD \u00e8, quindi, quello di aggiornare i professionisti sanitari sulla situazione epidemiologica dell&#8217;HZ, cercando di indagare nello specifico le cause ostative ad una diffusa vaccinazione. Si evidenzieranno i benefici del nuovo vaccino e dell\u2019importanza di un lavoro di sensibilizzazione e diffusione di tutta la \u00a0filiera dei servizi sanitari. Verr\u00e0 dato anche spazio alle esperienze di alcuni pazienti, che racconteranno il loro rapporto con la malattia, attraverso un vissuto diretto con le complicazioni che essa ha causato.<\/p>\n<p>Il corso \u00e8 stato promosso con il contributo non condizionante di GlaxoSmithKline S.P.A.<\/p><\/div>\n\t\t\t\t<\/div>\n\t\t\t\t<\/div>\n\t\t\t\t<div class=\"elementor-element elementor-element-aacfd82 elementor-widget elementor-widget-toggle\" data-id=\"aacfd82\" data-element_type=\"widget\" data-widget_type=\"toggle.default\">\n\t\t\t\t<div class=\"elementor-widget-container\">\n\t\t\t\t\t<div class=\"elementor-toggle\" role=\"tablist\">\n\t\t\t\t\t\t\t<div class=\"elementor-toggle-item\">\n\t\t\t\t\t<div id=\"elementor-tab-title-1791\" class=\"elementor-tab-title\" data-tab=\"1\" role=\"tab\" aria-controls=\"elementor-tab-content-1791\">\n\t\t\t\t\t\t\t\t\t\t\t\t<span class=\"elementor-toggle-icon elementor-toggle-icon-left\" aria-hidden=\"true\">\n\t\t\t\t\t\t\t\t\t\t\t\t\t\t\t<span class=\"elementor-toggle-icon-closed\"><i class=\"fas fa-caret-right\"><\/i><\/span>\n\t\t\t\t\t\t\t\t<span class=\"elementor-toggle-icon-opened\"><i class=\"elementor-toggle-icon-opened fas fa-caret-up\"><\/i><\/span>\n\t\t\t\t\t\t\t\t\t\t\t\t\t<\/span>\n\t\t\t\t\t\t\t\t\t\t\t\t<a href=\"\" class=\"elementor-toggle-title\">DESTINATARI<\/a>\n\t\t\t\t\t<\/div>\n\t\t\t\t\t<div id=\"elementor-tab-content-1791\" class=\"elementor-tab-content elementor-clearfix\" data-tab=\"1\" role=\"tabpanel\" aria-labelledby=\"elementor-tab-title-1791\"><p>Tutte le professioni sanitarie<\/p><\/div>\n\t\t\t\t<\/div>\n\t\t\t\t\t\t\t<div class=\"elementor-toggle-item\">\n\t\t\t\t\t<div id=\"elementor-tab-title-1792\" class=\"elementor-tab-title\" data-tab=\"2\" role=\"tab\" aria-controls=\"elementor-tab-content-1792\">\n\t\t\t\t\t\t\t\t\t\t\t\t<span class=\"elementor-toggle-icon elementor-toggle-icon-left\" aria-hidden=\"true\">\n\t\t\t\t\t\t\t\t\t\t\t\t\t\t\t<span class=\"elementor-toggle-icon-closed\"><i class=\"fas fa-caret-right\"><\/i><\/span>\n\t\t\t\t\t\t\t\t<span class=\"elementor-toggle-icon-opened\"><i class=\"elementor-toggle-icon-opened fas fa-caret-up\"><\/i><\/span>\n\t\t\t\t\t\t\t\t\t\t\t\t\t<\/span>\n\t\t\t\t\t\t\t\t\t\t\t\t<a href=\"\" class=\"elementor-toggle-title\">CONTENUTI FORMATIVI<\/a>\n\t\t\t\t\t<\/div>\n\t\t\t\t\t<div id=\"elementor-tab-content-1792\" class=\"elementor-tab-content elementor-clearfix\" data-tab=\"2\" role=\"tabpanel\" aria-labelledby=\"elementor-tab-title-1792\"><ul>\n<li>\n<p>Le esperienze delle Associazioni dei pazienti<\/p>\n<\/li>\n<li>\n<p>La patologia dell&#8217;HZ e la situazione epidemiologica<\/p>\n<\/li>\n<li>\n<p>Le attuali azioni di prevenzione e l&#8217;innovazione vaccinale<\/p>\n<\/li>\n<li>\n<p>L&#8217;importanza della filera della presa in carico: dall&#8217;ospedale al territorio<\/p>\n<\/li>\n<\/ul><\/div>\n\t\t\t\t<\/div>\n\t\t\t\t\t\t\t<div class=\"elementor-toggle-item\">\n\t\t\t\t\t<div id=\"elementor-tab-title-1793\" class=\"elementor-tab-title\" data-tab=\"3\" role=\"tab\" aria-controls=\"elementor-tab-content-1793\">\n\t\t\t\t\t\t\t\t\t\t\t\t<span class=\"elementor-toggle-icon elementor-toggle-icon-left\" aria-hidden=\"true\">\n\t\t\t\t\t\t\t\t\t\t\t\t\t\t\t<span class=\"elementor-toggle-icon-closed\"><i class=\"fas fa-caret-right\"><\/i><\/span>\n\t\t\t\t\t\t\t\t<span class=\"elementor-toggle-icon-opened\"><i class=\"elementor-toggle-icon-opened fas fa-caret-up\"><\/i><\/span>\n\t\t\t\t\t\t\t\t\t\t\t\t\t<\/span>\n\t\t\t\t\t\t\t\t\t\t\t\t<a href=\"\" class=\"elementor-toggle-title\">FACULTY<\/a>\n\t\t\t\t\t<\/div>\n\t\t\t\t\t<div id=\"elementor-tab-content-1793\" class=\"elementor-tab-content elementor-clearfix\" data-tab=\"3\" role=\"tabpanel\" aria-labelledby=\"elementor-tab-title-1793\"><ul>\n<li>S. Castaldi &#8211; Direttore della Scuola di Specializzazione in Igiene e Medicina Preventiva, Universit\u00e0 degli Studi di Milano<\/li>\n<li>A. Chiesa &#8211; Segretario dell\u2019Associazione Diabetici Provincia di Milano<\/li>\n<li>G. Coppolino &#8211; Presidente dell\u2019Associazione Italiana Amici Onlus<\/li>\n<li>A. Gori &#8211; Professore Ordinario, Dipartimento di Fisiopatologia Medico-Chirurgica dei Trapianti, Universit\u00e0 degli Studi di Milano<\/li>\n<li>M. G. Manfredi &#8211; Medico di Medicina Generale, SNAMI<\/li>\n<li>P. Pedrini &#8211; Medico di Medicina Generale, referente FIMMG<\/li>\n<li>A. Piro &#8211; Direttore Struttura Complessa, ATS Val Padana<\/li>\n<li>G. Rizzardini &#8211; Direttore Dipartimento Malattie Infettive, ASST Fatebenefratelli Sacco, Milano<\/li>\n<li>S. Valsecchi &#8211; Referente Area Sondrio di ALOMAR ONLUS Associazione Lombarda Malati Reumatici<\/li>\n<li>L. Vezzosi &#8211; Dirigente Medico UOS Prevenzione Malattie Infettive, ATS Val Padana<\/li>\n<\/ul><\/div>\n\t\t\t\t<\/div>\n\t\t\t\t\t\t\t<div class=\"elementor-toggle-item\">\n\t\t\t\t\t<div id=\"elementor-tab-title-1794\" class=\"elementor-tab-title\" data-tab=\"4\" role=\"tab\" aria-controls=\"elementor-tab-content-1794\">\n\t\t\t\t\t\t\t\t\t\t\t\t<span class=\"elementor-toggle-icon elementor-toggle-icon-left\" aria-hidden=\"true\">\n\t\t\t\t\t\t\t\t\t\t\t\t\t\t\t<span class=\"elementor-toggle-icon-closed\"><i class=\"fas fa-caret-right\"><\/i><\/span>\n\t\t\t\t\t\t\t\t<span class=\"elementor-toggle-icon-opened\"><i class=\"elementor-toggle-icon-opened fas fa-caret-up\"><\/i><\/span>\n\t\t\t\t\t\t\t\t\t\t\t\t\t<\/span>\n\t\t\t\t\t\t\t\t\t\t\t\t<a href=\"\" class=\"elementor-toggle-title\">DURATA<\/a>\n\t\t\t\t\t<\/div>\n\t\t\t\t\t<div id=\"elementor-tab-content-1794\" class=\"elementor-tab-content elementor-clearfix\" data-tab=\"4\" role=\"tabpanel\" aria-labelledby=\"elementor-tab-title-1794\"><p>1 ora e mezza<\/p><\/div>\n\t\t\t\t<\/div>\n\t\t\t\t\t<\/div>\n\t\t\t\t<\/div>\n\t\t\t\t<\/div>\n\t\t\t\t<div class=\"elementor-element elementor-element-8ad9593 elementor-widget elementor-widget-text-editor\" data-id=\"8ad9593\" data-element_type=\"widget\" data-widget_type=\"text-editor.default\">\n\t\t\t\t<div class=\"elementor-widget-container\">\n\t\t\t\t\t<div class=\"elementor-text-editor elementor-clearfix\"><p><em>Per iscriverti al corso e-learning clicca <a href=\"https:\/\/docs.google.com\/forms\/d\/e\/1FAIpQLSf8bBfMEVCduyq18kNNVP-_T7gVA-x4DGtE0rCb9pTvxOXwDg\/viewform\" target=\"_blank\" rel=\"noopener\">qui<\/a><\/em><\/p><\/div>\n\t\t\t\t<\/div>\n\t\t\t\t<\/div>\n\t\t\t\t\t\t<\/div>\n\t\t\t\t\t<\/div>\n\t\t<\/div>\n\t\t\t\t\t\t\t\t<\/div>\n\t\t\t\t\t<\/div>\n\t\t<\/section>\n\t\t\t\t\t\t<\/div>\n\t\t\t\t\t\t<\/div>\n\t\t\t\t\t<\/div>\n\t\t","protected":false},"excerpt":{"rendered":"<p>percorsi formativi &#8211; area e-learning La prevenzione dell&#8217;Herpes Zoster in Lombardia: una sfida da vincere con l&#8217;innovazione L&#8217;Herpes Zoster (HZ), o fuoco di Sant&#8217;Antonio, \u00e8 una malattia virale comune causata dalla riattivazione del virus della varicella; il suo sviluppo \u00e8 correlato alla diminuzione dell&#8217;immunit\u00e0 indotta dall&#8217;infezione primaria che si verifica con l&#8217;aumentare dell&#8217;et\u00e0 o in.<\/p>\n","protected":false},"author":12,"featured_media":0,"parent":9193,"menu_order":0,"comment_status":"closed","ping_status":"closed","template":"","meta":{"footnotes":""},"_links":{"self":[{"href":"https:\/\/www.myecole.it\/ooc\/wp-json\/wp\/v2\/pages\/17540"}],"collection":[{"href":"https:\/\/www.myecole.it\/ooc\/wp-json\/wp\/v2\/pages"}],"about":[{"href":"https:\/\/www.myecole.it\/ooc\/wp-json\/wp\/v2\/types\/page"}],"author":[{"embeddable":true,"href":"https:\/\/www.myecole.it\/ooc\/wp-json\/wp\/v2\/users\/12"}],"replies":[{"embeddable":true,"href":"https:\/\/www.myecole.it\/ooc\/wp-json\/wp\/v2\/comments?post=17540"}],"version-history":[{"count":0,"href":"https:\/\/www.myecole.it\/ooc\/wp-json\/wp\/v2\/pages\/17540\/revisions"}],"up":[{"embeddable":true,"href":"https:\/\/www.myecole.it\/ooc\/wp-json\/wp\/v2\/pages\/9193"}],"wp:attachment":[{"href":"https:\/\/www.myecole.it\/ooc\/wp-json\/wp\/v2\/media?parent=17540"}],"curies":[{"name":"wp","href":"https:\/\/api.w.org\/{rel}","templated":true}]}}