{"id":17668,"date":"2022-09-08T14:08:52","date_gmt":"2022-09-08T12:08:52","guid":{"rendered":"https:\/\/www.myecole.it\/ooc\/?page_id=17668"},"modified":"2022-09-08T14:53:55","modified_gmt":"2022-09-08T12:53:55","slug":"il-ruolo-dei-rspp-aspp-in-sanita-ai-tempi-del-covid-19","status":"publish","type":"page","link":"https:\/\/www.myecole.it\/ooc\/area-sanita\/percorsi-formazione\/e-learningsanita\/il-ruolo-dei-rspp-aspp-in-sanita-ai-tempi-del-covid-19\/","title":{"rendered":"Il ruolo dei RSPP\/ASPP In Sanit\u00e0 ai tempi del Covid-19"},"content":{"rendered":"\t\t<div data-elementor-type=\"wp-page\" data-elementor-id=\"17668\" class=\"elementor elementor-17668\" data-elementor-settings=\"[]\">\n\t\t\t\t\t\t<div class=\"elementor-inner\">\n\t\t\t\t\t\t\t<div class=\"elementor-section-wrap\">\n\t\t\t\t\t\t\t<section class=\"elementor-section elementor-top-section elementor-element elementor-element-e7e6942 elementor-section-boxed elementor-section-height-default elementor-section-height-default\" data-id=\"e7e6942\" data-element_type=\"section\">\n\t\t\t\t\t\t<div class=\"elementor-container elementor-column-gap-default\">\n\t\t\t\t\t\t\t<div class=\"elementor-row\">\n\t\t\t\t\t<div class=\"elementor-column elementor-col-100 elementor-top-column elementor-element elementor-element-4dd3435\" data-id=\"4dd3435\" data-element_type=\"column\">\n\t\t\t<div class=\"elementor-column-wrap elementor-element-populated\">\n\t\t\t\t\t\t\t<div class=\"elementor-widget-wrap\">\n\t\t\t\t\t\t<div class=\"elementor-element elementor-element-0ff256f elementor-widget elementor-widget-shortcode\" data-id=\"0ff256f\" data-element_type=\"widget\" data-widget_type=\"shortcode.default\">\n\t\t\t\t<div class=\"elementor-widget-container\">\n\t\t\t\t\t<div class=\"elementor-shortcode\"><br \/>Widget not in any sidebars<br \/><\/div>\n\t\t\t\t<\/div>\n\t\t\t\t<\/div>\n\t\t\t\t\t\t<\/div>\n\t\t\t\t\t<\/div>\n\t\t<\/div>\n\t\t\t\t\t\t\t\t<\/div>\n\t\t\t\t\t<\/div>\n\t\t<\/section>\n\t\t\t\t<section class=\"elementor-section elementor-top-section elementor-element elementor-element-2ede12f elementor-section-boxed elementor-section-height-default elementor-section-height-default\" data-id=\"2ede12f\" data-element_type=\"section\">\n\t\t\t\t\t\t<div class=\"elementor-container elementor-column-gap-default\">\n\t\t\t\t\t\t\t<div class=\"elementor-row\">\n\t\t\t\t\t<div class=\"elementor-column elementor-col-100 elementor-top-column elementor-element elementor-element-b8b7715\" data-id=\"b8b7715\" data-element_type=\"column\">\n\t\t\t<div class=\"elementor-column-wrap elementor-element-populated\">\n\t\t\t\t\t\t\t<div class=\"elementor-widget-wrap\">\n\t\t\t\t\t\t<div class=\"elementor-element elementor-element-50ede29 elementor-widget elementor-widget-lae-heading\" data-id=\"50ede29\" data-element_type=\"widget\" data-widget_type=\"lae-heading.default\">\n\t\t\t\t<div class=\"elementor-widget-container\">\n\t\t\t\n   <!--       -->\n\n        <div class=\"lae-heading lae-style2 lae-alignleft\" >\n\n            \n                <div class=\"lae-subtitle\">percorsi formativi - area e-learning<\/div>\n\n            \n            <h1 class=\"lae-title\">Il ruolo dei RSPP\/ASPP In Sanit\u00e0 ai tempi del Covid-19<\/h1>\n\n            \n        <\/div>\n\n        \t\t<\/div>\n\t\t\t\t<\/div>\n\t\t\t\t\t\t<\/div>\n\t\t\t\t\t<\/div>\n\t\t<\/div>\n\t\t\t\t\t\t\t\t<\/div>\n\t\t\t\t\t<\/div>\n\t\t<\/section>\n\t\t\t\t<section class=\"elementor-section elementor-top-section elementor-element elementor-element-3dfc199 elementor-section-boxed elementor-section-height-default elementor-section-height-default\" data-id=\"3dfc199\" data-element_type=\"section\">\n\t\t\t\t\t\t<div class=\"elementor-container elementor-column-gap-default\">\n\t\t\t\t\t\t\t<div class=\"elementor-row\">\n\t\t\t\t\t<div class=\"elementor-column elementor-col-100 elementor-top-column elementor-element elementor-element-fa7ff12\" data-id=\"fa7ff12\" data-element_type=\"column\">\n\t\t\t<div class=\"elementor-column-wrap elementor-element-populated\">\n\t\t\t\t\t\t\t<div class=\"elementor-widget-wrap\">\n\t\t\t\t\t\t<div class=\"elementor-element elementor-element-fe437ba elementor-widget elementor-widget-text-editor\" data-id=\"fe437ba\" data-element_type=\"widget\" data-widget_type=\"text-editor.default\">\n\t\t\t\t<div class=\"elementor-widget-container\">\n\t\t\t\t\t<div class=\"elementor-text-editor elementor-clearfix\"><p>Il corso \u00e8 stato pensato come un valido strumento di supporto a RSPP\/ASPP che lavorando in ambito sanitario, stanno fronteggiando uno scenario emergenziale del tutto inatteso e dalle possibili conseguenze a carico delle organizzazioni e dei singoli lavoratori di difficile gestione. Durante la pandemia le organizzazioni hanno di fatto dovuto gestire cambiamenti importanti in tempi brevissimi dando atto della propria capacit\u00e0 di resilienza, divenendo di fatto quest\u2019ultima una delle caratteristiche pi\u00f9 importanti da avere e da implementare per un\u2019azienda. Che cosa significhi questo per gli RSPP\/ASPP, e come l\u2019analisi del contesto possa aiutare a sviluppare una resilienza in grado di gestire un cambiamento inatteso, sar\u00e0 il primo argomento di questo corso. Lo stress post-traumatico dovuto all&#8217;emergenza sanitaria \u00e8 un altro tema centrale da affrontare: \u00e8 importante costruire un dialogo diretto con i professionisti, per mettere a fuoco l\u2019esperienza che le persone\/professionisti sanitari stanno vivendo, per potere poi rispondere efficacemente ai bisogni umani ed ai requisiti organizzativi richiesti dalle normative. Infine \u00e8 fondamentale, in base alle recenti leggi nazionali e regionali, essere in grado di valutare come prevenire e gestire gli atti di aggressioni al personale sanitario, poich\u00e9 \u00e8 stato appurato come subire eventi aggressivi da parte dei pazienti\/utenti e accompagnatori &#8211; a maggior ragione in periodi di emergenza sanitaria &#8211; comporti effetti rilevanti sia per il benessere degli operatori (per esempio ansia, depressione, sintomi di stress post-traumatico, riduzioni dell\u2019autostima), sia per la qualit\u00e0 del lavoro (per esempio, aumento di assenteismo e turnover).<\/p><\/div>\n\t\t\t\t<\/div>\n\t\t\t\t<\/div>\n\t\t\t\t<div class=\"elementor-element elementor-element-a715a88 elementor-widget elementor-widget-toggle\" data-id=\"a715a88\" data-element_type=\"widget\" data-widget_type=\"toggle.default\">\n\t\t\t\t<div class=\"elementor-widget-container\">\n\t\t\t\t\t<div class=\"elementor-toggle\" role=\"tablist\">\n\t\t\t\t\t\t\t<div class=\"elementor-toggle-item\">\n\t\t\t\t\t<div id=\"elementor-tab-title-1751\" class=\"elementor-tab-title\" data-tab=\"1\" role=\"tab\" aria-controls=\"elementor-tab-content-1751\">\n\t\t\t\t\t\t\t\t\t\t\t\t<span class=\"elementor-toggle-icon elementor-toggle-icon-left\" aria-hidden=\"true\">\n\t\t\t\t\t\t\t\t\t\t\t\t\t\t\t<span class=\"elementor-toggle-icon-closed\"><i class=\"fas fa-caret-right\"><\/i><\/span>\n\t\t\t\t\t\t\t\t<span class=\"elementor-toggle-icon-opened\"><i class=\"elementor-toggle-icon-opened fas fa-caret-up\"><\/i><\/span>\n\t\t\t\t\t\t\t\t\t\t\t\t\t<\/span>\n\t\t\t\t\t\t\t\t\t\t\t\t<a href=\"\" class=\"elementor-toggle-title\">DESTINATARI<\/a>\n\t\t\t\t\t<\/div>\n\t\t\t\t\t<div id=\"elementor-tab-content-1751\" class=\"elementor-tab-content elementor-clearfix\" data-tab=\"1\" role=\"tabpanel\" aria-labelledby=\"elementor-tab-title-1751\"><p>Tutte le professioni sanitarie<\/p><\/div>\n\t\t\t\t<\/div>\n\t\t\t\t\t\t\t<div class=\"elementor-toggle-item\">\n\t\t\t\t\t<div id=\"elementor-tab-title-1752\" class=\"elementor-tab-title\" data-tab=\"2\" role=\"tab\" aria-controls=\"elementor-tab-content-1752\">\n\t\t\t\t\t\t\t\t\t\t\t\t<span class=\"elementor-toggle-icon elementor-toggle-icon-left\" aria-hidden=\"true\">\n\t\t\t\t\t\t\t\t\t\t\t\t\t\t\t<span class=\"elementor-toggle-icon-closed\"><i class=\"fas fa-caret-right\"><\/i><\/span>\n\t\t\t\t\t\t\t\t<span class=\"elementor-toggle-icon-opened\"><i class=\"elementor-toggle-icon-opened fas fa-caret-up\"><\/i><\/span>\n\t\t\t\t\t\t\t\t\t\t\t\t\t<\/span>\n\t\t\t\t\t\t\t\t\t\t\t\t<a href=\"\" class=\"elementor-toggle-title\">CONTENUTI FORMATIVI<\/a>\n\t\t\t\t\t<\/div>\n\t\t\t\t\t<div id=\"elementor-tab-content-1752\" class=\"elementor-tab-content elementor-clearfix\" data-tab=\"2\" role=\"tabpanel\" aria-labelledby=\"elementor-tab-title-1752\"><ul>\n<li>\n<p>RESILIENZA ORGANIZZATIVA IN UN CONTESTO EMERGENZIALE<\/p>\n<\/li>\n<li>\n<p>RILEVAZIONE E GESTIONE DELLO STRESS POST EMERGENZIALE<\/p>\n<\/li>\n<li>\n<p>PREVENZIONE E GESTIONE DEGLI ATTI DI AGGRESSIONE<\/p>\n<\/li>\n<\/ul><\/div>\n\t\t\t\t<\/div>\n\t\t\t\t\t\t\t<div class=\"elementor-toggle-item\">\n\t\t\t\t\t<div id=\"elementor-tab-title-1753\" class=\"elementor-tab-title\" data-tab=\"3\" role=\"tab\" aria-controls=\"elementor-tab-content-1753\">\n\t\t\t\t\t\t\t\t\t\t\t\t<span class=\"elementor-toggle-icon elementor-toggle-icon-left\" aria-hidden=\"true\">\n\t\t\t\t\t\t\t\t\t\t\t\t\t\t\t<span class=\"elementor-toggle-icon-closed\"><i class=\"fas fa-caret-right\"><\/i><\/span>\n\t\t\t\t\t\t\t\t<span class=\"elementor-toggle-icon-opened\"><i class=\"elementor-toggle-icon-opened fas fa-caret-up\"><\/i><\/span>\n\t\t\t\t\t\t\t\t\t\t\t\t\t<\/span>\n\t\t\t\t\t\t\t\t\t\t\t\t<a href=\"\" class=\"elementor-toggle-title\">FACULTY<\/a>\n\t\t\t\t\t<\/div>\n\t\t\t\t\t<div id=\"elementor-tab-content-1753\" class=\"elementor-tab-content elementor-clearfix\" data-tab=\"3\" role=\"tabpanel\" aria-labelledby=\"elementor-tab-title-1753\"><p><em>Carlo Bisio<\/em>, Consulente della formazione<\/p>\n<p><em>Serena Kaneklin<\/em>, Psicologa e consulente della formazione<\/p>\n<p><em>Gabriella Vigo<\/em>, Formatrice, counselor sistemico e coach<\/p>\n<p><em>Mario Carotenuto<\/em>, Consulente in ambito security e criminologo<\/p><\/div>\n\t\t\t\t<\/div>\n\t\t\t\t\t\t\t<div class=\"elementor-toggle-item\">\n\t\t\t\t\t<div id=\"elementor-tab-title-1754\" class=\"elementor-tab-title\" data-tab=\"4\" role=\"tab\" aria-controls=\"elementor-tab-content-1754\">\n\t\t\t\t\t\t\t\t\t\t\t\t<span class=\"elementor-toggle-icon elementor-toggle-icon-left\" aria-hidden=\"true\">\n\t\t\t\t\t\t\t\t\t\t\t\t\t\t\t<span class=\"elementor-toggle-icon-closed\"><i class=\"fas fa-caret-right\"><\/i><\/span>\n\t\t\t\t\t\t\t\t<span class=\"elementor-toggle-icon-opened\"><i class=\"elementor-toggle-icon-opened fas fa-caret-up\"><\/i><\/span>\n\t\t\t\t\t\t\t\t\t\t\t\t\t<\/span>\n\t\t\t\t\t\t\t\t\t\t\t\t<a href=\"\" class=\"elementor-toggle-title\">DURATA<\/a>\n\t\t\t\t\t<\/div>\n\t\t\t\t\t<div id=\"elementor-tab-content-1754\" class=\"elementor-tab-content elementor-clearfix\" data-tab=\"4\" role=\"tabpanel\" aria-labelledby=\"elementor-tab-title-1754\"><p>3 ora e mezza<\/p><\/div>\n\t\t\t\t<\/div>\n\t\t\t\t\t<\/div>\n\t\t\t\t<\/div>\n\t\t\t\t<\/div>\n\t\t\t\t\t\t<\/div>\n\t\t\t\t\t<\/div>\n\t\t<\/div>\n\t\t\t\t\t\t\t\t<\/div>\n\t\t\t\t\t<\/div>\n\t\t<\/section>\n\t\t\t\t\t\t<\/div>\n\t\t\t\t\t\t<\/div>\n\t\t\t\t\t<\/div>\n\t\t","protected":false},"excerpt":{"rendered":"<p>percorsi formativi &#8211; area e-learning Il ruolo dei RSPP\/ASPP In Sanit\u00e0 ai tempi del Covid-19 Il corso \u00e8 stato pensato come un valido strumento di supporto a RSPP\/ASPP che lavorando in ambito sanitario, stanno fronteggiando uno scenario emergenziale del tutto inatteso e dalle possibili conseguenze a carico delle organizzazioni e dei singoli lavoratori di difficile.<\/p>\n","protected":false},"author":12,"featured_media":0,"parent":9193,"menu_order":0,"comment_status":"closed","ping_status":"closed","template":"","meta":{"footnotes":""},"_links":{"self":[{"href":"https:\/\/www.myecole.it\/ooc\/wp-json\/wp\/v2\/pages\/17668"}],"collection":[{"href":"https:\/\/www.myecole.it\/ooc\/wp-json\/wp\/v2\/pages"}],"about":[{"href":"https:\/\/www.myecole.it\/ooc\/wp-json\/wp\/v2\/types\/page"}],"author":[{"embeddable":true,"href":"https:\/\/www.myecole.it\/ooc\/wp-json\/wp\/v2\/users\/12"}],"replies":[{"embeddable":true,"href":"https:\/\/www.myecole.it\/ooc\/wp-json\/wp\/v2\/comments?post=17668"}],"version-history":[{"count":0,"href":"https:\/\/www.myecole.it\/ooc\/wp-json\/wp\/v2\/pages\/17668\/revisions"}],"up":[{"embeddable":true,"href":"https:\/\/www.myecole.it\/ooc\/wp-json\/wp\/v2\/pages\/9193"}],"wp:attachment":[{"href":"https:\/\/www.myecole.it\/ooc\/wp-json\/wp\/v2\/media?parent=17668"}],"curies":[{"name":"wp","href":"https:\/\/api.w.org\/{rel}","templated":true}]}}