{"id":18679,"date":"2023-05-10T12:56:22","date_gmt":"2023-05-10T10:56:22","guid":{"rendered":"https:\/\/www.myecole.it\/ooc\/?page_id=18679"},"modified":"2024-02-23T18:15:41","modified_gmt":"2024-02-23T17:15:41","slug":"avviso-1-2023-fondirigenti","status":"publish","type":"page","link":"https:\/\/www.myecole.it\/ooc\/finanziamenti\/finanziamenti-chiusi\/avviso-1-2023-fondirigenti\/","title":{"rendered":"Avviso 1\/2023 &#8211; Fondirigenti"},"content":{"rendered":"\t\t<div data-elementor-type=\"wp-page\" data-elementor-id=\"18679\" class=\"elementor elementor-18679\" data-elementor-settings=\"[]\">\n\t\t\t\t\t\t<div class=\"elementor-inner\">\n\t\t\t\t\t\t\t<div class=\"elementor-section-wrap\">\n\t\t\t\t\t\t\t<section class=\"elementor-section elementor-top-section elementor-element elementor-element-3b11d21 elementor-section-boxed elementor-section-height-default elementor-section-height-default\" data-id=\"3b11d21\" data-element_type=\"section\">\n\t\t\t\t\t\t<div class=\"elementor-container elementor-column-gap-default\">\n\t\t\t\t\t\t\t<div class=\"elementor-row\">\n\t\t\t\t\t<div class=\"elementor-column elementor-col-100 elementor-top-column elementor-element elementor-element-f684f93\" data-id=\"f684f93\" data-element_type=\"column\">\n\t\t\t<div class=\"elementor-column-wrap elementor-element-populated\">\n\t\t\t\t\t\t\t<div class=\"elementor-widget-wrap\">\n\t\t\t\t\t\t<div class=\"elementor-element elementor-element-ff18f15 elementor-widget elementor-widget-image\" data-id=\"ff18f15\" data-element_type=\"widget\" data-widget_type=\"image.default\">\n\t\t\t\t<div class=\"elementor-widget-container\">\n\t\t\t\t\t<div class=\"elementor-image\">\n\t\t\t\t\t\t\t\t\t\t<img loading=\"lazy\" decoding=\"async\" width=\"320\" height=\"240\" src=\"https:\/\/www.myecole.it\/ooc\/wp-content\/uploads\/2020\/03\/FONDIRIGENTI_LOGO_VERT_Blu_RGB-320x240.png\" class=\"attachment-wp_review_large size-wp_review_large\" alt=\"\" srcset=\"https:\/\/www.myecole.it\/ooc\/wp-content\/uploads\/2020\/03\/FONDIRIGENTI_LOGO_VERT_Blu_RGB-320x240.png 320w, https:\/\/www.myecole.it\/ooc\/wp-content\/uploads\/2020\/03\/FONDIRIGENTI_LOGO_VERT_Blu_RGB-100x75.png 100w\" sizes=\"(max-width: 320px) 100vw, 320px\" \/>\t\t\t\t\t\t\t\t\t\t\t<\/div>\n\t\t\t\t<\/div>\n\t\t\t\t<\/div>\n\t\t\t\t<div class=\"elementor-element elementor-element-2aac325 elementor-widget elementor-widget-heading\" data-id=\"2aac325\" data-element_type=\"widget\" data-widget_type=\"heading.default\">\n\t\t\t\t<div class=\"elementor-widget-container\">\n\t\t\t<h2 class=\"elementor-heading-title elementor-size-default\">Avviso 1\/2023 - APPRENDERE PER COMPETERE\n<br>\n<i>Rafforzare il learning mindset manageriale per guidare l\u2019innovazione, la sostenibilit\u00e0 e la resilienza delle imprese<\/i>\n<\/h2>\t\t<\/div>\n\t\t\t\t<\/div>\n\t\t\t\t\t\t<\/div>\n\t\t\t\t\t<\/div>\n\t\t<\/div>\n\t\t\t\t\t\t\t\t<\/div>\n\t\t\t\t\t<\/div>\n\t\t<\/section>\n\t\t\t\t<section class=\"elementor-section elementor-top-section elementor-element elementor-element-79f870c elementor-section-boxed elementor-section-height-default elementor-section-height-default\" data-id=\"79f870c\" data-element_type=\"section\">\n\t\t\t\t\t\t<div class=\"elementor-container elementor-column-gap-default\">\n\t\t\t\t\t\t\t<div class=\"elementor-row\">\n\t\t\t\t\t<div class=\"elementor-column elementor-col-100 elementor-top-column elementor-element elementor-element-ada26ed\" data-id=\"ada26ed\" data-element_type=\"column\">\n\t\t\t<div class=\"elementor-column-wrap elementor-element-populated\">\n\t\t\t\t\t\t\t<div class=\"elementor-widget-wrap\">\n\t\t\t\t\t\t<div class=\"elementor-element elementor-element-c274402 elementor-widget elementor-widget-text-editor\" data-id=\"c274402\" data-element_type=\"widget\" data-widget_type=\"text-editor.default\">\n\t\t\t\t<div class=\"elementor-widget-container\">\n\t\t\t\t\t<div class=\"elementor-text-editor elementor-clearfix\"><p><em>L&#8217;Avviso finanzia la partecipazione a corsi di formazione nell&#8217;ambito di 3 macro Aree: <strong>Innovazione, Sostenibilit\u00e0 e Resilienza<\/strong><br \/>Queste ultime si potranno declinare in uno dei seguenti 9 Ambiti:<br \/><strong>Innovazione<\/strong><br \/>1. Trasformazione digitale dei processi aziendali produttivi, logistici, di vendita<br \/>2. Governo dei dati <br \/>3. Cybersecurity<\/em><\/p>\n<p><em><strong>Sostenibilit\u00e0<\/strong><\/em><\/p>\n<p><em>4. Sostenibilit\u00e0 ambientale<br \/>5.Sostenibilit\u00e0 sociale<br \/>6. Sostenibilit\u00e0 economica<\/em><\/p>\n<p><em><strong>Resilienza<\/strong><br \/>7. Rischi finanziari<br \/>8. Cambiamenti dei mercati<br \/>9. Cambiamenti organizzativi<\/em><\/p><\/div>\n\t\t\t\t<\/div>\n\t\t\t\t<\/div>\n\t\t\t\t\t\t<\/div>\n\t\t\t\t\t<\/div>\n\t\t<\/div>\n\t\t\t\t\t\t\t\t<\/div>\n\t\t\t\t\t<\/div>\n\t\t<\/section>\n\t\t\t\t<section class=\"elementor-section elementor-top-section elementor-element elementor-element-e34514e elementor-section-boxed elementor-section-height-default elementor-section-height-default\" data-id=\"e34514e\" data-element_type=\"section\">\n\t\t\t\t\t\t<div class=\"elementor-container elementor-column-gap-default\">\n\t\t\t\t\t\t\t<div class=\"elementor-row\">\n\t\t\t\t\t<div class=\"elementor-column elementor-col-100 elementor-top-column elementor-element elementor-element-1bd0161\" data-id=\"1bd0161\" data-element_type=\"column\">\n\t\t\t<div class=\"elementor-column-wrap elementor-element-populated\">\n\t\t\t\t\t\t\t<div class=\"elementor-widget-wrap\">\n\t\t\t\t\t\t<div class=\"elementor-element elementor-element-15b089d elementor-widget elementor-widget-heading\" data-id=\"15b089d\" data-element_type=\"widget\" data-widget_type=\"heading.default\">\n\t\t\t\t<div class=\"elementor-widget-container\">\n\t\t\t<h3 class=\"elementor-heading-title elementor-size-default\">Dotazione finanziaria<\/h3>\t\t<\/div>\n\t\t\t\t<\/div>\n\t\t\t\t\t\t<\/div>\n\t\t\t\t\t<\/div>\n\t\t<\/div>\n\t\t\t\t\t\t\t\t<\/div>\n\t\t\t\t\t<\/div>\n\t\t<\/section>\n\t\t\t\t<section class=\"elementor-section elementor-top-section elementor-element elementor-element-c81866f elementor-section-boxed elementor-section-height-default elementor-section-height-default\" data-id=\"c81866f\" data-element_type=\"section\">\n\t\t\t\t\t\t<div class=\"elementor-container elementor-column-gap-default\">\n\t\t\t\t\t\t\t<div class=\"elementor-row\">\n\t\t\t\t\t<div class=\"elementor-column elementor-col-100 elementor-top-column elementor-element elementor-element-ff0ffaf\" data-id=\"ff0ffaf\" data-element_type=\"column\">\n\t\t\t<div class=\"elementor-column-wrap elementor-element-populated\">\n\t\t\t\t\t\t\t<div class=\"elementor-widget-wrap\">\n\t\t\t\t\t\t<div class=\"elementor-element elementor-element-9b14735 elementor-widget elementor-widget-text-editor\" data-id=\"9b14735\" data-element_type=\"widget\" data-widget_type=\"text-editor.default\">\n\t\t\t\t<div class=\"elementor-widget-container\">\n\t\t\t\t\t<div class=\"elementor-text-editor elementor-clearfix\"><p>\u20ac 8.000.000<\/p><\/div>\n\t\t\t\t<\/div>\n\t\t\t\t<\/div>\n\t\t\t\t\t\t<\/div>\n\t\t\t\t\t<\/div>\n\t\t<\/div>\n\t\t\t\t\t\t\t\t<\/div>\n\t\t\t\t\t<\/div>\n\t\t<\/section>\n\t\t\t\t<section class=\"elementor-section elementor-top-section elementor-element elementor-element-541d74c elementor-section-boxed elementor-section-height-default elementor-section-height-default\" data-id=\"541d74c\" data-element_type=\"section\">\n\t\t\t\t\t\t<div class=\"elementor-container elementor-column-gap-default\">\n\t\t\t\t\t\t\t<div class=\"elementor-row\">\n\t\t\t\t\t<div class=\"elementor-column elementor-col-100 elementor-top-column elementor-element elementor-element-53df2d1\" data-id=\"53df2d1\" data-element_type=\"column\">\n\t\t\t<div class=\"elementor-column-wrap elementor-element-populated\">\n\t\t\t\t\t\t\t<div class=\"elementor-widget-wrap\">\n\t\t\t\t\t\t<div class=\"elementor-element elementor-element-40551c8 elementor-widget elementor-widget-heading\" data-id=\"40551c8\" data-element_type=\"widget\" data-widget_type=\"heading.default\">\n\t\t\t\t<div class=\"elementor-widget-container\">\n\t\t\t<h3 class=\"elementor-heading-title elementor-size-default\">I beneficiari<\/h3>\t\t<\/div>\n\t\t\t\t<\/div>\n\t\t\t\t\t\t<\/div>\n\t\t\t\t\t<\/div>\n\t\t<\/div>\n\t\t\t\t\t\t\t\t<\/div>\n\t\t\t\t\t<\/div>\n\t\t<\/section>\n\t\t\t\t<section class=\"elementor-section elementor-top-section elementor-element elementor-element-cece1e9 elementor-section-boxed elementor-section-height-default elementor-section-height-default\" data-id=\"cece1e9\" data-element_type=\"section\">\n\t\t\t\t\t\t<div class=\"elementor-container elementor-column-gap-default\">\n\t\t\t\t\t\t\t<div class=\"elementor-row\">\n\t\t\t\t\t<div class=\"elementor-column elementor-col-100 elementor-top-column elementor-element elementor-element-19a76b5\" data-id=\"19a76b5\" data-element_type=\"column\">\n\t\t\t<div class=\"elementor-column-wrap elementor-element-populated\">\n\t\t\t\t\t\t\t<div class=\"elementor-widget-wrap\">\n\t\t\t\t\t\t<div class=\"elementor-element elementor-element-8d0e0eb elementor-widget elementor-widget-text-editor\" data-id=\"8d0e0eb\" data-element_type=\"widget\" data-widget_type=\"text-editor.default\">\n\t\t\t\t<div class=\"elementor-widget-container\">\n\t\t\t\t\t<div class=\"elementor-text-editor elementor-clearfix\"><p>Dirigenti occupati presso aziende di qualsiasi dimensione e settore. Possibilit\u00e0 di coinvolgimento come uditori di altre figure manageriali (imprenditori, manager, giovani manager non inquadrati come dirigenti).<\/p><\/div>\n\t\t\t\t<\/div>\n\t\t\t\t<\/div>\n\t\t\t\t\t\t<\/div>\n\t\t\t\t\t<\/div>\n\t\t<\/div>\n\t\t\t\t\t\t\t\t<\/div>\n\t\t\t\t\t<\/div>\n\t\t<\/section>\n\t\t\t\t<section class=\"elementor-section elementor-top-section elementor-element elementor-element-d544546 elementor-section-boxed elementor-section-height-default elementor-section-height-default\" data-id=\"d544546\" data-element_type=\"section\">\n\t\t\t\t\t\t<div class=\"elementor-container elementor-column-gap-default\">\n\t\t\t\t\t\t\t<div class=\"elementor-row\">\n\t\t\t\t\t<div class=\"elementor-column elementor-col-100 elementor-top-column elementor-element elementor-element-0cdbf6a\" data-id=\"0cdbf6a\" data-element_type=\"column\">\n\t\t\t<div class=\"elementor-column-wrap elementor-element-populated\">\n\t\t\t\t\t\t\t<div class=\"elementor-widget-wrap\">\n\t\t\t\t\t\t<div class=\"elementor-element elementor-element-1309c99 elementor-widget elementor-widget-heading\" data-id=\"1309c99\" data-element_type=\"widget\" data-widget_type=\"heading.default\">\n\t\t\t\t<div class=\"elementor-widget-container\">\n\t\t\t<h3 class=\"elementor-heading-title elementor-size-default\">Timing<\/h3>\t\t<\/div>\n\t\t\t\t<\/div>\n\t\t\t\t\t\t<\/div>\n\t\t\t\t\t<\/div>\n\t\t<\/div>\n\t\t\t\t\t\t\t\t<\/div>\n\t\t\t\t\t<\/div>\n\t\t<\/section>\n\t\t\t\t<section class=\"elementor-section elementor-top-section elementor-element elementor-element-ad5a098 elementor-section-boxed elementor-section-height-default elementor-section-height-default\" data-id=\"ad5a098\" data-element_type=\"section\">\n\t\t\t\t\t\t<div class=\"elementor-container elementor-column-gap-default\">\n\t\t\t\t\t\t\t<div class=\"elementor-row\">\n\t\t\t\t\t<div class=\"elementor-column elementor-col-100 elementor-top-column elementor-element elementor-element-e8b87e7\" data-id=\"e8b87e7\" data-element_type=\"column\">\n\t\t\t<div class=\"elementor-column-wrap elementor-element-populated\">\n\t\t\t\t\t\t\t<div class=\"elementor-widget-wrap\">\n\t\t\t\t\t\t<div class=\"elementor-element elementor-element-496aa01 elementor-widget elementor-widget-text-editor\" data-id=\"496aa01\" data-element_type=\"widget\" data-widget_type=\"text-editor.default\">\n\t\t\t\t<div class=\"elementor-widget-container\">\n\t\t\t\t\t<div class=\"elementor-text-editor elementor-clearfix\"><p>Dal 15 maggio 2023 e fino al 21 giugno 2023.<\/p><\/div>\n\t\t\t\t<\/div>\n\t\t\t\t<\/div>\n\t\t\t\t\t\t<\/div>\n\t\t\t\t\t<\/div>\n\t\t<\/div>\n\t\t\t\t\t\t\t\t<\/div>\n\t\t\t\t\t<\/div>\n\t\t<\/section>\n\t\t\t\t<section class=\"elementor-section elementor-top-section elementor-element elementor-element-11b3dd4 elementor-section-boxed elementor-section-height-default elementor-section-height-default\" data-id=\"11b3dd4\" data-element_type=\"section\">\n\t\t\t\t\t\t<div class=\"elementor-container elementor-column-gap-default\">\n\t\t\t\t\t\t\t<div class=\"elementor-row\">\n\t\t\t\t\t<div class=\"elementor-column elementor-col-100 elementor-top-column elementor-element elementor-element-77af49f\" data-id=\"77af49f\" data-element_type=\"column\">\n\t\t\t<div class=\"elementor-column-wrap elementor-element-populated\">\n\t\t\t\t\t\t\t<div class=\"elementor-widget-wrap\">\n\t\t\t\t\t\t<div class=\"elementor-element elementor-element-10c6d8e elementor-widget elementor-widget-heading\" data-id=\"10c6d8e\" data-element_type=\"widget\" data-widget_type=\"heading.default\">\n\t\t\t\t<div class=\"elementor-widget-container\">\n\t\t\t<h3 class=\"elementor-heading-title elementor-size-default\">Il vantaggio economico<\/h3>\t\t<\/div>\n\t\t\t\t<\/div>\n\t\t\t\t\t\t<\/div>\n\t\t\t\t\t<\/div>\n\t\t<\/div>\n\t\t\t\t\t\t\t\t<\/div>\n\t\t\t\t\t<\/div>\n\t\t<\/section>\n\t\t\t\t<section class=\"elementor-section elementor-top-section elementor-element elementor-element-ef9b011 elementor-section-boxed elementor-section-height-default elementor-section-height-default\" data-id=\"ef9b011\" data-element_type=\"section\">\n\t\t\t\t\t\t<div class=\"elementor-container elementor-column-gap-default\">\n\t\t\t\t\t\t\t<div class=\"elementor-row\">\n\t\t\t\t\t<div class=\"elementor-column elementor-col-100 elementor-top-column elementor-element elementor-element-8bd500e\" data-id=\"8bd500e\" data-element_type=\"column\">\n\t\t\t<div class=\"elementor-column-wrap elementor-element-populated\">\n\t\t\t\t\t\t\t<div class=\"elementor-widget-wrap\">\n\t\t\t\t\t\t<div class=\"elementor-element elementor-element-ad68a99 elementor-widget elementor-widget-text-editor\" data-id=\"ad68a99\" data-element_type=\"widget\" data-widget_type=\"text-editor.default\">\n\t\t\t\t<div class=\"elementor-widget-container\">\n\t\t\t\t\t<div class=\"elementor-text-editor elementor-clearfix\"><p>Finanziamento massimo per singola azienda pari a <strong>\u20ac 12.500<\/strong>.<br \/>Possibilit\u00e0 di presentare piani in forma aggregata (da 3 a 6 aziende) cumulando le singole richieste di finanziamento con un potenziale vantaggio economico massimo di \u20ac 75.000.<\/p><\/div>\n\t\t\t\t<\/div>\n\t\t\t\t<\/div>\n\t\t\t\t\t\t<\/div>\n\t\t\t\t\t<\/div>\n\t\t<\/div>\n\t\t\t\t\t\t\t\t<\/div>\n\t\t\t\t\t<\/div>\n\t\t<\/section>\n\t\t\t\t<section class=\"elementor-section elementor-top-section elementor-element elementor-element-1d18fb7 elementor-section-boxed elementor-section-height-default elementor-section-height-default\" data-id=\"1d18fb7\" data-element_type=\"section\">\n\t\t\t\t\t\t<div class=\"elementor-container elementor-column-gap-default\">\n\t\t\t\t\t\t\t<div class=\"elementor-row\">\n\t\t\t\t\t<div class=\"elementor-column elementor-col-100 elementor-top-column elementor-element elementor-element-52d6fb7\" data-id=\"52d6fb7\" data-element_type=\"column\">\n\t\t\t<div class=\"elementor-column-wrap elementor-element-populated\">\n\t\t\t\t\t\t\t<div class=\"elementor-widget-wrap\">\n\t\t\t\t\t\t<div class=\"elementor-element elementor-element-904407b elementor-widget elementor-widget-heading\" data-id=\"904407b\" data-element_type=\"widget\" data-widget_type=\"heading.default\">\n\t\t\t\t<div class=\"elementor-widget-container\">\n\t\t\t<h3 class=\"elementor-heading-title elementor-size-default\">I vincoli<\/h3>\t\t<\/div>\n\t\t\t\t<\/div>\n\t\t\t\t\t\t<\/div>\n\t\t\t\t\t<\/div>\n\t\t<\/div>\n\t\t\t\t\t\t\t\t<\/div>\n\t\t\t\t\t<\/div>\n\t\t<\/section>\n\t\t\t\t<section class=\"elementor-section elementor-top-section elementor-element elementor-element-eb12865 elementor-section-boxed elementor-section-height-default elementor-section-height-default\" data-id=\"eb12865\" data-element_type=\"section\">\n\t\t\t\t\t\t<div class=\"elementor-container elementor-column-gap-default\">\n\t\t\t\t\t\t\t<div class=\"elementor-row\">\n\t\t\t\t\t<div class=\"elementor-column elementor-col-100 elementor-top-column elementor-element elementor-element-49f9486\" data-id=\"49f9486\" data-element_type=\"column\">\n\t\t\t<div class=\"elementor-column-wrap elementor-element-populated\">\n\t\t\t\t\t\t\t<div class=\"elementor-widget-wrap\">\n\t\t\t\t\t\t<div class=\"elementor-element elementor-element-45c88dc elementor-widget elementor-widget-text-editor\" data-id=\"45c88dc\" data-element_type=\"widget\" data-widget_type=\"text-editor.default\">\n\t\t\t\t<div class=\"elementor-widget-container\">\n\t\t\t\t\t<div class=\"elementor-text-editor elementor-clearfix\"><ul>\n<li><span style=\"font-size: 12pt;\"><strong>Esclusione delle Grandi Imprese<\/strong> che hanno gi\u00e0 beneficiato di un finanziamento attraverso gli <strong>Avvisi promossi dal Fondo nel 2022<\/strong>;<\/span><\/li>\n<\/ul>\n<ul>\n<li><span style=\"font-size: 12pt;\">Richiesta di finanziamento soggetta ad una <strong>valutazione<\/strong> preventiva (<strong>punteggio minimo richiesto 75 punti su 100<\/strong>);<\/span><\/li>\n<\/ul>\n<ul>\n<li><span style=\"font-size: 12pt;\">Ogni azienda pu\u00f2 presentare al <strong>max 1 piano<\/strong>;<\/span><\/li>\n<\/ul>\n<ul>\n<li><span style=\"font-size: 12pt;\">Viene attribuita una premialit\u00e0 <strong>(2 punti) ai piani aziendali singoli presentati da Piccole Imprese<\/strong>;<\/span><\/li>\n<\/ul>\n<ul>\n<li><span style=\"font-size: 12pt;\">Possibilit\u00e0 di presentazione di <strong>Piano aggregato (minimo 3 imprese, max 6)<\/strong> in cui ogni impresa dovr\u00e0 coinvolgere <strong>almeno 1 dirigente<\/strong>. Dovr\u00e0 essere puntualmente motivata la decisione di presentazione in forma aggregata (es. stabili forme di collaborazione tra le aziende proponenti);<\/span><\/li>\n<\/ul>\n<ul>\n<li><span style=\"font-size: 12pt;\">Viene attribuita una premialit\u00e0 <strong>(4 punti) ai piani aggregati<\/strong>;<\/span><\/li>\n<\/ul>\n<ul>\n<li><span style=\"font-size: 12pt;\">Le proposte formative dovranno presentare <strong><span style=\"text-decoration: underline;\">caratteristiche di originalit\u00e0 sia nei contenuti sia nelle metodologie<\/span><\/strong>. Possibilit\u00e0 di rafforzamento sia di hard skills che di soft skills, ma con queste ultime residuali rispetto al totale delle attivit\u00e0 formative previste;<\/span><\/li>\n<\/ul>\n<ul>\n<li><span style=\"font-size: 12pt;\">Le attivit\u00e0 formative potranno essere affidate solo a soggetti accreditati, con certificazione qualit\u00e0, universit\u00e0, istituti tecnici o liberi professionisti on almeno 5 anni di exp o in possesso di idonea certificazione;<\/span><\/li>\n<\/ul>\n<ul>\n<li><span style=\"font-size: 12pt;\">Finanziamento soggetto alla normativa sugli Aiuti di Stato: <strong>Reg. 1407\/2013 &#8220;De Minimis&#8221;<\/strong> (max \u20ac 200.000 nel triennio) o <strong>Reg. 651\/2014<\/strong> (obbligo di cofinanziamento privato attraverso il costo del lavoro dei partecipanti alla formazione);<\/span><\/li>\n<\/ul>\n<ul>\n<li><span style=\"font-size: 12pt;\">Condivisione del piano da parte dei Rappresentanti delle Parti Sociali (Confindustria e Federmanager);<\/span><\/li>\n<\/ul>\n<ul>\n<li><span style=\"font-size: 12pt;\">Avvio della formazione solo a seguito di comunicazione di approvazione del finanziamento da parte di Fondirigenti;<\/span><\/li>\n<\/ul>\n<ul>\n<li><span style=\"font-size: 12pt;\">L&#8217;azienda deve anticipare tutti i costi di formazione e gestione del Piano;<\/span><\/li>\n<\/ul>\n<ul>\n<li><span style=\"font-size: 12pt;\">Rendicontazione del piano entro <strong>240 giorni<\/strong> dall&#8217;approvazione da parte del Fondo.<\/span><\/li>\n<\/ul><\/div>\n\t\t\t\t<\/div>\n\t\t\t\t<\/div>\n\t\t\t\t\t\t<\/div>\n\t\t\t\t\t<\/div>\n\t\t<\/div>\n\t\t\t\t\t\t\t\t<\/div>\n\t\t\t\t\t<\/div>\n\t\t<\/section>\n\t\t\t\t<section class=\"elementor-section elementor-top-section elementor-element elementor-element-8608b5a elementor-section-boxed elementor-section-height-default elementor-section-height-default\" data-id=\"8608b5a\" data-element_type=\"section\">\n\t\t\t\t\t\t<div class=\"elementor-container elementor-column-gap-default\">\n\t\t\t\t\t\t\t<div class=\"elementor-row\">\n\t\t\t\t\t<div class=\"elementor-column elementor-col-100 elementor-top-column elementor-element elementor-element-d587c00\" data-id=\"d587c00\" data-element_type=\"column\">\n\t\t\t<div class=\"elementor-column-wrap\">\n\t\t\t\t\t\t\t<div class=\"elementor-widget-wrap\">\n\t\t\t\t\t\t\t\t<\/div>\n\t\t\t\t\t<\/div>\n\t\t<\/div>\n\t\t\t\t\t\t\t\t<\/div>\n\t\t\t\t\t<\/div>\n\t\t<\/section>\n\t\t\t\t\t\t<\/div>\n\t\t\t\t\t\t<\/div>\n\t\t\t\t\t<\/div>\n\t\t","protected":false},"excerpt":{"rendered":"<p>Avviso 1\/2023 &#8211; APPRENDERE PER COMPETERE Rafforzare il learning mindset manageriale per guidare l\u2019innovazione, la sostenibilit\u00e0 e la resilienza delle imprese L&#8217;Avviso finanzia la partecipazione a corsi di formazione nell&#8217;ambito di 3 macro Aree: Innovazione, Sostenibilit\u00e0 e ResilienzaQueste ultime si potranno declinare in uno dei seguenti 9 Ambiti:Innovazione1. Trasformazione digitale dei processi aziendali produttivi, logistici,.<\/p>\n","protected":false},"author":6,"featured_media":0,"parent":17615,"menu_order":0,"comment_status":"closed","ping_status":"closed","template":"","meta":{"footnotes":""},"_links":{"self":[{"href":"https:\/\/www.myecole.it\/ooc\/wp-json\/wp\/v2\/pages\/18679"}],"collection":[{"href":"https:\/\/www.myecole.it\/ooc\/wp-json\/wp\/v2\/pages"}],"about":[{"href":"https:\/\/www.myecole.it\/ooc\/wp-json\/wp\/v2\/types\/page"}],"author":[{"embeddable":true,"href":"https:\/\/www.myecole.it\/ooc\/wp-json\/wp\/v2\/users\/6"}],"replies":[{"embeddable":true,"href":"https:\/\/www.myecole.it\/ooc\/wp-json\/wp\/v2\/comments?post=18679"}],"version-history":[{"count":0,"href":"https:\/\/www.myecole.it\/ooc\/wp-json\/wp\/v2\/pages\/18679\/revisions"}],"up":[{"embeddable":true,"href":"https:\/\/www.myecole.it\/ooc\/wp-json\/wp\/v2\/pages\/17615"}],"wp:attachment":[{"href":"https:\/\/www.myecole.it\/ooc\/wp-json\/wp\/v2\/media?parent=18679"}],"curies":[{"name":"wp","href":"https:\/\/api.w.org\/{rel}","templated":true}]}}