{"id":2741,"date":"2016-11-15T16:57:24","date_gmt":"2016-11-15T15:57:24","guid":{"rendered":"https:\/\/www.myecole.it\/ooc\/?page_id=2741"},"modified":"2025-08-26T11:35:39","modified_gmt":"2025-08-26T09:35:39","slug":"politiche-per-la-qualita","status":"publish","type":"page","link":"https:\/\/www.myecole.it\/ooc\/chi-siamo\/politiche-per-la-qualita\/","title":{"rendered":"Politiche per la Qualit\u00e0"},"content":{"rendered":"\t\t<div data-elementor-type=\"wp-post\" data-elementor-id=\"2741\" class=\"elementor elementor-2741\" data-elementor-settings=\"[]\">\n\t\t\t\t\t\t<div class=\"elementor-inner\">\n\t\t\t\t\t\t\t<div class=\"elementor-section-wrap\">\n\t\t\t\t\t\t\t<section class=\"elementor-section elementor-top-section elementor-element elementor-element-5356d2e elementor-section-full_width elementor-section-height-min-height elementor-section-items-bottom elementor-section-stretched elementor-section-height-default\" data-id=\"5356d2e\" data-element_type=\"section\" data-settings=\"{&quot;background_background&quot;:&quot;classic&quot;,&quot;stretch_section&quot;:&quot;section-stretched&quot;}\">\n\t\t\t\t\t\t<div class=\"elementor-container elementor-column-gap-no\">\n\t\t\t\t\t\t\t<div class=\"elementor-row\">\n\t\t\t\t\t<div class=\"elementor-column elementor-col-100 elementor-top-column elementor-element elementor-element-1a7df6c9\" data-id=\"1a7df6c9\" data-element_type=\"column\">\n\t\t\t<div class=\"elementor-column-wrap elementor-element-populated\">\n\t\t\t\t\t\t\t<div class=\"elementor-widget-wrap\">\n\t\t\t\t\t\t<div class=\"elementor-element elementor-element-4f1ccbdb elementor-widget elementor-widget-lae-heading\" data-id=\"4f1ccbdb\" data-element_type=\"widget\" data-widget_type=\"lae-heading.default\">\n\t\t\t\t<div class=\"elementor-widget-container\">\n\t\t\t\n   <!--       -->\n\n        <div class=\"lae-heading lae-style2 lae-aligncenter\" >\n\n            \n                <div class=\"lae-subtitle\">chi siamo<\/div>\n\n            \n            <h1 class=\"lae-title\">Le politiche per la qualit\u00e0<\/h1>\n\n            \n        <\/div>\n\n        \t\t<\/div>\n\t\t\t\t<\/div>\n\t\t\t\t<section class=\"elementor-section elementor-inner-section elementor-element elementor-element-32dd3f2a elementor-section-full_width elementor-section-height-default elementor-section-content-middle elementor-section-height-default\" data-id=\"32dd3f2a\" data-element_type=\"section\" data-settings=\"{&quot;background_background&quot;:&quot;classic&quot;}\">\n\t\t\t\t\t\t<div class=\"elementor-container elementor-column-gap-default\">\n\t\t\t\t\t\t\t<div class=\"elementor-row\">\n\t\t\t\t\t<div class=\"elementor-column elementor-col-33 elementor-inner-column elementor-element elementor-element-35b2ce1b\" data-id=\"35b2ce1b\" data-element_type=\"column\">\n\t\t\t<div class=\"elementor-column-wrap elementor-element-populated\">\n\t\t\t\t\t\t\t<div class=\"elementor-widget-wrap\">\n\t\t\t\t\t\t\t\t<\/div>\n\t\t\t\t\t<\/div>\n\t\t<\/div>\n\t\t\t\t<div class=\"elementor-column elementor-col-33 elementor-inner-column elementor-element elementor-element-150468ff\" data-id=\"150468ff\" data-element_type=\"column\">\n\t\t\t<div class=\"elementor-column-wrap elementor-element-populated\">\n\t\t\t\t\t\t\t<div class=\"elementor-widget-wrap\">\n\t\t\t\t\t\t<div class=\"elementor-element elementor-element-493a75c elementor-align-justify elementor-hidden-phone elementor-widget elementor-widget-button\" data-id=\"493a75c\" data-element_type=\"widget\" data-widget_type=\"button.default\">\n\t\t\t\t<div class=\"elementor-widget-container\">\n\t\t\t\t\t<div class=\"elementor-button-wrapper\">\n\t\t\t<a href=\"https:\/\/www.myecole.it\/ooc\/wp-content\/uploads\/2025\/01\/CertificatoISO_9001_ITA.pdf\" class=\"elementor-button-link elementor-button elementor-size-sm\" role=\"button\">\n\t\t\t\t\t\t<span class=\"elementor-button-content-wrapper\">\n\t\t\t\t\t\t<span class=\"elementor-button-icon elementor-align-icon-left\">\n\t\t\t\t<i aria-hidden=\"true\" class=\"far fa-arrow-alt-circle-down\"><\/i>\t\t\t<\/span>\n\t\t\t\t\t\t<span class=\"elementor-button-text\">Attestato ITA<\/span>\n\t\t<\/span>\n\t\t\t\t\t<\/a>\n\t\t<\/div>\n\t\t\t\t<\/div>\n\t\t\t\t<\/div>\n\t\t\t\t\t\t<\/div>\n\t\t\t\t\t<\/div>\n\t\t<\/div>\n\t\t\t\t<div class=\"elementor-column elementor-col-33 elementor-inner-column elementor-element elementor-element-176bc70d\" data-id=\"176bc70d\" data-element_type=\"column\">\n\t\t\t<div class=\"elementor-column-wrap elementor-element-populated\">\n\t\t\t\t\t\t\t<div class=\"elementor-widget-wrap\">\n\t\t\t\t\t\t<div class=\"elementor-element elementor-element-7df9e38 elementor-align-right elementor-hidden-phone elementor-widget elementor-widget-button\" data-id=\"7df9e38\" data-element_type=\"widget\" data-widget_type=\"button.default\">\n\t\t\t\t<div class=\"elementor-widget-container\">\n\t\t\t\t\t<div class=\"elementor-button-wrapper\">\n\t\t\t<a href=\"https:\/\/www.myecole.it\/ooc\/wp-content\/uploads\/2024\/07\/politica-per-la-qualita2024.pdf\" class=\"elementor-button-link elementor-button elementor-size-sm\" role=\"button\">\n\t\t\t\t\t\t<span class=\"elementor-button-content-wrapper\">\n\t\t\t\t\t\t<span class=\"elementor-button-icon elementor-align-icon-left\">\n\t\t\t\t<i aria-hidden=\"true\" class=\"far fa-arrow-alt-circle-down\"><\/i>\t\t\t<\/span>\n\t\t\t\t\t\t<span class=\"elementor-button-text\">Politica per la  qualit\u00e0<\/span>\n\t\t<\/span>\n\t\t\t\t\t<\/a>\n\t\t<\/div>\n\t\t\t\t<\/div>\n\t\t\t\t<\/div>\n\t\t\t\t\t\t<\/div>\n\t\t\t\t\t<\/div>\n\t\t<\/div>\n\t\t\t\t\t\t\t\t<\/div>\n\t\t\t\t\t<\/div>\n\t\t<\/section>\n\t\t\t\t\t\t<\/div>\n\t\t\t\t\t<\/div>\n\t\t<\/div>\n\t\t\t\t\t\t\t\t<\/div>\n\t\t\t\t\t<\/div>\n\t\t<\/section>\n\t\t\t\t<section class=\"elementor-section elementor-top-section elementor-element elementor-element-8b79f9b elementor-hidden-desktop elementor-hidden-tablet elementor-hidden-phone elementor-section-boxed elementor-section-height-default elementor-section-height-default\" data-id=\"8b79f9b\" data-element_type=\"section\">\n\t\t\t\t\t\t<div class=\"elementor-container elementor-column-gap-default\">\n\t\t\t\t\t\t\t<div class=\"elementor-row\">\n\t\t\t\t\t<div class=\"elementor-column elementor-col-100 elementor-top-column elementor-element elementor-element-d2ebbe9\" data-id=\"d2ebbe9\" data-element_type=\"column\">\n\t\t\t<div class=\"elementor-column-wrap elementor-element-populated\">\n\t\t\t\t\t\t\t<div class=\"elementor-widget-wrap\">\n\t\t\t\t\t\t<div class=\"elementor-element elementor-element-61c30c5 elementor-widget elementor-widget-lae-heading\" data-id=\"61c30c5\" data-element_type=\"widget\" data-widget_type=\"lae-heading.default\">\n\t\t\t\t<div class=\"elementor-widget-container\">\n\t\t\t\n   <!--       -->\n\n        <div class=\"lae-heading lae-style3 lae-aligncenter\" >\n\n            \n            <h1 class=\"lae-title\">Le politiche per la qualit\u00e0<\/h1>\n\n            \n        <\/div>\n\n        \t\t<\/div>\n\t\t\t\t<\/div>\n\t\t\t\t\t\t<\/div>\n\t\t\t\t\t<\/div>\n\t\t<\/div>\n\t\t\t\t\t\t\t\t<\/div>\n\t\t\t\t\t<\/div>\n\t\t<\/section>\n\t\t\t\t<section class=\"elementor-section elementor-top-section elementor-element elementor-element-17df4531 elementor-section-content-middle elementor-reverse-mobile elementor-section-stretched animated-slow elementor-section-boxed elementor-section-height-default elementor-section-height-default elementor-invisible\" data-id=\"17df4531\" data-element_type=\"section\" data-settings=\"{&quot;stretch_section&quot;:&quot;section-stretched&quot;,&quot;animation&quot;:&quot;fadeIn&quot;,&quot;animation_delay&quot;:200}\">\n\t\t\t\t\t\t<div class=\"elementor-container elementor-column-gap-default\">\n\t\t\t\t\t\t\t<div class=\"elementor-row\">\n\t\t\t\t\t<div class=\"elementor-column elementor-col-50 elementor-top-column elementor-element elementor-element-2918e3f3\" data-id=\"2918e3f3\" data-element_type=\"column\">\n\t\t\t<div class=\"elementor-column-wrap elementor-element-populated\">\n\t\t\t\t\t\t\t<div class=\"elementor-widget-wrap\">\n\t\t\t\t\t\t<div class=\"elementor-element elementor-element-793a1ad5 elementor-widget elementor-widget-text-editor\" data-id=\"793a1ad5\" data-element_type=\"widget\" data-widget_type=\"text-editor.default\">\n\t\t\t\t<div class=\"elementor-widget-container\">\n\t\t\t\t\t<div class=\"elementor-text-editor elementor-clearfix\"><p style=\"text-align: left;\">ECOLE adotta un Sistema di Gestione per la Qualit\u00e0 relativo ai servizi di formazione e servizi al lavoro, per cui ha ottenuto la Certificazione di Qualit\u00e0 secondo la norma <strong>ISO 9001:2015<\/strong>\u00a0da parte dell\u2019<strong>Ente Certificatore Bureau Veritas<\/strong>. Nello specifico la Certificazione riguarda il settore di attivit\u00e0 <strong>EA37 \u2013 Progettazione ed erogazione attivit\u00e0 formative, servizi al lavoro, eventi e formazione specifica per l&#8217;educazione continua in medicina (ECM).\u00a0<\/strong><\/p><\/div>\n\t\t\t\t<\/div>\n\t\t\t\t<\/div>\n\t\t\t\t\t\t<\/div>\n\t\t\t\t\t<\/div>\n\t\t<\/div>\n\t\t\t\t<div class=\"elementor-column elementor-col-50 elementor-top-column elementor-element elementor-element-7fedaa00\" data-id=\"7fedaa00\" data-element_type=\"column\" data-settings=\"{&quot;background_background&quot;:&quot;classic&quot;}\">\n\t\t\t<div class=\"elementor-column-wrap elementor-element-populated\">\n\t\t\t\t\t\t\t<div class=\"elementor-widget-wrap\">\n\t\t\t\t\t\t<div class=\"elementor-element elementor-element-23246aa5 elementor-widget elementor-widget-image\" data-id=\"23246aa5\" data-element_type=\"widget\" data-widget_type=\"image.default\">\n\t\t\t\t<div class=\"elementor-widget-container\">\n\t\t\t\t\t<div class=\"elementor-image\">\n\t\t\t\t\t\t\t\t\t\t<img loading=\"lazy\" decoding=\"async\" width=\"900\" height=\"596\" src=\"https:\/\/www.myecole.it\/ooc\/wp-content\/uploads\/2020\/09\/gestione-finanziamento-small.jpg\" class=\"attachment-full size-full\" alt=\"\" srcset=\"https:\/\/www.myecole.it\/ooc\/wp-content\/uploads\/2020\/09\/gestione-finanziamento-small.jpg 900w, https:\/\/www.myecole.it\/ooc\/wp-content\/uploads\/2020\/09\/gestione-finanziamento-small-300x199.jpg 300w, https:\/\/www.myecole.it\/ooc\/wp-content\/uploads\/2020\/09\/gestione-finanziamento-small-768x509.jpg 768w, https:\/\/www.myecole.it\/ooc\/wp-content\/uploads\/2020\/09\/gestione-finanziamento-small-340x225.jpg 340w, https:\/\/www.myecole.it\/ooc\/wp-content\/uploads\/2020\/09\/gestione-finanziamento-small-278x185.jpg 278w\" sizes=\"(max-width: 900px) 100vw, 900px\" \/>\t\t\t\t\t\t\t\t\t\t\t<\/div>\n\t\t\t\t<\/div>\n\t\t\t\t<\/div>\n\t\t\t\t\t\t<\/div>\n\t\t\t\t\t<\/div>\n\t\t<\/div>\n\t\t\t\t\t\t\t\t<\/div>\n\t\t\t\t\t<\/div>\n\t\t<\/section>\n\t\t\t\t<section class=\"elementor-section elementor-top-section elementor-element elementor-element-5f03e64 elementor-section-content-middle elementor-reverse-mobile elementor-section-stretched animated-slow elementor-section-boxed elementor-section-height-default elementor-section-height-default elementor-invisible\" data-id=\"5f03e64\" data-element_type=\"section\" data-settings=\"{&quot;stretch_section&quot;:&quot;section-stretched&quot;,&quot;animation&quot;:&quot;fadeIn&quot;,&quot;animation_delay&quot;:200}\">\n\t\t\t\t\t\t<div class=\"elementor-container elementor-column-gap-default\">\n\t\t\t\t\t\t\t<div class=\"elementor-row\">\n\t\t\t\t\t<div class=\"elementor-column elementor-col-50 elementor-top-column elementor-element elementor-element-2360a6e\" data-id=\"2360a6e\" data-element_type=\"column\" data-settings=\"{&quot;background_background&quot;:&quot;classic&quot;}\">\n\t\t\t<div class=\"elementor-column-wrap elementor-element-populated\">\n\t\t\t\t\t\t\t<div class=\"elementor-widget-wrap\">\n\t\t\t\t\t\t<div class=\"elementor-element elementor-element-2e7f19b elementor-widget elementor-widget-image\" data-id=\"2e7f19b\" data-element_type=\"widget\" data-widget_type=\"image.default\">\n\t\t\t\t<div class=\"elementor-widget-container\">\n\t\t\t\t\t<div class=\"elementor-image\">\n\t\t\t\t\t\t\t\t\t\t<img loading=\"lazy\" decoding=\"async\" width=\"667\" height=\"999\" src=\"https:\/\/www.myecole.it\/ooc\/wp-content\/uploads\/2020\/09\/Depositphotos_211722404_s-2019.jpg\" class=\"attachment-full size-full\" alt=\"\" srcset=\"https:\/\/www.myecole.it\/ooc\/wp-content\/uploads\/2020\/09\/Depositphotos_211722404_s-2019.jpg 667w, https:\/\/www.myecole.it\/ooc\/wp-content\/uploads\/2020\/09\/Depositphotos_211722404_s-2019-200x300.jpg 200w, https:\/\/www.myecole.it\/ooc\/wp-content\/uploads\/2020\/09\/Depositphotos_211722404_s-2019-300x449.jpg 300w, https:\/\/www.myecole.it\/ooc\/wp-content\/uploads\/2020\/09\/Depositphotos_211722404_s-2019-340x509.jpg 340w\" sizes=\"(max-width: 667px) 100vw, 667px\" \/>\t\t\t\t\t\t\t\t\t\t\t<\/div>\n\t\t\t\t<\/div>\n\t\t\t\t<\/div>\n\t\t\t\t\t\t<\/div>\n\t\t\t\t\t<\/div>\n\t\t<\/div>\n\t\t\t\t<div class=\"elementor-column elementor-col-50 elementor-top-column elementor-element elementor-element-804a832\" data-id=\"804a832\" data-element_type=\"column\">\n\t\t\t<div class=\"elementor-column-wrap elementor-element-populated\">\n\t\t\t\t\t\t\t<div class=\"elementor-widget-wrap\">\n\t\t\t\t\t\t<div class=\"elementor-element elementor-element-d2e8581 elementor-widget elementor-widget-text-editor\" data-id=\"d2e8581\" data-element_type=\"widget\" data-widget_type=\"text-editor.default\">\n\t\t\t\t<div class=\"elementor-widget-container\">\n\t\t\t\t\t<div class=\"elementor-text-editor elementor-clearfix\"><section data-id=\"5e36dd0\" data-element_type=\"section\">\n<div>\n<div>\n<div data-id=\"814a7c0\" data-element_type=\"column\">\n<div>\n<div>\n<div data-id=\"4ef2352\" data-element_type=\"widget\" data-widget_type=\"heading.default\">\n<div>\n<p><span style=\"font-size: 16px;\">ECOLE ritiene che la qualit\u00e0 dei servizi erogati sia imprescindibile dalla qualit\u00e0 dei processi.\u00a0<\/span><\/p>\n<p><span style=\"font-size: 16px;\"><i>Qualit\u00e0<\/i> vuol dire rispondere ai requisiti imposti dagli enti finanziatori, appagando le esigenze delle aziende e dei singoli destinatari rispettivamente dei servizi e delle attivit\u00e0 formative.<\/span><\/p>\n<p>La nostra Politica trova le sue fondamenta ne:<\/p>\n<\/div>\n<\/div>\n<\/div>\n<\/div>\n<\/div>\n<\/div>\n<\/div>\n<\/section>\n<section data-id=\"dce2ece\" data-element_type=\"section\">\n<div>\n<div>\n<div data-id=\"e6b31de\" data-element_type=\"column\">\n<div>\n<div>\n<div data-id=\"72aeda9\" data-element_type=\"widget\" data-widget_type=\"text-editor.default\">\n<div>\n<div>\n<ul>\n<li>\n<p>il monitoraggio continuo degli obiettivi;<\/p>\n<\/li>\n<li>\n<p>il progresso costante garantito da audit interni ed esterni;\u00a0<\/p>\n<\/li>\n<li>\n<p>il focus costante sulle relazioni istituzionali;<\/p>\n<\/li>\n<li>\n<p>l\u2019impegno e la competenza dei collaboratori interni;\u00a0<\/p>\n<\/li>\n<li>\n<p>la diffusione e applicazione del nostro Codice Etico.<\/p>\n<\/li>\n<\/ul>\n<div>\n<p>I risultati attesi:\u00a0<\/p>\n<\/div>\n<ul>\n<li>\n<p>alimentare il miglioramento continuo;<\/p>\n<\/li>\n<li>\n<p>\u201ccavalcare il cambiamento,\u201d anticipando le esigenze dettate dal mercato;<\/p>\n<\/li>\n<li>\n<p>potenziare la sensibilit\u00e0 nei confronti dei clienti, rispondendo principalmente ai fabbisogni espressi e supportandoli nella formulazione delle necessit\u00e0 ancora in fieri.<\/p>\n<\/li>\n<\/ul>\n<\/div>\n<\/div>\n<\/div>\n<\/div>\n<\/div>\n<\/div>\n<\/div>\n<\/div>\n<\/section><\/div>\n\t\t\t\t<\/div>\n\t\t\t\t<\/div>\n\t\t\t\t\t\t<\/div>\n\t\t\t\t\t<\/div>\n\t\t<\/div>\n\t\t\t\t\t\t\t\t<\/div>\n\t\t\t\t\t<\/div>\n\t\t<\/section>\n\t\t\t\t<section class=\"elementor-section elementor-top-section elementor-element elementor-element-f0d8f69 elementor-section-stretched elementor-hidden-desktop elementor-hidden-tablet elementor-hidden-phone elementor-section-boxed elementor-section-height-default elementor-section-height-default\" data-id=\"f0d8f69\" data-element_type=\"section\" data-settings=\"{&quot;stretch_section&quot;:&quot;section-stretched&quot;,&quot;background_background&quot;:&quot;classic&quot;}\">\n\t\t\t\t\t\t<div class=\"elementor-container elementor-column-gap-default\">\n\t\t\t\t\t\t\t<div class=\"elementor-row\">\n\t\t\t\t\t<div class=\"elementor-column elementor-col-100 elementor-top-column elementor-element elementor-element-ddd0b94\" data-id=\"ddd0b94\" data-element_type=\"column\">\n\t\t\t<div class=\"elementor-column-wrap elementor-element-populated\">\n\t\t\t\t\t\t\t<div class=\"elementor-widget-wrap\">\n\t\t\t\t\t\t<div class=\"elementor-element elementor-element-8fb3d2c elementor-widget elementor-widget-text-editor\" data-id=\"8fb3d2c\" data-element_type=\"widget\" data-widget_type=\"text-editor.default\">\n\t\t\t\t<div class=\"elementor-widget-container\">\n\t\t\t\t\t<div class=\"elementor-text-editor elementor-clearfix\"><p style=\"text-align: left;\">ECOLE adotta un Sistema di Gestione per la Qualit\u00e0 relativo ai servizi di formazione e servizi al lavoro, per cui ha ottenuto la Certificazione di Qualit\u00e0 secondo la norma <strong>ISO 9001:2015<\/strong>\u00a0da parte dell\u2019<strong>Ente Certificatore Bureau Veritas<\/strong>. Nello specifico la Certificazione riguarda il settore di attivit\u00e0 <strong>EA37 \u2013 Progettazione ed erogazione attivit\u00e0 formative, servizi al lavoro, eventi e formazione specifica per l&#8217;educazione continua in medicina (ECM).\u00a0<\/strong><\/p><\/div>\n\t\t\t\t<\/div>\n\t\t\t\t<\/div>\n\t\t\t\t\t\t<\/div>\n\t\t\t\t\t<\/div>\n\t\t<\/div>\n\t\t\t\t\t\t\t\t<\/div>\n\t\t\t\t\t<\/div>\n\t\t<\/section>\n\t\t\t\t<section class=\"elementor-section elementor-top-section elementor-element elementor-element-7914b22 elementor-section-stretched elementor-hidden-desktop elementor-hidden-tablet elementor-hidden-phone elementor-section-boxed elementor-section-height-default elementor-section-height-default\" data-id=\"7914b22\" data-element_type=\"section\" data-settings=\"{&quot;stretch_section&quot;:&quot;section-stretched&quot;,&quot;background_background&quot;:&quot;classic&quot;}\">\n\t\t\t\t\t\t<div class=\"elementor-container elementor-column-gap-default\">\n\t\t\t\t\t\t\t<div class=\"elementor-row\">\n\t\t\t\t\t<div class=\"elementor-column elementor-col-100 elementor-top-column elementor-element elementor-element-28774a0\" data-id=\"28774a0\" data-element_type=\"column\">\n\t\t\t<div class=\"elementor-column-wrap elementor-element-populated\">\n\t\t\t\t\t\t\t<div class=\"elementor-widget-wrap\">\n\t\t\t\t\t\t<section class=\"elementor-section elementor-inner-section elementor-element elementor-element-8746eb6 elementor-section-boxed elementor-section-height-default elementor-section-height-default\" data-id=\"8746eb6\" data-element_type=\"section\">\n\t\t\t\t\t\t<div class=\"elementor-container elementor-column-gap-default\">\n\t\t\t\t\t\t\t<div class=\"elementor-row\">\n\t\t\t\t\t<div class=\"elementor-column elementor-col-50 elementor-inner-column elementor-element elementor-element-5f72926\" data-id=\"5f72926\" data-element_type=\"column\">\n\t\t\t<div class=\"elementor-column-wrap elementor-element-populated\">\n\t\t\t\t\t\t\t<div class=\"elementor-widget-wrap\">\n\t\t\t\t\t\t<div class=\"elementor-element elementor-element-89a6e6d elementor-widget elementor-widget-text-editor\" data-id=\"89a6e6d\" data-element_type=\"widget\" data-widget_type=\"text-editor.default\">\n\t\t\t\t<div class=\"elementor-widget-container\">\n\t\t\t\t\t<div class=\"elementor-text-editor elementor-clearfix\"><section data-id=\"5e36dd0\" data-element_type=\"section\">\n<div>\n<div>\n<div data-id=\"814a7c0\" data-element_type=\"column\">\n<div>\n<div>\n<div data-id=\"4ef2352\" data-element_type=\"widget\" data-widget_type=\"heading.default\">\n<div>\n<p><span style=\"font-size: 16px;\">ECOLE ritiene che la qualit\u00e0 dei servizi erogati sia imprescindibile dalla qualit\u00e0 dei processi.\u00a0<\/span><\/p>\n<p><span style=\"font-size: 16px;\"><i>Qualit\u00e0<\/i> vuol dire rispondere ai requisiti imposti dagli enti finanziatori, appagando le esigenze delle aziende e dei singoli destinatari rispettivamente dei servizi e delle attivit\u00e0 formative.<\/span><\/p>\n<p>La nostra Politica trova le sue fondamenta ne:<\/p>\n<\/div>\n<\/div>\n<\/div>\n<\/div>\n<\/div>\n<\/div>\n<\/div>\n<\/section>\n<section data-id=\"dce2ece\" data-element_type=\"section\">\n<div>\n<div>\n<div data-id=\"e6b31de\" data-element_type=\"column\">\n<div>\n<div>\n<div data-id=\"72aeda9\" data-element_type=\"widget\" data-widget_type=\"text-editor.default\">\n<div>\n<div>\n<ul>\n<li>\n<p>il monitoraggio continuo degli obiettivi;<\/p>\n<\/li>\n<li>\n<p>il progresso costante garantito da audit interni ed esterni;\u00a0<\/p>\n<\/li>\n<li>\n<p>il focus costante sulle relazioni istituzionali;<\/p>\n<\/li>\n<li>\n<p>l\u2019impegno e la competenza dei collaboratori interni;\u00a0<\/p>\n<\/li>\n<li>\n<p>la diffusione e applicazione del nostro Codice Etico.<\/p>\n<\/li>\n<\/ul>\n<div>\n<p>I risultati attesi:\u00a0<\/p>\n<\/div>\n<ul>\n<li>\n<p>alimentare il miglioramento continuo;<\/p>\n<\/li>\n<li>\n<p>\u201ccavalcare il cambiamento,\u201d anticipando le esigenze dettate dal mercato;<\/p>\n<\/li>\n<li>\n<p>potenziare la sensibilit\u00e0 nei confronti dei clienti, rispondendo principalmente ai fabbisogni espressi e supportandoli nella formulazione delle necessit\u00e0 ancora in fieri.<\/p>\n<\/li>\n<\/ul>\n<\/div>\n<\/div>\n<\/div>\n<\/div>\n<\/div>\n<\/div>\n<\/div>\n<\/div>\n<\/section><\/div>\n\t\t\t\t<\/div>\n\t\t\t\t<\/div>\n\t\t\t\t\t\t<\/div>\n\t\t\t\t\t<\/div>\n\t\t<\/div>\n\t\t\t\t<div class=\"elementor-column elementor-col-50 elementor-inner-column elementor-element elementor-element-efff6d7\" data-id=\"efff6d7\" data-element_type=\"column\">\n\t\t\t<div class=\"elementor-column-wrap elementor-element-populated\">\n\t\t\t\t\t\t\t<div class=\"elementor-widget-wrap\">\n\t\t\t\t\t\t<div class=\"elementor-element elementor-element-2276236 elementor-widget elementor-widget-text-editor\" data-id=\"2276236\" data-element_type=\"widget\" data-widget_type=\"text-editor.default\">\n\t\t\t\t<div class=\"elementor-widget-container\">\n\t\t\t\t\t<div class=\"elementor-text-editor elementor-clearfix\"><ul style=\"list-style-type: square;\">\n<li>Visualizza l&#8217;attestato: <a href=\"https:\/\/www.myecole.it\/ooc\/wp-content\/uploads\/2020\/01\/ECOLE-SOC.-CONSORTILE-A-R.L.-ITA.pdf\" target=\"_blank\" rel=\"noopener\">ITA<\/a> \/ <a href=\"https:\/\/www.myecole.it\/ooc\/wp-content\/uploads\/2020\/01\/ECOLE-SOC.-CONSORTILE-A-R.L.-ING.pdf\" target=\"_blank\" rel=\"noopener\">ENG<\/a><\/li>\n<li><a href=\"https:\/\/www.myecole.it\/ooc\/wp-content\/uploads\/2020\/01\/Politica-Qualit\u00e0-vers03-16-07-25.pdf\" target=\"_blank\" rel=\"noopener\">La nostra politica per la qualit\u00e0\u00a0<\/a><\/li>\n<li>Il nostro <a href=\"https:\/\/www.myecole.it\/ooc\/wp-content\/uploads\/2020\/01\/slogan-PdQ-16-05-23.docx\" target=\"_blank\" rel=\"noopener\">slogan<\/a><\/li>\n<\/ul><\/div>\n\t\t\t\t<\/div>\n\t\t\t\t<\/div>\n\t\t\t\t\t\t<\/div>\n\t\t\t\t\t<\/div>\n\t\t<\/div>\n\t\t\t\t\t\t\t\t<\/div>\n\t\t\t\t\t<\/div>\n\t\t<\/section>\n\t\t\t\t\t\t<\/div>\n\t\t\t\t\t<\/div>\n\t\t<\/div>\n\t\t\t\t\t\t\t\t<\/div>\n\t\t\t\t\t<\/div>\n\t\t<\/section>\n\t\t\t\t\t\t<\/div>\n\t\t\t\t\t\t<\/div>\n\t\t\t\t\t<\/div>\n\t\t","protected":false},"excerpt":{"rendered":"<p>chi siamo Le politiche per la qualit\u00e0 Attestato ITA Politica per la qualit\u00e0 Le politiche per la qualit\u00e0 ECOLE adotta un Sistema di Gestione per la Qualit\u00e0 relativo ai servizi di formazione e servizi al lavoro, per cui ha ottenuto la Certificazione di Qualit\u00e0 secondo la norma ISO 9001:2015\u00a0da parte dell\u2019Ente Certificatore Bureau Veritas. Nello.<\/p>\n","protected":false},"author":1,"featured_media":0,"parent":228,"menu_order":0,"comment_status":"closed","ping_status":"closed","template":"","meta":{"footnotes":""},"_links":{"self":[{"href":"https:\/\/www.myecole.it\/ooc\/wp-json\/wp\/v2\/pages\/2741"}],"collection":[{"href":"https:\/\/www.myecole.it\/ooc\/wp-json\/wp\/v2\/pages"}],"about":[{"href":"https:\/\/www.myecole.it\/ooc\/wp-json\/wp\/v2\/types\/page"}],"author":[{"embeddable":true,"href":"https:\/\/www.myecole.it\/ooc\/wp-json\/wp\/v2\/users\/1"}],"replies":[{"embeddable":true,"href":"https:\/\/www.myecole.it\/ooc\/wp-json\/wp\/v2\/comments?post=2741"}],"version-history":[{"count":4,"href":"https:\/\/www.myecole.it\/ooc\/wp-json\/wp\/v2\/pages\/2741\/revisions"}],"predecessor-version":[{"id":21419,"href":"https:\/\/www.myecole.it\/ooc\/wp-json\/wp\/v2\/pages\/2741\/revisions\/21419"}],"up":[{"embeddable":true,"href":"https:\/\/www.myecole.it\/ooc\/wp-json\/wp\/v2\/pages\/228"}],"wp:attachment":[{"href":"https:\/\/www.myecole.it\/ooc\/wp-json\/wp\/v2\/media?parent=2741"}],"curies":[{"name":"wp","href":"https:\/\/api.w.org\/{rel}","templated":true}]}}