{"id":2746,"date":"2016-11-16T11:14:27","date_gmt":"2016-11-16T10:14:27","guid":{"rendered":"https:\/\/www.myecole.it\/ooc\/?page_id=2746"},"modified":"2019-07-08T11:04:12","modified_gmt":"2019-07-08T09:04:12","slug":"pcto","status":"publish","type":"page","link":"https:\/\/www.myecole.it\/ooc\/ecole-per-i-giovani\/pcto\/","title":{"rendered":"PCTO"},"content":{"rendered":"\t\t<div data-elementor-type=\"wp-post\" data-elementor-id=\"2746\" class=\"elementor elementor-2746\" data-elementor-settings=\"[]\">\n\t\t\t\t\t\t<div class=\"elementor-inner\">\n\t\t\t\t\t\t\t<div class=\"elementor-section-wrap\">\n\t\t\t\t\t\t\t<section class=\"elementor-section elementor-top-section elementor-element elementor-element-6eb93c0 elementor-section-boxed elementor-section-height-default elementor-section-height-default\" data-id=\"6eb93c0\" data-element_type=\"section\">\n\t\t\t\t\t\t<div class=\"elementor-container elementor-column-gap-default\">\n\t\t\t\t\t\t\t<div class=\"elementor-row\">\n\t\t\t\t\t<div class=\"elementor-column elementor-col-100 elementor-top-column elementor-element elementor-element-a241fbb\" data-id=\"a241fbb\" data-element_type=\"column\">\n\t\t\t<div class=\"elementor-column-wrap elementor-element-populated\">\n\t\t\t\t\t\t\t<div class=\"elementor-widget-wrap\">\n\t\t\t\t\t\t<div class=\"elementor-element elementor-element-89aad48 elementor-widget elementor-widget-lae-heading\" data-id=\"89aad48\" data-element_type=\"widget\" data-widget_type=\"lae-heading.default\">\n\t\t\t\t<div class=\"elementor-widget-container\">\n\t\t\t\n   <!--       -->\n\n        <div class=\"lae-heading lae-style3 lae-aligncenter\" >\n\n            \n            <h1 class=\"lae-title\">Percorsi per le competenze trasversali e per l'orientamento (PCTO)<\/h1>\n\n            \n        <\/div>\n\n        \t\t<\/div>\n\t\t\t\t<\/div>\n\t\t\t\t\t\t<\/div>\n\t\t\t\t\t<\/div>\n\t\t<\/div>\n\t\t\t\t\t\t\t\t<\/div>\n\t\t\t\t\t<\/div>\n\t\t<\/section>\n\t\t\t\t<section class=\"elementor-section elementor-top-section elementor-element elementor-element-b653ef0 elementor-section-stretched elementor-section-height-min-height elementor-section-boxed elementor-section-height-default elementor-section-items-middle\" data-id=\"b653ef0\" data-element_type=\"section\" data-settings=\"{&quot;stretch_section&quot;:&quot;section-stretched&quot;,&quot;background_background&quot;:&quot;classic&quot;}\">\n\t\t\t\t\t\t\t<div class=\"elementor-background-overlay\"><\/div>\n\t\t\t\t\t\t\t<div class=\"elementor-container elementor-column-gap-default\">\n\t\t\t\t\t\t\t<div class=\"elementor-row\">\n\t\t\t\t\t<div class=\"elementor-column elementor-col-100 elementor-top-column elementor-element elementor-element-ad34b35\" data-id=\"ad34b35\" data-element_type=\"column\">\n\t\t\t<div class=\"elementor-column-wrap\">\n\t\t\t\t\t\t\t<div class=\"elementor-widget-wrap\">\n\t\t\t\t\t\t\t\t<\/div>\n\t\t\t\t\t<\/div>\n\t\t<\/div>\n\t\t\t\t\t\t\t\t<\/div>\n\t\t\t\t\t<\/div>\n\t\t<\/section>\n\t\t\t\t<section class=\"elementor-section elementor-top-section elementor-element elementor-element-5475f87 elementor-section-boxed elementor-section-height-default elementor-section-height-default\" data-id=\"5475f87\" data-element_type=\"section\">\n\t\t\t\t\t\t<div class=\"elementor-container elementor-column-gap-default\">\n\t\t\t\t\t\t\t<div class=\"elementor-row\">\n\t\t\t\t\t<div class=\"elementor-column elementor-col-100 elementor-top-column elementor-element elementor-element-1f08a6a\" data-id=\"1f08a6a\" data-element_type=\"column\">\n\t\t\t<div class=\"elementor-column-wrap elementor-element-populated\">\n\t\t\t\t\t\t\t<div class=\"elementor-widget-wrap\">\n\t\t\t\t\t\t<div class=\"elementor-element elementor-element-4bb52e0 elementor-widget elementor-widget-spacer\" data-id=\"4bb52e0\" data-element_type=\"widget\" data-widget_type=\"spacer.default\">\n\t\t\t\t<div class=\"elementor-widget-container\">\n\t\t\t\t\t<div class=\"elementor-spacer\">\n\t\t\t<div class=\"elementor-spacer-inner\"><\/div>\n\t\t<\/div>\n\t\t\t\t<\/div>\n\t\t\t\t<\/div>\n\t\t\t\t\t\t<\/div>\n\t\t\t\t\t<\/div>\n\t\t<\/div>\n\t\t\t\t\t\t\t\t<\/div>\n\t\t\t\t\t<\/div>\n\t\t<\/section>\n\t\t\t\t<section class=\"elementor-section elementor-top-section elementor-element elementor-element-d29f8b8 elementor-section-stretched elementor-section-boxed elementor-section-height-default elementor-section-height-default\" data-id=\"d29f8b8\" data-element_type=\"section\" data-settings=\"{&quot;stretch_section&quot;:&quot;section-stretched&quot;}\">\n\t\t\t\t\t\t<div class=\"elementor-container elementor-column-gap-default\">\n\t\t\t\t\t\t\t<div class=\"elementor-row\">\n\t\t\t\t\t<div class=\"elementor-column elementor-col-66 elementor-top-column elementor-element elementor-element-62d4cd7\" data-id=\"62d4cd7\" data-element_type=\"column\">\n\t\t\t<div class=\"elementor-column-wrap elementor-element-populated\">\n\t\t\t\t\t\t\t<div class=\"elementor-widget-wrap\">\n\t\t\t\t\t\t<div class=\"elementor-element elementor-element-475a1bc elementor-widget elementor-widget-text-editor\" data-id=\"475a1bc\" data-element_type=\"widget\" data-widget_type=\"text-editor.default\">\n\t\t\t\t<div class=\"elementor-widget-container\">\n\t\t\t\t\t<div class=\"elementor-text-editor elementor-clearfix\"><p>ECOLE accompagna le scuole e le aziende a trasformare un obbligo in\u00a0 un&#8217; opportunit\u00e0.<\/p>\n<p>I Percorsi per le Competenze Trasversali per l&#8217;Orientamento (ex. ASL) sono delle esperienze educative e formative che la scuola progetta insieme alle aziende, istituzioni o alle associazioni, con il fine di dare opportunit\u00e0 agli studenti di crescita personale e professionale di elevata qualit\u00e0. Queste esperienze favoriscono una visione ampia dei vari aspetti legati a un\u2019attivit\u00e0 professionale, per avere pi\u00f9 chiare le reali possibilit\u00e0 di lavoro. Si tratta di un modello di apprendimento che permette ai ragazzi della scuola secondaria superiore, tra i 15 e i 18 anni, di svolgere una parte del percorso di istruzione presso un\u2019Impresa o un Ente del territorio.<\/p>\n<p>Con l&#8217;obiettivo di far diventare la scuola la pi\u00f9 efficace politica strutturale a favore della crescita e della formazione di nuove competenze, contro la disoccupazione e il disallineamento tra domanda e offerta nel mercato del lavoro. Per questo, deve aprirsi al territorio, chiedendo alla societ\u00e0 di rendere tutti gli studenti protagonisti consapevoli delle scelte per il proprio futuro.<\/p>\n<p>Con la<em> Legge di Bilancio 2019<\/em> numero di ore da destinare ai Percorsi per le Competenze Trasversali e per l\u2019Orientamento \u00e8 cambiato:\u00a0<\/p>\n<ul>\n<li>\n<p>una durata non inferiore a\u00a0210 ore<strong>\u00a0<\/strong>nel triennio terminale del percorso di studi degli\u00a0Istituti Professionali;<\/p>\n<\/li>\n<li>\n<p>una durata non inferiore a 150 ore<strong>\u00a0<\/strong>nel secondo biennio e nell\u2019ultimo anno del percorso di studi degli\u00a0Istituti Tecnici;<\/p>\n<\/li>\n<li>\n<p>una durata non inferiore a 90 ore nel secondo biennio e nel quinto anno dei\u00a0Licei.<\/p>\n<\/li>\n<\/ul><\/div>\n\t\t\t\t<\/div>\n\t\t\t\t<\/div>\n\t\t\t\t\t\t<\/div>\n\t\t\t\t\t<\/div>\n\t\t<\/div>\n\t\t\t\t<div class=\"elementor-column elementor-col-33 elementor-top-column elementor-element elementor-element-7457498\" data-id=\"7457498\" data-element_type=\"column\">\n\t\t\t<div class=\"elementor-column-wrap elementor-element-populated\">\n\t\t\t\t\t\t\t<div class=\"elementor-widget-wrap\">\n\t\t\t\t\t\t<div class=\"elementor-element elementor-element-53e18c0 elementor-view-stacked elementor-shape-circle elementor-widget elementor-widget-icon\" data-id=\"53e18c0\" data-element_type=\"widget\" data-widget_type=\"icon.default\">\n\t\t\t\t<div class=\"elementor-widget-container\">\n\t\t\t\t\t<div class=\"elementor-icon-wrapper\">\n\t\t\t<div class=\"elementor-icon elementor-animation-grow\">\n\t\t\t\t\t\t\t<i class=\"fa fa-link\" aria-hidden=\"true\"><\/i>\n\t\t\t\t\t\t<\/div>\n\t\t<\/div>\n\t\t\t\t<\/div>\n\t\t\t\t<\/div>\n\t\t\t\t<div class=\"elementor-element elementor-element-cccb426 elementor-widget elementor-widget-bddex-link-effects\" data-id=\"cccb426\" data-element_type=\"widget\" data-widget_type=\"bddex-link-effects.default\">\n\t\t\t\t<div class=\"elementor-widget-container\">\n\t\t\t\n\n        <a href=\"https:\/\/www.miur.gov.it\/\" target=\"_blank\" class=\"pa-link pa-link-effect-5\">\n            <span data-hover=\"Sito Ministeriale MiUR\">\n                Sito Ministeriale MiUR            <\/span>\n                    <\/a>\n\n        \t\t<\/div>\n\t\t\t\t<\/div>\n\t\t\t\t<div class=\"elementor-element elementor-element-c0f8b2c elementor-widget elementor-widget-bddex-link-effects\" data-id=\"c0f8b2c\" data-element_type=\"widget\" data-widget_type=\"bddex-link-effects.default\">\n\t\t\t\t<div class=\"elementor-widget-container\">\n\t\t\t\n\n        <a href=\"https:\/\/www.myecole.it\/ooc\/wp-content\/uploads\/2017\/02\/guidaASLinterattiva.pdf\" target=\"_blank\" class=\"pa-link pa-link-effect-5\">\n            <span data-hover=\"Guida del Ministero\">\n                Guida del Ministero            <\/span>\n                    <\/a>\n\n        \t\t<\/div>\n\t\t\t\t<\/div>\n\t\t\t\t<div class=\"elementor-element elementor-element-efff34b elementor-widget elementor-widget-bddex-link-effects\" data-id=\"efff34b\" data-element_type=\"widget\" data-widget_type=\"bddex-link-effects.default\">\n\t\t\t\t<div class=\"elementor-widget-container\">\n\t\t\t\n\n        <a href=\"https:\/\/www.myecole.it\/ooc\/il-progetto-per-lalternanza-di-ucimu-sistemi-per-produrre\" target=\"_blank\" class=\"pa-link pa-link-effect-5\">\n            <span data-hover=\"Il progetto UCIMU\">\n                Il progetto UCIMU            <\/span>\n                    <\/a>\n\n        \t\t<\/div>\n\t\t\t\t<\/div>\n\t\t\t\t<div class=\"elementor-element elementor-element-0a73e3f elementor-widget elementor-widget-bddex-link-effects\" data-id=\"0a73e3f\" data-element_type=\"widget\" data-widget_type=\"bddex-link-effects.default\">\n\t\t\t\t<div class=\"elementor-widget-container\">\n\t\t\t\n\n        <a href=\"https:\/\/www.myecole.it\/ooc\/wp-content\/uploads\/2017\/02\/Ricerca_Alternanza-scuola-lavoro_le-condizioni-per-il-successo.pdf\" target=\"_blank\" class=\"pa-link pa-link-effect-5\">\n            <span data-hover=\"La ricerca di Assolombarda\">\n                La ricerca di Assolombarda            <\/span>\n                    <\/a>\n\n        \t\t<\/div>\n\t\t\t\t<\/div>\n\t\t\t\t<div class=\"elementor-element elementor-element-c167149 elementor-widget elementor-widget-spacer\" data-id=\"c167149\" data-element_type=\"widget\" data-widget_type=\"spacer.default\">\n\t\t\t\t<div class=\"elementor-widget-container\">\n\t\t\t\t\t<div class=\"elementor-spacer\">\n\t\t\t<div class=\"elementor-spacer-inner\"><\/div>\n\t\t<\/div>\n\t\t\t\t<\/div>\n\t\t\t\t<\/div>\n\t\t\t\t<div class=\"elementor-element elementor-element-7deb3a0 elementor-widget elementor-widget-text-editor\" data-id=\"7deb3a0\" data-element_type=\"widget\" data-widget_type=\"text-editor.default\">\n\t\t\t\t<div class=\"elementor-widget-container\">\n\t\t\t\t\t<div class=\"elementor-text-editor elementor-clearfix\"><p>In collaborazione con:<\/p><\/div>\n\t\t\t\t<\/div>\n\t\t\t\t<\/div>\n\t\t\t\t<div class=\"elementor-element elementor-element-9ff0ff5 elementor-widget elementor-widget-image\" data-id=\"9ff0ff5\" data-element_type=\"widget\" data-widget_type=\"image.default\">\n\t\t\t\t<div class=\"elementor-widget-container\">\n\t\t\t\t\t<div class=\"elementor-image\">\n\t\t\t\t\t\t\t\t\t\t\t<a href=\"http:\/\/www.regione.lombardia.it\/wps\/portal\/istituzionale\" target=\"_blank\">\n\t\t\t\t\t\t\t<img loading=\"lazy\" decoding=\"async\" width=\"300\" height=\"91\" src=\"https:\/\/www.myecole.it\/ooc\/wp-content\/uploads\/2019\/06\/Logo_REG_LOMBARDIA_oriz-300x91.jpg\" class=\"attachment-medium size-medium\" alt=\"\" srcset=\"https:\/\/www.myecole.it\/ooc\/wp-content\/uploads\/2019\/06\/Logo_REG_LOMBARDIA_oriz-300x91.jpg 300w, https:\/\/www.myecole.it\/ooc\/wp-content\/uploads\/2019\/06\/Logo_REG_LOMBARDIA_oriz-340x103.jpg 340w, https:\/\/www.myecole.it\/ooc\/wp-content\/uploads\/2019\/06\/Logo_REG_LOMBARDIA_oriz.jpg 652w\" sizes=\"(max-width: 300px) 100vw, 300px\" \/>\t\t\t\t\t\t\t\t<\/a>\n\t\t\t\t\t\t\t\t\t\t\t<\/div>\n\t\t\t\t<\/div>\n\t\t\t\t<\/div>\n\t\t\t\t\t\t<\/div>\n\t\t\t\t\t<\/div>\n\t\t<\/div>\n\t\t\t\t\t\t\t\t<\/div>\n\t\t\t\t\t<\/div>\n\t\t<\/section>\n\t\t\t\t\t\t<\/div>\n\t\t\t\t\t\t<\/div>\n\t\t\t\t\t<\/div>\n\t\t","protected":false},"excerpt":{"rendered":"<p>Percorsi per le competenze trasversali e per l&#8217;orientamento (PCTO) ECOLE accompagna le scuole e le aziende a trasformare un obbligo in&nbsp; un&#8217; opportunit\u00e0. I Percorsi per le Competenze Trasversali per l&#8217;Orientamento (ex. ASL) sono delle esperienze educative e formative che la scuola progetta insieme alle aziende, istituzioni o alle associazioni, con il fine di dare.<\/p>\n","protected":false},"author":1,"featured_media":0,"parent":4390,"menu_order":0,"comment_status":"closed","ping_status":"closed","template":"","meta":{"footnotes":""},"_links":{"self":[{"href":"https:\/\/www.myecole.it\/ooc\/wp-json\/wp\/v2\/pages\/2746"}],"collection":[{"href":"https:\/\/www.myecole.it\/ooc\/wp-json\/wp\/v2\/pages"}],"about":[{"href":"https:\/\/www.myecole.it\/ooc\/wp-json\/wp\/v2\/types\/page"}],"author":[{"embeddable":true,"href":"https:\/\/www.myecole.it\/ooc\/wp-json\/wp\/v2\/users\/1"}],"replies":[{"embeddable":true,"href":"https:\/\/www.myecole.it\/ooc\/wp-json\/wp\/v2\/comments?post=2746"}],"version-history":[{"count":0,"href":"https:\/\/www.myecole.it\/ooc\/wp-json\/wp\/v2\/pages\/2746\/revisions"}],"up":[{"embeddable":true,"href":"https:\/\/www.myecole.it\/ooc\/wp-json\/wp\/v2\/pages\/4390"}],"wp:attachment":[{"href":"https:\/\/www.myecole.it\/ooc\/wp-json\/wp\/v2\/media?parent=2746"}],"curies":[{"name":"wp","href":"https:\/\/api.w.org\/{rel}","templated":true}]}}