{"id":4860,"date":"2019-06-04T14:36:59","date_gmt":"2019-06-04T12:36:59","guid":{"rendered":"https:\/\/www.myecole.it\/ooc\/?page_id=4860"},"modified":"2019-07-15T12:03:03","modified_gmt":"2019-07-15T10:03:03","slug":"aderire-a-fondimpresa","status":"publish","type":"page","link":"https:\/\/www.myecole.it\/ooc\/finanziamenti\/fondimpresa\/aderire-a-fondimpresa\/","title":{"rendered":"Aderire a Fondimpresa"},"content":{"rendered":"\t\t<div data-elementor-type=\"wp-post\" data-elementor-id=\"4860\" class=\"elementor elementor-4860\" data-elementor-settings=\"[]\">\n\t\t\t\t\t\t<div class=\"elementor-inner\">\n\t\t\t\t\t\t\t<div class=\"elementor-section-wrap\">\n\t\t\t\t\t\t\t<section class=\"elementor-section elementor-top-section elementor-element elementor-element-8b10332 elementor-section-boxed elementor-section-height-default elementor-section-height-default\" data-id=\"8b10332\" data-element_type=\"section\">\n\t\t\t\t\t\t<div class=\"elementor-container elementor-column-gap-default\">\n\t\t\t\t\t\t\t<div class=\"elementor-row\">\n\t\t\t\t\t<div class=\"elementor-column elementor-col-100 elementor-top-column elementor-element elementor-element-6f15eb1\" data-id=\"6f15eb1\" data-element_type=\"column\">\n\t\t\t<div class=\"elementor-column-wrap elementor-element-populated\">\n\t\t\t\t\t\t\t<div class=\"elementor-widget-wrap\">\n\t\t\t\t\t\t<div class=\"elementor-element elementor-element-7dc6733 elementor-widget elementor-widget-lae-heading\" data-id=\"7dc6733\" data-element_type=\"widget\" data-widget_type=\"lae-heading.default\">\n\t\t\t\t<div class=\"elementor-widget-container\">\n\t\t\t\n   <!--       -->\n\n        <div class=\"lae-heading lae-style3 lae-aligncenter\" >\n\n            \n            <h1 class=\"lae-title\">Come aderire a fondimpresa<\/h1>\n\n            \n        <\/div>\n\n        \t\t<\/div>\n\t\t\t\t<\/div>\n\t\t\t\t\t\t<\/div>\n\t\t\t\t\t<\/div>\n\t\t<\/div>\n\t\t\t\t\t\t\t\t<\/div>\n\t\t\t\t\t<\/div>\n\t\t<\/section>\n\t\t\t\t<section class=\"elementor-section elementor-top-section elementor-element elementor-element-4c85e6c elementor-section-stretched elementor-section-boxed elementor-section-height-default elementor-section-height-default\" data-id=\"4c85e6c\" data-element_type=\"section\" data-settings=\"{&quot;stretch_section&quot;:&quot;section-stretched&quot;}\">\n\t\t\t\t\t\t<div class=\"elementor-container elementor-column-gap-default\">\n\t\t\t\t\t\t\t<div class=\"elementor-row\">\n\t\t\t\t\t<div class=\"elementor-column elementor-col-50 elementor-top-column elementor-element elementor-element-30b42a2\" data-id=\"30b42a2\" data-element_type=\"column\">\n\t\t\t<div class=\"elementor-column-wrap elementor-element-populated\">\n\t\t\t\t\t\t\t<div class=\"elementor-widget-wrap\">\n\t\t\t\t\t\t<section class=\"elementor-section elementor-inner-section elementor-element elementor-element-a1d7b7f elementor-section-boxed elementor-section-height-default elementor-section-height-default\" data-id=\"a1d7b7f\" data-element_type=\"section\">\n\t\t\t\t\t\t<div class=\"elementor-container elementor-column-gap-default\">\n\t\t\t\t\t\t\t<div class=\"elementor-row\">\n\t\t\t\t\t<div class=\"elementor-column elementor-col-50 elementor-inner-column elementor-element elementor-element-553f211\" data-id=\"553f211\" data-element_type=\"column\">\n\t\t\t<div class=\"elementor-column-wrap elementor-element-populated\">\n\t\t\t\t\t\t\t<div class=\"elementor-widget-wrap\">\n\t\t\t\t\t\t<div class=\"elementor-element elementor-element-6aa2805 elementor-widget elementor-widget-spacer\" data-id=\"6aa2805\" data-element_type=\"widget\" data-widget_type=\"spacer.default\">\n\t\t\t\t<div class=\"elementor-widget-container\">\n\t\t\t\t\t<div class=\"elementor-spacer\">\n\t\t\t<div class=\"elementor-spacer-inner\"><\/div>\n\t\t<\/div>\n\t\t\t\t<\/div>\n\t\t\t\t<\/div>\n\t\t\t\t<div class=\"elementor-element elementor-element-5c6c651 elementor-widget elementor-widget-heading\" data-id=\"5c6c651\" data-element_type=\"widget\" data-widget_type=\"heading.default\">\n\t\t\t\t<div class=\"elementor-widget-container\">\n\t\t\t<h3 class=\"elementor-heading-title elementor-size-default\"><i>La cassetta degli attrezzi per una corretta adesione <\/i><\/h3>\t\t<\/div>\n\t\t\t\t<\/div>\n\t\t\t\t\t\t<\/div>\n\t\t\t\t\t<\/div>\n\t\t<\/div>\n\t\t\t\t<div class=\"elementor-column elementor-col-50 elementor-inner-column elementor-element elementor-element-64ad912\" data-id=\"64ad912\" data-element_type=\"column\">\n\t\t\t<div class=\"elementor-column-wrap elementor-element-populated\">\n\t\t\t\t\t\t\t<div class=\"elementor-widget-wrap\">\n\t\t\t\t\t\t<div class=\"elementor-element elementor-element-c38dd90 elementor-widget elementor-widget-image\" data-id=\"c38dd90\" data-element_type=\"widget\" data-widget_type=\"image.default\">\n\t\t\t\t<div class=\"elementor-widget-container\">\n\t\t\t\t\t<div class=\"elementor-image\">\n\t\t\t\t\t\t\t\t\t\t<img loading=\"lazy\" decoding=\"async\" width=\"262\" height=\"262\" src=\"https:\/\/www.myecole.it\/ooc\/wp-content\/uploads\/2019\/06\/oggetti-262x262.jpg\" class=\"attachment-bddex-team size-bddex-team\" alt=\"\" srcset=\"https:\/\/www.myecole.it\/ooc\/wp-content\/uploads\/2019\/06\/oggetti-262x262.jpg 262w, https:\/\/www.myecole.it\/ooc\/wp-content\/uploads\/2019\/06\/oggetti-150x150.jpg 150w, https:\/\/www.myecole.it\/ooc\/wp-content\/uploads\/2019\/06\/oggetti-300x300.jpg 300w, https:\/\/www.myecole.it\/ooc\/wp-content\/uploads\/2019\/06\/oggetti-768x768.jpg 768w, https:\/\/www.myecole.it\/ooc\/wp-content\/uploads\/2019\/06\/oggetti-1024x1024.jpg 1024w, https:\/\/www.myecole.it\/ooc\/wp-content\/uploads\/2019\/06\/oggetti-65x65.jpg 65w, https:\/\/www.myecole.it\/ooc\/wp-content\/uploads\/2019\/06\/oggetti-390x390.jpg 390w, https:\/\/www.myecole.it\/ooc\/wp-content\/uploads\/2019\/06\/oggetti-340x340.jpg 340w\" sizes=\"(max-width: 262px) 100vw, 262px\" \/>\t\t\t\t\t\t\t\t\t\t\t<\/div>\n\t\t\t\t<\/div>\n\t\t\t\t<\/div>\n\t\t\t\t\t\t<\/div>\n\t\t\t\t\t<\/div>\n\t\t<\/div>\n\t\t\t\t\t\t\t\t<\/div>\n\t\t\t\t\t<\/div>\n\t\t<\/section>\n\t\t\t\t<div class=\"elementor-element elementor-element-995652f elementor-widget elementor-widget-text-editor\" data-id=\"995652f\" data-element_type=\"widget\" data-widget_type=\"text-editor.default\">\n\t\t\t\t<div class=\"elementor-widget-container\">\n\t\t\t\t\t<div class=\"elementor-text-editor elementor-clearfix\"><div class=\"vc_row wpb_row vc_row-fluid vc_custom_1477316920999\" data-midnight=\"default\">\n<div class=\"wpb_column vc_column_container vc_col-sm-12\">\n<div class=\"vc_column-inner \">\n<div class=\"wpb_wrapper\">\n<div class=\"wpb_text_column wpb_content_element \">\n<div class=\"wpb_wrapper\">\n<p>Per aderire Fondimpresa e avere le risorse economiche necessarie per aggiornare o riqualificare i propri lavoratori basta seguire un percorso in due tappe. Passaggi semplici ma indispensabili per essere nelle condizioni di piena operativit\u00e0:<\/p>\n<h3><a style=\"background-color: #ffffff; font-family: Raleway;\" href=\"https:\/\/www.fondimpresa.it\/come-funzioniamo\/il-percorso\/aderisci\" target=\"_blank\" rel=\"noopener\">1. Aderire<\/a><\/h3>\n<p>Per aderire a Fondimpresa basta scegliere nella\u00a0<span style=\"color: #0c0c0c; font-family: Raleway;\"><i>DenunciaAziendale<\/i><\/span><span style=\"color: #0c0c0c; font-family: Raleway;\">\u00a0del flusso\u00a0<\/span><span style=\"color: #0c0c0c; font-family: Raleway;\">UNIEMENS<\/span><span style=\"color: #0c0c0c; font-family: Raleway;\">\u00a0aggregato, all\u2019interno dell\u2019elemento\u00a0<\/span><span style=\"color: #0c0c0c; font-family: Raleway;\"><i>FondoInterpro<\/i>f<\/span><span style=\"color: #0c0c0c; font-family: Raleway;\">, l\u2019opzione\u00a0<\/span><span style=\"color: #0c0c0c; font-family: Raleway;\"><i>Adesione<\/i><\/span><span style=\"color: #0c0c0c; font-family: Raleway;\">\u00a0selezionando il codice\u00a0<\/span><span style=\"color: #0c0c0c; font-family: Raleway;\"><i>FIMA<\/i><\/span><span style=\"color: #0c0c0c; font-family: Raleway;\">\u00a0e inserendo il numero dei dipendenti (solo quadri, impiegati e operai) interessati all\u2019obbligo contributivo.In questo modo, si indica la propria volont\u00e0 di affidare a Fondimpresa il proprio contributo INPS dello 0,30%.\u00a0Le aziende iscritte ad altro Fondo che intendono trasferire l\u2019adesione a Fondimpresa, devono invece comunicare la revoca dal precedente Fondo tramite la DenunciaAziendale del flusso UNIEMENS, inserendo all\u2019interno dell\u2019elemento FondoInterprof, opzione <i>Revoca<\/i>, il\u00a0<\/span><span style=\"color: #0c0c0c; font-family: Raleway;\"><i>codice REVO<\/i><\/span><span style=\"color: #0c0c0c; font-family: Raleway;\">\u00a0e selezionando, nella stessa <i>Denuncia<\/i>, il<i><b>\u00a0<\/b><\/i><\/span><span style=\"color: #0c0c0c; font-family: Raleway;\"><i>codice FIMA<\/i><\/span><span style=\"color: #0c0c0c; font-family: Raleway;\">\u00a0per aderire a Fondimpresa.<\/span><\/p>\n<h3><a href=\"https:\/\/www.fondimpresa.it\/come-funzioniamo\/il-percorso\/27-registrati\" target=\"_blank\" rel=\"noopener\">2. Registrarsi<\/a><\/h3>\n<p>Per verificare le risorse finanziarie disponibili sul Conto Formazione aziendale e presentare piani formativi condivisi e poter fruire di tutte le opportunit\u00e0 offerte da Fondimpresa occorre essere registrati all\u2019Area riservata del sito di Fondimpresa per ottenere le credenziali di accesso per la gestione delle proprie risorse.<\/p>\n<h3><b>Quanti tipi di Conti ci sono?<\/b><\/h3>\n<p>Le aziende che decidono di formare i propri dipendenti attraverso i canali di Fondimpresa possono accedere a\u00a0<strong>due <\/strong>diversi tipi di \u201cConti\u201d\u00a0che permettono ai dipendenti di iscriversi ai corsi a cui sono interessati o di cui necessitano a livello professionale.<\/p>\n<p>Esistono due tipi di conti, molto diversi tra loro:<\/p>\n<h3>1. Il Conto Formazione<\/h3>\n<\/div>\n<\/div>\n<\/div>\n<\/div>\n<\/div>\n<div class=\"wpb_column vc_column_container vc_col-sm-6\">\n<div class=\"vc_column-inner \">\n<div class=\"wpb_wrapper\">\n<div id=\"ts-fancy-list-6730028\" class=\"ts-fancy-list-container \">\n<div>\n<p>Si propone l\u2019obiettivo di aiutare le Imprese\u00a0<strong>accantonando nel conto delle singole aziende tra il 70% e l\u201980% dei contributi versati a Fondimpresa tramite l\u2019Inps.<\/strong><br \/>Le risorse accantonate nel Conto Formazione sono proporzionali al numero dei dipendenti in forza e\u00a0sono a completa disposizione dell\u2019impresa, che pu\u00f2 impiegarle con le modalit\u00e0 e le tempistiche che ritiene pi\u00f9 opportune<strong>\u00a0\u00a0<\/strong>presentando Piani Formativi aziendali e\/o interaziendali condivisi con le parti sociali.\u00a0Dal 1\u00b0 Gennaio 2015 le imprese possono decidere di versare l\u201980% sul conto di formazione.<\/p>\n<p>Inoltre, grazie a specifici avvisi emanati dal Fondo, l\u2019azienda pu\u00f2 ottenere, in aggiunta alle proprie risorse del conto formazione, un c.d.<strong>\u00a0<\/strong>Contributo Aggiuntivo, nei tempi e con le modalit\u00e0 specificate da ciascun avviso di riferimento.<\/p>\n<h3>2. Il Conto di Sistema<\/h3>\n<\/div>\n<\/div>\n<\/div>\n<\/div>\n<\/div>\n<div class=\"wpb_column vc_column_container vc_col-sm-12\">\n<div class=\"vc_column-inner \">\n<div class=\"wpb_wrapper\">\n<div id=\"ts-fancy-list-7374826\" class=\"ts-fancy-list-container \">\n<div>\n<p>E\u2019 un conto collettivo che utilizza il <b>26% dei contributi versati a Fondimpresa da tutte le aziende aderenti<\/b><strong>.<\/strong>\u00a0 L\u2019obiettivo \u00e8 quello di aiutare le piccole aziende che hanno pi\u00f9 difficolt\u00e0 ad accantonare risorse sul conto formazione, attraverso la presentazione di piani formativi comuni a pi\u00f9 imprese.\u00a0Queste risorse vengono utilizzate secondo una procedura di pubblicazione di Avvisi, che consente massima trasparenza e pari opportunit\u00e0 di accesso, pubblicati a cadenze periodiche e possono essere di carattere generalista o tematico.\u00a0Agli avvisi\u00a0 possono partecipare solo le aziende aderenti al fondo.<\/p>\n<\/div>\n<\/div>\n<\/div>\n<\/div>\n<\/div>\n<\/div><\/div>\n\t\t\t\t<\/div>\n\t\t\t\t<\/div>\n\t\t\t\t\t\t<\/div>\n\t\t\t\t\t<\/div>\n\t\t<\/div>\n\t\t\t\t<div class=\"elementor-column elementor-col-50 elementor-top-column elementor-element elementor-element-d3bcf15\" data-id=\"d3bcf15\" data-element_type=\"column\">\n\t\t\t<div class=\"elementor-column-wrap elementor-element-populated\">\n\t\t\t\t\t\t\t<div class=\"elementor-widget-wrap\">\n\t\t\t\t\t\t<div class=\"elementor-element elementor-element-1953903 elementor-widget elementor-widget-avas-timeline\" data-id=\"1953903\" data-element_type=\"widget\" data-widget_type=\"avas-timeline.default\">\n\t\t\t\t<div class=\"elementor-widget-container\">\n\t\t\t\n\t\t<div id=\"bddex-timeline-1953903\">\n\t\t\t<div class=\"bddex-timeline-container\">\n\t\t\t\t<div class=\"bddex-timeline-container\">\n\t\t\t\t\t\n\t\t\t\t\t\t\t\t\t\t\t\t\t\t\t\t\t\t\t\t<div class=\"bddex-timeline-block\">\n\t\t\t\t\t\t\t\t<div class=\"bddex-timeline-line\">\n\t\t\t\t\t\t\t\t\t<div class=\"bddex-timeline-inner\"><\/div>\n\t\t\t\t\t\t\t\t<\/div>\n\t\t\t\t\t\t\t\t<div class=\"bddex-timeline-img bddex-picture \">\n\t\t\t\t\t\t\t\t\t\t\t\t\t\t\t\t\t\t\t\t\t\t\t\t\t\t\t\t\t\t\t<i class=\"fa fa-pencil\"><\/i>\n\t\t\t\t\t\t\t\t\t\t\t\t\t\t\t\t\t\t\t<\/div>\n\n\t\t\t\t\t\t\t\t<div class=\"bddex-timeline-content\">\n\t\t\t\t\t\t\t\t\t\t\t\t\t\t\t\t\t\t\t<h2><a href=\"https:\/\/www.fondimpresa.it\/come-funzioniamo\/il-percorso\/aderisci target=\"_blank\" \">Adesione<\/a><\/h2>\n\t\t\t\t\t\t\t\t\t\t\t\t\t\t\t\t\t\t\t\t\t\t\t\t\t\t\t\t<p><\/p>\n\t\t\t\t\t\t\t\t\t\t\t\t\t\t\t\t\t\t\t\t\t\t\t\t\t\t\t\t<a href=\"https:\/\/www.fondimpresa.it\/come-funzioniamo\/il-percorso\/aderisci\" class=\"bddex-read-more\" target=\"_blank\"  >Click qui<\/a>\n\t\t\t\t\t\t\t\t\t\t\t\t\t\t\t\t\t\t\t\t\t\t\t\t\t\t\t\t<span class=\"bddex-date\">1<\/span>\n\t\t\t\t\t\t\t\t\t\t\t\t\t\t\t\t\t<\/div>\n\t\t\t\t\t\t\t<\/div>\n\t\t\t\t\t\t\t\t\t\t\t\t\t\t\t\t\t\t\t\t<div class=\"bddex-timeline-block\">\n\t\t\t\t\t\t\t\t<div class=\"bddex-timeline-line\">\n\t\t\t\t\t\t\t\t\t<div class=\"bddex-timeline-inner\"><\/div>\n\t\t\t\t\t\t\t\t<\/div>\n\t\t\t\t\t\t\t\t<div class=\"bddex-timeline-img bddex-picture \">\n\t\t\t\t\t\t\t\t\t\t\t\t\t\t\t\t\t\t\t\t\t\t\t\t\t\t\t\t\t\t\t<i class=\"fa fa-pencil-square-o\"><\/i>\n\t\t\t\t\t\t\t\t\t\t\t\t\t\t\t\t\t\t\t<\/div>\n\n\t\t\t\t\t\t\t\t<div class=\"bddex-timeline-content\">\n\t\t\t\t\t\t\t\t\t\t\t\t\t\t\t\t\t\t\t<h2><a href=\"https:\/\/www.fondimpresa.it\/come-funzioniamo\/il-percorso\/27-registrati target=\"_blank\" \">Registrazione online<\/a><\/h2>\n\t\t\t\t\t\t\t\t\t\t\t\t\t\t\t\t\t\t\t\t\t\t\t\t\t\t\t\t<p><\/p>\n\t\t\t\t\t\t\t\t\t\t\t\t\t\t\t\t\t\t\t\t\t\t\t\t\t\t\t\t<a href=\"https:\/\/www.fondimpresa.it\/come-funzioniamo\/il-percorso\/27-registrati\" class=\"bddex-read-more\" target=\"_blank\"  >Click qui<\/a>\n\t\t\t\t\t\t\t\t\t\t\t\t\t\t\t\t\t\t\t\t\t\t\t\t\t\t\t\t<span class=\"bddex-date\">2<\/span>\n\t\t\t\t\t\t\t\t\t\t\t\t\t\t\t\t\t<\/div>\n\t\t\t\t\t\t\t<\/div>\n\t\t\t\t\t\t\t\t\t\t\t\t\t\t\t\t\t\t\t\t<div class=\"bddex-timeline-block\">\n\t\t\t\t\t\t\t\t<div class=\"bddex-timeline-line\">\n\t\t\t\t\t\t\t\t\t<div class=\"bddex-timeline-inner\"><\/div>\n\t\t\t\t\t\t\t\t<\/div>\n\t\t\t\t\t\t\t\t<div class=\"bddex-timeline-img bddex-picture \">\n\t\t\t\t\t\t\t\t\t\t\t\t\t\t\t\t\t\t\t\t\t\t\t\t\t\t\t\t\t\t\t<i class=\"fa fa-mixcloud\"><\/i>\n\t\t\t\t\t\t\t\t\t\t\t\t\t\t\t\t\t\t\t<\/div>\n\n\t\t\t\t\t\t\t\t<div class=\"bddex-timeline-content\">\n\t\t\t\t\t\t\t\t\t\t\t\t\t\t\t\t\t\t\t<h2><a href=\"#  \">Consultazione conto aziendale online<\/a><\/h2>\n\t\t\t\t\t\t\t\t\t\t\t\t\t\t\t\t\t\t\t\t\t\t\t\t\t\t\t\t<p><\/p>\n\t\t\t\t\t\t\t\t\t\t\t\t\t\t\t\t\t\t\t\t\t\t\t\t\t\t\t\t\t\t\t\t\t\t\t\t\t<span class=\"bddex-date\">3<\/span>\n\t\t\t\t\t\t\t\t\t\t\t\t\t\t\t\t\t<\/div>\n\t\t\t\t\t\t\t<\/div>\n\t\t\t\t\t\t\t\t\t\t\t\t\t\t\t\t\t\t\t\t<div class=\"bddex-timeline-block\">\n\t\t\t\t\t\t\t\t<div class=\"bddex-timeline-line\">\n\t\t\t\t\t\t\t\t\t<div class=\"bddex-timeline-inner\"><\/div>\n\t\t\t\t\t\t\t\t<\/div>\n\t\t\t\t\t\t\t\t<div class=\"bddex-timeline-img bddex-picture \">\n\t\t\t\t\t\t\t\t\t\t\t\t\t\t\t\t\t\t\t\t\t\t\t\t\t\t\t\t\t\t\t<i class=\"fa fa-book\"><\/i>\n\t\t\t\t\t\t\t\t\t\t\t\t\t\t\t\t\t\t\t<\/div>\n\n\t\t\t\t\t\t\t\t<div class=\"bddex-timeline-content\">\n\t\t\t\t\t\t\t\t\t\t\t\t\t\t\t\t\t\t\t<h2><a href=\"#  \">Presentazione piano formativo<\/a><\/h2>\n\t\t\t\t\t\t\t\t\t\t\t\t\t\t\t\t\t\t\t\t\t\t\t\t\t\t\t\t<p><\/p>\n\t\t\t\t\t\t\t\t\t\t\t\t\t\t\t\t\t\t\t\t\t\t\t\t\t\t\t\t\t\t\t\t\t\t\t\t\t<span class=\"bddex-date\">4<\/span>\n\t\t\t\t\t\t\t\t\t\t\t\t\t\t\t\t\t<\/div>\n\t\t\t\t\t\t\t<\/div>\n\t\t\t\t\t\t\t\t\t\t\t\t\t\t\t\t\t\t\t\t<div class=\"bddex-timeline-block\">\n\t\t\t\t\t\t\t\t<div class=\"bddex-timeline-line\">\n\t\t\t\t\t\t\t\t\t<div class=\"bddex-timeline-inner\"><\/div>\n\t\t\t\t\t\t\t\t<\/div>\n\t\t\t\t\t\t\t\t<div class=\"bddex-timeline-img bddex-picture \">\n\t\t\t\t\t\t\t\t\t\t\t\t\t\t\t\t\t\t\t\t\t\t\t\t\t\t\t\t\t\t\t<i class=\"fa fa-angle-right\"><\/i>\n\t\t\t\t\t\t\t\t\t\t\t\t\t\t\t\t\t\t\t<\/div>\n\n\t\t\t\t\t\t\t\t<div class=\"bddex-timeline-content\">\n\t\t\t\t\t\t\t\t\t\t\t\t\t\t\t\t\t\t\t<h2><a href=\"#  \">Avvio delle attivit\u00e0 <\/a><\/h2>\n\t\t\t\t\t\t\t\t\t\t\t\t\t\t\t\t\t\t\t\t\t\t\t\t\t\t\t\t<p><\/p>\n\t\t\t\t\t\t\t\t\t\t\t\t\t\t\t\t\t\t\t\t\t\t\t\t\t\t\t\t\t\t\t\t\t\t\t\t\t<span class=\"bddex-date\">5<\/span>\n\t\t\t\t\t\t\t\t\t\t\t\t\t\t\t\t\t<\/div>\n\t\t\t\t\t\t\t<\/div>\n\t\t\t\t\t\t\t\t\t\t\t\t\t\t\t\t\t\t\t\t<div class=\"bddex-timeline-block\">\n\t\t\t\t\t\t\t\t<div class=\"bddex-timeline-line\">\n\t\t\t\t\t\t\t\t\t<div class=\"bddex-timeline-inner\"><\/div>\n\t\t\t\t\t\t\t\t<\/div>\n\t\t\t\t\t\t\t\t<div class=\"bddex-timeline-img bddex-picture \">\n\t\t\t\t\t\t\t\t\t\t\t\t\t\t\t\t\t\t\t\t\t\t\t\t\t\t\t\t\t\t\t<i class=\"fa fa-play-circle\"><\/i>\n\t\t\t\t\t\t\t\t\t\t\t\t\t\t\t\t\t\t\t<\/div>\n\n\t\t\t\t\t\t\t\t<div class=\"bddex-timeline-content\">\n\t\t\t\t\t\t\t\t\t\t\t\t\t\t\t\t\t\t\t<h2><a href=\"#  \">Trasmissione dati monitoraggio e valutazione <\/a><\/h2>\n\t\t\t\t\t\t\t\t\t\t\t\t\t\t\t\t\t\t\t\t\t\t\t\t\t\t\t\t<p><\/p>\n\t\t\t\t\t\t\t\t\t\t\t\t\t\t\t\t\t\t\t\t\t\t\t\t\t\t\t\t\t\t\t\t\t\t\t\t\t<span class=\"bddex-date\">6<\/span>\n\t\t\t\t\t\t\t\t\t\t\t\t\t\t\t\t\t<\/div>\n\t\t\t\t\t\t\t<\/div>\n\t\t\t\t\t\t\t\t\t\t\t\t\t\t\t\t\t\t\t\t<div class=\"bddex-timeline-block\">\n\t\t\t\t\t\t\t\t<div class=\"bddex-timeline-line\">\n\t\t\t\t\t\t\t\t\t<div class=\"bddex-timeline-inner\"><\/div>\n\t\t\t\t\t\t\t\t<\/div>\n\t\t\t\t\t\t\t\t<div class=\"bddex-timeline-img bddex-picture \">\n\t\t\t\t\t\t\t\t\t\t\t\t\t\t\t\t\t\t\t\t\t\t\t\t\t\t\t\t\t\t\t<i class=\"fa fa-pie-chart\"><\/i>\n\t\t\t\t\t\t\t\t\t\t\t\t\t\t\t\t\t\t\t<\/div>\n\n\t\t\t\t\t\t\t\t<div class=\"bddex-timeline-content\">\n\t\t\t\t\t\t\t\t\t\t\t\t\t\t\t\t\t\t\t<h2><a href=\"#  \">Rendicontazione e valutazione<\/a><\/h2>\n\t\t\t\t\t\t\t\t\t\t\t\t\t\t\t\t\t\t\t\t\t\t\t\t\t\t\t\t<p><\/p>\n\t\t\t\t\t\t\t\t\t\t\t\t\t\t\t\t\t\t\t\t\t\t\t\t\t\t\t\t\t\t\t\t\t\t\t\t\t<span class=\"bddex-date\">7<\/span>\n\t\t\t\t\t\t\t\t\t\t\t\t\t\t\t\t\t<\/div>\n\t\t\t\t\t\t\t<\/div>\n\t\t\t\t\t\t\t\t\t\t\t\t\t\t\t\t\t\t\t\t<div class=\"bddex-timeline-block\">\n\t\t\t\t\t\t\t\t<div class=\"bddex-timeline-line\">\n\t\t\t\t\t\t\t\t\t<div class=\"bddex-timeline-inner\"><\/div>\n\t\t\t\t\t\t\t\t<\/div>\n\t\t\t\t\t\t\t\t<div class=\"bddex-timeline-img bddex-picture \">\n\t\t\t\t\t\t\t\t\t\t\t\t\t\t\t\t\t\t\t\t\t\t\t\t\t\t\t\t\t\t\t<i class=\"fa fa-plus\"><\/i>\n\t\t\t\t\t\t\t\t\t\t\t\t\t\t\t\t\t\t\t<\/div>\n\n\t\t\t\t\t\t\t\t<div class=\"bddex-timeline-content\">\n\t\t\t\t\t\t\t\t\t\t\t\t\t\t\t\t\t\t\t<h2><a href=\"#  \">Erogazione del finanziamento<\/a><\/h2>\n\t\t\t\t\t\t\t\t\t\t\t\t\t\t\t\t\t\t\t\t\t\t\t\t\t\t\t\t<p><\/p>\n\t\t\t\t\t\t\t\t\t\t\t\t\t\t\t\t\t\t\t\t\t\t\t\t\t\t\t\t\t\t\t\t\t\t\t\t\t<span class=\"bddex-date\">8<\/span>\n\t\t\t\t\t\t\t\t\t\t\t\t\t\t\t\t\t<\/div>\n\t\t\t\t\t\t\t<\/div>\n\t\t\t\t\t\t\t\t\t\t\t\t\t\t\t<\/div>\n\t\t\t<\/div>\n\t\t<\/div>\n<script>\n\tjQuery(document).ready(function($) {\n\n\t\tvar contentContainer = $( '.bddex-timeline-container' ),\n\t\t\tcontentBlock = $( '.bddex-timeline-block' ),\n\t\t\tline = $( '.bddex-timeline-inner' );\n\n\t\tvar contentBlockHeight = [];\n\n\t\t$( window ).on( 'scroll', function(e) {\n\t\t\tcontentBlock.each(function( index ) {\n\t\t\t\tcontentBlockHeight.push( $(this).outerHeight() );\n\t\t\t\tif( $(this).find( '.highlight' ) ) {\n\t\t\t\t\t$(this).find( '.bddex-timeline-inner' ).css( 'height', contentBlockHeight[index] + 'px' );\n\t\t\t\t}\n\t\t\t});\n\n\t\t\tif( this.oldScroll > this.scrollY == false ) {\n\t\t\t\tthis.oldScroll = this.scrollY;\n\t\t\t\t\/\/ Scroll Down\n\t\t\t\t$( '.bddex-timeline-block.highlight' ).prev().find('.bddex-timeline-inner').removeClass( 'bddex-muted' ).addClass( 'bddex-highlighted' );\n\n\t\t\t}else if( this.oldScroll > this.scrollY == true ) {\n\t\t\t\tthis.oldScroll = this.scrollY;\n\t\t\t\t\/\/ Scroll Up\n\t\t\t\t$( '.bddex-timeline-block.highlight' ).find('.bddex-timeline-inner').addClass( 'bddex-prev-highlighted' );\n\t\t\t\t$( '.bddex-timeline-block.highlight' ).next().find('.bddex-timeline-inner').removeClass( 'bddex-highlighted' ).removeClass( 'bddex-prev-highlighted' ).addClass( 'bddex-muted' );\n\n\t\t\t}\n\t\t});\n\n\t});\n<\/script>\n\n        \t\t<\/div>\n\t\t\t\t<\/div>\n\t\t\t\t\t\t<\/div>\n\t\t\t\t\t<\/div>\n\t\t<\/div>\n\t\t\t\t\t\t\t\t<\/div>\n\t\t\t\t\t<\/div>\n\t\t<\/section>\n\t\t\t\t\t\t<\/div>\n\t\t\t\t\t\t<\/div>\n\t\t\t\t\t<\/div>\n\t\t","protected":false},"excerpt":{"rendered":"<p>Come aderire a fondimpresa La cassetta degli attrezzi per una corretta adesione Per aderire Fondimpresa e avere le risorse economiche necessarie per aggiornare o riqualificare i propri lavoratori basta seguire un percorso in due tappe. Passaggi semplici ma indispensabili per essere nelle condizioni di piena operativit\u00e0: 1. Aderire Per aderire a Fondimpresa basta scegliere nella&nbsp;DenunciaAziendale&nbsp;del.<\/p>\n","protected":false},"author":1,"featured_media":0,"parent":6016,"menu_order":0,"comment_status":"closed","ping_status":"closed","template":"","meta":{"footnotes":""},"_links":{"self":[{"href":"https:\/\/www.myecole.it\/ooc\/wp-json\/wp\/v2\/pages\/4860"}],"collection":[{"href":"https:\/\/www.myecole.it\/ooc\/wp-json\/wp\/v2\/pages"}],"about":[{"href":"https:\/\/www.myecole.it\/ooc\/wp-json\/wp\/v2\/types\/page"}],"author":[{"embeddable":true,"href":"https:\/\/www.myecole.it\/ooc\/wp-json\/wp\/v2\/users\/1"}],"replies":[{"embeddable":true,"href":"https:\/\/www.myecole.it\/ooc\/wp-json\/wp\/v2\/comments?post=4860"}],"version-history":[{"count":0,"href":"https:\/\/www.myecole.it\/ooc\/wp-json\/wp\/v2\/pages\/4860\/revisions"}],"up":[{"embeddable":true,"href":"https:\/\/www.myecole.it\/ooc\/wp-json\/wp\/v2\/pages\/6016"}],"wp:attachment":[{"href":"https:\/\/www.myecole.it\/ooc\/wp-json\/wp\/v2\/media?parent=4860"}],"curies":[{"name":"wp","href":"https:\/\/api.w.org\/{rel}","templated":true}]}}