{"id":6072,"date":"2019-06-24T17:14:19","date_gmt":"2019-06-24T15:14:19","guid":{"rendered":"https:\/\/www.myecole.it\/ooc\/?page_id=6072"},"modified":"2024-03-22T12:25:49","modified_gmt":"2024-03-22T11:25:49","slug":"avvisi-con-contributo-aggiuntivo","status":"publish","type":"page","link":"https:\/\/www.myecole.it\/ooc\/finanziamenti\/finanziamenti-chiusi\/avvisi-con-contributo-aggiuntivo\/","title":{"rendered":"Avvisi con contributo aggiuntivo"},"content":{"rendered":"\t\t<div data-elementor-type=\"wp-post\" data-elementor-id=\"6072\" class=\"elementor elementor-6072\" data-elementor-settings=\"[]\">\n\t\t\t\t\t\t<div class=\"elementor-inner\">\n\t\t\t\t\t\t\t<div class=\"elementor-section-wrap\">\n\t\t\t\t\t\t\t<section class=\"elementor-section elementor-top-section elementor-element elementor-element-bee4ec7 elementor-section-boxed elementor-section-height-default elementor-section-height-default\" data-id=\"bee4ec7\" data-element_type=\"section\">\n\t\t\t\t\t\t<div class=\"elementor-container elementor-column-gap-default\">\n\t\t\t\t\t\t\t<div class=\"elementor-row\">\n\t\t\t\t\t<div class=\"elementor-column elementor-col-100 elementor-top-column elementor-element elementor-element-a3ffe1f\" data-id=\"a3ffe1f\" data-element_type=\"column\">\n\t\t\t<div class=\"elementor-column-wrap elementor-element-populated\">\n\t\t\t\t\t\t\t<div class=\"elementor-widget-wrap\">\n\t\t\t\t\t\t<div class=\"elementor-element elementor-element-f6b20dd elementor-widget elementor-widget-lae-heading\" data-id=\"f6b20dd\" data-element_type=\"widget\" data-widget_type=\"lae-heading.default\">\n\t\t\t\t<div class=\"elementor-widget-container\">\n\t\t\t\n   <!--       -->\n\n        <div class=\"lae-heading lae-style3 lae-aligncenter\" >\n\n            \n            <h1 class=\"lae-title\">AVVISI CON CONTRIBUTO AGGIUNTIVO<\/h1>\n\n            \n        <\/div>\n\n        \t\t<\/div>\n\t\t\t\t<\/div>\n\t\t\t\t\t\t<\/div>\n\t\t\t\t\t<\/div>\n\t\t<\/div>\n\t\t\t\t\t\t\t\t<\/div>\n\t\t\t\t\t<\/div>\n\t\t<\/section>\n\t\t\t\t<section class=\"elementor-section elementor-top-section elementor-element elementor-element-c1de0ed elementor-section-boxed elementor-section-height-default elementor-section-height-default\" data-id=\"c1de0ed\" data-element_type=\"section\">\n\t\t\t\t\t\t<div class=\"elementor-container elementor-column-gap-default\">\n\t\t\t\t\t\t\t<div class=\"elementor-row\">\n\t\t\t\t\t<div class=\"elementor-column elementor-col-66 elementor-top-column elementor-element elementor-element-f90d063\" data-id=\"f90d063\" data-element_type=\"column\">\n\t\t\t<div class=\"elementor-column-wrap elementor-element-populated\">\n\t\t\t\t\t\t\t<div class=\"elementor-widget-wrap\">\n\t\t\t\t\t\t<div class=\"elementor-element elementor-element-f945198 elementor-widget elementor-widget-heading\" data-id=\"f945198\" data-element_type=\"widget\" data-widget_type=\"heading.default\">\n\t\t\t\t<div class=\"elementor-widget-container\">\n\t\t\t<h2 class=\"elementor-heading-title elementor-size-default\">Cos'\u00e8 il contributo aggiuntivo?<\/h2>\t\t<\/div>\n\t\t\t\t<\/div>\n\t\t\t\t<div class=\"elementor-element elementor-element-b299f80 elementor-widget elementor-widget-text-editor\" data-id=\"b299f80\" data-element_type=\"widget\" data-widget_type=\"text-editor.default\">\n\t\t\t\t<div class=\"elementor-widget-container\">\n\t\t\t\t\t<div class=\"elementor-text-editor elementor-clearfix\"><p>La possibilit\u00e0 di accedere ad \u201c<em>Avvisi con<strong> Contributo Aggiuntivo<\/strong><\/em>\u201d \u00e8 utile perch\u00e8 pu\u00f2 succedere che le imprese, soprattutto se di piccole dimensioni, non abbiano risorse nel proprio <strong>Conto Formazione<\/strong> (le risorse accantonate nel Conto Formazione di un&#8217;azienda sono infatti proporzionali al numero dei dipendenti e pertanto un&#8217;impresa che ne ha pochi, avr\u00e0 maggior difficolt\u00e0 ad accumulare la somma necessaria per coprire i propri fabbisogni formativi) per realizzare un determinato piano formativo. Per questo <strong>Fondimpresa<\/strong> prevede la possibilit\u00e0 di integrare le risorse del Conto Formazione con quelle del Conto Sistema. <strong>L\u2019azienda presenta il piano <\/strong>utilizzando le <strong>somme disponibili<\/strong> nel proprio Conto. <strong>Fondimpresa ci mette il resto <\/strong>(fino a un limite fissato):<strong> un contributo aggiuntivo che concorre a raggiungere l\u2019obiettivo della formazione su misura<\/strong>. La possibilit\u00e0 del contributo aggiuntivo \u00e8 offerta da Avvisi di finanziamento a sportello e focalizzata per target e\/o obiettivi. Tutti i piani formativi vanno condivisi con le rappresentanze sindacali.<\/p><\/div>\n\t\t\t\t<\/div>\n\t\t\t\t<\/div>\n\t\t\t\t<div class=\"elementor-element elementor-element-abcf4fd elementor-widget elementor-widget-heading\" data-id=\"abcf4fd\" data-element_type=\"widget\" data-widget_type=\"heading.default\">\n\t\t\t\t<div class=\"elementor-widget-container\">\n\t\t\t<h2 class=\"elementor-heading-title elementor-size-default\">Aree di formazione<\/h2>\t\t<\/div>\n\t\t\t\t<\/div>\n\t\t\t\t<div class=\"elementor-element elementor-element-72a6f04 elementor-widget elementor-widget-text-editor\" data-id=\"72a6f04\" data-element_type=\"widget\" data-widget_type=\"text-editor.default\">\n\t\t\t\t<div class=\"elementor-widget-container\">\n\t\t\t\t\t<div class=\"elementor-text-editor elementor-clearfix\"><p>L&#8217;offerta formativa con il contributo aggiuntivo fa riferimento a tutte le tematiche di maggior interesse aziendale e pu\u00f2 essere personalizzata ad hoc:<\/p>\n<ul>\n<li>\n<p>Contabilit\u00e0, Amministrazione e Controllo di Gestione<\/p>\n<\/li>\n<li>\n<p>Comunicazione, Marketing e Vendite<\/p>\n<\/li>\n<li>\n<p>Acquisti, Logistica e Commercio Estero<\/p>\n<\/li>\n<li>\n<p>Lean Management\u00a0<\/p>\n<\/li>\n<li>\n<p>Risorse Umane e Organizzazione<\/p>\n<\/li>\n<li>\n<p>Area Tecnica, Gestione Sistema Qualit\u00e0\u00a0<\/p>\n<\/li>\n<li>\n<p>Altre tematiche specifiche<\/p>\n<\/li>\n<\/ul><\/div>\n\t\t\t\t<\/div>\n\t\t\t\t<\/div>\n\t\t\t\t\t\t<\/div>\n\t\t\t\t\t<\/div>\n\t\t<\/div>\n\t\t\t\t<div class=\"elementor-column elementor-col-33 elementor-top-column elementor-element elementor-element-36e3f81\" data-id=\"36e3f81\" data-element_type=\"column\">\n\t\t\t<div class=\"elementor-column-wrap elementor-element-populated\">\n\t\t\t\t\t\t\t<div class=\"elementor-widget-wrap\">\n\t\t\t\t\t\t<div class=\"elementor-element elementor-element-396145a elementor-widget elementor-widget-heading\" data-id=\"396145a\" data-element_type=\"widget\" data-widget_type=\"heading.default\">\n\t\t\t\t<div class=\"elementor-widget-container\">\n\t\t\t<h2 class=\"elementor-heading-title elementor-size-default\">Avviso 2\/2019 - Fondimpresa<\/h2>\t\t<\/div>\n\t\t\t\t<\/div>\n\t\t\t\t<div class=\"elementor-element elementor-element-acea6a6 elementor-button-info elementor-align-justify elementor-widget elementor-widget-button\" data-id=\"acea6a6\" data-element_type=\"widget\" data-widget_type=\"button.default\">\n\t\t\t\t<div class=\"elementor-widget-container\">\n\t\t\t\t\t<div class=\"elementor-button-wrapper\">\n\t\t\t<a href=\"https:\/\/www.myecole.it\/ooc\/wp-content\/uploads\/2020\/02\/Avviso-2_2019_v2.pdf\" target=\"_blank\" class=\"elementor-button-link elementor-button elementor-size-sm elementor-animation-shrink\" role=\"button\">\n\t\t\t\t\t\t<span class=\"elementor-button-content-wrapper\">\n\t\t\t\t\t\t<span class=\"elementor-button-text\">Catalogo: Avviso 2\/2019<\/span>\n\t\t<\/span>\n\t\t\t\t\t<\/a>\n\t\t<\/div>\n\t\t\t\t<\/div>\n\t\t\t\t<\/div>\n\t\t\t\t<div class=\"elementor-element elementor-element-c5817f1 elementor-widget elementor-widget-text-editor\" data-id=\"c5817f1\" data-element_type=\"widget\" data-widget_type=\"text-editor.default\">\n\t\t\t\t<div class=\"elementor-widget-container\">\n\t\t\t\t\t<div class=\"elementor-text-editor elementor-clearfix\"><p>Per accedere ai piani formativi gratuiti di Fondimpresa, le imprese interessate devono essre obbligatoriamente in possesso dei seguenti requisiti di ammissione:<\/p>\n<ul>\n<li>\n<p><em>Essere <strong>PMI<\/strong> aderenti a <strong>Fondimpresa\u00a0<\/strong><\/em><\/p>\n<\/li>\n<li>\n<p><em>Possedere le <strong>credenziali di accesso all&#8217;area riservata<\/strong> Fondimpresa e <strong>firma digitale del legale rappresentante\u00a0<\/strong><\/em><\/p>\n<\/li>\n<li>\n<p><em>Avere un <strong>saldo attivo<\/strong> sul proprio Conto Formazione Fondimpresa e un <strong>accantonato medio annuo (&#8220;saldo maturando&#8221;) non superiore a 10.000 euro<\/strong><\/em><\/p>\n<\/li>\n<li>\n<p><em><strong>Non avere presentato alcun Piano a valere sull&#8217;Avviso 2\/2018<\/strong> di Fondimpresa e<strong> non essere state beneficiarie di Piani Formativi finanziati sugli Avvisi del Conto di Sistema nel corso del 2019<\/strong><\/em><\/p>\n<\/li>\n<li>\n<p><em>Coinvolgere nel piano formativo almeno <strong>5 lavoratori per un minimo di 12 ore di formazione\u00a0<\/strong><\/em><\/p>\n<\/li>\n<\/ul><\/div>\n\t\t\t\t<\/div>\n\t\t\t\t<\/div>\n\t\t\t\t<div class=\"elementor-element elementor-element-3cda813 elementor-widget elementor-widget-divider\" data-id=\"3cda813\" data-element_type=\"widget\" data-widget_type=\"divider.default\">\n\t\t\t\t<div class=\"elementor-widget-container\">\n\t\t\t\t\t<div class=\"elementor-divider\">\n\t\t\t<span class=\"elementor-divider-separator\">\n\t\t\t\t\t\t<\/span>\n\t\t<\/div>\n\t\t\t\t<\/div>\n\t\t\t\t<\/div>\n\t\t\t\t\t\t<\/div>\n\t\t\t\t\t<\/div>\n\t\t<\/div>\n\t\t\t\t\t\t\t\t<\/div>\n\t\t\t\t\t<\/div>\n\t\t<\/section>\n\t\t\t\t\t\t<\/div>\n\t\t\t\t\t\t<\/div>\n\t\t\t\t\t<\/div>\n\t\t","protected":false},"excerpt":{"rendered":"<p>AVVISI CON CONTRIBUTO AGGIUNTIVO Cos&#8217;\u00e8 il contributo aggiuntivo? La possibilit\u00e0 di accedere ad \u201cAvvisi con Contributo Aggiuntivo\u201d \u00e8 utile perch\u00e8 pu\u00f2 succedere che le imprese, soprattutto se di piccole dimensioni, non abbiano risorse nel proprio Conto Formazione (le risorse accantonate nel Conto Formazione di un&#8217;azienda sono infatti proporzionali al numero dei dipendenti e pertanto un&#8217;impresa.<\/p>\n","protected":false},"author":1,"featured_media":0,"parent":17615,"menu_order":0,"comment_status":"closed","ping_status":"closed","template":"","meta":{"footnotes":""},"_links":{"self":[{"href":"https:\/\/www.myecole.it\/ooc\/wp-json\/wp\/v2\/pages\/6072"}],"collection":[{"href":"https:\/\/www.myecole.it\/ooc\/wp-json\/wp\/v2\/pages"}],"about":[{"href":"https:\/\/www.myecole.it\/ooc\/wp-json\/wp\/v2\/types\/page"}],"author":[{"embeddable":true,"href":"https:\/\/www.myecole.it\/ooc\/wp-json\/wp\/v2\/users\/1"}],"replies":[{"embeddable":true,"href":"https:\/\/www.myecole.it\/ooc\/wp-json\/wp\/v2\/comments?post=6072"}],"version-history":[{"count":0,"href":"https:\/\/www.myecole.it\/ooc\/wp-json\/wp\/v2\/pages\/6072\/revisions"}],"up":[{"embeddable":true,"href":"https:\/\/www.myecole.it\/ooc\/wp-json\/wp\/v2\/pages\/17615"}],"wp:attachment":[{"href":"https:\/\/www.myecole.it\/ooc\/wp-json\/wp\/v2\/media?parent=6072"}],"curies":[{"name":"wp","href":"https:\/\/api.w.org\/{rel}","templated":true}]}}