{"id":645,"date":"2015-03-10T14:48:11","date_gmt":"2015-03-10T13:48:11","guid":{"rendered":"https:\/\/www.myecole.it\/ooc\/?page_id=645"},"modified":"2020-03-19T12:33:55","modified_gmt":"2020-03-19T11:33:55","slug":"garanzia-giovani","status":"publish","type":"page","link":"https:\/\/www.myecole.it\/ooc\/servizi-al-lavoro\/garanzia-giovani\/","title":{"rendered":"Garanzia giovani"},"content":{"rendered":"\t\t<div data-elementor-type=\"wp-post\" data-elementor-id=\"645\" class=\"elementor elementor-645\" data-elementor-settings=\"[]\">\n\t\t\t\t\t\t<div class=\"elementor-inner\">\n\t\t\t\t\t\t\t<div class=\"elementor-section-wrap\">\n\t\t\t\t\t\t\t<section class=\"elementor-section elementor-top-section elementor-element elementor-element-5da39ac elementor-section-boxed elementor-section-height-default elementor-section-height-default\" data-id=\"5da39ac\" data-element_type=\"section\">\n\t\t\t\t\t\t<div class=\"elementor-container elementor-column-gap-default\">\n\t\t\t\t\t\t\t<div class=\"elementor-row\">\n\t\t\t\t\t<div class=\"elementor-column elementor-col-100 elementor-top-column elementor-element elementor-element-18c3d99\" data-id=\"18c3d99\" data-element_type=\"column\">\n\t\t\t<div class=\"elementor-column-wrap elementor-element-populated\">\n\t\t\t\t\t\t\t<div class=\"elementor-widget-wrap\">\n\t\t\t\t\t\t<div class=\"elementor-element elementor-element-1f229ab elementor-widget elementor-widget-shortcode\" data-id=\"1f229ab\" data-element_type=\"widget\" data-widget_type=\"shortcode.default\">\n\t\t\t\t<div class=\"elementor-widget-container\">\n\t\t\t\t\t<div class=\"elementor-shortcode\"><br \/>Widget not in any sidebars<br \/><\/div>\n\t\t\t\t<\/div>\n\t\t\t\t<\/div>\n\t\t\t\t\t\t<\/div>\n\t\t\t\t\t<\/div>\n\t\t<\/div>\n\t\t\t\t\t\t\t\t<\/div>\n\t\t\t\t\t<\/div>\n\t\t<\/section>\n\t\t\t\t<section class=\"elementor-section elementor-top-section elementor-element elementor-element-7b55772 elementor-section-boxed elementor-section-height-default elementor-section-height-default\" data-id=\"7b55772\" data-element_type=\"section\">\n\t\t\t\t\t\t<div class=\"elementor-container elementor-column-gap-default\">\n\t\t\t\t\t\t\t<div class=\"elementor-row\">\n\t\t\t\t\t<div class=\"elementor-column elementor-col-100 elementor-top-column elementor-element elementor-element-5db9a85\" data-id=\"5db9a85\" data-element_type=\"column\">\n\t\t\t<div class=\"elementor-column-wrap elementor-element-populated\">\n\t\t\t\t\t\t\t<div class=\"elementor-widget-wrap\">\n\t\t\t\t\t\t<div class=\"elementor-element elementor-element-07d6284 elementor-widget elementor-widget-lae-heading\" data-id=\"07d6284\" data-element_type=\"widget\" data-widget_type=\"lae-heading.default\">\n\t\t\t\t<div class=\"elementor-widget-container\">\n\t\t\t\n   <!--       -->\n\n        <div class=\"lae-heading lae-style2 lae-alignleft\" >\n\n            \n                <div class=\"lae-subtitle\">Servizi al lavoro<\/div>\n\n            \n            <h1 class=\"lae-title\">Garanzia Giovani<\/h1>\n\n            \n        <\/div>\n\n        \t\t<\/div>\n\t\t\t\t<\/div>\n\t\t\t\t\t\t<\/div>\n\t\t\t\t\t<\/div>\n\t\t<\/div>\n\t\t\t\t\t\t\t\t<\/div>\n\t\t\t\t\t<\/div>\n\t\t<\/section>\n\t\t\t\t<section class=\"elementor-section elementor-top-section elementor-element elementor-element-05e936c elementor-section-stretched elementor-section-boxed elementor-section-height-default elementor-section-height-default\" data-id=\"05e936c\" data-element_type=\"section\" data-settings=\"{&quot;stretch_section&quot;:&quot;section-stretched&quot;,&quot;background_background&quot;:&quot;classic&quot;}\">\n\t\t\t\t\t\t<div class=\"elementor-container elementor-column-gap-default\">\n\t\t\t\t\t\t\t<div class=\"elementor-row\">\n\t\t\t\t\t<div class=\"elementor-column elementor-col-50 elementor-top-column elementor-element elementor-element-bc72071\" data-id=\"bc72071\" data-element_type=\"column\">\n\t\t\t<div class=\"elementor-column-wrap elementor-element-populated\">\n\t\t\t\t\t\t\t<div class=\"elementor-widget-wrap\">\n\t\t\t\t\t\t<div class=\"elementor-element elementor-element-1ee8b62 elementor-widget elementor-widget-text-editor\" data-id=\"1ee8b62\" data-element_type=\"widget\" data-widget_type=\"text-editor.default\">\n\t\t\t\t<div class=\"elementor-widget-container\">\n\t\t\t\t\t<div class=\"elementor-text-editor elementor-clearfix\"><p dir=\"ltr\"><strong>Garanzia Giovani (Youth Guarantee) \u00e8 il Piano Europeo per la lotta alla disoccupazione giovanile.<\/strong><\/p>\n<p dir=\"ltr\">Nasce nel maggio 2014 ed \u00e8 il primo intervento di politiche attive strutturato rivolto ai ragazzi che non studiano e non lavorano: i NEET (Not engaged in Education, Employment or Training) a cui \u00e8 data la possibilit\u00e0 di migliorare le loro opportunit\u00e0 di inserimento nel mercato del lavoro.<\/p>\n<p dir=\"ltr\">Dal 3 gennaio 2019 \u00e8 stata approvata la\u00a0<strong>Fase II del Programma rivolta ai giovani dai 16 ai 29 anni<\/strong>.<\/p>\n<p><em>ECOLE accompagna il giovane in tutto il percorso dall\u2019adesione a Garanzia Giovani all\u2019inserimento in azienda che pu\u00f2 avvenire attraverso l\u2019attivazione di un tirocinio extracurricolare o direttamente con inserimento lavorativo.<\/em><\/p>\n<p>Le aziende che assumeranno un ragazzo all\u2019interno del programma di Garanzia Giovani potranno usufruire degli sgravi fiscali fino ad un massimo di 6.000 euro.<\/p><\/div>\n\t\t\t\t<\/div>\n\t\t\t\t<\/div>\n\t\t\t\t\t\t<\/div>\n\t\t\t\t\t<\/div>\n\t\t<\/div>\n\t\t\t\t<div class=\"elementor-column elementor-col-50 elementor-top-column elementor-element elementor-element-d823532\" data-id=\"d823532\" data-element_type=\"column\">\n\t\t\t<div class=\"elementor-column-wrap elementor-element-populated\">\n\t\t\t\t\t\t\t<div class=\"elementor-widget-wrap\">\n\t\t\t\t\t\t<div class=\"elementor-element elementor-element-5e815e4 elementor-view-stacked elementor-shape-circle elementor-widget elementor-widget-icon\" data-id=\"5e815e4\" data-element_type=\"widget\" data-widget_type=\"icon.default\">\n\t\t\t\t<div class=\"elementor-widget-container\">\n\t\t\t\t\t<div class=\"elementor-icon-wrapper\">\n\t\t\t<div class=\"elementor-icon\">\n\t\t\t\t\t\t\t<i class=\"fa fa-link\" aria-hidden=\"true\"><\/i>\n\t\t\t\t\t\t<\/div>\n\t\t<\/div>\n\t\t\t\t<\/div>\n\t\t\t\t<\/div>\n\t\t\t\t<div class=\"elementor-element elementor-element-d6ab072 elementor-widget elementor-widget-bddex-link-effects\" data-id=\"d6ab072\" data-element_type=\"widget\" data-widget_type=\"bddex-link-effects.default\">\n\t\t\t\t<div class=\"elementor-widget-container\">\n\t\t\t\n\n        <a href=\"http:\/\/www.garanziagiovani.regione.lombardia.it\/wps\/portal\/site\/garanziagiovani\" target=\"_blank\" class=\"pa-link pa-link-effect-5\">\n            <span data-hover=\"Sito ufficiale Garanzia Giovani\">\n                Sito ufficiale Garanzia Giovani            <\/span>\n                    <\/a>\n\n        \t\t<\/div>\n\t\t\t\t<\/div>\n\t\t\t\t<div class=\"elementor-element elementor-element-541f851 elementor-widget elementor-widget-bddex-link-effects\" data-id=\"541f851\" data-element_type=\"widget\" data-widget_type=\"bddex-link-effects.default\">\n\t\t\t\t<div class=\"elementor-widget-container\">\n\t\t\t\n\n        <a href=\"http:\/\/www.garanziagiovani.regione.lombardia.it\/wps\/portal\/site\/garanziagiovani\/come-aderire\" target=\"_blank\" class=\"pa-link pa-link-effect-5\">\n            <span data-hover=\"Come aderire a Garanzia Giovani\">\n                Come aderire a Garanzia Giovani            <\/span>\n                    <\/a>\n\n        \t\t<\/div>\n\t\t\t\t<\/div>\n\t\t\t\t<div class=\"elementor-element elementor-element-82bae9f elementor-widget elementor-widget-bddex-link-effects\" data-id=\"82bae9f\" data-element_type=\"widget\" data-widget_type=\"bddex-link-effects.default\">\n\t\t\t\t<div class=\"elementor-widget-container\">\n\t\t\t\n\n        <a href=\"http:\/\/www.regione.lombardia.it\/wps\/portal\/istituzionale\/HP\/DettaglioServizio\/servizi-e-informazioni\/Cittadini\/Lavoro-e-formazione-professionale\/Garanzia-Giovani\/ser-garanzia-giovani-ifl\/garanzia-giovani-lombardia\" class=\"pa-link pa-link-effect-5\">\n            <span data-hover=\"Garanzia Giovani in Lombardia\">\n                Garanzia Giovani in Lombardia            <\/span>\n                    <\/a>\n\n        \t\t<\/div>\n\t\t\t\t<\/div>\n\t\t\t\t\t\t<\/div>\n\t\t\t\t\t<\/div>\n\t\t<\/div>\n\t\t\t\t\t\t\t\t<\/div>\n\t\t\t\t\t<\/div>\n\t\t<\/section>\n\t\t\t\t<section class=\"elementor-section elementor-top-section elementor-element elementor-element-ebbd6f4 elementor-section-stretched elementor-section-boxed elementor-section-height-default elementor-section-height-default\" data-id=\"ebbd6f4\" data-element_type=\"section\" data-settings=\"{&quot;stretch_section&quot;:&quot;section-stretched&quot;,&quot;background_background&quot;:&quot;classic&quot;}\">\n\t\t\t\t\t\t<div class=\"elementor-container elementor-column-gap-default\">\n\t\t\t\t\t\t\t<div class=\"elementor-row\">\n\t\t\t\t\t<div class=\"elementor-column elementor-col-50 elementor-top-column elementor-element elementor-element-dbd27fe\" data-id=\"dbd27fe\" data-element_type=\"column\">\n\t\t\t<div class=\"elementor-column-wrap elementor-element-populated\">\n\t\t\t\t\t\t\t<div class=\"elementor-widget-wrap\">\n\t\t\t\t\t\t<div class=\"elementor-element elementor-element-53126a5 elementor-widget elementor-widget-heading\" data-id=\"53126a5\" data-element_type=\"widget\" data-widget_type=\"heading.default\">\n\t\t\t\t<div class=\"elementor-widget-container\">\n\t\t\t<h2 class=\"elementor-heading-title elementor-size-default\">Le condizioni di partecipazione <\/h2>\t\t<\/div>\n\t\t\t\t<\/div>\n\t\t\t\t\t\t<\/div>\n\t\t\t\t\t<\/div>\n\t\t<\/div>\n\t\t\t\t<div class=\"elementor-column elementor-col-50 elementor-top-column elementor-element elementor-element-9003a1f\" data-id=\"9003a1f\" data-element_type=\"column\">\n\t\t\t<div class=\"elementor-column-wrap\">\n\t\t\t\t\t\t\t<div class=\"elementor-widget-wrap\">\n\t\t\t\t\t\t\t\t<\/div>\n\t\t\t\t\t<\/div>\n\t\t<\/div>\n\t\t\t\t\t\t\t\t<\/div>\n\t\t\t\t\t<\/div>\n\t\t<\/section>\n\t\t\t\t<section class=\"elementor-section elementor-top-section elementor-element elementor-element-fc0b204 elementor-section-stretched elementor-section-boxed elementor-section-height-default elementor-section-height-default\" data-id=\"fc0b204\" data-element_type=\"section\" data-settings=\"{&quot;stretch_section&quot;:&quot;section-stretched&quot;,&quot;background_background&quot;:&quot;classic&quot;}\">\n\t\t\t\t\t\t<div class=\"elementor-container elementor-column-gap-default\">\n\t\t\t\t\t\t\t<div class=\"elementor-row\">\n\t\t\t\t\t<div class=\"elementor-column elementor-col-50 elementor-top-column elementor-element elementor-element-5c0472d\" data-id=\"5c0472d\" data-element_type=\"column\">\n\t\t\t<div class=\"elementor-column-wrap elementor-element-populated\">\n\t\t\t\t\t\t\t<div class=\"elementor-widget-wrap\">\n\t\t\t\t\t\t<div class=\"elementor-element elementor-element-1f40136 elementor-widget elementor-widget-text-editor\" data-id=\"1f40136\" data-element_type=\"widget\" data-widget_type=\"text-editor.default\">\n\t\t\t\t<div class=\"elementor-widget-container\">\n\t\t\t\t\t<div class=\"elementor-text-editor elementor-clearfix\"><ul>\n<li>\n<p>et\u00e0 compresa tra i 16 e i 29 anni compiuti (fino al compimento dei 30 anni) al momento dell\u2019adesione;<\/p>\n<\/li>\n<li>\n<p>non essere iscritti a percorsi di istruzione o formazione professionale ovvero accademici e terziari;<\/p>\n<\/li>\n<li>\n<p>non avere in corso di svolgimento il servizio civile o un tirocinio extra-curriculare;<\/p>\n<\/li>\n<li>\n<p>essere inoccupati o disoccupati ai sensi del articolo 19 del d.lgs. n. 150\/2015;<\/p>\n<\/li>\n<li>\n<p>non avere in corso di svolgimento interventi di politiche attive;<\/p>\n<\/li>\n<li>\n<p>non aver gi\u00e0 avuto accesso a Garanzia Giovani, anche nell\u2019ambito della sua prima attuazione attraverso Dote Unica Lavoro (d.d.u.o. 6758\/2014);<\/p>\n<\/li>\n<li>\n<p>essere percettore di Naspi o richiedente asilo.<\/p>\n<\/li>\n<\/ul><\/div>\n\t\t\t\t<\/div>\n\t\t\t\t<\/div>\n\t\t\t\t\t\t<\/div>\n\t\t\t\t\t<\/div>\n\t\t<\/div>\n\t\t\t\t<div class=\"elementor-column elementor-col-50 elementor-top-column elementor-element elementor-element-8381a37\" data-id=\"8381a37\" data-element_type=\"column\">\n\t\t\t<div class=\"elementor-column-wrap elementor-element-populated\">\n\t\t\t\t\t\t\t<div class=\"elementor-widget-wrap\">\n\t\t\t\t\t\t<div class=\"elementor-element elementor-element-62b4634 elementor-widget elementor-widget-image\" data-id=\"62b4634\" data-element_type=\"widget\" data-widget_type=\"image.default\">\n\t\t\t\t<div class=\"elementor-widget-container\">\n\t\t\t\t\t<div class=\"elementor-image\">\n\t\t\t\t\t\t\t\t\t\t<img loading=\"lazy\" decoding=\"async\" width=\"1024\" height=\"645\" src=\"https:\/\/www.myecole.it\/ooc\/wp-content\/uploads\/2019\/06\/love-my-job-1024x645.png\" class=\"attachment-large size-large\" alt=\"\" srcset=\"https:\/\/www.myecole.it\/ooc\/wp-content\/uploads\/2019\/06\/love-my-job-1024x645.png 1024w, https:\/\/www.myecole.it\/ooc\/wp-content\/uploads\/2019\/06\/love-my-job-300x189.png 300w, https:\/\/www.myecole.it\/ooc\/wp-content\/uploads\/2019\/06\/love-my-job-768x483.png 768w, https:\/\/www.myecole.it\/ooc\/wp-content\/uploads\/2019\/06\/love-my-job-350x220.png 350w, https:\/\/www.myecole.it\/ooc\/wp-content\/uploads\/2019\/06\/love-my-job-340x214.png 340w\" sizes=\"(max-width: 1024px) 100vw, 1024px\" \/>\t\t\t\t\t\t\t\t\t\t\t<\/div>\n\t\t\t\t<\/div>\n\t\t\t\t<\/div>\n\t\t\t\t\t\t<\/div>\n\t\t\t\t\t<\/div>\n\t\t<\/div>\n\t\t\t\t\t\t\t\t<\/div>\n\t\t\t\t\t<\/div>\n\t\t<\/section>\n\t\t\t\t<section class=\"elementor-section elementor-top-section elementor-element elementor-element-dcb3503 elementor-section-stretched elementor-section-boxed elementor-section-height-default elementor-section-height-default\" data-id=\"dcb3503\" data-element_type=\"section\" data-settings=\"{&quot;stretch_section&quot;:&quot;section-stretched&quot;}\">\n\t\t\t\t\t\t<div class=\"elementor-container elementor-column-gap-default\">\n\t\t\t\t\t\t\t<div class=\"elementor-row\">\n\t\t\t\t\t<div class=\"elementor-column elementor-col-25 elementor-top-column elementor-element elementor-element-29216d3\" data-id=\"29216d3\" data-element_type=\"column\">\n\t\t\t<div class=\"elementor-column-wrap elementor-element-populated\">\n\t\t\t\t\t\t\t<div class=\"elementor-widget-wrap\">\n\t\t\t\t\t\t<div class=\"elementor-element elementor-element-e57b3e2 elementor-widget elementor-widget-spacer\" data-id=\"e57b3e2\" data-element_type=\"widget\" data-widget_type=\"spacer.default\">\n\t\t\t\t<div class=\"elementor-widget-container\">\n\t\t\t\t\t<div class=\"elementor-spacer\">\n\t\t\t<div class=\"elementor-spacer-inner\"><\/div>\n\t\t<\/div>\n\t\t\t\t<\/div>\n\t\t\t\t<\/div>\n\t\t\t\t<div class=\"elementor-element elementor-element-52589f3 elementor-widget elementor-widget-image\" data-id=\"52589f3\" data-element_type=\"widget\" data-widget_type=\"image.default\">\n\t\t\t\t<div class=\"elementor-widget-container\">\n\t\t\t\t\t<div class=\"elementor-image\">\n\t\t\t\t\t\t\t\t\t\t\t<a href=\"http:\/\/ec.europa.eu\/esf\/home.jsp?langId=it\" target=\"_blank\">\n\t\t\t\t\t\t\t<img loading=\"lazy\" decoding=\"async\" width=\"724\" height=\"183\" src=\"https:\/\/www.myecole.it\/ooc\/wp-content\/uploads\/2019\/06\/UE-Fondo-Sociale.png\" class=\"elementor-animation-grow attachment-large size-large\" alt=\"\" srcset=\"https:\/\/www.myecole.it\/ooc\/wp-content\/uploads\/2019\/06\/UE-Fondo-Sociale.png 724w, https:\/\/www.myecole.it\/ooc\/wp-content\/uploads\/2019\/06\/UE-Fondo-Sociale-300x76.png 300w, https:\/\/www.myecole.it\/ooc\/wp-content\/uploads\/2019\/06\/UE-Fondo-Sociale-340x86.png 340w\" sizes=\"(max-width: 724px) 100vw, 724px\" \/>\t\t\t\t\t\t\t\t<\/a>\n\t\t\t\t\t\t\t\t\t\t\t<\/div>\n\t\t\t\t<\/div>\n\t\t\t\t<\/div>\n\t\t\t\t\t\t<\/div>\n\t\t\t\t\t<\/div>\n\t\t<\/div>\n\t\t\t\t<div class=\"elementor-column elementor-col-25 elementor-top-column elementor-element elementor-element-f46b9c8\" data-id=\"f46b9c8\" data-element_type=\"column\">\n\t\t\t<div class=\"elementor-column-wrap elementor-element-populated\">\n\t\t\t\t\t\t\t<div class=\"elementor-widget-wrap\">\n\t\t\t\t\t\t<div class=\"elementor-element elementor-element-f7a808a elementor-widget elementor-widget-image\" data-id=\"f7a808a\" data-element_type=\"widget\" data-widget_type=\"image.default\">\n\t\t\t\t<div class=\"elementor-widget-container\">\n\t\t\t\t\t<div class=\"elementor-image\">\n\t\t\t\t\t\t\t\t\t\t\t<a href=\"http:\/\/www.regione.lombardia.it\/wps\/portal\/istituzionale\/HP\/servizi-e-informazioni\/cittadini\/lavoro-e-formazione-professionale\/garanzia-giovani\" target=\"_blank\">\n\t\t\t\t\t\t\t<img loading=\"lazy\" decoding=\"async\" width=\"184\" height=\"171\" src=\"https:\/\/www.myecole.it\/ooc\/wp-content\/uploads\/2019\/06\/GG.png\" class=\"elementor-animation-grow attachment-medium size-medium\" alt=\"\" \/>\t\t\t\t\t\t\t\t<\/a>\n\t\t\t\t\t\t\t\t\t\t\t<\/div>\n\t\t\t\t<\/div>\n\t\t\t\t<\/div>\n\t\t\t\t\t\t<\/div>\n\t\t\t\t\t<\/div>\n\t\t<\/div>\n\t\t\t\t<div class=\"elementor-column elementor-col-25 elementor-top-column elementor-element elementor-element-547d14a\" data-id=\"547d14a\" data-element_type=\"column\">\n\t\t\t<div class=\"elementor-column-wrap elementor-element-populated\">\n\t\t\t\t\t\t\t<div class=\"elementor-widget-wrap\">\n\t\t\t\t\t\t<div class=\"elementor-element elementor-element-db6f4af elementor-widget elementor-widget-spacer\" data-id=\"db6f4af\" data-element_type=\"widget\" data-widget_type=\"spacer.default\">\n\t\t\t\t<div class=\"elementor-widget-container\">\n\t\t\t\t\t<div class=\"elementor-spacer\">\n\t\t\t<div class=\"elementor-spacer-inner\"><\/div>\n\t\t<\/div>\n\t\t\t\t<\/div>\n\t\t\t\t<\/div>\n\t\t\t\t<div class=\"elementor-element elementor-element-c1114e9 elementor-widget elementor-widget-image\" data-id=\"c1114e9\" data-element_type=\"widget\" data-widget_type=\"image.default\">\n\t\t\t\t<div class=\"elementor-widget-container\">\n\t\t\t\t\t<div class=\"elementor-image\">\n\t\t\t\t\t\t\t\t\t\t\t<a href=\"https:\/\/www.anpal.gov.it\/\" target=\"_blank\">\n\t\t\t\t\t\t\t<img loading=\"lazy\" decoding=\"async\" width=\"488\" height=\"187\" src=\"https:\/\/www.myecole.it\/ooc\/wp-content\/uploads\/2019\/06\/anpal.png\" class=\"elementor-animation-grow attachment-large size-large\" alt=\"\" srcset=\"https:\/\/www.myecole.it\/ooc\/wp-content\/uploads\/2019\/06\/anpal.png 488w, https:\/\/www.myecole.it\/ooc\/wp-content\/uploads\/2019\/06\/anpal-300x115.png 300w, https:\/\/www.myecole.it\/ooc\/wp-content\/uploads\/2019\/06\/anpal-340x130.png 340w\" sizes=\"(max-width: 488px) 100vw, 488px\" \/>\t\t\t\t\t\t\t\t<\/a>\n\t\t\t\t\t\t\t\t\t\t\t<\/div>\n\t\t\t\t<\/div>\n\t\t\t\t<\/div>\n\t\t\t\t\t\t<\/div>\n\t\t\t\t\t<\/div>\n\t\t<\/div>\n\t\t\t\t<div class=\"elementor-column elementor-col-25 elementor-top-column elementor-element elementor-element-3b40684\" data-id=\"3b40684\" data-element_type=\"column\">\n\t\t\t<div class=\"elementor-column-wrap elementor-element-populated\">\n\t\t\t\t\t\t\t<div class=\"elementor-widget-wrap\">\n\t\t\t\t\t\t<div class=\"elementor-element elementor-element-ac4f1ea elementor-widget elementor-widget-spacer\" data-id=\"ac4f1ea\" data-element_type=\"widget\" data-widget_type=\"spacer.default\">\n\t\t\t\t<div class=\"elementor-widget-container\">\n\t\t\t\t\t<div class=\"elementor-spacer\">\n\t\t\t<div class=\"elementor-spacer-inner\"><\/div>\n\t\t<\/div>\n\t\t\t\t<\/div>\n\t\t\t\t<\/div>\n\t\t\t\t<div class=\"elementor-element elementor-element-bf356a5 elementor-widget elementor-widget-image\" data-id=\"bf356a5\" data-element_type=\"widget\" data-widget_type=\"image.default\">\n\t\t\t\t<div class=\"elementor-widget-container\">\n\t\t\t\t\t<div class=\"elementor-image\">\n\t\t\t\t\t\t\t\t\t\t\t<a href=\"http:\/\/www.regione.lombardia.it\/wps\/portal\/istituzionale\" target=\"_blank\">\n\t\t\t\t\t\t\t<img loading=\"lazy\" decoding=\"async\" width=\"652\" height=\"198\" src=\"https:\/\/www.myecole.it\/ooc\/wp-content\/uploads\/2019\/06\/Logo_REG_LOMBARDIA_oriz-1.jpg\" class=\"elementor-animation-grow attachment-medium_large size-medium_large\" alt=\"\" srcset=\"https:\/\/www.myecole.it\/ooc\/wp-content\/uploads\/2019\/06\/Logo_REG_LOMBARDIA_oriz-1.jpg 652w, https:\/\/www.myecole.it\/ooc\/wp-content\/uploads\/2019\/06\/Logo_REG_LOMBARDIA_oriz-1-300x91.jpg 300w, https:\/\/www.myecole.it\/ooc\/wp-content\/uploads\/2019\/06\/Logo_REG_LOMBARDIA_oriz-1-340x103.jpg 340w\" sizes=\"(max-width: 652px) 100vw, 652px\" \/>\t\t\t\t\t\t\t\t<\/a>\n\t\t\t\t\t\t\t\t\t\t\t<\/div>\n\t\t\t\t<\/div>\n\t\t\t\t<\/div>\n\t\t\t\t\t\t<\/div>\n\t\t\t\t\t<\/div>\n\t\t<\/div>\n\t\t\t\t\t\t\t\t<\/div>\n\t\t\t\t\t<\/div>\n\t\t<\/section>\n\t\t\t\t\t\t<\/div>\n\t\t\t\t\t\t<\/div>\n\t\t\t\t\t<\/div>\n\t\t","protected":false},"excerpt":{"rendered":"<p>Servizi al lavoro Garanzia Giovani Garanzia Giovani (Youth Guarantee) \u00e8 il Piano Europeo per la lotta alla disoccupazione giovanile. Nasce nel maggio 2014 ed \u00e8 il primo intervento di politiche attive strutturato rivolto ai ragazzi che non studiano e non lavorano: i NEET (Not engaged in Education, Employment or Training) a cui \u00e8 data la.<\/p>\n","protected":false},"author":1,"featured_media":0,"parent":385,"menu_order":0,"comment_status":"closed","ping_status":"closed","template":"","meta":{"footnotes":""},"_links":{"self":[{"href":"https:\/\/www.myecole.it\/ooc\/wp-json\/wp\/v2\/pages\/645"}],"collection":[{"href":"https:\/\/www.myecole.it\/ooc\/wp-json\/wp\/v2\/pages"}],"about":[{"href":"https:\/\/www.myecole.it\/ooc\/wp-json\/wp\/v2\/types\/page"}],"author":[{"embeddable":true,"href":"https:\/\/www.myecole.it\/ooc\/wp-json\/wp\/v2\/users\/1"}],"replies":[{"embeddable":true,"href":"https:\/\/www.myecole.it\/ooc\/wp-json\/wp\/v2\/comments?post=645"}],"version-history":[{"count":0,"href":"https:\/\/www.myecole.it\/ooc\/wp-json\/wp\/v2\/pages\/645\/revisions"}],"up":[{"embeddable":true,"href":"https:\/\/www.myecole.it\/ooc\/wp-json\/wp\/v2\/pages\/385"}],"wp:attachment":[{"href":"https:\/\/www.myecole.it\/ooc\/wp-json\/wp\/v2\/media?parent=645"}],"curies":[{"name":"wp","href":"https:\/\/api.w.org\/{rel}","templated":true}]}}