{"id":6468,"date":"2019-06-27T16:52:36","date_gmt":"2019-06-27T14:52:36","guid":{"rendered":"https:\/\/www.myecole.it\/ooc\/?page_id=6468"},"modified":"2019-06-27T16:54:59","modified_gmt":"2019-06-27T14:54:59","slug":"informativa-privacy-immagini","status":"publish","type":"page","link":"https:\/\/www.myecole.it\/ooc\/informativa-privacy-immagini\/","title":{"rendered":"INFORMATIVA PRIVACY IMMAGINI"},"content":{"rendered":"\t\t<div data-elementor-type=\"wp-post\" data-elementor-id=\"6468\" class=\"elementor elementor-6468\" data-elementor-settings=\"[]\">\n\t\t\t\t\t\t<div class=\"elementor-inner\">\n\t\t\t\t\t\t\t<div class=\"elementor-section-wrap\">\n\t\t\t\t\t\t\t<section class=\"elementor-section elementor-top-section elementor-element elementor-element-e27d480 elementor-section-boxed elementor-section-height-default elementor-section-height-default\" data-id=\"e27d480\" data-element_type=\"section\">\n\t\t\t\t\t\t<div class=\"elementor-container elementor-column-gap-default\">\n\t\t\t\t\t\t\t<div class=\"elementor-row\">\n\t\t\t\t\t<div class=\"elementor-column elementor-col-100 elementor-top-column elementor-element elementor-element-8d797df\" data-id=\"8d797df\" data-element_type=\"column\">\n\t\t\t<div class=\"elementor-column-wrap elementor-element-populated\">\n\t\t\t\t\t\t\t<div class=\"elementor-widget-wrap\">\n\t\t\t\t\t\t<div class=\"elementor-element elementor-element-cfb3154 elementor-widget elementor-widget-lae-heading\" data-id=\"cfb3154\" data-element_type=\"widget\" data-widget_type=\"lae-heading.default\">\n\t\t\t\t<div class=\"elementor-widget-container\">\n\t\t\t\n   <!--       -->\n\n        <div class=\"lae-heading lae-style3 lae-aligncenter\" >\n\n            \n            <h1 class=\"lae-title\">informativa privacy immagini<\/h1>\n\n            \n        <\/div>\n\n        \t\t<\/div>\n\t\t\t\t<\/div>\n\t\t\t\t\t\t<\/div>\n\t\t\t\t\t<\/div>\n\t\t<\/div>\n\t\t\t\t\t\t\t\t<\/div>\n\t\t\t\t\t<\/div>\n\t\t<\/section>\n\t\t\t\t<section class=\"elementor-section elementor-top-section elementor-element elementor-element-2c783167 elementor-section-boxed elementor-section-height-default elementor-section-height-default\" data-id=\"2c783167\" data-element_type=\"section\">\n\t\t\t\t\t\t<div class=\"elementor-container elementor-column-gap-default\">\n\t\t\t\t\t\t\t<div class=\"elementor-row\">\n\t\t\t\t\t<div class=\"elementor-column elementor-col-100 elementor-top-column elementor-element elementor-element-37320b3b\" data-id=\"37320b3b\" data-element_type=\"column\">\n\t\t\t<div class=\"elementor-column-wrap elementor-element-populated\">\n\t\t\t\t\t\t\t<div class=\"elementor-widget-wrap\">\n\t\t\t\t\t\t<div class=\"elementor-element elementor-element-4200a918 elementor-widget elementor-widget-text-editor\" data-id=\"4200a918\" data-element_type=\"widget\" data-widget_type=\"text-editor.default\">\n\t\t\t\t<div class=\"elementor-widget-container\">\n\t\t\t\t\t<div class=\"elementor-text-editor elementor-clearfix\"><!-- wp:tadv\/classic-paragraph -->\n<header class=\"entry-header\">\n<h1 class=\"entry-title\"><strong style=\"font-size: inherit; color: #191e23;\">Informativa e consenso per il trattamento dei dati personali e delle immagini in accordo al Reg. UE 2016\/279 e al D.lgs.101\/2018<\/strong><\/h1>\n<\/header>\n<div class=\"entry-content post_content\">\n<p><strong>(vers.01 del 04.04.19)<\/strong><\/p>\n<p>Gentile Signore\/a,<\/p>\n<p>la presente informativa \u00e8 resa ai sensi del Reg. UE 2016\/679 (Regolamento Europeo per la protezione dei dati personali \u2013 GDPR) e del D.Lgs. 101\/2018 e ha lo scopo d\u2019informarLa in ordine al trattamento dei Suoi dati personali e della Sua immagine.<\/p>\n<p><strong>1. Titolare del trattamento<\/strong>\u00a0<br \/>Il Titolare del Trattamento \u00e8 ECOLE \u2013 Enti COnfindustriali Lombardi per l\u2019Education, i cui riferimenti diretti sono riportati nel pie\u2019 di pagina di questo stesso documento.<\/p>\n<p><strong>2. Dati oggetto del trattamento<\/strong>\u00a0<br \/>Il Titolare del Trattamento tratta i Suoi dati identificativi (per es. nome, cognome, data e luogo di nascita, indirizzo di residenza, domicilio, telefono, e.mail, riferimenti bancari), comunicati da Lei stesso in occasione della formalizzazione del contratto e\/o accordo in essere.\u00a0<br \/>Potrebbe presentarsi l\u2019occasione, in sedi istituzionali, di trattare fotografie e\/o immagini che potrebbero (esplicitamente o indirettamente) rivelare la Sua identit\u00e0.<br \/><br \/><strong>3. Finalit\u00e0 del trattamento dei dati<\/strong><br \/>Il trattamento \u00e8 finalizzato al contratto e\/o accordo in essere e alla realizzazione di finalit\u00e0 istituzionali promosse da ECOLE nei limiti delle disposizioni statutarie.\u00a0<br \/>Il trattamento, previo Suo consenso, potr\u00e0 essere finalizzato altres\u00ec alla pubblicazione, per soli fini istituzionali, di fotografie ed immagini che potrebbero (esplicitamente o indirettamente) rivelare la Sua identit\u00e0.<\/p>\n<p><strong>4. Finalit\u00e0, liceit\u00e0, modalit\u00e0 del trattamento<\/strong>\u00a0<br \/>I dati di natura personale forniti, saranno oggetto di trattamento nel rispetto delle condizioni di liceit\u00e0\u0300 (ex art. 6 lett. b del Reg. UE 2016\/679) ovvero per il contratto in essere, per la partecipazione e\/o lo svolgimento della attivit\u00e0 proposte a favore delle aziende clienti (e\/o associate) e degli enti committenti. In particolare si segnala:<\/p>\n<ul>\n<li>partecipazione alla vita aziendale e associativa;<\/li>\n<li>adempimento agli obblighi contrattuali di legge e finalit\u00e0\u0300 amministrativo-contabile. Ai fini dell\u2019applicazione delle disposizioni in materia di protezione dei dati personali, i trattamenti effettuati per finalit\u00e0 amministrativo-contabili sono quelli connessi allo svolgimento delle attivit\u00e0 di natura organizzativa, amministrativa, finanziaria e contabile, a prescindere dalla natura dei dati trattati;<\/li>\n<li>assolvimento agli obblighi previsti dalla legge, da un regolamento, dalla normativa comunitaria o da un ordine dell\u2019Autorit\u00e0\u0300 (per es. in materia di antiriciclaggio e responsabilit\u00e0 amministrativa);<\/li>\n<li>eventuale esercizio dei diritti del Titolare (per es. il diritto di difesa in giudizio).<\/li>\n<\/ul>\n<p>Il trattamento sar\u00e0 effettuato con modalit\u00e0 manuale, utilizzando supporti sia cartacei sia elettronici, con l\u2019impiego di misure di sicurezza atte a garantire la riservatezza dei dati personali, evitando indebiti accessi a soggetti non autorizzati.\u00a0<br \/>Il trattamento dei dati personali dell\u2019interessato e\u0300 realizzato per mezzo delle operazioni indicate all\u2019art. 4, n. 2), GDPR del Reg. UE 2016\/679.<br \/>Il conferimento dei dati e\u0300 FACOLTATIVO. Tuttavia tale adempimento, relativamente ai dati COMUNI e IDENTIFICATIVI costituisce premessa indispensabile per lo svolgimento delle attivit\u00e0\u0300 contrattuali, aziendali, istituzionali.<br \/>E\u0300 prevista la possibilit\u00e0 di utilizzare, tramite i canali istituzionali sopra indicati, anche immagini dell\u2019interessato, solo se inerenti all\u2019attivit\u00e0 svolta in qualit\u00e0 di dipendente o collaboratore o distaccato.<\/p>\n<p><strong>5. Destinatari dei dati<\/strong><br \/>I dati di natura personale forniti potranno essere comunicati a destinatari (nominati ex art. 28 del Reg. UE 2016\/679) che tratteranno i dati in qualit\u00e0 di responsabili e\/o in qualit\u00e0 di persone fisiche che agiscono sotto l\u2019autorit\u00e0 del Titolare e del Responsabile del trattamento, al fine di ottemperare ai contratti o finalit\u00e0 connesse. Precisamente, i dati potranno essere comunicati a destinatari appartenenti alle seguenti categorie:<\/p>\n<ul>\n<li data-tadv-p=\"keep\">soggetti che forniscono servizi per la gestione del sistema informatico e delle reti di comunicazione del Titolare del Trattamento;<\/li>\n<li data-tadv-p=\"keep\">studi o societ\u00e0 nell\u2019ambito di rapporti di assistenza e consulenza;<\/li>\n<li data-tadv-p=\"keep\">autorit\u00e0 competenti per adempimenti di obblighi di legge e\/o di disposizioni di organi pubblici, su richiesta.<\/li>\n<\/ul>\n<p>I soggetti appartenenti alle categorie suddette svolgono la funzione di Responsabile del Trattamento dei dati, in alternativa operano in totale autonomia come distinti Titolari del Trattamento.<\/p>\n<p><strong>6. Periodo di conservazione<\/strong><br \/>Nel rispetto di quanto previsto dall\u2019art. 5, comma 1, lett. e) del Reg. UE 2016\/679 i dati personali raccolti verranno conservati in una forma che consenta l\u2019identificazione degli interessati per un arco di tempo non superiore al conseguimento delle finalit\u00e0 per le quali i dati personali sono trattati e nel rispetto delle Leggi in vigore.<\/p>\n<p><strong>7. Diritti degli interessati<\/strong>\u00a0<br \/>L\u2019interessato potr\u00e0 far valere i propri diritti, come espressi dagli artt. 15, 16, 17, 18, 19, 20, 21, 22 del Regolamento UE 2016\/679, rivolgendosi al Titolare del Trattamento, tramite i riferimenti riportati nel pie\u2019 di pagina di questo documento o all\u2019indirizzo di posta elettronica: info@myecole.it.\u00a0<br \/>L\u2019interessato ha il diritto, in qualunque momento di:<\/p>\n<ul>\n<li data-tadv-p=\"keep\">ottenere la conferma dell\u2019esistenza o meno di dati personali che lo riguardano e la loro comunicazione in forma intelligibile;<\/li>\n<li data-tadv-p=\"keep\">ottenere l\u2019indicazione: a) dell\u2019origine dei dati personali; b) delle finalit\u00e0 e modalit\u00e0 del trattamento; c) della logica applicata in caso di trattamento effettuato con l\u2019ausilio di strumenti elettronici; d) degli estremi identificativi del titolare, dei responsabili; e) dei soggetti o delle categorie di soggetti ai quali i dati personali possono essere comunicati o che possono venirne a conoscenza in qualit\u00e0 di rappresentante designato nel territorio dello Stato, di responsabili o incaricati;<\/li>\n<li data-tadv-p=\"keep\">ottenere: a) l\u2019aggiornamento, la rettifica ovvero, quando vi ha interesse, l\u2019integrazione dei dati; b) la cancellazione, la trasformazione in forma anonima o il blocco dei dati trattati in violazione di legge, compresi quelli di cui non e\u0300 necessaria la conservazione in relazione agli scopi per i quali i dati sono stati raccolti o successivamente trattati; c) l\u2019attestazione che le operazioni di cui alle lettere a) e b) sono state portate a conoscenza, anche per quanto riguarda il loro contenuto, di coloro ai quali i dati sono stati comunicati o diffusi, eccettuato il caso in cui tale adempimento si rivela impossibile o comporta un impiego di mezzi manifestamente sproporzionato rispetto al diritto tutelato;<\/li>\n<li data-tadv-p=\"keep\">opporsi, in tutto o in parte: a) per motivi legittimi al trattamento dei dati personali che lo riguardano, ancorch\u00e8 pertinenti allo scopo della raccolta; b) al trattamento di dati personali che lo riguardano a fini di invio di materiale pubblicitario o di vendita diretta o per il compimento di ricerche di mercato o di comunicazione commerciale, mediante l\u2019uso di sistemi automatizzati di chiamata senza l\u2019intervento di un operatore mediante e-mail e\/o mediante modalit\u00e0 di marketing tradizionali mediante telefono e\/o posta cartacea.<\/li>\n<\/ul>\n<p>Ove applicabili, l\u2019interessato ha altres\u00ec i diritti di cui agli artt. 16, 21 GDPR (Diritto di rettifica, diritto all\u2019oblio, diritto di limitazione di trattamento, diritto alla portabilit\u00e0 dei dati, diritto di opposizione). Fatto salvo ogni altro ricorso amministrativo e giurisdizionale, se l\u2019interessato ritiene che il trattamento dei dati che lo riguardano violi quanto previsto dal Reg. UE 2016\/679, ai sensi dell\u2019art. 15 lettera f) del succitato Reg. UE 2016\/679, ha il diritto di proporre reclamo al Garante per la protezione dei dati personali e, con riferimento all\u2019art. 6 paragrafo 1, lettera a) e art. 9, paragrafo 2, lettera a), ha il diritto di revocare in qualsiasi momento il consenso prestato.<\/p>\n<\/div>\n<!-- \/wp:tadv\/classic-paragraph --><\/div>\n\t\t\t\t<\/div>\n\t\t\t\t<\/div>\n\t\t\t\t\t\t<\/div>\n\t\t\t\t\t<\/div>\n\t\t<\/div>\n\t\t\t\t\t\t\t\t<\/div>\n\t\t\t\t\t<\/div>\n\t\t<\/section>\n\t\t\t\t\t\t<\/div>\n\t\t\t\t\t\t<\/div>\n\t\t\t\t\t<\/div>\n\t\t","protected":false},"excerpt":{"rendered":"<p>informativa privacy immagini Informativa e consenso per il trattamento dei dati personali e delle immagini in accordo al Reg. UE 2016\/279 e al D.lgs.101\/2018 (vers.01 del 04.04.19) Gentile Signore\/a, la presente informativa \u00e8 resa ai sensi del Reg. UE 2016\/679 (Regolamento Europeo per la protezione dei dati personali \u2013 GDPR) e del D.Lgs. 101\/2018 e.<\/p>\n","protected":false},"author":1,"featured_media":0,"parent":0,"menu_order":0,"comment_status":"closed","ping_status":"closed","template":"","meta":{"footnotes":""},"_links":{"self":[{"href":"https:\/\/www.myecole.it\/ooc\/wp-json\/wp\/v2\/pages\/6468"}],"collection":[{"href":"https:\/\/www.myecole.it\/ooc\/wp-json\/wp\/v2\/pages"}],"about":[{"href":"https:\/\/www.myecole.it\/ooc\/wp-json\/wp\/v2\/types\/page"}],"author":[{"embeddable":true,"href":"https:\/\/www.myecole.it\/ooc\/wp-json\/wp\/v2\/users\/1"}],"replies":[{"embeddable":true,"href":"https:\/\/www.myecole.it\/ooc\/wp-json\/wp\/v2\/comments?post=6468"}],"version-history":[{"count":0,"href":"https:\/\/www.myecole.it\/ooc\/wp-json\/wp\/v2\/pages\/6468\/revisions"}],"wp:attachment":[{"href":"https:\/\/www.myecole.it\/ooc\/wp-json\/wp\/v2\/media?parent=6468"}],"curies":[{"name":"wp","href":"https:\/\/api.w.org\/{rel}","templated":true}]}}