{"id":8422,"date":"2020-01-29T13:43:03","date_gmt":"2020-01-29T12:43:03","guid":{"rendered":"https:\/\/www.myecole.it\/ooc\/?page_id=8422"},"modified":"2021-04-09T12:04:03","modified_gmt":"2021-04-09T10:04:03","slug":"corsi-ecm-sanita","status":"publish","type":"page","link":"https:\/\/www.myecole.it\/ooc\/area-sanita\/percorsi-formazione\/corsi-ecm-sanita\/","title":{"rendered":"Catalogo dei corsi"},"content":{"rendered":"\t\t<div data-elementor-type=\"wp-page\" data-elementor-id=\"8422\" class=\"elementor elementor-8422\" data-elementor-settings=\"[]\">\n\t\t\t\t\t\t<div class=\"elementor-inner\">\n\t\t\t\t\t\t\t<div class=\"elementor-section-wrap\">\n\t\t\t\t\t\t\t<section class=\"elementor-section elementor-top-section elementor-element elementor-element-b257387 elementor-section-boxed elementor-section-height-default elementor-section-height-default\" data-id=\"b257387\" data-element_type=\"section\">\n\t\t\t\t\t\t<div class=\"elementor-container elementor-column-gap-default\">\n\t\t\t\t\t\t\t<div class=\"elementor-row\">\n\t\t\t\t\t<div class=\"elementor-column elementor-col-100 elementor-top-column elementor-element elementor-element-aafb27c\" data-id=\"aafb27c\" data-element_type=\"column\">\n\t\t\t<div class=\"elementor-column-wrap elementor-element-populated\">\n\t\t\t\t\t\t\t<div class=\"elementor-widget-wrap\">\n\t\t\t\t\t\t<div class=\"elementor-element elementor-element-67ebd94 elementor-widget elementor-widget-shortcode\" data-id=\"67ebd94\" data-element_type=\"widget\" data-widget_type=\"shortcode.default\">\n\t\t\t\t<div class=\"elementor-widget-container\">\n\t\t\t\t\t<div class=\"elementor-shortcode\"><br \/>Widget not in any sidebars<br \/><\/div>\n\t\t\t\t<\/div>\n\t\t\t\t<\/div>\n\t\t\t\t<div class=\"elementor-element elementor-element-9f75530 elementor-widget elementor-widget-lae-heading\" data-id=\"9f75530\" data-element_type=\"widget\" data-widget_type=\"lae-heading.default\">\n\t\t\t\t<div class=\"elementor-widget-container\">\n\t\t\t\n   <!--       -->\n\n        <div class=\"lae-heading lae-style2 lae-alignleft\" >\n\n            \n                <div class=\"lae-subtitle\">Percorsi di formazione<\/div>\n\n            \n            <h1 class=\"lae-title\">Catalogo corsi<\/h1>\n\n            \n        <\/div>\n\n        \t\t<\/div>\n\t\t\t\t<\/div>\n\t\t\t\t\t\t<\/div>\n\t\t\t\t\t<\/div>\n\t\t<\/div>\n\t\t\t\t\t\t\t\t<\/div>\n\t\t\t\t\t<\/div>\n\t\t<\/section>\n\t\t\t\t<section class=\"elementor-section elementor-top-section elementor-element elementor-element-c28c77e elementor-section-boxed elementor-section-height-default elementor-section-height-default\" data-id=\"c28c77e\" data-element_type=\"section\">\n\t\t\t\t\t\t<div class=\"elementor-container elementor-column-gap-default\">\n\t\t\t\t\t\t\t<div class=\"elementor-row\">\n\t\t\t\t\t<div class=\"elementor-column elementor-col-100 elementor-top-column elementor-element elementor-element-02b956b\" data-id=\"02b956b\" data-element_type=\"column\">\n\t\t\t<div class=\"elementor-column-wrap elementor-element-populated\">\n\t\t\t\t\t\t\t<div class=\"elementor-widget-wrap\">\n\t\t\t\t\t\t<div class=\"elementor-element elementor-element-f727bc6 elementor-widget elementor-widget-text-editor\" data-id=\"f727bc6\" data-element_type=\"widget\" data-widget_type=\"text-editor.default\">\n\t\t\t\t<div class=\"elementor-widget-container\">\n\t\t\t\t\t<div class=\"elementor-text-editor elementor-clearfix\"><p>La nostra offerta formativa \u00e8 il risultato di un aggiornamento continuo delle\u00a0<strong>analisi dei fabbisogni formativi<\/strong>\u00a0dei professionisti e delle aziende sanitarie con cui stabilmente lavoriamo. In base alla mappatura dei bisogni proponiamo percorsi formativi aggiornati alle nuove esigenze professionali ed ai cambiamenti normativi in atto.<\/p>\n<p>La nostra\u00a0<strong>Faculty\u00a0<\/strong>non \u00e8 fissa ma \u00e8 costituita da numerose convenzioni con Universit\u00e0, societ\u00e0 di formazione e liberi professionisti \u2013 in modo da garantire le metodologie formative e i docenti pi\u00f9 adatti rispetto al percorso da erogare.<\/p>\n<p>Tutti i nostri corsi si contraddistinguono per una \u201c<strong>personalizzazione\u00a0dei contenuti<\/strong>\u201d attraverso assessment ed interviste ai responsabili aziendali o ai professionisti sanitari stessi, in modo da cucire su misura ogni giornata formativa.<\/p>\n<p>ECOLE \u00e8 un\u00a0<strong>provider\u00a0ECM\u00a0<\/strong>della Regione Lombardia, e quindi tutti i percorsi possono erogare crediti formativi a tutte le professioni sanitarie.<\/p>\n<p>Tutti i nostri corsi possono essere finanziati dai\u00a0<strong>Fondi Interprofessionali.<\/strong><\/p>\n<p>L\u2019offerta formativa si divide in:<\/p>\n<ul>\n<li><em>Area Soft Skills<\/em>, basata su competenze trasversali<\/li>\n<li><em>Area Tecnico-Amministrativa<\/em>, orientata a specifiche professioni e\\o mansioni<\/li>\n<li><em>Area Digital<\/em>, orientata alla trasformazione digitale<\/li>\n<li><em>Area Clinica Socio-Sanitaria<\/em>, basata su competenze specialistiche<\/li>\n<\/ul><\/div>\n\t\t\t\t<\/div>\n\t\t\t\t<\/div>\n\t\t\t\t<div class=\"elementor-element elementor-element-17946ce elementor-widget elementor-widget-divider\" data-id=\"17946ce\" data-element_type=\"widget\" data-widget_type=\"divider.default\">\n\t\t\t\t<div class=\"elementor-widget-container\">\n\t\t\t\t\t<div class=\"elementor-divider\">\n\t\t\t<span class=\"elementor-divider-separator\">\n\t\t\t\t\t\t<\/span>\n\t\t<\/div>\n\t\t\t\t<\/div>\n\t\t\t\t<\/div>\n\t\t\t\t\t\t<\/div>\n\t\t\t\t\t<\/div>\n\t\t<\/div>\n\t\t\t\t\t\t\t\t<\/div>\n\t\t\t\t\t<\/div>\n\t\t<\/section>\n\t\t\t\t<section class=\"elementor-section elementor-top-section elementor-element elementor-element-d7f3b6a elementor-section-boxed elementor-section-height-default elementor-section-height-default\" data-id=\"d7f3b6a\" data-element_type=\"section\">\n\t\t\t\t\t\t<div class=\"elementor-container elementor-column-gap-default\">\n\t\t\t\t\t\t\t<div class=\"elementor-row\">\n\t\t\t\t\t<div class=\"elementor-column elementor-col-25 elementor-top-column elementor-element elementor-element-cc966f9\" data-id=\"cc966f9\" data-element_type=\"column\">\n\t\t\t<div class=\"elementor-column-wrap elementor-element-populated\">\n\t\t\t\t\t\t\t<div class=\"elementor-widget-wrap\">\n\t\t\t\t\t\t<section class=\"elementor-section elementor-inner-section elementor-element elementor-element-961407c elementor-section-content-middle elementor-section-boxed elementor-section-height-default elementor-section-height-default\" data-id=\"961407c\" data-element_type=\"section\">\n\t\t\t\t\t\t<div class=\"elementor-container elementor-column-gap-no\">\n\t\t\t\t\t\t\t<div class=\"elementor-row\">\n\t\t\t\t\t<div class=\"elementor-column elementor-col-100 elementor-inner-column elementor-element elementor-element-827959b\" data-id=\"827959b\" data-element_type=\"column\">\n\t\t\t<div class=\"elementor-column-wrap elementor-element-populated\">\n\t\t\t\t\t\t\t<div class=\"elementor-widget-wrap\">\n\t\t\t\t\t\t<div class=\"elementor-element elementor-element-20ad966 elementor-widget__width-inherit elementor-position-top elementor-vertical-align-top elementor-widget elementor-widget-image-box\" data-id=\"20ad966\" data-element_type=\"widget\" data-widget_type=\"image-box.default\">\n\t\t\t\t<div class=\"elementor-widget-container\">\n\t\t\t<div class=\"elementor-image-box-wrapper\"><figure class=\"elementor-image-box-img\"><a href=\"https:\/\/www.myecole.it\/ooc\/area-sanita\/soft-skills\"><img loading=\"lazy\" decoding=\"async\" width=\"150\" height=\"150\" src=\"https:\/\/www.myecole.it\/ooc\/wp-content\/uploads\/2021\/02\/Soft-150x150.png\" class=\"elementor-animation-grow attachment-thumbnail size-thumbnail\" alt=\"\" srcset=\"https:\/\/www.myecole.it\/ooc\/wp-content\/uploads\/2021\/02\/Soft-150x150.png 150w, https:\/\/www.myecole.it\/ooc\/wp-content\/uploads\/2021\/02\/Soft-65x65.png 65w, https:\/\/www.myecole.it\/ooc\/wp-content\/uploads\/2021\/02\/Soft.png 256w\" sizes=\"(max-width: 150px) 100vw, 150px\" \/><\/a><\/figure><div class=\"elementor-image-box-content\"><h3 class=\"elementor-image-box-title\"><a href=\"https:\/\/www.myecole.it\/ooc\/area-sanita\/soft-skills\">Area Soft Skills<\/a><\/h3><\/div><\/div>\t\t<\/div>\n\t\t\t\t<\/div>\n\t\t\t\t\t\t<\/div>\n\t\t\t\t\t<\/div>\n\t\t<\/div>\n\t\t\t\t\t\t\t\t<\/div>\n\t\t\t\t\t<\/div>\n\t\t<\/section>\n\t\t\t\t\t\t<\/div>\n\t\t\t\t\t<\/div>\n\t\t<\/div>\n\t\t\t\t<div class=\"elementor-column elementor-col-25 elementor-top-column elementor-element elementor-element-4aef91e\" data-id=\"4aef91e\" data-element_type=\"column\">\n\t\t\t<div class=\"elementor-column-wrap elementor-element-populated\">\n\t\t\t\t\t\t\t<div class=\"elementor-widget-wrap\">\n\t\t\t\t\t\t<section class=\"elementor-section elementor-inner-section elementor-element elementor-element-55d8e90 elementor-section-content-middle elementor-section-boxed elementor-section-height-default elementor-section-height-default\" data-id=\"55d8e90\" data-element_type=\"section\">\n\t\t\t\t\t\t<div class=\"elementor-container elementor-column-gap-no\">\n\t\t\t\t\t\t\t<div class=\"elementor-row\">\n\t\t\t\t\t<div class=\"elementor-column elementor-col-100 elementor-inner-column elementor-element elementor-element-863bf93\" data-id=\"863bf93\" data-element_type=\"column\">\n\t\t\t<div class=\"elementor-column-wrap elementor-element-populated\">\n\t\t\t\t\t\t\t<div class=\"elementor-widget-wrap\">\n\t\t\t\t\t\t<div class=\"elementor-element elementor-element-e85b7e7 elementor-widget__width-inherit elementor-position-top elementor-vertical-align-top elementor-widget elementor-widget-image-box\" data-id=\"e85b7e7\" data-element_type=\"widget\" data-widget_type=\"image-box.default\">\n\t\t\t\t<div class=\"elementor-widget-container\">\n\t\t\t<div class=\"elementor-image-box-wrapper\"><figure class=\"elementor-image-box-img\"><a href=\"https:\/\/www.myecole.it\/ooc\/area-sanita\/tecnico-amministrativa\/\"><img loading=\"lazy\" decoding=\"async\" width=\"150\" height=\"150\" src=\"https:\/\/www.myecole.it\/ooc\/wp-content\/uploads\/2021\/02\/tecnical-150x150.png\" class=\"elementor-animation-grow attachment-thumbnail size-thumbnail\" alt=\"\" srcset=\"https:\/\/www.myecole.it\/ooc\/wp-content\/uploads\/2021\/02\/tecnical-150x150.png 150w, https:\/\/www.myecole.it\/ooc\/wp-content\/uploads\/2021\/02\/tecnical-65x65.png 65w, https:\/\/www.myecole.it\/ooc\/wp-content\/uploads\/2021\/02\/tecnical.png 256w\" sizes=\"(max-width: 150px) 100vw, 150px\" \/><\/a><\/figure><div class=\"elementor-image-box-content\"><h3 class=\"elementor-image-box-title\"><a href=\"https:\/\/www.myecole.it\/ooc\/area-sanita\/tecnico-amministrativa\/\">Area Tecnico-Amministrativa<\/a><\/h3><\/div><\/div>\t\t<\/div>\n\t\t\t\t<\/div>\n\t\t\t\t\t\t<\/div>\n\t\t\t\t\t<\/div>\n\t\t<\/div>\n\t\t\t\t\t\t\t\t<\/div>\n\t\t\t\t\t<\/div>\n\t\t<\/section>\n\t\t\t\t\t\t<\/div>\n\t\t\t\t\t<\/div>\n\t\t<\/div>\n\t\t\t\t<div class=\"elementor-column elementor-col-25 elementor-top-column elementor-element elementor-element-5f8b063\" data-id=\"5f8b063\" data-element_type=\"column\">\n\t\t\t<div class=\"elementor-column-wrap elementor-element-populated\">\n\t\t\t\t\t\t\t<div class=\"elementor-widget-wrap\">\n\t\t\t\t\t\t<section class=\"elementor-section elementor-inner-section elementor-element elementor-element-8731f0e elementor-section-content-middle elementor-section-boxed elementor-section-height-default elementor-section-height-default\" data-id=\"8731f0e\" data-element_type=\"section\">\n\t\t\t\t\t\t<div class=\"elementor-container elementor-column-gap-no\">\n\t\t\t\t\t\t\t<div class=\"elementor-row\">\n\t\t\t\t\t<div class=\"elementor-column elementor-col-100 elementor-inner-column elementor-element elementor-element-6e2c196\" data-id=\"6e2c196\" data-element_type=\"column\">\n\t\t\t<div class=\"elementor-column-wrap elementor-element-populated\">\n\t\t\t\t\t\t\t<div class=\"elementor-widget-wrap\">\n\t\t\t\t\t\t<div class=\"elementor-element elementor-element-776b933 elementor-widget__width-inherit elementor-position-top elementor-vertical-align-top elementor-widget elementor-widget-image-box\" data-id=\"776b933\" data-element_type=\"widget\" data-widget_type=\"image-box.default\">\n\t\t\t\t<div class=\"elementor-widget-container\">\n\t\t\t<div class=\"elementor-image-box-wrapper\"><figure class=\"elementor-image-box-img\"><a href=\"https:\/\/www.myecole.it\/ooc\/area-sanita\/area-digital\/\"><img loading=\"lazy\" decoding=\"async\" width=\"150\" height=\"150\" src=\"https:\/\/www.myecole.it\/ooc\/wp-content\/uploads\/2021\/02\/digital-150x150.png\" class=\"elementor-animation-grow attachment-thumbnail size-thumbnail\" alt=\"\" srcset=\"https:\/\/www.myecole.it\/ooc\/wp-content\/uploads\/2021\/02\/digital-150x150.png 150w, https:\/\/www.myecole.it\/ooc\/wp-content\/uploads\/2021\/02\/digital-65x65.png 65w, https:\/\/www.myecole.it\/ooc\/wp-content\/uploads\/2021\/02\/digital.png 256w\" sizes=\"(max-width: 150px) 100vw, 150px\" \/><\/a><\/figure><div class=\"elementor-image-box-content\"><h3 class=\"elementor-image-box-title\"><a href=\"https:\/\/www.myecole.it\/ooc\/area-sanita\/area-digital\/\">Area Digital<\/a><\/h3><\/div><\/div>\t\t<\/div>\n\t\t\t\t<\/div>\n\t\t\t\t\t\t<\/div>\n\t\t\t\t\t<\/div>\n\t\t<\/div>\n\t\t\t\t\t\t\t\t<\/div>\n\t\t\t\t\t<\/div>\n\t\t<\/section>\n\t\t\t\t\t\t<\/div>\n\t\t\t\t\t<\/div>\n\t\t<\/div>\n\t\t\t\t<div class=\"elementor-column elementor-col-25 elementor-top-column elementor-element elementor-element-d93ebdf\" data-id=\"d93ebdf\" data-element_type=\"column\">\n\t\t\t<div class=\"elementor-column-wrap elementor-element-populated\">\n\t\t\t\t\t\t\t<div class=\"elementor-widget-wrap\">\n\t\t\t\t\t\t<section class=\"elementor-section elementor-inner-section elementor-element elementor-element-94b8d83 elementor-section-content-middle elementor-section-boxed elementor-section-height-default elementor-section-height-default\" data-id=\"94b8d83\" data-element_type=\"section\">\n\t\t\t\t\t\t<div class=\"elementor-container elementor-column-gap-no\">\n\t\t\t\t\t\t\t<div class=\"elementor-row\">\n\t\t\t\t\t<div class=\"elementor-column elementor-col-100 elementor-inner-column elementor-element elementor-element-6da84c4\" data-id=\"6da84c4\" data-element_type=\"column\">\n\t\t\t<div class=\"elementor-column-wrap elementor-element-populated\">\n\t\t\t\t\t\t\t<div class=\"elementor-widget-wrap\">\n\t\t\t\t\t\t<div class=\"elementor-element elementor-element-0e02b7e elementor-widget__width-inherit elementor-position-top elementor-vertical-align-top elementor-widget elementor-widget-image-box\" data-id=\"0e02b7e\" data-element_type=\"widget\" data-widget_type=\"image-box.default\">\n\t\t\t\t<div class=\"elementor-widget-container\">\n\t\t\t<div class=\"elementor-image-box-wrapper\"><figure class=\"elementor-image-box-img\"><a href=\"https:\/\/www.myecole.it\/ooc\/area-sanita\/percorsi-formazione\/area-clinica-socio-sanitaria\/\"><img loading=\"lazy\" decoding=\"async\" width=\"150\" height=\"150\" src=\"https:\/\/www.myecole.it\/ooc\/wp-content\/uploads\/2021\/02\/sociosanitario-150x150.png\" class=\"elementor-animation-grow attachment-thumbnail size-thumbnail\" alt=\"\" srcset=\"https:\/\/www.myecole.it\/ooc\/wp-content\/uploads\/2021\/02\/sociosanitario-150x150.png 150w, https:\/\/www.myecole.it\/ooc\/wp-content\/uploads\/2021\/02\/sociosanitario-65x65.png 65w, https:\/\/www.myecole.it\/ooc\/wp-content\/uploads\/2021\/02\/sociosanitario.png 256w\" sizes=\"(max-width: 150px) 100vw, 150px\" \/><\/a><\/figure><div class=\"elementor-image-box-content\"><h3 class=\"elementor-image-box-title\"><a href=\"https:\/\/www.myecole.it\/ooc\/area-sanita\/percorsi-formazione\/area-clinica-socio-sanitaria\/\">Area Clinica Socio-Sanitaria<\/a><\/h3><\/div><\/div>\t\t<\/div>\n\t\t\t\t<\/div>\n\t\t\t\t\t\t<\/div>\n\t\t\t\t\t<\/div>\n\t\t<\/div>\n\t\t\t\t\t\t\t\t<\/div>\n\t\t\t\t\t<\/div>\n\t\t<\/section>\n\t\t\t\t\t\t<\/div>\n\t\t\t\t\t<\/div>\n\t\t<\/div>\n\t\t\t\t\t\t\t\t<\/div>\n\t\t\t\t\t<\/div>\n\t\t<\/section>\n\t\t\t\t\t\t<\/div>\n\t\t\t\t\t\t<\/div>\n\t\t\t\t\t<\/div>\n\t\t","protected":false},"excerpt":{"rendered":"<p>Percorsi di formazione Catalogo corsi La nostra offerta formativa \u00e8 il risultato di un aggiornamento continuo delle\u00a0analisi dei fabbisogni formativi\u00a0dei professionisti e delle aziende sanitarie con cui stabilmente lavoriamo. In base alla mappatura dei bisogni proponiamo percorsi formativi aggiornati alle nuove esigenze professionali ed ai cambiamenti normativi in atto. La nostra\u00a0Faculty\u00a0non \u00e8 fissa ma \u00e8.<\/p>\n","protected":false},"author":1,"featured_media":0,"parent":8678,"menu_order":0,"comment_status":"closed","ping_status":"closed","template":"","meta":{"footnotes":""},"_links":{"self":[{"href":"https:\/\/www.myecole.it\/ooc\/wp-json\/wp\/v2\/pages\/8422"}],"collection":[{"href":"https:\/\/www.myecole.it\/ooc\/wp-json\/wp\/v2\/pages"}],"about":[{"href":"https:\/\/www.myecole.it\/ooc\/wp-json\/wp\/v2\/types\/page"}],"author":[{"embeddable":true,"href":"https:\/\/www.myecole.it\/ooc\/wp-json\/wp\/v2\/users\/1"}],"replies":[{"embeddable":true,"href":"https:\/\/www.myecole.it\/ooc\/wp-json\/wp\/v2\/comments?post=8422"}],"version-history":[{"count":0,"href":"https:\/\/www.myecole.it\/ooc\/wp-json\/wp\/v2\/pages\/8422\/revisions"}],"up":[{"embeddable":true,"href":"https:\/\/www.myecole.it\/ooc\/wp-json\/wp\/v2\/pages\/8678"}],"wp:attachment":[{"href":"https:\/\/www.myecole.it\/ooc\/wp-json\/wp\/v2\/media?parent=8422"}],"curies":[{"name":"wp","href":"https:\/\/api.w.org\/{rel}","templated":true}]}}