{"id":9174,"date":"2020-02-26T18:27:19","date_gmt":"2020-02-26T17:27:19","guid":{"rendered":"https:\/\/www.myecole.it\/ooc\/?page_id=9174"},"modified":"2021-04-09T11:49:45","modified_gmt":"2021-04-09T09:49:45","slug":"sixdimension-scale-nursing-performance","status":"publish","type":"page","link":"https:\/\/www.myecole.it\/ooc\/area-sanita\/percorsi-formazione\/area-clinica-socio-sanitaria\/sixdimension-scale-nursing-performance\/","title":{"rendered":"Corso: Six-dimension scale"},"content":{"rendered":"\t\t<div data-elementor-type=\"wp-page\" data-elementor-id=\"9174\" class=\"elementor elementor-9174\" data-elementor-settings=\"[]\">\n\t\t\t\t\t\t<div class=\"elementor-inner\">\n\t\t\t\t\t\t\t<div class=\"elementor-section-wrap\">\n\t\t\t\t\t\t\t<section class=\"elementor-section elementor-top-section elementor-element elementor-element-bf11e8c elementor-section-boxed elementor-section-height-default elementor-section-height-default\" data-id=\"bf11e8c\" data-element_type=\"section\">\n\t\t\t\t\t\t<div class=\"elementor-container elementor-column-gap-default\">\n\t\t\t\t\t\t\t<div class=\"elementor-row\">\n\t\t\t\t\t<div class=\"elementor-column elementor-col-100 elementor-top-column elementor-element elementor-element-2e1f9d9\" data-id=\"2e1f9d9\" data-element_type=\"column\">\n\t\t\t<div class=\"elementor-column-wrap elementor-element-populated\">\n\t\t\t\t\t\t\t<div class=\"elementor-widget-wrap\">\n\t\t\t\t\t\t<div class=\"elementor-element elementor-element-769e69c elementor-widget elementor-widget-shortcode\" data-id=\"769e69c\" data-element_type=\"widget\" data-widget_type=\"shortcode.default\">\n\t\t\t\t<div class=\"elementor-widget-container\">\n\t\t\t\t\t<div class=\"elementor-shortcode\"><br \/>Widget not in any sidebars<br \/><\/div>\n\t\t\t\t<\/div>\n\t\t\t\t<\/div>\n\t\t\t\t\t\t<\/div>\n\t\t\t\t\t<\/div>\n\t\t<\/div>\n\t\t\t\t\t\t\t\t<\/div>\n\t\t\t\t\t<\/div>\n\t\t<\/section>\n\t\t\t\t<section class=\"elementor-section elementor-top-section elementor-element elementor-element-b34679e elementor-section-boxed elementor-section-height-default elementor-section-height-default\" data-id=\"b34679e\" data-element_type=\"section\">\n\t\t\t\t\t\t<div class=\"elementor-container elementor-column-gap-default\">\n\t\t\t\t\t\t\t<div class=\"elementor-row\">\n\t\t\t\t\t<div class=\"elementor-column elementor-col-100 elementor-top-column elementor-element elementor-element-149789d\" data-id=\"149789d\" data-element_type=\"column\">\n\t\t\t<div class=\"elementor-column-wrap elementor-element-populated\">\n\t\t\t\t\t\t\t<div class=\"elementor-widget-wrap\">\n\t\t\t\t\t\t<div class=\"elementor-element elementor-element-b078ef2 elementor-widget elementor-widget-lae-heading\" data-id=\"b078ef2\" data-element_type=\"widget\" data-widget_type=\"lae-heading.default\">\n\t\t\t\t<div class=\"elementor-widget-container\">\n\t\t\t\n   <!--       -->\n\n        <div class=\"lae-heading lae-style2 lae-alignleft\" >\n\n            \n                <div class=\"lae-subtitle\">percorsi formativi - area clinica socio-sanitaria<\/div>\n\n            \n            <h1 class=\"lae-title\">Six-Dimension scale of nursing performance <\/h1>\n\n            \n                <p class=\"lae-text\">Quanto valgono le tue competenze?<\/p>\n\n            \n        <\/div>\n\n        \t\t<\/div>\n\t\t\t\t<\/div>\n\t\t\t\t\t\t<\/div>\n\t\t\t\t\t<\/div>\n\t\t<\/div>\n\t\t\t\t\t\t\t\t<\/div>\n\t\t\t\t\t<\/div>\n\t\t<\/section>\n\t\t\t\t<section class=\"elementor-section elementor-top-section elementor-element elementor-element-5287de7 elementor-section-boxed elementor-section-height-default elementor-section-height-default\" data-id=\"5287de7\" data-element_type=\"section\">\n\t\t\t\t\t\t<div class=\"elementor-container elementor-column-gap-default\">\n\t\t\t\t\t\t\t<div class=\"elementor-row\">\n\t\t\t\t\t<div class=\"elementor-column elementor-col-100 elementor-top-column elementor-element elementor-element-355f538\" data-id=\"355f538\" data-element_type=\"column\">\n\t\t\t<div class=\"elementor-column-wrap elementor-element-populated\">\n\t\t\t\t\t\t\t<div class=\"elementor-widget-wrap\">\n\t\t\t\t\t\t<div class=\"elementor-element elementor-element-1eb45cf elementor-widget elementor-widget-text-editor\" data-id=\"1eb45cf\" data-element_type=\"widget\" data-widget_type=\"text-editor.default\">\n\t\t\t\t<div class=\"elementor-widget-container\">\n\t\t\t\t\t<div class=\"elementor-text-editor elementor-clearfix\"><p>L\u2019evento formativo offre la possibilit\u00e0 di stimolare i professionisti a mappare le proprie competenze e a dirigere in modo autonomo l\u2019intervento formativo necessario per un potenziamento delle competenze stesse. Al termine dell\u2019evento l&#8217;infermiere sar\u00e0 in grado di analizzare il proprio fabbisogno formativo, in un contesto di maggiore consapevolezza di potenzialit\u00e0 e limiti, anche grazie all&#8217;identificazione di eventuali aree di intervento. Pi\u00f9 in generale, questo corso si propone di consentire un miglioramento della qualit\u00e0 dell&#8217;assistenza erogata complessivamente dalle Aziende Ospedaliere, anche grazie alla possibilit\u00e0 di confrontare i risultati in relazione all&#8217;area di appartenenza degli infermieri.<\/p><\/div>\n\t\t\t\t<\/div>\n\t\t\t\t<\/div>\n\t\t\t\t<div class=\"elementor-element elementor-element-3d8c4e2 elementor-widget elementor-widget-toggle\" data-id=\"3d8c4e2\" data-element_type=\"widget\" data-widget_type=\"toggle.default\">\n\t\t\t\t<div class=\"elementor-widget-container\">\n\t\t\t\t\t<div class=\"elementor-toggle\" role=\"tablist\">\n\t\t\t\t\t\t\t<div class=\"elementor-toggle-item\">\n\t\t\t\t\t<div id=\"elementor-tab-title-6451\" class=\"elementor-tab-title\" data-tab=\"1\" role=\"tab\" aria-controls=\"elementor-tab-content-6451\">\n\t\t\t\t\t\t\t\t\t\t\t\t<span class=\"elementor-toggle-icon elementor-toggle-icon-left\" aria-hidden=\"true\">\n\t\t\t\t\t\t\t\t\t\t\t\t\t\t\t<span class=\"elementor-toggle-icon-closed\"><i class=\"fas fa-caret-right\"><\/i><\/span>\n\t\t\t\t\t\t\t\t<span class=\"elementor-toggle-icon-opened\"><i class=\"elementor-toggle-icon-opened fas fa-caret-up\"><\/i><\/span>\n\t\t\t\t\t\t\t\t\t\t\t\t\t<\/span>\n\t\t\t\t\t\t\t\t\t\t\t\t<a href=\"\" class=\"elementor-toggle-title\">OBIETTIVI FORMATIVI<\/a>\n\t\t\t\t\t<\/div>\n\t\t\t\t\t<div id=\"elementor-tab-content-6451\" class=\"elementor-tab-content elementor-clearfix\" data-tab=\"1\" role=\"tabpanel\" aria-labelledby=\"elementor-tab-title-6451\"><ul>\n<li>\n<p>Per l&#8217;infermiere: implementazione della consapevolezza del proprio profilo professionale e della figura dell&#8217;infermiere all&#8217;interno della societ\u00e0 attuale<\/p>\n<\/li>\n<li>\n<p>Per il docente del corso di laurea in Scienze infermieristiche e il tutor responsabile della formazione dello studente infermiere: sviluppo della conoscenza di strumenti per la valutazione delle competenze\u00a0<\/p>\n<\/li>\n<li>\n<p>Per il coordinatore infermieristico e il responsabile della gestione del personale: sviluppo della conoscenza di strumenti per la valutazione delle competenze dei propri sottoposti\u00a0<\/p>\n<\/li>\n<\/ul><\/div>\n\t\t\t\t<\/div>\n\t\t\t\t\t\t\t<div class=\"elementor-toggle-item\">\n\t\t\t\t\t<div id=\"elementor-tab-title-6452\" class=\"elementor-tab-title\" data-tab=\"2\" role=\"tab\" aria-controls=\"elementor-tab-content-6452\">\n\t\t\t\t\t\t\t\t\t\t\t\t<span class=\"elementor-toggle-icon elementor-toggle-icon-left\" aria-hidden=\"true\">\n\t\t\t\t\t\t\t\t\t\t\t\t\t\t\t<span class=\"elementor-toggle-icon-closed\"><i class=\"fas fa-caret-right\"><\/i><\/span>\n\t\t\t\t\t\t\t\t<span class=\"elementor-toggle-icon-opened\"><i class=\"elementor-toggle-icon-opened fas fa-caret-up\"><\/i><\/span>\n\t\t\t\t\t\t\t\t\t\t\t\t\t<\/span>\n\t\t\t\t\t\t\t\t\t\t\t\t<a href=\"\" class=\"elementor-toggle-title\">METODOLOGIA DIDATTICA<\/a>\n\t\t\t\t\t<\/div>\n\t\t\t\t\t<div id=\"elementor-tab-content-6452\" class=\"elementor-tab-content elementor-clearfix\" data-tab=\"2\" role=\"tabpanel\" aria-labelledby=\"elementor-tab-title-6452\"><ul>\n<li>\n<p>Lezione frontale<\/p>\n<\/li>\n<li>\n<p>Suddivisione in gruppi di studio<\/p>\n<\/li>\n<li>\n<p>Confronto\/dibattito<\/p>\n<\/li>\n<li>\n<p>Analisi e discussione sulle criticit\u00e0 rilevate<\/p>\n<\/li>\n<li>\n<p>Conclusioni<\/p>\n<\/li>\n<\/ul><\/div>\n\t\t\t\t<\/div>\n\t\t\t\t\t\t\t<div class=\"elementor-toggle-item\">\n\t\t\t\t\t<div id=\"elementor-tab-title-6453\" class=\"elementor-tab-title\" data-tab=\"3\" role=\"tab\" aria-controls=\"elementor-tab-content-6453\">\n\t\t\t\t\t\t\t\t\t\t\t\t<span class=\"elementor-toggle-icon elementor-toggle-icon-left\" aria-hidden=\"true\">\n\t\t\t\t\t\t\t\t\t\t\t\t\t\t\t<span class=\"elementor-toggle-icon-closed\"><i class=\"fas fa-caret-right\"><\/i><\/span>\n\t\t\t\t\t\t\t\t<span class=\"elementor-toggle-icon-opened\"><i class=\"elementor-toggle-icon-opened fas fa-caret-up\"><\/i><\/span>\n\t\t\t\t\t\t\t\t\t\t\t\t\t<\/span>\n\t\t\t\t\t\t\t\t\t\t\t\t<a href=\"\" class=\"elementor-toggle-title\">DESTINATARI<\/a>\n\t\t\t\t\t<\/div>\n\t\t\t\t\t<div id=\"elementor-tab-content-6453\" class=\"elementor-tab-content elementor-clearfix\" data-tab=\"3\" role=\"tabpanel\" aria-labelledby=\"elementor-tab-title-6453\"><ul>\n<li>\n<p>Infermieri<\/p>\n<\/li>\n<li>\n<p>Tutor dei corsi di laurea in infermieristica<\/p>\n<\/li>\n<li>\n<p>Coordinatori infermieristici<\/p>\n<\/li>\n<\/ul><\/div>\n\t\t\t\t<\/div>\n\t\t\t\t\t\t\t<div class=\"elementor-toggle-item\">\n\t\t\t\t\t<div id=\"elementor-tab-title-6454\" class=\"elementor-tab-title\" data-tab=\"4\" role=\"tab\" aria-controls=\"elementor-tab-content-6454\">\n\t\t\t\t\t\t\t\t\t\t\t\t<span class=\"elementor-toggle-icon elementor-toggle-icon-left\" aria-hidden=\"true\">\n\t\t\t\t\t\t\t\t\t\t\t\t\t\t\t<span class=\"elementor-toggle-icon-closed\"><i class=\"fas fa-caret-right\"><\/i><\/span>\n\t\t\t\t\t\t\t\t<span class=\"elementor-toggle-icon-opened\"><i class=\"elementor-toggle-icon-opened fas fa-caret-up\"><\/i><\/span>\n\t\t\t\t\t\t\t\t\t\t\t\t\t<\/span>\n\t\t\t\t\t\t\t\t\t\t\t\t<a href=\"\" class=\"elementor-toggle-title\">PROGRAMMA<\/a>\n\t\t\t\t\t<\/div>\n\t\t\t\t\t<div id=\"elementor-tab-content-6454\" class=\"elementor-tab-content elementor-clearfix\" data-tab=\"4\" role=\"tabpanel\" aria-labelledby=\"elementor-tab-title-6454\"><p>\u00a0<\/p>\n<table style=\"border-collapse: collapse;width: 100%;height: 287px\">\n<tbody>\n<tr style=\"height: 48px\">\n<td style=\"width: 20.039%;height: 48px;vertical-align: middle;text-align: center\">8.45-9.00<\/td>\n<td style=\"width: 79.961%;height: 48px;vertical-align: middle\"><em>Registrazione dei partecipanti<\/em><\/td>\n<\/tr>\n<tr style=\"height: 55px\">\n<td style=\"width: 20.039%;height: 55px;vertical-align: middle;text-align: center\">9.00-11.15<\/td>\n<td style=\"width: 79.961%;height: 55px;vertical-align: middle\">\n<p>Le competenze infermieristiche, valutazione e strumenti<\/p>\n<\/td>\n<\/tr>\n<tr style=\"height: 68px\">\n<td style=\"width: 20.039%;height: 10px;vertical-align: middle;text-align: center\">11.15-11.30<\/td>\n<td style=\"width: 79.961%;height: 10px;vertical-align: middle\">\n<p><em>Pausa<\/em><\/p>\n<\/td>\n<\/tr>\n<tr style=\"height: 85px\">\n<td style=\"width: 20.039%;height: 10px;vertical-align: middle;text-align: center\">11.30-13.00<\/td>\n<td style=\"width: 79.961%;height: 10px;vertical-align: middle\">\n<p>Laboratorio didattico: analizziamo lo strumento six-D scale<\/p>\n<\/td>\n<\/tr>\n<tr style=\"height: 78px\">\n<td style=\"width: 20.039%;height: 44px;vertical-align: middle;text-align: center\">13.00-14.00<\/td>\n<td style=\"width: 79.961%;height: 44px;vertical-align: middle\"><em>Pausa pranzo<\/em><\/td>\n<\/tr>\n<tr style=\"height: 48px\">\n<td style=\"width: 20.039%;height: 48px;vertical-align: middle;text-align: center\">14.00-14.30<\/td>\n<td style=\"width: 79.961%;height: 48px;vertical-align: middle\">\n<p>Laboratorio didattico: valutiamo le nostre competenze<\/p>\n<\/td>\n<\/tr>\n<tr style=\"height: 81px\">\n<td style=\"width: 20.039%;height: 38px;vertical-align: middle;text-align: center\">14.30-16.00<\/td>\n<td style=\"width: 79.961%;height: 38px;vertical-align: middle\">\n<p>Laboratorio didattico: creiamo uno strumento di valutazione delle competenze infermieristiche sul modello six-D scale<\/p>\n<\/td>\n<\/tr>\n<tr style=\"height: 22px\">\n<td style=\"width: 20.039%;height: 10px;vertical-align: middle;text-align: center\">16.00-18.00<\/td>\n<td style=\"width: 79.961%;height: 10px;vertical-align: middle\">\n<p>Debriefing: discutiamo delle criticit\u00e0 riscontrate e miglioriamo lo strumento<\/p>\n<\/td>\n<\/tr>\n<\/tbody>\n<\/table><\/div>\n\t\t\t\t<\/div>\n\t\t\t\t\t\t\t<div class=\"elementor-toggle-item\">\n\t\t\t\t\t<div id=\"elementor-tab-title-6455\" class=\"elementor-tab-title\" data-tab=\"5\" role=\"tab\" aria-controls=\"elementor-tab-content-6455\">\n\t\t\t\t\t\t\t\t\t\t\t\t<span class=\"elementor-toggle-icon elementor-toggle-icon-left\" aria-hidden=\"true\">\n\t\t\t\t\t\t\t\t\t\t\t\t\t\t\t<span class=\"elementor-toggle-icon-closed\"><i class=\"fas fa-caret-right\"><\/i><\/span>\n\t\t\t\t\t\t\t\t<span class=\"elementor-toggle-icon-opened\"><i class=\"elementor-toggle-icon-opened fas fa-caret-up\"><\/i><\/span>\n\t\t\t\t\t\t\t\t\t\t\t\t\t<\/span>\n\t\t\t\t\t\t\t\t\t\t\t\t<a href=\"\" class=\"elementor-toggle-title\">DURATA<\/a>\n\t\t\t\t\t<\/div>\n\t\t\t\t\t<div id=\"elementor-tab-content-6455\" class=\"elementor-tab-content elementor-clearfix\" data-tab=\"5\" role=\"tabpanel\" aria-labelledby=\"elementor-tab-title-6455\"><p>1 giornata formativa\u00a0<\/p><\/div>\n\t\t\t\t<\/div>\n\t\t\t\t\t<\/div>\n\t\t\t\t<\/div>\n\t\t\t\t<\/div>\n\t\t\t\t<div class=\"elementor-element elementor-element-ebb5ef9 elementor-widget elementor-widget-text-editor\" data-id=\"ebb5ef9\" data-element_type=\"widget\" data-widget_type=\"text-editor.default\">\n\t\t\t\t<div class=\"elementor-widget-container\">\n\t\t\t\t\t<div class=\"elementor-text-editor elementor-clearfix\"><\/div>\n\t\t\t\t<\/div>\n\t\t\t\t<\/div>\n\t\t\t\t\t\t<\/div>\n\t\t\t\t\t<\/div>\n\t\t<\/div>\n\t\t\t\t\t\t\t\t<\/div>\n\t\t\t\t\t<\/div>\n\t\t<\/section>\n\t\t\t\t\t\t<\/div>\n\t\t\t\t\t\t<\/div>\n\t\t\t\t\t<\/div>\n\t\t","protected":false},"excerpt":{"rendered":"<p>percorsi formativi &#8211; area clinica socio-sanitaria Six-Dimension scale of nursing performance Quanto valgono le tue competenze? L\u2019evento formativo offre la possibilit\u00e0 di stimolare i professionisti a mappare le proprie competenze e a dirigere in modo autonomo l\u2019intervento formativo necessario per un potenziamento delle competenze stesse. Al termine dell\u2019evento l&#8217;infermiere sar\u00e0 in grado di analizzare il.<\/p>\n","protected":false},"author":1,"featured_media":0,"parent":13591,"menu_order":0,"comment_status":"closed","ping_status":"closed","template":"","meta":{"footnotes":""},"_links":{"self":[{"href":"https:\/\/www.myecole.it\/ooc\/wp-json\/wp\/v2\/pages\/9174"}],"collection":[{"href":"https:\/\/www.myecole.it\/ooc\/wp-json\/wp\/v2\/pages"}],"about":[{"href":"https:\/\/www.myecole.it\/ooc\/wp-json\/wp\/v2\/types\/page"}],"author":[{"embeddable":true,"href":"https:\/\/www.myecole.it\/ooc\/wp-json\/wp\/v2\/users\/1"}],"replies":[{"embeddable":true,"href":"https:\/\/www.myecole.it\/ooc\/wp-json\/wp\/v2\/comments?post=9174"}],"version-history":[{"count":0,"href":"https:\/\/www.myecole.it\/ooc\/wp-json\/wp\/v2\/pages\/9174\/revisions"}],"up":[{"embeddable":true,"href":"https:\/\/www.myecole.it\/ooc\/wp-json\/wp\/v2\/pages\/13591"}],"wp:attachment":[{"href":"https:\/\/www.myecole.it\/ooc\/wp-json\/wp\/v2\/media?parent=9174"}],"curies":[{"name":"wp","href":"https:\/\/api.w.org\/{rel}","templated":true}]}}