{"id":9471,"date":"2020-03-12T15:49:24","date_gmt":"2020-03-12T14:49:24","guid":{"rendered":"https:\/\/www.myecole.it\/ooc\/?page_id=9471"},"modified":"2021-05-20T16:48:40","modified_gmt":"2021-05-20T14:48:40","slug":"formatore","status":"publish","type":"page","link":"https:\/\/www.myecole.it\/ooc\/area-sanita\/soft-skills\/formatore\/","title":{"rendered":"Corso: fare il formatore, essere un formatore"},"content":{"rendered":"\t\t<div data-elementor-type=\"wp-page\" data-elementor-id=\"9471\" class=\"elementor elementor-9471\" data-elementor-settings=\"[]\">\n\t\t\t\t\t\t<div class=\"elementor-inner\">\n\t\t\t\t\t\t\t<div class=\"elementor-section-wrap\">\n\t\t\t\t\t\t\t<section class=\"elementor-section elementor-top-section elementor-element elementor-element-b1ea914 elementor-section-boxed elementor-section-height-default elementor-section-height-default\" data-id=\"b1ea914\" data-element_type=\"section\">\n\t\t\t\t\t\t<div class=\"elementor-container elementor-column-gap-default\">\n\t\t\t\t\t\t\t<div class=\"elementor-row\">\n\t\t\t\t\t<div class=\"elementor-column elementor-col-100 elementor-top-column elementor-element elementor-element-62dd737\" data-id=\"62dd737\" data-element_type=\"column\">\n\t\t\t<div class=\"elementor-column-wrap elementor-element-populated\">\n\t\t\t\t\t\t\t<div class=\"elementor-widget-wrap\">\n\t\t\t\t\t\t<div class=\"elementor-element elementor-element-934d3e8 elementor-widget elementor-widget-shortcode\" data-id=\"934d3e8\" data-element_type=\"widget\" data-widget_type=\"shortcode.default\">\n\t\t\t\t<div class=\"elementor-widget-container\">\n\t\t\t\t\t<div class=\"elementor-shortcode\"><br \/>Widget not in any sidebars<br \/><\/div>\n\t\t\t\t<\/div>\n\t\t\t\t<\/div>\n\t\t\t\t\t\t<\/div>\n\t\t\t\t\t<\/div>\n\t\t<\/div>\n\t\t\t\t\t\t\t\t<\/div>\n\t\t\t\t\t<\/div>\n\t\t<\/section>\n\t\t\t\t<section class=\"elementor-section elementor-top-section elementor-element elementor-element-84748a4 elementor-section-boxed elementor-section-height-default elementor-section-height-default\" data-id=\"84748a4\" data-element_type=\"section\">\n\t\t\t\t\t\t<div class=\"elementor-container elementor-column-gap-default\">\n\t\t\t\t\t\t\t<div class=\"elementor-row\">\n\t\t\t\t\t<div class=\"elementor-column elementor-col-100 elementor-top-column elementor-element elementor-element-9140dcb\" data-id=\"9140dcb\" data-element_type=\"column\">\n\t\t\t<div class=\"elementor-column-wrap elementor-element-populated\">\n\t\t\t\t\t\t\t<div class=\"elementor-widget-wrap\">\n\t\t\t\t\t\t<div class=\"elementor-element elementor-element-60a58ce elementor-widget elementor-widget-lae-heading\" data-id=\"60a58ce\" data-element_type=\"widget\" data-widget_type=\"lae-heading.default\">\n\t\t\t\t<div class=\"elementor-widget-container\">\n\t\t\t\n   <!--       -->\n\n        <div class=\"lae-heading lae-style2 lae-alignleft\" >\n\n            \n                <div class=\"lae-subtitle\">PERCORSI FORMATVI - AREA SOFT SKILLS<\/div>\n\n            \n            <h1 class=\"lae-title\">Fare il formatore, essere un formatore<\/h1>\n\n            \n        <\/div>\n\n        \t\t<\/div>\n\t\t\t\t<\/div>\n\t\t\t\t\t\t<\/div>\n\t\t\t\t\t<\/div>\n\t\t<\/div>\n\t\t\t\t\t\t\t\t<\/div>\n\t\t\t\t\t<\/div>\n\t\t<\/section>\n\t\t\t\t<section class=\"elementor-section elementor-top-section elementor-element elementor-element-194d62e elementor-section-boxed elementor-section-height-default elementor-section-height-default\" data-id=\"194d62e\" data-element_type=\"section\">\n\t\t\t\t\t\t<div class=\"elementor-container elementor-column-gap-default\">\n\t\t\t\t\t\t\t<div class=\"elementor-row\">\n\t\t\t\t\t<div class=\"elementor-column elementor-col-100 elementor-top-column elementor-element elementor-element-0b35cc3\" data-id=\"0b35cc3\" data-element_type=\"column\">\n\t\t\t<div class=\"elementor-column-wrap elementor-element-populated\">\n\t\t\t\t\t\t\t<div class=\"elementor-widget-wrap\">\n\t\t\t\t\t\t<div class=\"elementor-element elementor-element-023b582 elementor-widget elementor-widget-text-editor\" data-id=\"023b582\" data-element_type=\"widget\" data-widget_type=\"text-editor.default\">\n\t\t\t\t<div class=\"elementor-widget-container\">\n\t\t\t\t\t<div class=\"elementor-text-editor elementor-clearfix\"><p>Gestire un gruppo in formazione non \u00e8 semplice, occorrono abilit\u00e0, conoscenze e competenze specifiche.<\/p>\n<p>Il formatore in sanit\u00e0 deve modellare il proprio ruolo sempre pi\u00f9 nella direzione di una funzione di facilitatore, grazie alle metodologie e soprattutto grazie alla relazione attraverso la quale, spogliandosi dello scudo del ruolo di esperto, potr\u00e0 creare il clima d\u2019aula necessario per avviare percorsi di apprendimento efficaci, di confronti a livello cognitivo e\/o emotivo fra i discenti.<\/p>\n<p>Inoltre, \u00e8 fondamentale che riesca a supportare il gruppo a riflettere sulle prassi messe in atto nella quotidianit\u00e0 o sulle esperienze proposte in aula, al fine di produrre una fluida ristrutturazione delle proprie conoscenze e competenze.<\/p>\n<p>Un buon trainer quindi non solo conosce le attivit\u00e0, i tools e le metodologie adatte all\u2019intervento formativo ma \u00e8 anche in grado di leggere le dinamiche d\u2019aula, anticipare e gestire i conflitti, condurre il gruppo verso un debriefing efficace. Durante la giornata, impostata in modalit\u00e0 workshop, verranno proposte e sperimentate attivit\u00e0 d\u2019aula efficaci e personalizzabili per il contesto in cui si lavora. I partecipanti saranno invitati a simulare momenti di gestione d&#8217;aula e progettazione dai quali potranno ricavare feedback costruttivi e proficui.<\/p><\/div>\n\t\t\t\t<\/div>\n\t\t\t\t<\/div>\n\t\t\t\t<div class=\"elementor-element elementor-element-92412f3 elementor-widget elementor-widget-toggle\" data-id=\"92412f3\" data-element_type=\"widget\" data-widget_type=\"toggle.default\">\n\t\t\t\t<div class=\"elementor-widget-container\">\n\t\t\t\t\t<div class=\"elementor-toggle\" role=\"tablist\">\n\t\t\t\t\t\t\t<div class=\"elementor-toggle-item\">\n\t\t\t\t\t<div id=\"elementor-tab-title-1531\" class=\"elementor-tab-title\" data-tab=\"1\" role=\"tab\" aria-controls=\"elementor-tab-content-1531\">\n\t\t\t\t\t\t\t\t\t\t\t\t<span class=\"elementor-toggle-icon elementor-toggle-icon-left\" aria-hidden=\"true\">\n\t\t\t\t\t\t\t\t\t\t\t\t\t\t\t<span class=\"elementor-toggle-icon-closed\"><i class=\"fas fa-caret-right\"><\/i><\/span>\n\t\t\t\t\t\t\t\t<span class=\"elementor-toggle-icon-opened\"><i class=\"elementor-toggle-icon-opened fas fa-caret-up\"><\/i><\/span>\n\t\t\t\t\t\t\t\t\t\t\t\t\t<\/span>\n\t\t\t\t\t\t\t\t\t\t\t\t<a href=\"\" class=\"elementor-toggle-title\">OBIETTIVI FORMATIVI<\/a>\n\t\t\t\t\t<\/div>\n\t\t\t\t\t<div id=\"elementor-tab-content-1531\" class=\"elementor-tab-content elementor-clearfix\" data-tab=\"1\" role=\"tabpanel\" aria-labelledby=\"elementor-tab-title-1531\"><ul>\n<li>\n<p>Riconoscere le dinamiche d\u2019aula<\/p>\n<\/li>\n<li>\n<p>Conoscere e sperimentare attivit\u00e0 formative<\/p>\n<\/li>\n<li>\n<p>Strutturare in modo efficace un intervento formativo<\/p>\n<\/li>\n<\/ul><\/div>\n\t\t\t\t<\/div>\n\t\t\t\t\t\t\t<div class=\"elementor-toggle-item\">\n\t\t\t\t\t<div id=\"elementor-tab-title-1532\" class=\"elementor-tab-title\" data-tab=\"2\" role=\"tab\" aria-controls=\"elementor-tab-content-1532\">\n\t\t\t\t\t\t\t\t\t\t\t\t<span class=\"elementor-toggle-icon elementor-toggle-icon-left\" aria-hidden=\"true\">\n\t\t\t\t\t\t\t\t\t\t\t\t\t\t\t<span class=\"elementor-toggle-icon-closed\"><i class=\"fas fa-caret-right\"><\/i><\/span>\n\t\t\t\t\t\t\t\t<span class=\"elementor-toggle-icon-opened\"><i class=\"elementor-toggle-icon-opened fas fa-caret-up\"><\/i><\/span>\n\t\t\t\t\t\t\t\t\t\t\t\t\t<\/span>\n\t\t\t\t\t\t\t\t\t\t\t\t<a href=\"\" class=\"elementor-toggle-title\">METODOLOGIA FORMATIVA<\/a>\n\t\t\t\t\t<\/div>\n\t\t\t\t\t<div id=\"elementor-tab-content-1532\" class=\"elementor-tab-content elementor-clearfix\" data-tab=\"2\" role=\"tabpanel\" aria-labelledby=\"elementor-tab-title-1532\"><ul>\n<li>\n<p>Lezione con discussione<\/p>\n<\/li>\n<li>\n<p>Lavori in piccoli gruppi<\/p>\n<\/li>\n<li>\n<p>Simulazioni<\/p>\n<\/li>\n<\/ul><\/div>\n\t\t\t\t<\/div>\n\t\t\t\t\t\t\t<div class=\"elementor-toggle-item\">\n\t\t\t\t\t<div id=\"elementor-tab-title-1533\" class=\"elementor-tab-title\" data-tab=\"3\" role=\"tab\" aria-controls=\"elementor-tab-content-1533\">\n\t\t\t\t\t\t\t\t\t\t\t\t<span class=\"elementor-toggle-icon elementor-toggle-icon-left\" aria-hidden=\"true\">\n\t\t\t\t\t\t\t\t\t\t\t\t\t\t\t<span class=\"elementor-toggle-icon-closed\"><i class=\"fas fa-caret-right\"><\/i><\/span>\n\t\t\t\t\t\t\t\t<span class=\"elementor-toggle-icon-opened\"><i class=\"elementor-toggle-icon-opened fas fa-caret-up\"><\/i><\/span>\n\t\t\t\t\t\t\t\t\t\t\t\t\t<\/span>\n\t\t\t\t\t\t\t\t\t\t\t\t<a href=\"\" class=\"elementor-toggle-title\">DESTINATARI<\/a>\n\t\t\t\t\t<\/div>\n\t\t\t\t\t<div id=\"elementor-tab-content-1533\" class=\"elementor-tab-content elementor-clearfix\" data-tab=\"3\" role=\"tabpanel\" aria-labelledby=\"elementor-tab-title-1533\"><ul>\n<li>\n<p>Tutor e Docenti Corsi di Laurea<\/p>\n<\/li>\n<li>\n<p>Staff Uffici Formazione<\/p>\n<\/li>\n<li>\n<p>Coordinatori Infermieristici<\/p>\n<\/li>\n<li>\n<p>Medici e Infermieri che svolgono attivit\u00e0 di formazione<\/p>\n<\/li>\n<\/ul><\/div>\n\t\t\t\t<\/div>\n\t\t\t\t\t\t\t<div class=\"elementor-toggle-item\">\n\t\t\t\t\t<div id=\"elementor-tab-title-1534\" class=\"elementor-tab-title\" data-tab=\"4\" role=\"tab\" aria-controls=\"elementor-tab-content-1534\">\n\t\t\t\t\t\t\t\t\t\t\t\t<span class=\"elementor-toggle-icon elementor-toggle-icon-left\" aria-hidden=\"true\">\n\t\t\t\t\t\t\t\t\t\t\t\t\t\t\t<span class=\"elementor-toggle-icon-closed\"><i class=\"fas fa-caret-right\"><\/i><\/span>\n\t\t\t\t\t\t\t\t<span class=\"elementor-toggle-icon-opened\"><i class=\"elementor-toggle-icon-opened fas fa-caret-up\"><\/i><\/span>\n\t\t\t\t\t\t\t\t\t\t\t\t\t<\/span>\n\t\t\t\t\t\t\t\t\t\t\t\t<a href=\"\" class=\"elementor-toggle-title\">PROGRAMMA<\/a>\n\t\t\t\t\t<\/div>\n\t\t\t\t\t<div id=\"elementor-tab-content-1534\" class=\"elementor-tab-content elementor-clearfix\" data-tab=\"4\" role=\"tabpanel\" aria-labelledby=\"elementor-tab-title-1534\"><p>\u00a0<\/p>\n<table style=\"border-collapse: collapse;width: 100%;height: 654px\">\n<tbody>\n<tr style=\"height: 48px\">\n<td style=\"width: 16.6164%;height: 43px;text-align: center;vertical-align: middle\">8.45-9.15<\/td>\n<td style=\"width: 83.3836%;height: 43px;text-align: left;vertical-align: middle\">\n<p><em>Accoglienza dei partecipanti e presentazione del corso<\/em><\/p>\n<\/td>\n<\/tr>\n<tr style=\"height: 55px\">\n<td style=\"width: 16.6164%;height: 55px;text-align: center;vertical-align: middle\">9.15-9.45<\/td>\n<td style=\"width: 83.3836%;height: 55px;text-align: left;vertical-align: middle\">\n<p>Raccolta attese e timori, icebreaking<\/p>\n<\/td>\n<\/tr>\n<tr style=\"height: 68px\">\n<td style=\"width: 16.6164%;height: 68px;text-align: center;vertical-align: middle\">9.45-10.00<\/td>\n<td style=\"width: 83.3836%;height: 68px;text-align: left;vertical-align: middle\">\n<p>Essere un formatore nel settore socio sanitario<\/p>\n<\/td>\n<\/tr>\n<tr style=\"height: 85px\">\n<td style=\"width: 16.6164%;height: 85px;text-align: center;vertical-align: middle\">10.00-11.00<\/td>\n<td style=\"width: 83.3836%;height: 85px;text-align: left;vertical-align: middle\">\n<p>Workshop. Preparazione e simulazione di una presentazione in aula<\/p>\n<\/td>\n<\/tr>\n<tr style=\"height: 78px\">\n<td style=\"width: 16.6164%;height: 78px;text-align: center;vertical-align: middle\">11.00-11.15<\/td>\n<td style=\"width: 83.3836%;height: 78px;text-align: left;vertical-align: middle\">\n<p>Somministrazione di una scheda di auto e etero valutazione della simulazione<\/p>\n<\/td>\n<\/tr>\n<tr style=\"height: 81px\">\n<td style=\"width: 16.6164%;height: 22px;text-align: center;vertical-align: middle\">11.15-11.30<\/td>\n<td style=\"width: 83.3836%;height: 22px;text-align: left;vertical-align: middle\"><em>Pausa<\/em><\/td>\n<\/tr>\n<tr style=\"height: 22px\">\n<td style=\"width: 16.6164%;height: 10px;text-align: center;vertical-align: middle\">11.30-12.00<\/td>\n<td style=\"width: 83.3836%;height: 10px;text-align: left;vertical-align: middle\">\n<p>Condivisione delle valutazioni e feedback<\/p>\n<\/td>\n<\/tr>\n<tr style=\"height: 24px\">\n<td style=\"width: 16.6164%;text-align: center;height: 24px;vertical-align: middle\">12.00-13.00<\/td>\n<td style=\"width: 83.3836%;height: 24px;text-align: left;vertical-align: middle\">\n<p>I diversi stili del formatore<\/p>\n<\/td>\n<\/tr>\n<tr style=\"height: 86px\">\n<td style=\"width: 16.6164%;text-align: center;height: 21px;vertical-align: middle\">13.00-14.00<\/td>\n<td style=\"width: 83.3836%;height: 21px;text-align: left;vertical-align: middle\">\n<p><em>Pausa pranzo<\/em><\/p>\n<\/td>\n<\/tr>\n<tr style=\"height: 46px\">\n<td style=\"width: 16.6164%;text-align: center;height: 46px;vertical-align: middle\">14.00-15.30<\/td>\n<td style=\"width: 83.3836%;height: 46px;text-align: left;vertical-align: middle\">\n<p>Consapevolezza ed emozioni nel lavoro in aula. Pratica e teoria<\/p>\n<\/td>\n<\/tr>\n<tr style=\"height: 10px\">\n<td style=\"width: 16.6164%;text-align: center;height: 10px;vertical-align: middle\">15.30-16.30<\/td>\n<td style=\"width: 83.3836%;height: 10px;text-align: left;vertical-align: middle\">\n<p>Leggere il gruppo attraverso il non verbale. Esercitazioni e teoria<\/p>\n<\/td>\n<\/tr>\n<tr style=\"height: 56px\">\n<td style=\"width: 16.6164%;text-align: center;height: 56px;vertical-align: middle\">16.30-17.30<\/td>\n<td style=\"width: 83.3836%;height: 56px;text-align: left;vertical-align: middle\">\n<p>Workshop. Progettazione di una giornata in aula<\/p>\n<\/td>\n<\/tr>\n<tr style=\"height: 56px\">\n<td style=\"width: 16.6164%;text-align: center;height: 56px;vertical-align: middle\">17.30-18.00<\/td>\n<td style=\"width: 83.3836%;height: 56px;text-align: left;vertical-align: middle\">\n<p>Condivisione e chiusura<\/p>\n<\/td>\n<\/tr>\n<\/tbody>\n<\/table><\/div>\n\t\t\t\t<\/div>\n\t\t\t\t\t\t\t<div class=\"elementor-toggle-item\">\n\t\t\t\t\t<div id=\"elementor-tab-title-1535\" class=\"elementor-tab-title\" data-tab=\"5\" role=\"tab\" aria-controls=\"elementor-tab-content-1535\">\n\t\t\t\t\t\t\t\t\t\t\t\t<span class=\"elementor-toggle-icon elementor-toggle-icon-left\" aria-hidden=\"true\">\n\t\t\t\t\t\t\t\t\t\t\t\t\t\t\t<span class=\"elementor-toggle-icon-closed\"><i class=\"fas fa-caret-right\"><\/i><\/span>\n\t\t\t\t\t\t\t\t<span class=\"elementor-toggle-icon-opened\"><i class=\"elementor-toggle-icon-opened fas fa-caret-up\"><\/i><\/span>\n\t\t\t\t\t\t\t\t\t\t\t\t\t<\/span>\n\t\t\t\t\t\t\t\t\t\t\t\t<a href=\"\" class=\"elementor-toggle-title\">DURATA<\/a>\n\t\t\t\t\t<\/div>\n\t\t\t\t\t<div id=\"elementor-tab-content-1535\" class=\"elementor-tab-content elementor-clearfix\" data-tab=\"5\" role=\"tabpanel\" aria-labelledby=\"elementor-tab-title-1535\"><p>1 giornata formativa<\/p><\/div>\n\t\t\t\t<\/div>\n\t\t\t\t\t<\/div>\n\t\t\t\t<\/div>\n\t\t\t\t<\/div>\n\t\t\t\t<div class=\"elementor-element elementor-element-27d2d96 elementor-widget elementor-widget-text-editor\" data-id=\"27d2d96\" data-element_type=\"widget\" data-widget_type=\"text-editor.default\">\n\t\t\t\t<div class=\"elementor-widget-container\">\n\t\t\t\t\t<div class=\"elementor-text-editor elementor-clearfix\"><\/div>\n\t\t\t\t<\/div>\n\t\t\t\t<\/div>\n\t\t\t\t\t\t<\/div>\n\t\t\t\t\t<\/div>\n\t\t<\/div>\n\t\t\t\t\t\t\t\t<\/div>\n\t\t\t\t\t<\/div>\n\t\t<\/section>\n\t\t\t\t\t\t<\/div>\n\t\t\t\t\t\t<\/div>\n\t\t\t\t\t<\/div>\n\t\t","protected":false},"excerpt":{"rendered":"<p>PERCORSI FORMATVI &#8211; AREA SOFT SKILLS Fare il formatore, essere un formatore Gestire un gruppo in formazione non \u00e8 semplice, occorrono abilit\u00e0, conoscenze e competenze specifiche. Il formatore in sanit\u00e0 deve modellare il proprio ruolo sempre pi\u00f9 nella direzione di una funzione di facilitatore, grazie alle metodologie e soprattutto grazie alla relazione attraverso la quale,.<\/p>\n","protected":false},"author":1,"featured_media":0,"parent":7359,"menu_order":0,"comment_status":"closed","ping_status":"closed","template":"","meta":{"footnotes":""},"class_list":["post-9471","page","type-page","status-publish","hentry"],"_links":{"self":[{"href":"https:\/\/www.myecole.it\/ooc\/wp-json\/wp\/v2\/pages\/9471","targetHints":{"allow":["GET"]}}],"collection":[{"href":"https:\/\/www.myecole.it\/ooc\/wp-json\/wp\/v2\/pages"}],"about":[{"href":"https:\/\/www.myecole.it\/ooc\/wp-json\/wp\/v2\/types\/page"}],"author":[{"embeddable":true,"href":"https:\/\/www.myecole.it\/ooc\/wp-json\/wp\/v2\/users\/1"}],"replies":[{"embeddable":true,"href":"https:\/\/www.myecole.it\/ooc\/wp-json\/wp\/v2\/comments?post=9471"}],"version-history":[{"count":0,"href":"https:\/\/www.myecole.it\/ooc\/wp-json\/wp\/v2\/pages\/9471\/revisions"}],"up":[{"embeddable":true,"href":"https:\/\/www.myecole.it\/ooc\/wp-json\/wp\/v2\/pages\/7359"}],"wp:attachment":[{"href":"https:\/\/www.myecole.it\/ooc\/wp-json\/wp\/v2\/media?parent=9471"}],"curies":[{"name":"wp","href":"https:\/\/api.w.org\/{rel}","templated":true}]}}