{"id":9561,"date":"2020-03-12T18:15:10","date_gmt":"2020-03-12T17:15:10","guid":{"rendered":"https:\/\/www.myecole.it\/ooc\/?page_id=9561"},"modified":"2021-05-20T14:23:40","modified_gmt":"2021-05-20T12:23:40","slug":"metodologie-innovative-formazione","status":"publish","type":"page","link":"https:\/\/www.myecole.it\/ooc\/area-sanita\/soft-skills\/metodologie-innovative-formazione\/","title":{"rendered":"Corso: metodologie innovative"},"content":{"rendered":"\t\t<div data-elementor-type=\"wp-page\" data-elementor-id=\"9561\" class=\"elementor elementor-9561\" data-elementor-settings=\"[]\">\n\t\t\t\t\t\t<div class=\"elementor-inner\">\n\t\t\t\t\t\t\t<div class=\"elementor-section-wrap\">\n\t\t\t\t\t\t\t<section class=\"elementor-section elementor-top-section elementor-element elementor-element-2809176 elementor-section-boxed elementor-section-height-default elementor-section-height-default\" data-id=\"2809176\" data-element_type=\"section\">\n\t\t\t\t\t\t<div class=\"elementor-container elementor-column-gap-default\">\n\t\t\t\t\t\t\t<div class=\"elementor-row\">\n\t\t\t\t\t<div class=\"elementor-column elementor-col-100 elementor-top-column elementor-element elementor-element-1d15306\" data-id=\"1d15306\" data-element_type=\"column\">\n\t\t\t<div class=\"elementor-column-wrap elementor-element-populated\">\n\t\t\t\t\t\t\t<div class=\"elementor-widget-wrap\">\n\t\t\t\t\t\t<div class=\"elementor-element elementor-element-7191c88 elementor-widget elementor-widget-shortcode\" data-id=\"7191c88\" data-element_type=\"widget\" data-widget_type=\"shortcode.default\">\n\t\t\t\t<div class=\"elementor-widget-container\">\n\t\t\t\t\t<div class=\"elementor-shortcode\"><br \/>Widget not in any sidebars<br \/>\n<\/div>\n\t\t\t\t<\/div>\n\t\t\t\t<\/div>\n\t\t\t\t\t\t<\/div>\n\t\t\t\t\t<\/div>\n\t\t<\/div>\n\t\t\t\t\t\t\t\t<\/div>\n\t\t\t\t\t<\/div>\n\t\t<\/section>\n\t\t\t\t<section class=\"elementor-section elementor-top-section elementor-element elementor-element-013fd1f elementor-section-boxed elementor-section-height-default elementor-section-height-default\" data-id=\"013fd1f\" data-element_type=\"section\">\n\t\t\t\t\t\t<div class=\"elementor-container elementor-column-gap-default\">\n\t\t\t\t\t\t\t<div class=\"elementor-row\">\n\t\t\t\t\t<div class=\"elementor-column elementor-col-100 elementor-top-column elementor-element elementor-element-19a2b49\" data-id=\"19a2b49\" data-element_type=\"column\">\n\t\t\t<div class=\"elementor-column-wrap elementor-element-populated\">\n\t\t\t\t\t\t\t<div class=\"elementor-widget-wrap\">\n\t\t\t\t\t\t<div class=\"elementor-element elementor-element-9782f91 elementor-widget elementor-widget-lae-heading\" data-id=\"9782f91\" data-element_type=\"widget\" data-widget_type=\"lae-heading.default\">\n\t\t\t\t<div class=\"elementor-widget-container\">\n\t\t\t\n   <!--       -->\n\n        <div class=\"lae-heading lae-style2 lae-alignleft\" >\n\n            \n                <div class=\"lae-subtitle\">percorsi formativi - area soft skills<\/div>\n\n            \n            <h1 class=\"lae-title\">Metodologie innovative per la formazione degli adulti nel contesto sociosanitario<\/h1>\n\n            \n        <\/div>\n\n        \t\t<\/div>\n\t\t\t\t<\/div>\n\t\t\t\t\t\t<\/div>\n\t\t\t\t\t<\/div>\n\t\t<\/div>\n\t\t\t\t\t\t\t\t<\/div>\n\t\t\t\t\t<\/div>\n\t\t<\/section>\n\t\t\t\t<section class=\"elementor-section elementor-top-section elementor-element elementor-element-43875df elementor-section-boxed elementor-section-height-default elementor-section-height-default\" data-id=\"43875df\" data-element_type=\"section\">\n\t\t\t\t\t\t<div class=\"elementor-container elementor-column-gap-default\">\n\t\t\t\t\t\t\t<div class=\"elementor-row\">\n\t\t\t\t\t<div class=\"elementor-column elementor-col-100 elementor-top-column elementor-element elementor-element-14a492f\" data-id=\"14a492f\" data-element_type=\"column\">\n\t\t\t<div class=\"elementor-column-wrap elementor-element-populated\">\n\t\t\t\t\t\t\t<div class=\"elementor-widget-wrap\">\n\t\t\t\t\t\t<div class=\"elementor-element elementor-element-98ed539 elementor-widget elementor-widget-text-editor\" data-id=\"98ed539\" data-element_type=\"widget\" data-widget_type=\"text-editor.default\">\n\t\t\t\t<div class=\"elementor-widget-container\">\n\t\t\t\t\t<div class=\"elementor-text-editor elementor-clearfix\"><p>Il mondo della formazione \u00e8 in costante evoluzione, esattamente come il mercato del lavoro, e nonostante numerose esperienze di formazione situata o a distanza, la formazione in aula \u00e8 ancora una tra le pi\u00f9 significative modalit\u00e0 di apprendimento.<\/p>\n<p>Il lavoro in aula, per potere generare valore utile ai professionisti, deve avere la possibilit\u00e0 di andare oltre connettendosi con la realt\u00e0 lavorativa.<\/p>\n<p>Per questo motivo occorre individuare nuove proposte ed attivit\u00e0 d\u2019aula in grado di poter rendere efficace ogni intervento, di favorire l&#8217;apprendimento e lo sviluppo continuo di competenze sia di natura tecnica che relazionale.<\/p>\n<p>Le attivit\u00e0 ed i tools formativi possono cambiare radicalmente l\u2019esito di una formazione.<\/p>\n<p>\u00c8 fondamentale perci\u00f2 che ogni trainer si aggiorni sperimentando in prima persona nuove metodologie per poter poi essere consapevole di come progettare e attivare apprendimenti in aula significativi.<\/p>\n<p>La formazione sar\u00e0 un setting formativo e laboratoriale utile al prezioso e delicato lavoro dei formatori attivi nel sistema sociosanitario, permetter\u00e0 ai partecipanti di sperimentare attivit\u00e0 e dinamiche di gruppo da trasferire nel proprio contesto di lavoro.<\/p><\/div>\n\t\t\t\t<\/div>\n\t\t\t\t<\/div>\n\t\t\t\t<div class=\"elementor-element elementor-element-2a47b74 elementor-widget elementor-widget-toggle\" data-id=\"2a47b74\" data-element_type=\"widget\" data-widget_type=\"toggle.default\">\n\t\t\t\t<div class=\"elementor-widget-container\">\n\t\t\t\t\t<div class=\"elementor-toggle\" role=\"tablist\">\n\t\t\t\t\t\t\t<div class=\"elementor-toggle-item\">\n\t\t\t\t\t<div id=\"elementor-tab-title-4431\" class=\"elementor-tab-title\" data-tab=\"1\" role=\"tab\" aria-controls=\"elementor-tab-content-4431\">\n\t\t\t\t\t\t\t\t\t\t\t\t<span class=\"elementor-toggle-icon elementor-toggle-icon-left\" aria-hidden=\"true\">\n\t\t\t\t\t\t\t\t\t\t\t\t\t\t\t<span class=\"elementor-toggle-icon-closed\"><i class=\"fas fa-caret-right\"><\/i><\/span>\n\t\t\t\t\t\t\t\t<span class=\"elementor-toggle-icon-opened\"><i class=\"elementor-toggle-icon-opened fas fa-caret-up\"><\/i><\/span>\n\t\t\t\t\t\t\t\t\t\t\t\t\t<\/span>\n\t\t\t\t\t\t\t\t\t\t\t\t<a href=\"\" class=\"elementor-toggle-title\">OBIETTIVI FORMATIVI<\/a>\n\t\t\t\t\t<\/div>\n\t\t\t\t\t<div id=\"elementor-tab-content-4431\" class=\"elementor-tab-content elementor-clearfix\" data-tab=\"1\" role=\"tabpanel\" aria-labelledby=\"elementor-tab-title-4431\"><ul>\n<li>\n<p>Conoscere nuovi strumenti formativi le loro caratteristiche e specificit\u00e0 in funzione degli obiettivi di apprendimento<\/p>\n<\/li>\n<li>\n<p>Potenziare tools formativi<\/p>\n<\/li>\n<li>\n<p>Sperimentare nuove metodologie d\u2019aula<\/p>\n<\/li>\n<\/ul><\/div>\n\t\t\t\t<\/div>\n\t\t\t\t\t\t\t<div class=\"elementor-toggle-item\">\n\t\t\t\t\t<div id=\"elementor-tab-title-4432\" class=\"elementor-tab-title\" data-tab=\"2\" role=\"tab\" aria-controls=\"elementor-tab-content-4432\">\n\t\t\t\t\t\t\t\t\t\t\t\t<span class=\"elementor-toggle-icon elementor-toggle-icon-left\" aria-hidden=\"true\">\n\t\t\t\t\t\t\t\t\t\t\t\t\t\t\t<span class=\"elementor-toggle-icon-closed\"><i class=\"fas fa-caret-right\"><\/i><\/span>\n\t\t\t\t\t\t\t\t<span class=\"elementor-toggle-icon-opened\"><i class=\"elementor-toggle-icon-opened fas fa-caret-up\"><\/i><\/span>\n\t\t\t\t\t\t\t\t\t\t\t\t\t<\/span>\n\t\t\t\t\t\t\t\t\t\t\t\t<a href=\"\" class=\"elementor-toggle-title\">METODOLOGIA FORMATIVA<\/a>\n\t\t\t\t\t<\/div>\n\t\t\t\t\t<div id=\"elementor-tab-content-4432\" class=\"elementor-tab-content elementor-clearfix\" data-tab=\"2\" role=\"tabpanel\" aria-labelledby=\"elementor-tab-title-4432\"><ul>\n<li>\n<p>Lezione con discussione<\/p>\n<\/li>\n<li>\n<p>Lavori in piccoli gruppi<\/p>\n<\/li>\n<li>\n<p>Simulazioni<\/p>\n<\/li>\n<\/ul><\/div>\n\t\t\t\t<\/div>\n\t\t\t\t\t\t\t<div class=\"elementor-toggle-item\">\n\t\t\t\t\t<div id=\"elementor-tab-title-4433\" class=\"elementor-tab-title\" data-tab=\"3\" role=\"tab\" aria-controls=\"elementor-tab-content-4433\">\n\t\t\t\t\t\t\t\t\t\t\t\t<span class=\"elementor-toggle-icon elementor-toggle-icon-left\" aria-hidden=\"true\">\n\t\t\t\t\t\t\t\t\t\t\t\t\t\t\t<span class=\"elementor-toggle-icon-closed\"><i class=\"fas fa-caret-right\"><\/i><\/span>\n\t\t\t\t\t\t\t\t<span class=\"elementor-toggle-icon-opened\"><i class=\"elementor-toggle-icon-opened fas fa-caret-up\"><\/i><\/span>\n\t\t\t\t\t\t\t\t\t\t\t\t\t<\/span>\n\t\t\t\t\t\t\t\t\t\t\t\t<a href=\"\" class=\"elementor-toggle-title\">DESTINATARI<\/a>\n\t\t\t\t\t<\/div>\n\t\t\t\t\t<div id=\"elementor-tab-content-4433\" class=\"elementor-tab-content elementor-clearfix\" data-tab=\"3\" role=\"tabpanel\" aria-labelledby=\"elementor-tab-title-4433\"><ul>\n<li>\n<p>Tutor e Docenti Corsi di Laurea<\/p>\n<\/li>\n<li>\n<p>Staff Uffici Formazione<\/p>\n<\/li>\n<li>\n<p>Coordinatori Infermieristici<\/p>\n<\/li>\n<li>\n<p>Medici e Infermieri che svolgono attivit\u00e0 di formazione<\/p>\n<\/li>\n<\/ul><\/div>\n\t\t\t\t<\/div>\n\t\t\t\t\t\t\t<div class=\"elementor-toggle-item\">\n\t\t\t\t\t<div id=\"elementor-tab-title-4434\" class=\"elementor-tab-title\" data-tab=\"4\" role=\"tab\" aria-controls=\"elementor-tab-content-4434\">\n\t\t\t\t\t\t\t\t\t\t\t\t<span class=\"elementor-toggle-icon elementor-toggle-icon-left\" aria-hidden=\"true\">\n\t\t\t\t\t\t\t\t\t\t\t\t\t\t\t<span class=\"elementor-toggle-icon-closed\"><i class=\"fas fa-caret-right\"><\/i><\/span>\n\t\t\t\t\t\t\t\t<span class=\"elementor-toggle-icon-opened\"><i class=\"elementor-toggle-icon-opened fas fa-caret-up\"><\/i><\/span>\n\t\t\t\t\t\t\t\t\t\t\t\t\t<\/span>\n\t\t\t\t\t\t\t\t\t\t\t\t<a href=\"\" class=\"elementor-toggle-title\">PROGRAMMA<\/a>\n\t\t\t\t\t<\/div>\n\t\t\t\t\t<div id=\"elementor-tab-content-4434\" class=\"elementor-tab-content elementor-clearfix\" data-tab=\"4\" role=\"tabpanel\" aria-labelledby=\"elementor-tab-title-4434\"><p>\u00a0<\/p>\n<table style=\"border-collapse: collapse;width: 100%;height: 563px\">\n<tbody>\n<tr style=\"height: 48px\">\n<td style=\"width: 17.267%;height: 10px;text-align: center;vertical-align: middle\">8.45-9.15<\/td>\n<td style=\"width: 82.733%;height: 10px;text-align: left;vertical-align: middle\">\n<p><em>Accoglienza dei partecipanti e presentazione del corso<\/em><\/p>\n<\/td>\n<\/tr>\n<tr style=\"height: 55px\">\n<td style=\"width: 17.267%;height: 55px;text-align: center;vertical-align: middle\">9.15-9.40<\/td>\n<td style=\"width: 82.733%;height: 55px;text-align: left;vertical-align: middle\">\n<p>Raccolta attese e timori rispetto alla giornata<\/p>\n<\/td>\n<\/tr>\n<tr style=\"height: 68px\">\n<td style=\"width: 17.267%;height: 31px;text-align: center;vertical-align: middle\">9.40-10.00<\/td>\n<td style=\"width: 82.733%;height: 31px;text-align: left;vertical-align: middle\">\n<p>Icebreaking<\/p>\n<\/td>\n<\/tr>\n<tr style=\"height: 85px\">\n<td style=\"width: 17.267%;height: 53px;text-align: center;vertical-align: middle\">10.00-10.40<\/td>\n<td style=\"width: 82.733%;height: 53px;text-align: left;vertical-align: middle\">\n<p>Cosa significa fare formazione nel contesto socio sanitario?<\/p>\n<\/td>\n<\/tr>\n<tr style=\"height: 78px\">\n<td style=\"width: 17.267%;height: 21px;text-align: center;vertical-align: middle\">10.40-11.30<\/td>\n<td style=\"width: 82.733%;height: 21px;text-align: left;vertical-align: middle\">\n<p>Debriefing in piccolo gruppo, in plenaria e trasferimento contenuti<\/p>\n<\/td>\n<\/tr>\n<tr style=\"height: 48px\">\n<td style=\"width: 17.267%;height: 10px;text-align: center;vertical-align: middle\">11.30-11.45<\/td>\n<td style=\"width: 82.733%;height: 10px;text-align: left;vertical-align: middle\">\n<p><em>Pausa<\/em><\/p>\n<\/td>\n<\/tr>\n<tr style=\"height: 81px\">\n<td style=\"width: 17.267%;height: 81px;text-align: center;vertical-align: middle\">11.45-13.15<\/td>\n<td style=\"width: 82.733%;height: 81px;text-align: left;vertical-align: middle\">\n<p>Meta esperienza formativa Format 1: Dall&#8217;accoglienza al trasferimento<\/p>\n<\/td>\n<\/tr>\n<tr style=\"height: 22px\">\n<td style=\"width: 17.267%;height: 10px;text-align: center;vertical-align: middle\">13.15-14.00<\/td>\n<td style=\"width: 82.733%;height: 10px;text-align: left;vertical-align: middle\">\n<p><em>Pausa pranzo<\/em><\/p>\n<\/td>\n<\/tr>\n<tr style=\"height: 24px\">\n<td style=\"width: 17.267%;text-align: center;height: 24px;vertical-align: middle\">14.00-14.15<\/td>\n<td style=\"width: 82.733%;height: 24px;text-align: left;vertical-align: middle\">\n<p>Attivit\u00e0 di recupero energie<\/p>\n<\/td>\n<\/tr>\n<tr style=\"height: 86px\">\n<td style=\"width: 17.267%;text-align: center;height: 10px;vertical-align: middle\">14.15-15.00<\/td>\n<td style=\"width: 82.733%;height: 10px;text-align: left;vertical-align: middle\">\n<p>Analisi di casi in piccoli gruppi<\/p>\n<\/td>\n<\/tr>\n<tr style=\"height: 34px\">\n<td style=\"width: 17.267%;text-align: center;height: 34px;vertical-align: middle\">15.00-15.30<\/td>\n<td style=\"width: 82.733%;height: 34px;text-align: left;vertical-align: middle\">\n<p>Presentazione Format 2: Componente emozionale e relazionale<\/p>\n<\/td>\n<\/tr>\n<tr style=\"height: 56px\">\n<td style=\"width: 17.267%;text-align: center;height: 56px;vertical-align: middle\">15.30-16.00<\/td>\n<td style=\"width: 82.733%;height: 56px;text-align: left;vertical-align: middle\">\n<p>Condivisione e restituzione<\/p>\n<\/td>\n<\/tr>\n<tr style=\"height: 56px\">\n<td style=\"width: 17.267%;text-align: center;height: 56px;vertical-align: middle\">16.00-16.40<\/td>\n<td style=\"width: 82.733%;height: 56px;text-align: left;vertical-align: middle\">\n<p>Risorse disponibili: link, risorse web, siti<\/p>\n<\/td>\n<\/tr>\n<tr style=\"height: 56px\">\n<td style=\"width: 17.267%;text-align: center;height: 56px;vertical-align: middle\">16.40-18.00<\/td>\n<td style=\"width: 82.733%;height: 56px;text-align: left;vertical-align: middle\">\n<p>Creazione di una lezione ideale<\/p>\n<\/td>\n<\/tr>\n<\/tbody>\n<\/table>\n<p>\u00a0<\/p><\/div>\n\t\t\t\t<\/div>\n\t\t\t\t\t\t\t<div class=\"elementor-toggle-item\">\n\t\t\t\t\t<div id=\"elementor-tab-title-4435\" class=\"elementor-tab-title\" data-tab=\"5\" role=\"tab\" aria-controls=\"elementor-tab-content-4435\">\n\t\t\t\t\t\t\t\t\t\t\t\t<span class=\"elementor-toggle-icon elementor-toggle-icon-left\" aria-hidden=\"true\">\n\t\t\t\t\t\t\t\t\t\t\t\t\t\t\t<span class=\"elementor-toggle-icon-closed\"><i class=\"fas fa-caret-right\"><\/i><\/span>\n\t\t\t\t\t\t\t\t<span class=\"elementor-toggle-icon-opened\"><i class=\"elementor-toggle-icon-opened fas fa-caret-up\"><\/i><\/span>\n\t\t\t\t\t\t\t\t\t\t\t\t\t<\/span>\n\t\t\t\t\t\t\t\t\t\t\t\t<a href=\"\" class=\"elementor-toggle-title\">DURATA<\/a>\n\t\t\t\t\t<\/div>\n\t\t\t\t\t<div id=\"elementor-tab-content-4435\" class=\"elementor-tab-content elementor-clearfix\" data-tab=\"5\" role=\"tabpanel\" aria-labelledby=\"elementor-tab-title-4435\"><p>1 giornata formativa<\/p><\/div>\n\t\t\t\t<\/div>\n\t\t\t\t\t<\/div>\n\t\t\t\t<\/div>\n\t\t\t\t<\/div>\n\t\t\t\t<div class=\"elementor-element elementor-element-1f216f5 elementor-widget elementor-widget-text-editor\" data-id=\"1f216f5\" data-element_type=\"widget\" data-widget_type=\"text-editor.default\">\n\t\t\t\t<div class=\"elementor-widget-container\">\n\t\t\t\t\t<div class=\"elementor-text-editor elementor-clearfix\"><\/div>\n\t\t\t\t<\/div>\n\t\t\t\t<\/div>\n\t\t\t\t\t\t<\/div>\n\t\t\t\t\t<\/div>\n\t\t<\/div>\n\t\t\t\t\t\t\t\t<\/div>\n\t\t\t\t\t<\/div>\n\t\t<\/section>\n\t\t\t\t\t\t<\/div>\n\t\t\t\t\t\t<\/div>\n\t\t\t\t\t<\/div>\n\t\t","protected":false},"excerpt":{"rendered":"<p>percorsi formativi &#8211; area soft skills Metodologie innovative per la formazione degli adulti nel contesto sociosanitario Il mondo della formazione \u00e8 in costante evoluzione, esattamente come il mercato del lavoro, e nonostante numerose esperienze di formazione situata o a distanza, la formazione in aula \u00e8 ancora una tra le pi\u00f9 significative modalit\u00e0 di apprendimento. Il.<\/p>\n","protected":false},"author":1,"featured_media":0,"parent":7359,"menu_order":0,"comment_status":"closed","ping_status":"closed","template":"","meta":{"footnotes":""},"class_list":["post-9561","page","type-page","status-publish","hentry"],"_links":{"self":[{"href":"https:\/\/www.myecole.it\/ooc\/wp-json\/wp\/v2\/pages\/9561","targetHints":{"allow":["GET"]}}],"collection":[{"href":"https:\/\/www.myecole.it\/ooc\/wp-json\/wp\/v2\/pages"}],"about":[{"href":"https:\/\/www.myecole.it\/ooc\/wp-json\/wp\/v2\/types\/page"}],"author":[{"embeddable":true,"href":"https:\/\/www.myecole.it\/ooc\/wp-json\/wp\/v2\/users\/1"}],"replies":[{"embeddable":true,"href":"https:\/\/www.myecole.it\/ooc\/wp-json\/wp\/v2\/comments?post=9561"}],"version-history":[{"count":0,"href":"https:\/\/www.myecole.it\/ooc\/wp-json\/wp\/v2\/pages\/9561\/revisions"}],"up":[{"embeddable":true,"href":"https:\/\/www.myecole.it\/ooc\/wp-json\/wp\/v2\/pages\/7359"}],"wp:attachment":[{"href":"https:\/\/www.myecole.it\/ooc\/wp-json\/wp\/v2\/media?parent=9561"}],"curies":[{"name":"wp","href":"https:\/\/api.w.org\/{rel}","templated":true}]}}